{"id":23659,"date":"2025-09-18T14:47:59","date_gmt":"2025-09-18T13:47:59","guid":{"rendered":"https:\/\/www.istegroup.com\/?post_type=product&#038;p=23659"},"modified":"2025-11-07T12:38:33","modified_gmt":"2025-11-07T12:38:33","slug":"le-bien-etre-des-enfants-a-lecole","status":"publish","type":"product","link":"https:\/\/www.istegroup.com\/fr\/produit\/le-bien-etre-des-enfants-a-lecole\/","title":{"rendered":"Le bien-\u00eatre des enfants \u00e0 l\u2019\u00e9cole"},"content":{"rendered":"<p>Le bien-\u00eatre des enfants, en particulier \u00e0 l\u2019\u00e9cole, est devenu au cours des derni\u00e8res d\u00e9cennies une question politique et acad\u00e9mique majeure, comme en t\u00e9moigne la forte augmentation des recherches et des politiques publiques en la mati\u00e8re.<\/p>\n<p><em>Le bien-\u00eatre des enfants \u00e0 l\u2019\u00e9cole<\/em> met en lumi\u00e8re et discute les diff\u00e9rentes mani\u00e8res dont le bien-\u00eatre scolaire a \u00e9t\u00e9 d\u00e9fini et \u00e9valu\u00e9, en dressant un \u00e9tat des lieux \u00e0 la fois international et interdisciplinaire. L\u2019ouvrage pr\u00e9sente des recherches ayant pour point commun de faire dialoguer des perspectives trop souvent oppos\u00e9es dans la litt\u00e9rature : bien-\u00eatre objectif versus bien-\u00eatre subjectif ; perspective centr\u00e9e sur l\u2019adulte versus perspective centr\u00e9e sur l\u2019enfant ; ou encore analyse des d\u00e9terminants familiaux versus analyse des d\u00e9terminants scolaires du bien-\u00eatre enfantin.<\/p>\n<p>L\u2019originalit\u00e9 de l\u2019ouvrage r\u00e9side dans sa capacit\u00e9 \u00e0 penser, dans un m\u00eame mouvement, les multiples dimensions du bien-\u00eatre des enfants \u00e0 l\u2019\u00e9cole, et \u00e0 saisir la mani\u00e8re dont ces diff\u00e9rents d\u00e9terminants s\u2019articulent et se combinent en fonction des contextes (g\u00e9ographiques, sociaux et familiaux) dans lesquels \u00e9voluent les enfants.<\/p>\n","protected":false},"excerpt":{"rendered":"<p>Le bien-\u00eatre des enfants, en particulier \u00e0 l\u2019\u00e9cole, est devenu au cours des derni\u00e8res d\u00e9cennies une question politique et acad\u00e9mique majeure, comme en t\u00e9moigne la forte augmentation des recherches et des politiques publiques en la mati\u00e8re. Le bien-\u00eatre des enfants \u00e0 l\u2019\u00e9cole met en lumi\u00e8re et discute les diff\u00e9rentes mani\u00e8res dont le bien-\u00eatre scolaire a [&hellip;]<\/p>\n","protected":false},"featured_media":61571,"template":"","meta":{"_acf_changed":false,"_links_to":"","_links_to_target":""},"product_brand":[],"product_cat":[4289],"product_tag":[],"class_list":{"0":"post-23659","1":"product","2":"type-product","3":"status-publish","4":"has-post-thumbnail","6":"product_cat-sciences","8":"first","9":"instock","10":"shipping-taxable","11":"purchasable","12":"product-type-variable"},"acf":[],"yoast_head":"<!-- This site is optimized with the Yoast SEO plugin v27.2 - https:\/\/yoast.com\/product\/yoast-seo-wordpress\/ -->\n<title>Le bien-\u00eatre des enfants \u00e0 l\u2019\u00e9cole - ISTE Group<\/title>\n<meta name=\"description\" content=\"Le bien-\u00eatre des enfants \u00e0 l\u2019\u00e9cole met en lumi\u00e8re et discute les diff\u00e9rentes mani\u00e8res dont le bien-\u00eatre scolaire a \u00e9t\u00e9 d\u00e9fini et \u00e9valu\u00e9, en dressant un \u00e9tat des lieux \u00e0 la fois international et interdisciplinaire.\" \/>\n<meta name=\"robots\" content=\"index, follow, max-snippet:-1, max-image-preview:large, max-video-preview:-1\" \/>\n<link rel=\"canonical\" href=\"https:\/\/www.istegroup.com\/produit\/le-bien-etre-des-enfants-a-lecole\/\" \/>\n<meta property=\"og:locale\" content=\"fr_FR\" \/>\n<meta property=\"og:type\" content=\"article\" \/>\n<meta property=\"og:title\" content=\"Le bien-\u00eatre des enfants \u00e0 l\u2019\u00e9cole - ISTE Group\" \/>\n<meta property=\"og:description\" content=\"Le bien-\u00eatre des enfants \u00e0 l\u2019\u00e9cole met en lumi\u00e8re et discute les diff\u00e9rentes mani\u00e8res dont le bien-\u00eatre scolaire a \u00e9t\u00e9 d\u00e9fini et \u00e9valu\u00e9, en dressant un \u00e9tat des lieux \u00e0 la fois international et interdisciplinaire.\" \/>\n<meta property=\"og:url\" content=\"https:\/\/www.istegroup.com\/produit\/le-bien-etre-des-enfants-a-lecole\/\" \/>\n<meta property=\"og:site_name\" content=\"ISTE Group\" \/>\n<meta property=\"article:modified_time\" content=\"2025-11-07T12:38:33+00:00\" \/>\n<meta property=\"og:image\" content=\"https:\/\/www.istegroup.com\/wp-content\/uploads\/2019\/11\/217_Le-bien-etre-des-enfants-a-lecole.png\" \/>\n\t<meta property=\"og:image:width\" content=\"300\" \/>\n\t<meta property=\"og:image:height\" content=\"450\" \/>\n\t<meta property=\"og:image:type\" content=\"image\/png\" \/>\n<meta name=\"twitter:card\" content=\"summary_large_image\" \/>\n<meta name=\"twitter:label1\" content=\"Est. reading time\" \/>\n\t<meta name=\"twitter:data1\" content=\"2 minutes\" \/>\n<script type=\"application\/ld+json\" class=\"yoast-schema-graph\">{\"@context\":\"https:\/\/schema.org\",\"@graph\":[{\"@type\":\"WebPage\",\"@id\":\"https:\/\/www.istegroup.com\/produit\/le-bien-etre-des-enfants-a-lecole\/\",\"url\":\"https:\/\/www.istegroup.com\/produit\/le-bien-etre-des-enfants-a-lecole\/\",\"name\":\"Le bien-\u00eatre des enfants \u00e0 l\u2019\u00e9cole - ISTE Group\",\"isPartOf\":{\"@id\":\"https:\/\/www.istegroup.com\/#website\"},\"primaryImageOfPage\":{\"@id\":\"https:\/\/www.istegroup.com\/produit\/le-bien-etre-des-enfants-a-lecole\/#primaryimage\"},\"image\":{\"@id\":\"https:\/\/www.istegroup.com\/produit\/le-bien-etre-des-enfants-a-lecole\/#primaryimage\"},\"thumbnailUrl\":\"https:\/\/www.istegroup.com\/wp-content\/uploads\/2019\/11\/217_Le-bien-etre-des-enfants-a-lecole.png\",\"datePublished\":\"2025-09-18T13:47:59+00:00\",\"dateModified\":\"2025-11-07T12:38:33+00:00\",\"description\":\"Le bien-\u00eatre des enfants \u00e0 l\u2019\u00e9cole met en lumi\u00e8re et discute les diff\u00e9rentes mani\u00e8res dont le bien-\u00eatre scolaire a \u00e9t\u00e9 d\u00e9fini et \u00e9valu\u00e9, en dressant un \u00e9tat des lieux \u00e0 la fois international et interdisciplinaire.\",\"breadcrumb\":{\"@id\":\"https:\/\/www.istegroup.com\/produit\/le-bien-etre-des-enfants-a-lecole\/#breadcrumb\"},\"inLanguage\":\"fr-FR\",\"potentialAction\":[{\"@type\":\"ReadAction\",\"target\":[\"https:\/\/www.istegroup.com\/produit\/le-bien-etre-des-enfants-a-lecole\/\"]}]},{\"@type\":\"ImageObject\",\"inLanguage\":\"fr-FR\",\"@id\":\"https:\/\/www.istegroup.com\/produit\/le-bien-etre-des-enfants-a-lecole\/#primaryimage\",\"url\":\"https:\/\/www.istegroup.com\/wp-content\/uploads\/2019\/11\/217_Le-bien-etre-des-enfants-a-lecole.png\",\"contentUrl\":\"https:\/\/www.istegroup.com\/wp-content\/uploads\/2019\/11\/217_Le-bien-etre-des-enfants-a-lecole.png\",\"width\":300,\"height\":450},{\"@type\":\"BreadcrumbList\",\"@id\":\"https:\/\/www.istegroup.com\/produit\/le-bien-etre-des-enfants-a-lecole\/#breadcrumb\",\"itemListElement\":[{\"@type\":\"ListItem\",\"position\":1,\"name\":\"Home\",\"item\":\"https:\/\/www.istegroup.com\/\"},{\"@type\":\"ListItem\",\"position\":2,\"name\":\"Shop\",\"item\":\"https:\/\/www.istegroup.com\/fr\/nouveautes\/\"},{\"@type\":\"ListItem\",\"position\":3,\"name\":\"Le bien-\u00eatre des enfants \u00e0 l\u2019\u00e9cole\"}]},{\"@type\":\"WebSite\",\"@id\":\"https:\/\/www.istegroup.com\/#website\",\"url\":\"https:\/\/www.istegroup.com\/\",\"name\":\"ISTE Group\",\"description\":\"\u00c9diteur des Sciences\",\"potentialAction\":[{\"@type\":\"SearchAction\",\"target\":{\"@type\":\"EntryPoint\",\"urlTemplate\":\"https:\/\/www.istegroup.com\/?s={search_term_string}\"},\"query-input\":{\"@type\":\"PropertyValueSpecification\",\"valueRequired\":true,\"valueName\":\"search_term_string\"}}],\"inLanguage\":\"fr-FR\"}]}<\/script>\n<!-- \/ Yoast SEO plugin. -->","yoast_head_json":{"title":"Le bien-\u00eatre des enfants \u00e0 l\u2019\u00e9cole - ISTE Group","description":"Le bien-\u00eatre des enfants \u00e0 l\u2019\u00e9cole met en lumi\u00e8re et discute les diff\u00e9rentes mani\u00e8res dont le bien-\u00eatre scolaire a \u00e9t\u00e9 d\u00e9fini et \u00e9valu\u00e9, en dressant un \u00e9tat des lieux \u00e0 la fois international et interdisciplinaire.","robots":{"index":"index","follow":"follow","max-snippet":"max-snippet:-1","max-image-preview":"max-image-preview:large","max-video-preview":"max-video-preview:-1"},"canonical":"https:\/\/www.istegroup.com\/produit\/le-bien-etre-des-enfants-a-lecole\/","og_locale":"fr_FR","og_type":"article","og_title":"Le bien-\u00eatre des enfants \u00e0 l\u2019\u00e9cole - ISTE Group","og_description":"Le bien-\u00eatre des enfants \u00e0 l\u2019\u00e9cole met en lumi\u00e8re et discute les diff\u00e9rentes mani\u00e8res dont le bien-\u00eatre scolaire a \u00e9t\u00e9 d\u00e9fini et \u00e9valu\u00e9, en dressant un \u00e9tat des lieux \u00e0 la fois international et interdisciplinaire.","og_url":"https:\/\/www.istegroup.com\/produit\/le-bien-etre-des-enfants-a-lecole\/","og_site_name":"ISTE Group","article_modified_time":"2025-11-07T12:38:33+00:00","og_image":[{"width":300,"height":450,"url":"https:\/\/www.istegroup.com\/wp-content\/uploads\/2019\/11\/217_Le-bien-etre-des-enfants-a-lecole.png","type":"image\/png"}],"twitter_card":"summary_large_image","twitter_misc":{"Est. reading time":"2 minutes"},"schema":{"@context":"https:\/\/schema.org","@graph":[{"@type":"WebPage","@id":"https:\/\/www.istegroup.com\/produit\/le-bien-etre-des-enfants-a-lecole\/","url":"https:\/\/www.istegroup.com\/produit\/le-bien-etre-des-enfants-a-lecole\/","name":"Le bien-\u00eatre des enfants \u00e0 l\u2019\u00e9cole - ISTE Group","isPartOf":{"@id":"https:\/\/www.istegroup.com\/#website"},"primaryImageOfPage":{"@id":"https:\/\/www.istegroup.com\/produit\/le-bien-etre-des-enfants-a-lecole\/#primaryimage"},"image":{"@id":"https:\/\/www.istegroup.com\/produit\/le-bien-etre-des-enfants-a-lecole\/#primaryimage"},"thumbnailUrl":"https:\/\/www.istegroup.com\/wp-content\/uploads\/2019\/11\/217_Le-bien-etre-des-enfants-a-lecole.png","datePublished":"2025-09-18T13:47:59+00:00","dateModified":"2025-11-07T12:38:33+00:00","description":"Le bien-\u00eatre des enfants \u00e0 l\u2019\u00e9cole met en lumi\u00e8re et discute les diff\u00e9rentes mani\u00e8res dont le bien-\u00eatre scolaire a \u00e9t\u00e9 d\u00e9fini et \u00e9valu\u00e9, en dressant un \u00e9tat des lieux \u00e0 la fois international et interdisciplinaire.","breadcrumb":{"@id":"https:\/\/www.istegroup.com\/produit\/le-bien-etre-des-enfants-a-lecole\/#breadcrumb"},"inLanguage":"fr-FR","potentialAction":[{"@type":"ReadAction","target":["https:\/\/www.istegroup.com\/produit\/le-bien-etre-des-enfants-a-lecole\/"]}]},{"@type":"ImageObject","inLanguage":"fr-FR","@id":"https:\/\/www.istegroup.com\/produit\/le-bien-etre-des-enfants-a-lecole\/#primaryimage","url":"https:\/\/www.istegroup.com\/wp-content\/uploads\/2019\/11\/217_Le-bien-etre-des-enfants-a-lecole.png","contentUrl":"https:\/\/www.istegroup.com\/wp-content\/uploads\/2019\/11\/217_Le-bien-etre-des-enfants-a-lecole.png","width":300,"height":450},{"@type":"BreadcrumbList","@id":"https:\/\/www.istegroup.com\/produit\/le-bien-etre-des-enfants-a-lecole\/#breadcrumb","itemListElement":[{"@type":"ListItem","position":1,"name":"Home","item":"https:\/\/www.istegroup.com\/"},{"@type":"ListItem","position":2,"name":"Shop","item":"https:\/\/www.istegroup.com\/fr\/nouveautes\/"},{"@type":"ListItem","position":3,"name":"Le bien-\u00eatre des enfants \u00e0 l\u2019\u00e9cole"}]},{"@type":"WebSite","@id":"https:\/\/www.istegroup.com\/#website","url":"https:\/\/www.istegroup.com\/","name":"ISTE Group","description":"\u00c9diteur des Sciences","potentialAction":[{"@type":"SearchAction","target":{"@type":"EntryPoint","urlTemplate":"https:\/\/www.istegroup.com\/?s={search_term_string}"},"query-input":{"@type":"PropertyValueSpecification","valueRequired":true,"valueName":"search_term_string"}}],"inLanguage":"fr-FR"}]}},"_links":{"self":[{"href":"https:\/\/www.istegroup.com\/fr\/wp-json\/wp\/v2\/product\/23659","targetHints":{"allow":["GET"]}}],"collection":[{"href":"https:\/\/www.istegroup.com\/fr\/wp-json\/wp\/v2\/product"}],"about":[{"href":"https:\/\/www.istegroup.com\/fr\/wp-json\/wp\/v2\/types\/product"}],"wp:featuredmedia":[{"embeddable":true,"href":"https:\/\/www.istegroup.com\/fr\/wp-json\/wp\/v2\/media\/61571"}],"wp:attachment":[{"href":"https:\/\/www.istegroup.com\/fr\/wp-json\/wp\/v2\/media?parent=23659"}],"wp:term":[{"taxonomy":"product_brand","embeddable":true,"href":"https:\/\/www.istegroup.com\/fr\/wp-json\/wp\/v2\/product_brand?post=23659"},{"taxonomy":"product_cat","embeddable":true,"href":"https:\/\/www.istegroup.com\/fr\/wp-json\/wp\/v2\/product_cat?post=23659"},{"taxonomy":"product_tag","embeddable":true,"href":"https:\/\/www.istegroup.com\/fr\/wp-json\/wp\/v2\/product_tag?post=23659"}],"curies":[{"name":"wp","href":"https:\/\/api.w.org\/{rel}","templated":true}]}}