{"id":23655,"date":"2021-07-08T14:44:02","date_gmt":"2021-07-08T13:44:02","guid":{"rendered":"https:\/\/www.istegroup.com\/?post_type=product&#038;p=23655"},"modified":"2025-01-03T12:12:14","modified_gmt":"2025-01-03T12:12:14","slug":"flexibilite-cognitive","status":"publish","type":"product","link":"https:\/\/www.istegroup.com\/fr\/produit\/flexibilite-cognitive\/","title":{"rendered":"La flexibilit\u00e9 cognitive"},"content":{"rendered":"<p>Pierre angulaire de l\u2019apprentissage, la flexibilit\u00e9 cognitive permet de faire face, au quotidien, \u00e0 un environnement en perp\u00e9tuelle \u00e9volution. En modifiant nos connaissances et nos habitudes en vue de nous adapter aux situations nouvelles, la flexibilit\u00e9 cognitive joue un r\u00f4le fondamental dans nos apprentissages.<\/p>\n<p>Cet ouvrage propose une \u00e9tude des notions fondamentales de la flexibilit\u00e9 cognitive : sa mesure et son d\u00e9veloppement, ses liens avec la m\u00e9tacognition et l\u2019esprit critique, le r\u00f4le du contexte dans son expression, ainsi que son implication dans la d\u00e9couverte de solutions, le transfert d\u2019apprentissages et le traitement des analogies. Les perspectives convergentes sont \u00e9galement pr\u00e9sent\u00e9es pour en brosser un portrait et en discuter les enjeux.<\/p>\n<p>Gr\u00e2ce aux regards crois\u00e9s de sp\u00e9cialistes en psychologie cognitive et du d\u00e9veloppement, <em>La flexibilit\u00e9<\/em> cognitive inaugure de nouvelles pistes \u00e9ducatives fond\u00e9es sur les r\u00e9sultats des travaux empiriques men\u00e9s sur la question.<\/p>\n<p><a class=\"button\" style=\"margin-right: 10%\" href=\"https:\/\/www.istegroup.com\/wp-content\/uploads\/2019\/11\/035_La-flexibilite-cognitive_TDM.pdf\" target=\"_blank\" rel=\"noopener noreferrer\">Table des mati\u00e8res<\/a><a class=\"button\" style=\"margin-left: 10%\" href=\"https:\/\/www.istegroup.com\/wp-content\/uploads\/2019\/11\/035_La-flexibilite-cognitive_premiere-partie.pdf\" target=\"_blank\" rel=\"noopener noreferrer\">Introduction<\/a><\/p>","protected":false},"excerpt":{"rendered":"<p>Pierre angulaire de l\u2019apprentissage, la flexibilit\u00e9 cognitive permet de faire face, au quotidien, \u00e0 un environnement en perp\u00e9tuelle \u00e9volution. En modifiant nos connaissances et nos habitudes en vue de nous adapter aux situations nouvelles, la flexibilit\u00e9 cognitive joue un r\u00f4le fondamental dans nos apprentissages. Cet ouvrage propose une \u00e9tude des notions fondamentales de la flexibilit\u00e9 [&hellip;]<\/p>\n","protected":false},"featured_media":42921,"template":"","meta":{"_acf_changed":false,"_links_to":"","_links_to_target":""},"product_brand":[],"product_cat":[4289],"product_tag":[],"class_list":{"0":"post-23655","1":"product","2":"type-product","3":"status-publish","4":"has-post-thumbnail","6":"product_cat-sciences","8":"first","9":"instock","10":"shipping-taxable","11":"purchasable","12":"product-type-variable"},"acf":[],"yoast_head":"<!-- This site is optimized with the Yoast SEO plugin v27.2 - https:\/\/yoast.com\/product\/yoast-seo-wordpress\/ -->\n<title>La flexibilit\u00e9 cognitive - ISTE Group<\/title>\n<meta name=\"description\" content=\"Cet ouvrage propose une \u00e9tude des notions fondamentales de la flexibilit\u00e9 cognitive : sa mesure et son d\u00e9veloppement, ses liens avec la m\u00e9tacognition et l\u2019esprit critique, le r\u00f4le du contexte dans son expression, ainsi que son implication dans la d\u00e9couverte de solutions, le transfert d\u2019apprentissages et le traitement des analogies.\" \/>\n<meta name=\"robots\" content=\"index, follow, max-snippet:-1, max-image-preview:large, max-video-preview:-1\" \/>\n<link rel=\"canonical\" href=\"https:\/\/www.istegroup.com\/fr\/produit\/flexibilite-cognitive\/\" \/>\n<meta property=\"og:locale\" content=\"fr_FR\" \/>\n<meta property=\"og:type\" content=\"article\" \/>\n<meta property=\"og:title\" content=\"La flexibilit\u00e9 cognitive - ISTE Group\" \/>\n<meta property=\"og:description\" content=\"Cet ouvrage propose une \u00e9tude des notions fondamentales de la flexibilit\u00e9 cognitive : sa mesure et son d\u00e9veloppement, ses liens avec la m\u00e9tacognition et l\u2019esprit critique, le r\u00f4le du contexte dans son expression, ainsi que son implication dans la d\u00e9couverte de solutions, le transfert d\u2019apprentissages et le traitement des analogies.\" \/>\n<meta property=\"og:url\" content=\"https:\/\/www.istegroup.com\/fr\/produit\/flexibilite-cognitive\/\" \/>\n<meta property=\"og:site_name\" content=\"ISTE Group\" \/>\n<meta property=\"article:modified_time\" content=\"2025-01-03T12:12:14+00:00\" \/>\n<meta property=\"og:image\" content=\"https:\/\/www.istegroup.com\/wp-content\/uploads\/2021\/07\/La-flexibilite-cognitive.jpeg\" \/>\n\t<meta property=\"og:image:width\" content=\"300\" \/>\n\t<meta property=\"og:image:height\" content=\"450\" \/>\n\t<meta property=\"og:image:type\" content=\"image\/jpeg\" \/>\n<meta name=\"twitter:card\" content=\"summary_large_image\" \/>\n<meta name=\"twitter:label1\" content=\"Est. reading time\" \/>\n\t<meta name=\"twitter:data1\" content=\"1 minute\" \/>\n<script type=\"application\/ld+json\" class=\"yoast-schema-graph\">{\"@context\":\"https:\/\/schema.org\",\"@graph\":[{\"@type\":\"WebPage\",\"@id\":\"https:\/\/www.istegroup.com\/fr\/produit\/flexibilite-cognitive\/\",\"url\":\"https:\/\/www.istegroup.com\/fr\/produit\/flexibilite-cognitive\/\",\"name\":\"La flexibilit\u00e9 cognitive - ISTE Group\",\"isPartOf\":{\"@id\":\"https:\/\/www.istegroup.com\/#website\"},\"primaryImageOfPage\":{\"@id\":\"https:\/\/www.istegroup.com\/fr\/produit\/flexibilite-cognitive\/#primaryimage\"},\"image\":{\"@id\":\"https:\/\/www.istegroup.com\/fr\/produit\/flexibilite-cognitive\/#primaryimage\"},\"thumbnailUrl\":\"https:\/\/www.istegroup.com\/wp-content\/uploads\/2021\/07\/La-flexibilite-cognitive.jpeg\",\"datePublished\":\"2021-07-08T13:44:02+00:00\",\"dateModified\":\"2025-01-03T12:12:14+00:00\",\"description\":\"Cet ouvrage propose une \u00e9tude des notions fondamentales de la flexibilit\u00e9 cognitive : sa mesure et son d\u00e9veloppement, ses liens avec la m\u00e9tacognition et l\u2019esprit critique, le r\u00f4le du contexte dans son expression, ainsi que son implication dans la d\u00e9couverte de solutions, le transfert d\u2019apprentissages et le traitement des analogies.\",\"breadcrumb\":{\"@id\":\"https:\/\/www.istegroup.com\/fr\/produit\/flexibilite-cognitive\/#breadcrumb\"},\"inLanguage\":\"fr-FR\",\"potentialAction\":[{\"@type\":\"ReadAction\",\"target\":[\"https:\/\/www.istegroup.com\/fr\/produit\/flexibilite-cognitive\/\"]}]},{\"@type\":\"ImageObject\",\"inLanguage\":\"fr-FR\",\"@id\":\"https:\/\/www.istegroup.com\/fr\/produit\/flexibilite-cognitive\/#primaryimage\",\"url\":\"https:\/\/www.istegroup.com\/wp-content\/uploads\/2021\/07\/La-flexibilite-cognitive.jpeg\",\"contentUrl\":\"https:\/\/www.istegroup.com\/wp-content\/uploads\/2021\/07\/La-flexibilite-cognitive.jpeg\",\"width\":300,\"height\":450},{\"@type\":\"BreadcrumbList\",\"@id\":\"https:\/\/www.istegroup.com\/fr\/produit\/flexibilite-cognitive\/#breadcrumb\",\"itemListElement\":[{\"@type\":\"ListItem\",\"position\":1,\"name\":\"Home\",\"item\":\"https:\/\/www.istegroup.com\/\"},{\"@type\":\"ListItem\",\"position\":2,\"name\":\"Shop\",\"item\":\"https:\/\/www.istegroup.com\/fr\/nouveautes\/\"},{\"@type\":\"ListItem\",\"position\":3,\"name\":\"La flexibilit\u00e9 cognitive\"}]},{\"@type\":\"WebSite\",\"@id\":\"https:\/\/www.istegroup.com\/#website\",\"url\":\"https:\/\/www.istegroup.com\/\",\"name\":\"ISTE Group\",\"description\":\"\u00c9diteur des Sciences\",\"potentialAction\":[{\"@type\":\"SearchAction\",\"target\":{\"@type\":\"EntryPoint\",\"urlTemplate\":\"https:\/\/www.istegroup.com\/?s={search_term_string}\"},\"query-input\":{\"@type\":\"PropertyValueSpecification\",\"valueRequired\":true,\"valueName\":\"search_term_string\"}}],\"inLanguage\":\"fr-FR\"}]}<\/script>\n<!-- \/ Yoast SEO plugin. -->","yoast_head_json":{"title":"La flexibilit\u00e9 cognitive - ISTE Group","description":"Cet ouvrage propose une \u00e9tude des notions fondamentales de la flexibilit\u00e9 cognitive : sa mesure et son d\u00e9veloppement, ses liens avec la m\u00e9tacognition et l\u2019esprit critique, le r\u00f4le du contexte dans son expression, ainsi que son implication dans la d\u00e9couverte de solutions, le transfert d\u2019apprentissages et le traitement des analogies.","robots":{"index":"index","follow":"follow","max-snippet":"max-snippet:-1","max-image-preview":"max-image-preview:large","max-video-preview":"max-video-preview:-1"},"canonical":"https:\/\/www.istegroup.com\/fr\/produit\/flexibilite-cognitive\/","og_locale":"fr_FR","og_type":"article","og_title":"La flexibilit\u00e9 cognitive - ISTE Group","og_description":"Cet ouvrage propose une \u00e9tude des notions fondamentales de la flexibilit\u00e9 cognitive : sa mesure et son d\u00e9veloppement, ses liens avec la m\u00e9tacognition et l\u2019esprit critique, le r\u00f4le du contexte dans son expression, ainsi que son implication dans la d\u00e9couverte de solutions, le transfert d\u2019apprentissages et le traitement des analogies.","og_url":"https:\/\/www.istegroup.com\/fr\/produit\/flexibilite-cognitive\/","og_site_name":"ISTE Group","article_modified_time":"2025-01-03T12:12:14+00:00","og_image":[{"width":300,"height":450,"url":"https:\/\/www.istegroup.com\/wp-content\/uploads\/2021\/07\/La-flexibilite-cognitive.jpeg","type":"image\/jpeg"}],"twitter_card":"summary_large_image","twitter_misc":{"Est. reading time":"1 minute"},"schema":{"@context":"https:\/\/schema.org","@graph":[{"@type":"WebPage","@id":"https:\/\/www.istegroup.com\/fr\/produit\/flexibilite-cognitive\/","url":"https:\/\/www.istegroup.com\/fr\/produit\/flexibilite-cognitive\/","name":"La flexibilit\u00e9 cognitive - ISTE Group","isPartOf":{"@id":"https:\/\/www.istegroup.com\/#website"},"primaryImageOfPage":{"@id":"https:\/\/www.istegroup.com\/fr\/produit\/flexibilite-cognitive\/#primaryimage"},"image":{"@id":"https:\/\/www.istegroup.com\/fr\/produit\/flexibilite-cognitive\/#primaryimage"},"thumbnailUrl":"https:\/\/www.istegroup.com\/wp-content\/uploads\/2021\/07\/La-flexibilite-cognitive.jpeg","datePublished":"2021-07-08T13:44:02+00:00","dateModified":"2025-01-03T12:12:14+00:00","description":"Cet ouvrage propose une \u00e9tude des notions fondamentales de la flexibilit\u00e9 cognitive : sa mesure et son d\u00e9veloppement, ses liens avec la m\u00e9tacognition et l\u2019esprit critique, le r\u00f4le du contexte dans son expression, ainsi que son implication dans la d\u00e9couverte de solutions, le transfert d\u2019apprentissages et le traitement des analogies.","breadcrumb":{"@id":"https:\/\/www.istegroup.com\/fr\/produit\/flexibilite-cognitive\/#breadcrumb"},"inLanguage":"fr-FR","potentialAction":[{"@type":"ReadAction","target":["https:\/\/www.istegroup.com\/fr\/produit\/flexibilite-cognitive\/"]}]},{"@type":"ImageObject","inLanguage":"fr-FR","@id":"https:\/\/www.istegroup.com\/fr\/produit\/flexibilite-cognitive\/#primaryimage","url":"https:\/\/www.istegroup.com\/wp-content\/uploads\/2021\/07\/La-flexibilite-cognitive.jpeg","contentUrl":"https:\/\/www.istegroup.com\/wp-content\/uploads\/2021\/07\/La-flexibilite-cognitive.jpeg","width":300,"height":450},{"@type":"BreadcrumbList","@id":"https:\/\/www.istegroup.com\/fr\/produit\/flexibilite-cognitive\/#breadcrumb","itemListElement":[{"@type":"ListItem","position":1,"name":"Home","item":"https:\/\/www.istegroup.com\/"},{"@type":"ListItem","position":2,"name":"Shop","item":"https:\/\/www.istegroup.com\/fr\/nouveautes\/"},{"@type":"ListItem","position":3,"name":"La flexibilit\u00e9 cognitive"}]},{"@type":"WebSite","@id":"https:\/\/www.istegroup.com\/#website","url":"https:\/\/www.istegroup.com\/","name":"ISTE Group","description":"\u00c9diteur des Sciences","potentialAction":[{"@type":"SearchAction","target":{"@type":"EntryPoint","urlTemplate":"https:\/\/www.istegroup.com\/?s={search_term_string}"},"query-input":{"@type":"PropertyValueSpecification","valueRequired":true,"valueName":"search_term_string"}}],"inLanguage":"fr-FR"}]}},"_links":{"self":[{"href":"https:\/\/www.istegroup.com\/fr\/wp-json\/wp\/v2\/product\/23655","targetHints":{"allow":["GET"]}}],"collection":[{"href":"https:\/\/www.istegroup.com\/fr\/wp-json\/wp\/v2\/product"}],"about":[{"href":"https:\/\/www.istegroup.com\/fr\/wp-json\/wp\/v2\/types\/product"}],"wp:featuredmedia":[{"embeddable":true,"href":"https:\/\/www.istegroup.com\/fr\/wp-json\/wp\/v2\/media\/42921"}],"wp:attachment":[{"href":"https:\/\/www.istegroup.com\/fr\/wp-json\/wp\/v2\/media?parent=23655"}],"wp:term":[{"taxonomy":"product_brand","embeddable":true,"href":"https:\/\/www.istegroup.com\/fr\/wp-json\/wp\/v2\/product_brand?post=23655"},{"taxonomy":"product_cat","embeddable":true,"href":"https:\/\/www.istegroup.com\/fr\/wp-json\/wp\/v2\/product_cat?post=23655"},{"taxonomy":"product_tag","embeddable":true,"href":"https:\/\/www.istegroup.com\/fr\/wp-json\/wp\/v2\/product_tag?post=23655"}],"curies":[{"name":"wp","href":"https:\/\/api.w.org\/{rel}","templated":true}]}}