{"id":23652,"date":"2021-09-23T14:42:06","date_gmt":"2021-09-23T13:42:06","guid":{"rendered":"https:\/\/www.istegroup.com\/?post_type=product&#038;p=23652"},"modified":"2025-01-03T12:06:41","modified_gmt":"2025-01-03T12:06:41","slug":"processus-emotionnels-en-situation-dapprentissage","status":"publish","type":"product","link":"https:\/\/www.istegroup.com\/fr\/produit\/processus-emotionnels-en-situation-dapprentissage\/","title":{"rendered":"Processus \u00e9motionnels en situation d\u2019apprentissage"},"content":{"rendered":"<p>Les processus \u00e9motionnels sont de plus en plus \u00e9tudi\u00e9s en psychologie, que ce soit \u00e0 travers leurs modalit\u00e9s d\u2019expression ou \u00e0 travers leur effet sur les processus cognitifs.<\/p>\n<p>Si la th\u00e9orisation du lien entre processus \u00e9motionnels et processus cognitifs a vari\u00e9 au cours des si\u00e8cles, l\u2019impact des \u00e9motions sur les fonctions cognitives est aujourd\u2019hui ind\u00e9niable et \u00e9tay\u00e9 par des arguments exp\u00e9rimentaux. Les processus psychologiques sont actuellement consid\u00e9r\u00e9s comme \u00e9tant n\u00e9cessaires \u00e0 l\u2019\u00e9mergence des \u00e9motions, ou influenc\u00e9s par celles-ci. Les apprentissages \u00e9tant au coeur du d\u00e9veloppement de l\u2019individu et faisant intervenir diff\u00e9rents processus cognitifs, l\u2019\u00e9tude des processus \u00e9motionnels en situation d\u2019apprentissage n\u2019est bien s\u00fbr pas en reste.<\/p>\n<p><em>Processus \u00e9motionnels en situation d\u2019apprentissage<\/em> pr\u00e9sente les apports de diff\u00e9rentes disciplines de la psychologie dans la compr\u00e9hension du r\u00f4le des processus \u00e9motionnels en situation d\u2019apprentissage, dans une perspective d\u00e9veloppementale et vie-enti\u00e8re.<\/p>","protected":false},"excerpt":{"rendered":"<p>Les processus \u00e9motionnels sont de plus en plus \u00e9tudi\u00e9s en psychologie, que ce soit \u00e0 travers leurs modalit\u00e9s d\u2019expression ou \u00e0 travers leur effet sur les processus cognitifs. Si la th\u00e9orisation du lien entre processus \u00e9motionnels et processus cognitifs a vari\u00e9 au cours des si\u00e8cles, l\u2019impact des \u00e9motions sur les fonctions cognitives est aujourd\u2019hui ind\u00e9niable [&hellip;]<\/p>\n","protected":false},"featured_media":45321,"template":"","meta":{"_acf_changed":false,"_links_to":"","_links_to_target":""},"product_brand":[],"product_cat":[4289],"product_tag":[],"class_list":{"0":"post-23652","1":"product","2":"type-product","3":"status-publish","4":"has-post-thumbnail","6":"product_cat-sciences","8":"first","9":"instock","10":"shipping-taxable","11":"purchasable","12":"product-type-variable"},"acf":[],"yoast_head":"<!-- This site is optimized with the Yoast SEO plugin v27.2 - https:\/\/yoast.com\/product\/yoast-seo-wordpress\/ -->\n<title>Processus \u00e9motionnels en situation d\u2019apprentissage - ISTE Group<\/title>\n<meta name=\"description\" content=\"Processus \u00e9motionnels en situation d\u2019apprentissage pr\u00e9sente les apports de diff\u00e9rentes disciplines de la psychologie dans la compr\u00e9hension du r\u00f4le des processus \u00e9motionnels en situation d\u2019apprentissage, dans une perspective d\u00e9veloppementale et vieenti\u00e8re.\" \/>\n<meta name=\"robots\" content=\"index, follow, max-snippet:-1, max-image-preview:large, max-video-preview:-1\" \/>\n<link rel=\"canonical\" href=\"https:\/\/www.istegroup.com\/fr\/produit\/processus-emotionnels-en-situation-dapprentissage\/\" \/>\n<meta property=\"og:locale\" content=\"fr_FR\" \/>\n<meta property=\"og:type\" content=\"article\" \/>\n<meta property=\"og:title\" content=\"Processus \u00e9motionnels en situation d\u2019apprentissage - ISTE Group\" \/>\n<meta property=\"og:description\" content=\"Processus \u00e9motionnels en situation d\u2019apprentissage pr\u00e9sente les apports de diff\u00e9rentes disciplines de la psychologie dans la compr\u00e9hension du r\u00f4le des processus \u00e9motionnels en situation d\u2019apprentissage, dans une perspective d\u00e9veloppementale et vieenti\u00e8re.\" \/>\n<meta property=\"og:url\" content=\"https:\/\/www.istegroup.com\/fr\/produit\/processus-emotionnels-en-situation-dapprentissage\/\" \/>\n<meta property=\"og:site_name\" content=\"ISTE Group\" \/>\n<meta property=\"article:modified_time\" content=\"2025-01-03T12:06:41+00:00\" \/>\n<meta property=\"og:image\" content=\"https:\/\/www.istegroup.com\/wp-content\/uploads\/2022\/02\/couv-Processus-e\u0301motionnels-en-situation-dapprentissage.jpg\" \/>\n\t<meta property=\"og:image:width\" content=\"300\" \/>\n\t<meta property=\"og:image:height\" content=\"450\" \/>\n\t<meta property=\"og:image:type\" content=\"image\/jpeg\" \/>\n<meta name=\"twitter:card\" content=\"summary_large_image\" \/>\n<meta name=\"twitter:label1\" content=\"Est. reading time\" \/>\n\t<meta name=\"twitter:data1\" content=\"2 minutes\" \/>\n<script type=\"application\/ld+json\" class=\"yoast-schema-graph\">{\"@context\":\"https:\/\/schema.org\",\"@graph\":[{\"@type\":\"WebPage\",\"@id\":\"https:\/\/www.istegroup.com\/fr\/produit\/processus-emotionnels-en-situation-dapprentissage\/\",\"url\":\"https:\/\/www.istegroup.com\/fr\/produit\/processus-emotionnels-en-situation-dapprentissage\/\",\"name\":\"Processus \u00e9motionnels en situation d\u2019apprentissage - ISTE Group\",\"isPartOf\":{\"@id\":\"https:\/\/www.istegroup.com\/#website\"},\"primaryImageOfPage\":{\"@id\":\"https:\/\/www.istegroup.com\/fr\/produit\/processus-emotionnels-en-situation-dapprentissage\/#primaryimage\"},\"image\":{\"@id\":\"https:\/\/www.istegroup.com\/fr\/produit\/processus-emotionnels-en-situation-dapprentissage\/#primaryimage\"},\"thumbnailUrl\":\"https:\/\/www.istegroup.com\/wp-content\/uploads\/2022\/02\/couv-Processus-e\u0301motionnels-en-situation-dapprentissage.jpg\",\"datePublished\":\"2021-09-23T13:42:06+00:00\",\"dateModified\":\"2025-01-03T12:06:41+00:00\",\"description\":\"Processus \u00e9motionnels en situation d\u2019apprentissage pr\u00e9sente les apports de diff\u00e9rentes disciplines de la psychologie dans la compr\u00e9hension du r\u00f4le des processus \u00e9motionnels en situation d\u2019apprentissage, dans une perspective d\u00e9veloppementale et vieenti\u00e8re.\",\"breadcrumb\":{\"@id\":\"https:\/\/www.istegroup.com\/fr\/produit\/processus-emotionnels-en-situation-dapprentissage\/#breadcrumb\"},\"inLanguage\":\"fr-FR\",\"potentialAction\":[{\"@type\":\"ReadAction\",\"target\":[\"https:\/\/www.istegroup.com\/fr\/produit\/processus-emotionnels-en-situation-dapprentissage\/\"]}]},{\"@type\":\"ImageObject\",\"inLanguage\":\"fr-FR\",\"@id\":\"https:\/\/www.istegroup.com\/fr\/produit\/processus-emotionnels-en-situation-dapprentissage\/#primaryimage\",\"url\":\"https:\/\/www.istegroup.com\/wp-content\/uploads\/2022\/02\/couv-Processus-e\u0301motionnels-en-situation-dapprentissage.jpg\",\"contentUrl\":\"https:\/\/www.istegroup.com\/wp-content\/uploads\/2022\/02\/couv-Processus-e\u0301motionnels-en-situation-dapprentissage.jpg\",\"width\":300,\"height\":450,\"caption\":\"Livre scientifique - Processus \u00e9motionnels en situation d\u2019apprentissage - Encyclop\u00e9die SCIENCES\"},{\"@type\":\"BreadcrumbList\",\"@id\":\"https:\/\/www.istegroup.com\/fr\/produit\/processus-emotionnels-en-situation-dapprentissage\/#breadcrumb\",\"itemListElement\":[{\"@type\":\"ListItem\",\"position\":1,\"name\":\"Home\",\"item\":\"https:\/\/www.istegroup.com\/\"},{\"@type\":\"ListItem\",\"position\":2,\"name\":\"Shop\",\"item\":\"https:\/\/www.istegroup.com\/fr\/nouveautes\/\"},{\"@type\":\"ListItem\",\"position\":3,\"name\":\"Processus \u00e9motionnels en situation d\u2019apprentissage\"}]},{\"@type\":\"WebSite\",\"@id\":\"https:\/\/www.istegroup.com\/#website\",\"url\":\"https:\/\/www.istegroup.com\/\",\"name\":\"ISTE Group\",\"description\":\"\u00c9diteur des Sciences\",\"potentialAction\":[{\"@type\":\"SearchAction\",\"target\":{\"@type\":\"EntryPoint\",\"urlTemplate\":\"https:\/\/www.istegroup.com\/?s={search_term_string}\"},\"query-input\":{\"@type\":\"PropertyValueSpecification\",\"valueRequired\":true,\"valueName\":\"search_term_string\"}}],\"inLanguage\":\"fr-FR\"}]}<\/script>\n<!-- \/ Yoast SEO plugin. -->","yoast_head_json":{"title":"Processus \u00e9motionnels en situation d\u2019apprentissage - ISTE Group","description":"Processus \u00e9motionnels en situation d\u2019apprentissage pr\u00e9sente les apports de diff\u00e9rentes disciplines de la psychologie dans la compr\u00e9hension du r\u00f4le des processus \u00e9motionnels en situation d\u2019apprentissage, dans une perspective d\u00e9veloppementale et vieenti\u00e8re.","robots":{"index":"index","follow":"follow","max-snippet":"max-snippet:-1","max-image-preview":"max-image-preview:large","max-video-preview":"max-video-preview:-1"},"canonical":"https:\/\/www.istegroup.com\/fr\/produit\/processus-emotionnels-en-situation-dapprentissage\/","og_locale":"fr_FR","og_type":"article","og_title":"Processus \u00e9motionnels en situation d\u2019apprentissage - ISTE Group","og_description":"Processus \u00e9motionnels en situation d\u2019apprentissage pr\u00e9sente les apports de diff\u00e9rentes disciplines de la psychologie dans la compr\u00e9hension du r\u00f4le des processus \u00e9motionnels en situation d\u2019apprentissage, dans une perspective d\u00e9veloppementale et vieenti\u00e8re.","og_url":"https:\/\/www.istegroup.com\/fr\/produit\/processus-emotionnels-en-situation-dapprentissage\/","og_site_name":"ISTE Group","article_modified_time":"2025-01-03T12:06:41+00:00","og_image":[{"width":300,"height":450,"url":"https:\/\/www.istegroup.com\/wp-content\/uploads\/2022\/02\/couv-Processus-e\u0301motionnels-en-situation-dapprentissage.jpg","type":"image\/jpeg"}],"twitter_card":"summary_large_image","twitter_misc":{"Est. reading time":"2 minutes"},"schema":{"@context":"https:\/\/schema.org","@graph":[{"@type":"WebPage","@id":"https:\/\/www.istegroup.com\/fr\/produit\/processus-emotionnels-en-situation-dapprentissage\/","url":"https:\/\/www.istegroup.com\/fr\/produit\/processus-emotionnels-en-situation-dapprentissage\/","name":"Processus \u00e9motionnels en situation d\u2019apprentissage - ISTE Group","isPartOf":{"@id":"https:\/\/www.istegroup.com\/#website"},"primaryImageOfPage":{"@id":"https:\/\/www.istegroup.com\/fr\/produit\/processus-emotionnels-en-situation-dapprentissage\/#primaryimage"},"image":{"@id":"https:\/\/www.istegroup.com\/fr\/produit\/processus-emotionnels-en-situation-dapprentissage\/#primaryimage"},"thumbnailUrl":"https:\/\/www.istegroup.com\/wp-content\/uploads\/2022\/02\/couv-Processus-e\u0301motionnels-en-situation-dapprentissage.jpg","datePublished":"2021-09-23T13:42:06+00:00","dateModified":"2025-01-03T12:06:41+00:00","description":"Processus \u00e9motionnels en situation d\u2019apprentissage pr\u00e9sente les apports de diff\u00e9rentes disciplines de la psychologie dans la compr\u00e9hension du r\u00f4le des processus \u00e9motionnels en situation d\u2019apprentissage, dans une perspective d\u00e9veloppementale et vieenti\u00e8re.","breadcrumb":{"@id":"https:\/\/www.istegroup.com\/fr\/produit\/processus-emotionnels-en-situation-dapprentissage\/#breadcrumb"},"inLanguage":"fr-FR","potentialAction":[{"@type":"ReadAction","target":["https:\/\/www.istegroup.com\/fr\/produit\/processus-emotionnels-en-situation-dapprentissage\/"]}]},{"@type":"ImageObject","inLanguage":"fr-FR","@id":"https:\/\/www.istegroup.com\/fr\/produit\/processus-emotionnels-en-situation-dapprentissage\/#primaryimage","url":"https:\/\/www.istegroup.com\/wp-content\/uploads\/2022\/02\/couv-Processus-e\u0301motionnels-en-situation-dapprentissage.jpg","contentUrl":"https:\/\/www.istegroup.com\/wp-content\/uploads\/2022\/02\/couv-Processus-e\u0301motionnels-en-situation-dapprentissage.jpg","width":300,"height":450,"caption":"Livre scientifique - Processus \u00e9motionnels en situation d\u2019apprentissage - Encyclop\u00e9die SCIENCES"},{"@type":"BreadcrumbList","@id":"https:\/\/www.istegroup.com\/fr\/produit\/processus-emotionnels-en-situation-dapprentissage\/#breadcrumb","itemListElement":[{"@type":"ListItem","position":1,"name":"Home","item":"https:\/\/www.istegroup.com\/"},{"@type":"ListItem","position":2,"name":"Shop","item":"https:\/\/www.istegroup.com\/fr\/nouveautes\/"},{"@type":"ListItem","position":3,"name":"Processus \u00e9motionnels en situation d\u2019apprentissage"}]},{"@type":"WebSite","@id":"https:\/\/www.istegroup.com\/#website","url":"https:\/\/www.istegroup.com\/","name":"ISTE Group","description":"\u00c9diteur des Sciences","potentialAction":[{"@type":"SearchAction","target":{"@type":"EntryPoint","urlTemplate":"https:\/\/www.istegroup.com\/?s={search_term_string}"},"query-input":{"@type":"PropertyValueSpecification","valueRequired":true,"valueName":"search_term_string"}}],"inLanguage":"fr-FR"}]}},"_links":{"self":[{"href":"https:\/\/www.istegroup.com\/fr\/wp-json\/wp\/v2\/product\/23652","targetHints":{"allow":["GET"]}}],"collection":[{"href":"https:\/\/www.istegroup.com\/fr\/wp-json\/wp\/v2\/product"}],"about":[{"href":"https:\/\/www.istegroup.com\/fr\/wp-json\/wp\/v2\/types\/product"}],"wp:featuredmedia":[{"embeddable":true,"href":"https:\/\/www.istegroup.com\/fr\/wp-json\/wp\/v2\/media\/45321"}],"wp:attachment":[{"href":"https:\/\/www.istegroup.com\/fr\/wp-json\/wp\/v2\/media?parent=23652"}],"wp:term":[{"taxonomy":"product_brand","embeddable":true,"href":"https:\/\/www.istegroup.com\/fr\/wp-json\/wp\/v2\/product_brand?post=23652"},{"taxonomy":"product_cat","embeddable":true,"href":"https:\/\/www.istegroup.com\/fr\/wp-json\/wp\/v2\/product_cat?post=23652"},{"taxonomy":"product_tag","embeddable":true,"href":"https:\/\/www.istegroup.com\/fr\/wp-json\/wp\/v2\/product_tag?post=23652"}],"curies":[{"name":"wp","href":"https:\/\/api.w.org\/{rel}","templated":true}]}}