{"id":23646,"date":"2026-01-27T14:37:47","date_gmt":"2026-01-27T14:37:47","guid":{"rendered":"https:\/\/www.istegroup.com\/?post_type=product&#038;p=23646"},"modified":"2026-03-11T10:26:13","modified_gmt":"2026-03-11T10:26:13","slug":"zones-ateliers","status":"publish","type":"product","link":"https:\/\/www.istegroup.com\/fr\/produit\/zones-ateliers\/","title":{"rendered":"Zones Ateliers"},"content":{"rendered":"<p>Pour r\u00e9pondre \u00e0 la complexit\u00e9 des grands d\u00e9fis contemporains (climat, in\u00e9galit\u00e9s, biodiversit\u00e9, pand\u00e9mies, etc.), le champ de l\u2019enseignement sup\u00e9rieur et de la recherche (ESR) \u00e9volue : les sciences de la soutenabilit\u00e9, apparues il y a seulement un quart de si\u00e8cle, en t\u00e9moignent. En France, le R\u00e9seau des Zones Ateliers (RZA), dispositif original du CNRS\u2013\u00c9cologie &amp; Environnement, incarne cette dynamique. Infrastructure de recherche socio-\u00e9cologique, il mobilise des approches inter- et transdisciplinaires pour appr\u00e9hender la complexit\u00e9 des socio-\u00e9cosyst\u00e8mes.<\/p>\n<p>Destin\u00e9 \u00e0 un large public compos\u00e9 d\u2019\u00e9tudiants, d\u2019acteurs des territoires et de chercheurs, cet ouvrage adopte une perspective historique. Une introduction retrace la gen\u00e8se et l\u2019\u00e9volution du r\u00e9seau \u00e0 travers le prisme de sa plasticit\u00e9, puis les d\u00e9veloppements pr\u00e9sentent les \u00e9tapes de l\u2019\u00e9laboration des approches inter- et transdisciplinaires, en s\u2019appuyant sur la diversit\u00e9 des probl\u00e9matiques propres \u00e0 chaque \u00ab Zone Atelier \u00bb. Enfin, une ouverture propose des perspectives, inscrivant le RZA dans le champ des sciences transformatives et appelant \u00e0 une profonde transformation de l\u2019ESR lui-m\u00eame.<\/p>\n","protected":false},"excerpt":{"rendered":"<p>Pour r\u00e9pondre \u00e0 la complexit\u00e9 des grands d\u00e9fis contemporains (climat, in\u00e9galit\u00e9s, biodiversit\u00e9, pand\u00e9mies, etc.), le champ de l\u2019enseignement sup\u00e9rieur et de la recherche (ESR) \u00e9volue : les sciences de la soutenabilit\u00e9, apparues il y a seulement un quart de si\u00e8cle, en t\u00e9moignent. En France, le R\u00e9seau des Zones Ateliers (RZA), dispositif original du CNRS\u2013\u00c9cologie &amp; [&hellip;]<\/p>\n","protected":false},"featured_media":62862,"template":"","meta":{"_acf_changed":false,"_links_to":"","_links_to_target":""},"product_brand":[],"product_cat":[4289],"product_tag":[],"class_list":{"0":"post-23646","1":"product","2":"type-product","3":"status-publish","4":"has-post-thumbnail","6":"product_cat-sciences","8":"first","9":"instock","10":"shipping-taxable","11":"purchasable","12":"product-type-variable"},"acf":[],"yoast_head":"<!-- This site is optimized with the Yoast SEO plugin v27.2 - https:\/\/yoast.com\/product\/yoast-seo-wordpress\/ -->\n<title>Zones Ateliers - ISTE Group<\/title>\n<meta name=\"description\" content=\"Destin\u00e9 \u00e0 un large public compos\u00e9 d\u2019\u00e9tudiants, d\u2019acteurs des territoires et de chercheurs, cet ouvrage adopte une perspective historique.\" \/>\n<meta name=\"robots\" content=\"index, follow, max-snippet:-1, max-image-preview:large, max-video-preview:-1\" \/>\n<link rel=\"canonical\" href=\"https:\/\/www.istegroup.com\/produit\/zones-ateliers\/\" \/>\n<meta property=\"og:locale\" content=\"fr_FR\" \/>\n<meta property=\"og:type\" content=\"article\" \/>\n<meta property=\"og:title\" content=\"Zones Ateliers - ISTE Group\" \/>\n<meta property=\"og:description\" content=\"Destin\u00e9 \u00e0 un large public compos\u00e9 d\u2019\u00e9tudiants, d\u2019acteurs des territoires et de chercheurs, cet ouvrage adopte une perspective historique.\" \/>\n<meta property=\"og:url\" content=\"https:\/\/www.istegroup.com\/produit\/zones-ateliers\/\" \/>\n<meta property=\"og:site_name\" content=\"ISTE Group\" \/>\n<meta property=\"article:modified_time\" content=\"2026-03-11T10:26:13+00:00\" \/>\n<meta property=\"og:image\" content=\"https:\/\/www.istegroup.com\/wp-content\/uploads\/2019\/11\/232_Zones-Ateliers_Ragueneau.jpg\" \/>\n\t<meta property=\"og:image:width\" content=\"300\" \/>\n\t<meta property=\"og:image:height\" content=\"450\" \/>\n\t<meta property=\"og:image:type\" content=\"image\/jpeg\" \/>\n<meta name=\"twitter:card\" content=\"summary_large_image\" \/>\n<meta name=\"twitter:label1\" content=\"Est. reading time\" \/>\n\t<meta name=\"twitter:data1\" content=\"2 minutes\" \/>\n<script type=\"application\/ld+json\" class=\"yoast-schema-graph\">{\"@context\":\"https:\/\/schema.org\",\"@graph\":[{\"@type\":\"WebPage\",\"@id\":\"https:\/\/www.istegroup.com\/produit\/zones-ateliers\/\",\"url\":\"https:\/\/www.istegroup.com\/produit\/zones-ateliers\/\",\"name\":\"Zones Ateliers - ISTE Group\",\"isPartOf\":{\"@id\":\"https:\/\/www.istegroup.com\/#website\"},\"primaryImageOfPage\":{\"@id\":\"https:\/\/www.istegroup.com\/produit\/zones-ateliers\/#primaryimage\"},\"image\":{\"@id\":\"https:\/\/www.istegroup.com\/produit\/zones-ateliers\/#primaryimage\"},\"thumbnailUrl\":\"https:\/\/www.istegroup.com\/wp-content\/uploads\/2019\/11\/232_Zones-Ateliers_Ragueneau.jpg\",\"datePublished\":\"2026-01-27T14:37:47+00:00\",\"dateModified\":\"2026-03-11T10:26:13+00:00\",\"description\":\"Destin\u00e9 \u00e0 un large public compos\u00e9 d\u2019\u00e9tudiants, d\u2019acteurs des territoires et de chercheurs, cet ouvrage adopte une perspective historique.\",\"breadcrumb\":{\"@id\":\"https:\/\/www.istegroup.com\/produit\/zones-ateliers\/#breadcrumb\"},\"inLanguage\":\"fr-FR\",\"potentialAction\":[{\"@type\":\"ReadAction\",\"target\":[\"https:\/\/www.istegroup.com\/produit\/zones-ateliers\/\"]}]},{\"@type\":\"ImageObject\",\"inLanguage\":\"fr-FR\",\"@id\":\"https:\/\/www.istegroup.com\/produit\/zones-ateliers\/#primaryimage\",\"url\":\"https:\/\/www.istegroup.com\/wp-content\/uploads\/2019\/11\/232_Zones-Ateliers_Ragueneau.jpg\",\"contentUrl\":\"https:\/\/www.istegroup.com\/wp-content\/uploads\/2019\/11\/232_Zones-Ateliers_Ragueneau.jpg\",\"width\":300,\"height\":450},{\"@type\":\"BreadcrumbList\",\"@id\":\"https:\/\/www.istegroup.com\/produit\/zones-ateliers\/#breadcrumb\",\"itemListElement\":[{\"@type\":\"ListItem\",\"position\":1,\"name\":\"Home\",\"item\":\"https:\/\/www.istegroup.com\/\"},{\"@type\":\"ListItem\",\"position\":2,\"name\":\"Shop\",\"item\":\"https:\/\/www.istegroup.com\/fr\/nouveautes\/\"},{\"@type\":\"ListItem\",\"position\":3,\"name\":\"Zones Ateliers\"}]},{\"@type\":\"WebSite\",\"@id\":\"https:\/\/www.istegroup.com\/#website\",\"url\":\"https:\/\/www.istegroup.com\/\",\"name\":\"ISTE Group\",\"description\":\"\u00c9diteur des Sciences\",\"potentialAction\":[{\"@type\":\"SearchAction\",\"target\":{\"@type\":\"EntryPoint\",\"urlTemplate\":\"https:\/\/www.istegroup.com\/?s={search_term_string}\"},\"query-input\":{\"@type\":\"PropertyValueSpecification\",\"valueRequired\":true,\"valueName\":\"search_term_string\"}}],\"inLanguage\":\"fr-FR\"}]}<\/script>\n<!-- \/ Yoast SEO plugin. -->","yoast_head_json":{"title":"Zones Ateliers - ISTE Group","description":"Destin\u00e9 \u00e0 un large public compos\u00e9 d\u2019\u00e9tudiants, d\u2019acteurs des territoires et de chercheurs, cet ouvrage adopte une perspective historique.","robots":{"index":"index","follow":"follow","max-snippet":"max-snippet:-1","max-image-preview":"max-image-preview:large","max-video-preview":"max-video-preview:-1"},"canonical":"https:\/\/www.istegroup.com\/produit\/zones-ateliers\/","og_locale":"fr_FR","og_type":"article","og_title":"Zones Ateliers - ISTE Group","og_description":"Destin\u00e9 \u00e0 un large public compos\u00e9 d\u2019\u00e9tudiants, d\u2019acteurs des territoires et de chercheurs, cet ouvrage adopte une perspective historique.","og_url":"https:\/\/www.istegroup.com\/produit\/zones-ateliers\/","og_site_name":"ISTE Group","article_modified_time":"2026-03-11T10:26:13+00:00","og_image":[{"width":300,"height":450,"url":"https:\/\/www.istegroup.com\/wp-content\/uploads\/2019\/11\/232_Zones-Ateliers_Ragueneau.jpg","type":"image\/jpeg"}],"twitter_card":"summary_large_image","twitter_misc":{"Est. reading time":"2 minutes"},"schema":{"@context":"https:\/\/schema.org","@graph":[{"@type":"WebPage","@id":"https:\/\/www.istegroup.com\/produit\/zones-ateliers\/","url":"https:\/\/www.istegroup.com\/produit\/zones-ateliers\/","name":"Zones Ateliers - ISTE Group","isPartOf":{"@id":"https:\/\/www.istegroup.com\/#website"},"primaryImageOfPage":{"@id":"https:\/\/www.istegroup.com\/produit\/zones-ateliers\/#primaryimage"},"image":{"@id":"https:\/\/www.istegroup.com\/produit\/zones-ateliers\/#primaryimage"},"thumbnailUrl":"https:\/\/www.istegroup.com\/wp-content\/uploads\/2019\/11\/232_Zones-Ateliers_Ragueneau.jpg","datePublished":"2026-01-27T14:37:47+00:00","dateModified":"2026-03-11T10:26:13+00:00","description":"Destin\u00e9 \u00e0 un large public compos\u00e9 d\u2019\u00e9tudiants, d\u2019acteurs des territoires et de chercheurs, cet ouvrage adopte une perspective historique.","breadcrumb":{"@id":"https:\/\/www.istegroup.com\/produit\/zones-ateliers\/#breadcrumb"},"inLanguage":"fr-FR","potentialAction":[{"@type":"ReadAction","target":["https:\/\/www.istegroup.com\/produit\/zones-ateliers\/"]}]},{"@type":"ImageObject","inLanguage":"fr-FR","@id":"https:\/\/www.istegroup.com\/produit\/zones-ateliers\/#primaryimage","url":"https:\/\/www.istegroup.com\/wp-content\/uploads\/2019\/11\/232_Zones-Ateliers_Ragueneau.jpg","contentUrl":"https:\/\/www.istegroup.com\/wp-content\/uploads\/2019\/11\/232_Zones-Ateliers_Ragueneau.jpg","width":300,"height":450},{"@type":"BreadcrumbList","@id":"https:\/\/www.istegroup.com\/produit\/zones-ateliers\/#breadcrumb","itemListElement":[{"@type":"ListItem","position":1,"name":"Home","item":"https:\/\/www.istegroup.com\/"},{"@type":"ListItem","position":2,"name":"Shop","item":"https:\/\/www.istegroup.com\/fr\/nouveautes\/"},{"@type":"ListItem","position":3,"name":"Zones Ateliers"}]},{"@type":"WebSite","@id":"https:\/\/www.istegroup.com\/#website","url":"https:\/\/www.istegroup.com\/","name":"ISTE Group","description":"\u00c9diteur des Sciences","potentialAction":[{"@type":"SearchAction","target":{"@type":"EntryPoint","urlTemplate":"https:\/\/www.istegroup.com\/?s={search_term_string}"},"query-input":{"@type":"PropertyValueSpecification","valueRequired":true,"valueName":"search_term_string"}}],"inLanguage":"fr-FR"}]}},"_links":{"self":[{"href":"https:\/\/www.istegroup.com\/fr\/wp-json\/wp\/v2\/product\/23646","targetHints":{"allow":["GET"]}}],"collection":[{"href":"https:\/\/www.istegroup.com\/fr\/wp-json\/wp\/v2\/product"}],"about":[{"href":"https:\/\/www.istegroup.com\/fr\/wp-json\/wp\/v2\/types\/product"}],"wp:featuredmedia":[{"embeddable":true,"href":"https:\/\/www.istegroup.com\/fr\/wp-json\/wp\/v2\/media\/62862"}],"wp:attachment":[{"href":"https:\/\/www.istegroup.com\/fr\/wp-json\/wp\/v2\/media?parent=23646"}],"wp:term":[{"taxonomy":"product_brand","embeddable":true,"href":"https:\/\/www.istegroup.com\/fr\/wp-json\/wp\/v2\/product_brand?post=23646"},{"taxonomy":"product_cat","embeddable":true,"href":"https:\/\/www.istegroup.com\/fr\/wp-json\/wp\/v2\/product_cat?post=23646"},{"taxonomy":"product_tag","embeddable":true,"href":"https:\/\/www.istegroup.com\/fr\/wp-json\/wp\/v2\/product_tag?post=23646"}],"curies":[{"name":"wp","href":"https:\/\/api.w.org\/{rel}","templated":true}]}}