{"id":23616,"date":"2024-05-01T08:05:16","date_gmt":"2024-05-01T07:05:16","guid":{"rendered":"https:\/\/www.istegroup.com\/?post_type=product&#038;p=23616"},"modified":"2025-02-03T09:41:07","modified_gmt":"2025-02-03T09:41:07","slug":"les-consequences-ecologiques-et-societales-de-la-perte-de-biodiversite","status":"publish","type":"product","link":"https:\/\/www.istegroup.com\/fr\/produit\/les-consequences-ecologiques-et-societales-de-la-perte-de-biodiversite\/","title":{"rendered":"Les cons\u00e9quences \u00e9cologiques et soci\u00e9tales de la perte de biodiversit\u00e9"},"content":{"rendered":"<p>Au cours des 25 derni\u00e8res ann\u00e9es, l\u2019id\u00e9e que les changements de biodiversit\u00e9 peuvent influencer le fonctionnement des \u00e9cosyst\u00e8mes a \u00e9volu\u00e9 d\u2019une notion controvers\u00e9e \u00e0 un concept pleinement accept\u00e9 par les communaut\u00e9s scientifique et politique. Alors que ce domaine scientifique atteint sa maturit\u00e9, il est temps d\u2019\u00e9valuer les avanc\u00e9es r\u00e9alis\u00e9es, d\u2019explorer les liens entre ce nouveau domaine de recherche et les concepts \u00e9cologiques fondamentaux, et d\u2019envisager la mise en oeuvre de ces connaissances.<\/p>\n<p>Cet ouvrage pr\u00e9sente une vue d\u2019ensemble actualis\u00e9e des recherches dans ce domaine. Il se veut un v\u00e9ritable manuel pour tous ceux qui s\u2019int\u00e9ressent \u00e0 la relation entre la biodiversit\u00e9 et le fonctionnement, la stabilit\u00e9 et les services des \u00e9cosyst\u00e8mes.<\/p>\n<p><em>Les cons\u00e9quences \u00e9cologiques et soci\u00e9tales de la perte de biodiversit\u00e9<\/em> s\u2019adresse \u00e0 un large public, depuis des \u00e9tudiants de deuxi\u00e8me et troisi\u00e8me cycle jusqu\u2019aux universitaires et chercheurs confirm\u00e9s.<\/p>","protected":false},"excerpt":{"rendered":"<p>Au cours des 25 derni\u00e8res ann\u00e9es, l\u2019id\u00e9e que les changements de biodiversit\u00e9 peuvent influencer le fonctionnement des \u00e9cosyst\u00e8mes a \u00e9volu\u00e9 d\u2019une notion controvers\u00e9e \u00e0 un concept pleinement accept\u00e9 par les communaut\u00e9s scientifique et politique. Alors que ce domaine scientifique atteint sa maturit\u00e9, il est temps d\u2019\u00e9valuer les avanc\u00e9es r\u00e9alis\u00e9es, d\u2019explorer les liens entre ce nouveau [&hellip;]<\/p>\n","protected":false},"featured_media":56500,"template":"","meta":{"_acf_changed":false,"_links_to":"","_links_to_target":""},"product_brand":[],"product_cat":[4289],"product_tag":[],"class_list":{"0":"post-23616","1":"product","2":"type-product","3":"status-publish","4":"has-post-thumbnail","6":"product_cat-sciences","8":"first","9":"instock","10":"shipping-taxable","11":"purchasable","12":"product-type-variable"},"acf":[],"yoast_head":"<!-- This site is optimized with the Yoast SEO plugin v27.2 - https:\/\/yoast.com\/product\/yoast-seo-wordpress\/ -->\n<title>Les cons\u00e9quences \u00e9cologiques et soci\u00e9tales de la perte de biodiversit\u00e9 - ISTE Group<\/title>\n<meta name=\"description\" content=\"Cet ouvrage pr\u00e9sente une vue d\u2019ensemble actualis\u00e9e des recherches dans ce domaine. Il se veut un v\u00e9ritable manuel pour tous ceux qui s\u2019int\u00e9ressent \u00e0 la relation entre la biodiversit\u00e9 et le fonctionnement, la stabilit\u00e9 et les services des \u00e9cosyst\u00e8mes.\" \/>\n<meta name=\"robots\" content=\"index, follow, max-snippet:-1, max-image-preview:large, max-video-preview:-1\" \/>\n<link rel=\"canonical\" href=\"https:\/\/www.istegroup.com\/fr\/produit\/les-consequences-ecologiques-et-societales-de-la-perte-de-biodiversite\/\" \/>\n<meta property=\"og:locale\" content=\"fr_FR\" \/>\n<meta property=\"og:type\" content=\"article\" \/>\n<meta property=\"og:title\" content=\"Les cons\u00e9quences \u00e9cologiques et soci\u00e9tales de la perte de biodiversit\u00e9 - ISTE Group\" \/>\n<meta property=\"og:description\" content=\"Cet ouvrage pr\u00e9sente une vue d\u2019ensemble actualis\u00e9e des recherches dans ce domaine. Il se veut un v\u00e9ritable manuel pour tous ceux qui s\u2019int\u00e9ressent \u00e0 la relation entre la biodiversit\u00e9 et le fonctionnement, la stabilit\u00e9 et les services des \u00e9cosyst\u00e8mes.\" \/>\n<meta property=\"og:url\" content=\"https:\/\/www.istegroup.com\/fr\/produit\/les-consequences-ecologiques-et-societales-de-la-perte-de-biodiversite\/\" \/>\n<meta property=\"og:site_name\" content=\"ISTE Group\" \/>\n<meta property=\"article:modified_time\" content=\"2025-02-03T09:41:07+00:00\" \/>\n<meta property=\"og:image\" content=\"https:\/\/www.istegroup.com\/wp-content\/uploads\/2019\/11\/Les-consequences-ecologiques-et-societales-de-la-perte-de-biodiversite.jpeg\" \/>\n\t<meta property=\"og:image:width\" content=\"300\" \/>\n\t<meta property=\"og:image:height\" content=\"450\" \/>\n\t<meta property=\"og:image:type\" content=\"image\/jpeg\" \/>\n<meta name=\"twitter:card\" content=\"summary_large_image\" \/>\n<meta name=\"twitter:label1\" content=\"Est. reading time\" \/>\n\t<meta name=\"twitter:data1\" content=\"1 minute\" \/>\n<script type=\"application\/ld+json\" class=\"yoast-schema-graph\">{\"@context\":\"https:\/\/schema.org\",\"@graph\":[{\"@type\":\"WebPage\",\"@id\":\"https:\/\/www.istegroup.com\/fr\/produit\/les-consequences-ecologiques-et-societales-de-la-perte-de-biodiversite\/\",\"url\":\"https:\/\/www.istegroup.com\/fr\/produit\/les-consequences-ecologiques-et-societales-de-la-perte-de-biodiversite\/\",\"name\":\"Les cons\u00e9quences \u00e9cologiques et soci\u00e9tales de la perte de biodiversit\u00e9 - ISTE Group\",\"isPartOf\":{\"@id\":\"https:\/\/www.istegroup.com\/#website\"},\"primaryImageOfPage\":{\"@id\":\"https:\/\/www.istegroup.com\/fr\/produit\/les-consequences-ecologiques-et-societales-de-la-perte-de-biodiversite\/#primaryimage\"},\"image\":{\"@id\":\"https:\/\/www.istegroup.com\/fr\/produit\/les-consequences-ecologiques-et-societales-de-la-perte-de-biodiversite\/#primaryimage\"},\"thumbnailUrl\":\"https:\/\/www.istegroup.com\/wp-content\/uploads\/2019\/11\/Les-consequences-ecologiques-et-societales-de-la-perte-de-biodiversite.jpeg\",\"datePublished\":\"2024-05-01T07:05:16+00:00\",\"dateModified\":\"2025-02-03T09:41:07+00:00\",\"description\":\"Cet ouvrage pr\u00e9sente une vue d\u2019ensemble actualis\u00e9e des recherches dans ce domaine. Il se veut un v\u00e9ritable manuel pour tous ceux qui s\u2019int\u00e9ressent \u00e0 la relation entre la biodiversit\u00e9 et le fonctionnement, la stabilit\u00e9 et les services des \u00e9cosyst\u00e8mes.\",\"breadcrumb\":{\"@id\":\"https:\/\/www.istegroup.com\/fr\/produit\/les-consequences-ecologiques-et-societales-de-la-perte-de-biodiversite\/#breadcrumb\"},\"inLanguage\":\"fr-FR\",\"potentialAction\":[{\"@type\":\"ReadAction\",\"target\":[\"https:\/\/www.istegroup.com\/fr\/produit\/les-consequences-ecologiques-et-societales-de-la-perte-de-biodiversite\/\"]}]},{\"@type\":\"ImageObject\",\"inLanguage\":\"fr-FR\",\"@id\":\"https:\/\/www.istegroup.com\/fr\/produit\/les-consequences-ecologiques-et-societales-de-la-perte-de-biodiversite\/#primaryimage\",\"url\":\"https:\/\/www.istegroup.com\/wp-content\/uploads\/2019\/11\/Les-consequences-ecologiques-et-societales-de-la-perte-de-biodiversite.jpeg\",\"contentUrl\":\"https:\/\/www.istegroup.com\/wp-content\/uploads\/2019\/11\/Les-consequences-ecologiques-et-societales-de-la-perte-de-biodiversite.jpeg\",\"width\":300,\"height\":450,\"caption\":\"Livre scientifique - Les cons\u00e9quences \u00e9cologiques et soci\u00e9tales de la perte de biodiversit\u00e9\"},{\"@type\":\"BreadcrumbList\",\"@id\":\"https:\/\/www.istegroup.com\/fr\/produit\/les-consequences-ecologiques-et-societales-de-la-perte-de-biodiversite\/#breadcrumb\",\"itemListElement\":[{\"@type\":\"ListItem\",\"position\":1,\"name\":\"Home\",\"item\":\"https:\/\/www.istegroup.com\/\"},{\"@type\":\"ListItem\",\"position\":2,\"name\":\"Shop\",\"item\":\"https:\/\/www.istegroup.com\/fr\/nouveautes\/\"},{\"@type\":\"ListItem\",\"position\":3,\"name\":\"Les cons\u00e9quences \u00e9cologiques et soci\u00e9tales de la perte de biodiversit\u00e9\"}]},{\"@type\":\"WebSite\",\"@id\":\"https:\/\/www.istegroup.com\/#website\",\"url\":\"https:\/\/www.istegroup.com\/\",\"name\":\"ISTE Group\",\"description\":\"\u00c9diteur des Sciences\",\"potentialAction\":[{\"@type\":\"SearchAction\",\"target\":{\"@type\":\"EntryPoint\",\"urlTemplate\":\"https:\/\/www.istegroup.com\/?s={search_term_string}\"},\"query-input\":{\"@type\":\"PropertyValueSpecification\",\"valueRequired\":true,\"valueName\":\"search_term_string\"}}],\"inLanguage\":\"fr-FR\"}]}<\/script>\n<!-- \/ Yoast SEO plugin. -->","yoast_head_json":{"title":"Les cons\u00e9quences \u00e9cologiques et soci\u00e9tales de la perte de biodiversit\u00e9 - ISTE Group","description":"Cet ouvrage pr\u00e9sente une vue d\u2019ensemble actualis\u00e9e des recherches dans ce domaine. Il se veut un v\u00e9ritable manuel pour tous ceux qui s\u2019int\u00e9ressent \u00e0 la relation entre la biodiversit\u00e9 et le fonctionnement, la stabilit\u00e9 et les services des \u00e9cosyst\u00e8mes.","robots":{"index":"index","follow":"follow","max-snippet":"max-snippet:-1","max-image-preview":"max-image-preview:large","max-video-preview":"max-video-preview:-1"},"canonical":"https:\/\/www.istegroup.com\/fr\/produit\/les-consequences-ecologiques-et-societales-de-la-perte-de-biodiversite\/","og_locale":"fr_FR","og_type":"article","og_title":"Les cons\u00e9quences \u00e9cologiques et soci\u00e9tales de la perte de biodiversit\u00e9 - ISTE Group","og_description":"Cet ouvrage pr\u00e9sente une vue d\u2019ensemble actualis\u00e9e des recherches dans ce domaine. Il se veut un v\u00e9ritable manuel pour tous ceux qui s\u2019int\u00e9ressent \u00e0 la relation entre la biodiversit\u00e9 et le fonctionnement, la stabilit\u00e9 et les services des \u00e9cosyst\u00e8mes.","og_url":"https:\/\/www.istegroup.com\/fr\/produit\/les-consequences-ecologiques-et-societales-de-la-perte-de-biodiversite\/","og_site_name":"ISTE Group","article_modified_time":"2025-02-03T09:41:07+00:00","og_image":[{"width":300,"height":450,"url":"https:\/\/www.istegroup.com\/wp-content\/uploads\/2019\/11\/Les-consequences-ecologiques-et-societales-de-la-perte-de-biodiversite.jpeg","type":"image\/jpeg"}],"twitter_card":"summary_large_image","twitter_misc":{"Est. reading time":"1 minute"},"schema":{"@context":"https:\/\/schema.org","@graph":[{"@type":"WebPage","@id":"https:\/\/www.istegroup.com\/fr\/produit\/les-consequences-ecologiques-et-societales-de-la-perte-de-biodiversite\/","url":"https:\/\/www.istegroup.com\/fr\/produit\/les-consequences-ecologiques-et-societales-de-la-perte-de-biodiversite\/","name":"Les cons\u00e9quences \u00e9cologiques et soci\u00e9tales de la perte de biodiversit\u00e9 - ISTE Group","isPartOf":{"@id":"https:\/\/www.istegroup.com\/#website"},"primaryImageOfPage":{"@id":"https:\/\/www.istegroup.com\/fr\/produit\/les-consequences-ecologiques-et-societales-de-la-perte-de-biodiversite\/#primaryimage"},"image":{"@id":"https:\/\/www.istegroup.com\/fr\/produit\/les-consequences-ecologiques-et-societales-de-la-perte-de-biodiversite\/#primaryimage"},"thumbnailUrl":"https:\/\/www.istegroup.com\/wp-content\/uploads\/2019\/11\/Les-consequences-ecologiques-et-societales-de-la-perte-de-biodiversite.jpeg","datePublished":"2024-05-01T07:05:16+00:00","dateModified":"2025-02-03T09:41:07+00:00","description":"Cet ouvrage pr\u00e9sente une vue d\u2019ensemble actualis\u00e9e des recherches dans ce domaine. Il se veut un v\u00e9ritable manuel pour tous ceux qui s\u2019int\u00e9ressent \u00e0 la relation entre la biodiversit\u00e9 et le fonctionnement, la stabilit\u00e9 et les services des \u00e9cosyst\u00e8mes.","breadcrumb":{"@id":"https:\/\/www.istegroup.com\/fr\/produit\/les-consequences-ecologiques-et-societales-de-la-perte-de-biodiversite\/#breadcrumb"},"inLanguage":"fr-FR","potentialAction":[{"@type":"ReadAction","target":["https:\/\/www.istegroup.com\/fr\/produit\/les-consequences-ecologiques-et-societales-de-la-perte-de-biodiversite\/"]}]},{"@type":"ImageObject","inLanguage":"fr-FR","@id":"https:\/\/www.istegroup.com\/fr\/produit\/les-consequences-ecologiques-et-societales-de-la-perte-de-biodiversite\/#primaryimage","url":"https:\/\/www.istegroup.com\/wp-content\/uploads\/2019\/11\/Les-consequences-ecologiques-et-societales-de-la-perte-de-biodiversite.jpeg","contentUrl":"https:\/\/www.istegroup.com\/wp-content\/uploads\/2019\/11\/Les-consequences-ecologiques-et-societales-de-la-perte-de-biodiversite.jpeg","width":300,"height":450,"caption":"Livre scientifique - Les cons\u00e9quences \u00e9cologiques et soci\u00e9tales de la perte de biodiversit\u00e9"},{"@type":"BreadcrumbList","@id":"https:\/\/www.istegroup.com\/fr\/produit\/les-consequences-ecologiques-et-societales-de-la-perte-de-biodiversite\/#breadcrumb","itemListElement":[{"@type":"ListItem","position":1,"name":"Home","item":"https:\/\/www.istegroup.com\/"},{"@type":"ListItem","position":2,"name":"Shop","item":"https:\/\/www.istegroup.com\/fr\/nouveautes\/"},{"@type":"ListItem","position":3,"name":"Les cons\u00e9quences \u00e9cologiques et soci\u00e9tales de la perte de biodiversit\u00e9"}]},{"@type":"WebSite","@id":"https:\/\/www.istegroup.com\/#website","url":"https:\/\/www.istegroup.com\/","name":"ISTE Group","description":"\u00c9diteur des Sciences","potentialAction":[{"@type":"SearchAction","target":{"@type":"EntryPoint","urlTemplate":"https:\/\/www.istegroup.com\/?s={search_term_string}"},"query-input":{"@type":"PropertyValueSpecification","valueRequired":true,"valueName":"search_term_string"}}],"inLanguage":"fr-FR"}]}},"_links":{"self":[{"href":"https:\/\/www.istegroup.com\/fr\/wp-json\/wp\/v2\/product\/23616","targetHints":{"allow":["GET"]}}],"collection":[{"href":"https:\/\/www.istegroup.com\/fr\/wp-json\/wp\/v2\/product"}],"about":[{"href":"https:\/\/www.istegroup.com\/fr\/wp-json\/wp\/v2\/types\/product"}],"wp:featuredmedia":[{"embeddable":true,"href":"https:\/\/www.istegroup.com\/fr\/wp-json\/wp\/v2\/media\/56500"}],"wp:attachment":[{"href":"https:\/\/www.istegroup.com\/fr\/wp-json\/wp\/v2\/media?parent=23616"}],"wp:term":[{"taxonomy":"product_brand","embeddable":true,"href":"https:\/\/www.istegroup.com\/fr\/wp-json\/wp\/v2\/product_brand?post=23616"},{"taxonomy":"product_cat","embeddable":true,"href":"https:\/\/www.istegroup.com\/fr\/wp-json\/wp\/v2\/product_cat?post=23616"},{"taxonomy":"product_tag","embeddable":true,"href":"https:\/\/www.istegroup.com\/fr\/wp-json\/wp\/v2\/product_tag?post=23616"}],"curies":[{"name":"wp","href":"https:\/\/api.w.org\/{rel}","templated":true}]}}