{"id":23615,"date":"2022-09-12T14:04:46","date_gmt":"2022-09-12T13:04:46","guid":{"rendered":"https:\/\/www.istegroup.com\/?post_type=product&#038;p=23615"},"modified":"2025-01-03T11:56:51","modified_gmt":"2025-01-03T11:56:51","slug":"la-biogeographie","status":"publish","type":"product","link":"https:\/\/www.istegroup.com\/fr\/produit\/la-biogeographie\/","title":{"rendered":"La biog\u00e9ographie"},"content":{"rendered":"<p>Les progr\u00e8s r\u00e9cents des m\u00e9thodes d\u2019analyse en biologie, impliquant diff\u00e9rentes disciplines, ouvrent un large panel d\u2019\u00e9tudes qui fait aujourd\u2019hui de la biog\u00e9ographie une approche int\u00e9grative de l\u2019\u00e9volution du vivant. En tant que telle, la biog\u00e9ographie va bien au-del\u00e0 d\u2019une simple description de la r\u00e9partition des esp\u00e8ces vivantes sur Terre.<\/p>\n<p>La biog\u00e9ographie est une discipline o\u00f9 \u00e9cologistes et \u00e9volutionnistes cherchent \u00e0 comprendre la mani\u00e8re dont les esp\u00e8ces vivantes s\u2019organisent en relation avec leur environnement. Face aux d\u00e9fis majeurs tels que le r\u00e9chauffement climatique, l\u2019extinction massive d\u2019esp\u00e8ces ou les pand\u00e9mies, la biog\u00e9ographie fournit les \u00e9l\u00e9ments indispensables \u00e0 l\u2019\u00e9laboration des solutions.<\/p>\n<p><em>La biog\u00e9ographie<\/em> pr\u00e9sente un large aper\u00e7u des diff\u00e9rents domaines de cette discipline. Les auteurs internationaux y d\u00e9veloppent diff\u00e9rentes analyses sur la base de leurs connaissances et de leur exp\u00e9rience, illustrant les vastes domaines couverts par la biog\u00e9ographie.<\/p>","protected":false},"excerpt":{"rendered":"<p>Les progr\u00e8s r\u00e9cents des m\u00e9thodes d\u2019analyse en biologie, impliquant diff\u00e9rentes disciplines, ouvrent un large panel d\u2019\u00e9tudes qui fait aujourd\u2019hui de la biog\u00e9ographie une approche int\u00e9grative de l\u2019\u00e9volution du vivant. En tant que telle, la biog\u00e9ographie va bien au-del\u00e0 d\u2019une simple description de la r\u00e9partition des esp\u00e8ces vivantes sur Terre. La biog\u00e9ographie est une discipline o\u00f9 [&hellip;]<\/p>\n","protected":false},"featured_media":47618,"template":"","meta":{"_acf_changed":false,"_links_to":"","_links_to_target":""},"product_brand":[],"product_cat":[4289],"product_tag":[],"class_list":{"0":"post-23615","1":"product","2":"type-product","3":"status-publish","4":"has-post-thumbnail","6":"product_cat-sciences","8":"first","9":"instock","10":"shipping-taxable","11":"purchasable","12":"product-type-variable"},"acf":[],"yoast_head":"<!-- This site is optimized with the Yoast SEO plugin v27.2 - https:\/\/yoast.com\/product\/yoast-seo-wordpress\/ -->\n<title>La biog\u00e9ographie - ISTE Group<\/title>\n<meta name=\"description\" content=\"Les progr\u00e8s r\u00e9cents des m\u00e9thodes d\u2019analyse en biologie, impliquant diff\u00e9rentes disciplines, ouvrent un large panel d\u2019\u00e9tudes qui fait aujourd\u2019hui de la biog\u00e9ographie une approche int\u00e9grative de l\u2019\u00e9volution du vivant.\" \/>\n<meta name=\"robots\" content=\"index, follow, max-snippet:-1, max-image-preview:large, max-video-preview:-1\" \/>\n<link rel=\"canonical\" href=\"https:\/\/www.istegroup.com\/fr\/produit\/la-biogeographie\/\" \/>\n<meta property=\"og:locale\" content=\"fr_FR\" \/>\n<meta property=\"og:type\" content=\"article\" \/>\n<meta property=\"og:title\" content=\"La biog\u00e9ographie - ISTE Group\" \/>\n<meta property=\"og:description\" content=\"Les progr\u00e8s r\u00e9cents des m\u00e9thodes d\u2019analyse en biologie, impliquant diff\u00e9rentes disciplines, ouvrent un large panel d\u2019\u00e9tudes qui fait aujourd\u2019hui de la biog\u00e9ographie une approche int\u00e9grative de l\u2019\u00e9volution du vivant.\" \/>\n<meta property=\"og:url\" content=\"https:\/\/www.istegroup.com\/fr\/produit\/la-biogeographie\/\" \/>\n<meta property=\"og:site_name\" content=\"ISTE Group\" \/>\n<meta property=\"article:modified_time\" content=\"2025-01-03T11:56:51+00:00\" \/>\n<meta property=\"og:image\" content=\"https:\/\/www.istegroup.com\/wp-content\/uploads\/2022\/08\/La-biogeographie.jpeg\" \/>\n\t<meta property=\"og:image:width\" content=\"300\" \/>\n\t<meta property=\"og:image:height\" content=\"450\" \/>\n\t<meta property=\"og:image:type\" content=\"image\/jpeg\" \/>\n<meta name=\"twitter:card\" content=\"summary_large_image\" \/>\n<meta name=\"twitter:label1\" content=\"Est. reading time\" \/>\n\t<meta name=\"twitter:data1\" content=\"1 minute\" \/>\n<script type=\"application\/ld+json\" class=\"yoast-schema-graph\">{\"@context\":\"https:\/\/schema.org\",\"@graph\":[{\"@type\":\"WebPage\",\"@id\":\"https:\/\/www.istegroup.com\/fr\/produit\/la-biogeographie\/\",\"url\":\"https:\/\/www.istegroup.com\/fr\/produit\/la-biogeographie\/\",\"name\":\"La biog\u00e9ographie - ISTE Group\",\"isPartOf\":{\"@id\":\"https:\/\/www.istegroup.com\/#website\"},\"primaryImageOfPage\":{\"@id\":\"https:\/\/www.istegroup.com\/fr\/produit\/la-biogeographie\/#primaryimage\"},\"image\":{\"@id\":\"https:\/\/www.istegroup.com\/fr\/produit\/la-biogeographie\/#primaryimage\"},\"thumbnailUrl\":\"https:\/\/www.istegroup.com\/wp-content\/uploads\/2022\/08\/La-biogeographie.jpeg\",\"datePublished\":\"2022-09-12T13:04:46+00:00\",\"dateModified\":\"2025-01-03T11:56:51+00:00\",\"description\":\"Les progr\u00e8s r\u00e9cents des m\u00e9thodes d\u2019analyse en biologie, impliquant diff\u00e9rentes disciplines, ouvrent un large panel d\u2019\u00e9tudes qui fait aujourd\u2019hui de la biog\u00e9ographie une approche int\u00e9grative de l\u2019\u00e9volution du vivant.\",\"breadcrumb\":{\"@id\":\"https:\/\/www.istegroup.com\/fr\/produit\/la-biogeographie\/#breadcrumb\"},\"inLanguage\":\"fr-FR\",\"potentialAction\":[{\"@type\":\"ReadAction\",\"target\":[\"https:\/\/www.istegroup.com\/fr\/produit\/la-biogeographie\/\"]}]},{\"@type\":\"ImageObject\",\"inLanguage\":\"fr-FR\",\"@id\":\"https:\/\/www.istegroup.com\/fr\/produit\/la-biogeographie\/#primaryimage\",\"url\":\"https:\/\/www.istegroup.com\/wp-content\/uploads\/2022\/08\/La-biogeographie.jpeg\",\"contentUrl\":\"https:\/\/www.istegroup.com\/wp-content\/uploads\/2022\/08\/La-biogeographie.jpeg\",\"width\":300,\"height\":450,\"caption\":\"Livre scientifique - La biog\u00e9ographie - Encyclop\u00e9die SCIENCES\"},{\"@type\":\"BreadcrumbList\",\"@id\":\"https:\/\/www.istegroup.com\/fr\/produit\/la-biogeographie\/#breadcrumb\",\"itemListElement\":[{\"@type\":\"ListItem\",\"position\":1,\"name\":\"Home\",\"item\":\"https:\/\/www.istegroup.com\/\"},{\"@type\":\"ListItem\",\"position\":2,\"name\":\"Shop\",\"item\":\"https:\/\/www.istegroup.com\/fr\/nouveautes\/\"},{\"@type\":\"ListItem\",\"position\":3,\"name\":\"La biog\u00e9ographie\"}]},{\"@type\":\"WebSite\",\"@id\":\"https:\/\/www.istegroup.com\/#website\",\"url\":\"https:\/\/www.istegroup.com\/\",\"name\":\"ISTE Group\",\"description\":\"\u00c9diteur des Sciences\",\"potentialAction\":[{\"@type\":\"SearchAction\",\"target\":{\"@type\":\"EntryPoint\",\"urlTemplate\":\"https:\/\/www.istegroup.com\/?s={search_term_string}\"},\"query-input\":{\"@type\":\"PropertyValueSpecification\",\"valueRequired\":true,\"valueName\":\"search_term_string\"}}],\"inLanguage\":\"fr-FR\"}]}<\/script>\n<!-- \/ Yoast SEO plugin. -->","yoast_head_json":{"title":"La biog\u00e9ographie - ISTE Group","description":"Les progr\u00e8s r\u00e9cents des m\u00e9thodes d\u2019analyse en biologie, impliquant diff\u00e9rentes disciplines, ouvrent un large panel d\u2019\u00e9tudes qui fait aujourd\u2019hui de la biog\u00e9ographie une approche int\u00e9grative de l\u2019\u00e9volution du vivant.","robots":{"index":"index","follow":"follow","max-snippet":"max-snippet:-1","max-image-preview":"max-image-preview:large","max-video-preview":"max-video-preview:-1"},"canonical":"https:\/\/www.istegroup.com\/fr\/produit\/la-biogeographie\/","og_locale":"fr_FR","og_type":"article","og_title":"La biog\u00e9ographie - ISTE Group","og_description":"Les progr\u00e8s r\u00e9cents des m\u00e9thodes d\u2019analyse en biologie, impliquant diff\u00e9rentes disciplines, ouvrent un large panel d\u2019\u00e9tudes qui fait aujourd\u2019hui de la biog\u00e9ographie une approche int\u00e9grative de l\u2019\u00e9volution du vivant.","og_url":"https:\/\/www.istegroup.com\/fr\/produit\/la-biogeographie\/","og_site_name":"ISTE Group","article_modified_time":"2025-01-03T11:56:51+00:00","og_image":[{"width":300,"height":450,"url":"https:\/\/www.istegroup.com\/wp-content\/uploads\/2022\/08\/La-biogeographie.jpeg","type":"image\/jpeg"}],"twitter_card":"summary_large_image","twitter_misc":{"Est. reading time":"1 minute"},"schema":{"@context":"https:\/\/schema.org","@graph":[{"@type":"WebPage","@id":"https:\/\/www.istegroup.com\/fr\/produit\/la-biogeographie\/","url":"https:\/\/www.istegroup.com\/fr\/produit\/la-biogeographie\/","name":"La biog\u00e9ographie - ISTE Group","isPartOf":{"@id":"https:\/\/www.istegroup.com\/#website"},"primaryImageOfPage":{"@id":"https:\/\/www.istegroup.com\/fr\/produit\/la-biogeographie\/#primaryimage"},"image":{"@id":"https:\/\/www.istegroup.com\/fr\/produit\/la-biogeographie\/#primaryimage"},"thumbnailUrl":"https:\/\/www.istegroup.com\/wp-content\/uploads\/2022\/08\/La-biogeographie.jpeg","datePublished":"2022-09-12T13:04:46+00:00","dateModified":"2025-01-03T11:56:51+00:00","description":"Les progr\u00e8s r\u00e9cents des m\u00e9thodes d\u2019analyse en biologie, impliquant diff\u00e9rentes disciplines, ouvrent un large panel d\u2019\u00e9tudes qui fait aujourd\u2019hui de la biog\u00e9ographie une approche int\u00e9grative de l\u2019\u00e9volution du vivant.","breadcrumb":{"@id":"https:\/\/www.istegroup.com\/fr\/produit\/la-biogeographie\/#breadcrumb"},"inLanguage":"fr-FR","potentialAction":[{"@type":"ReadAction","target":["https:\/\/www.istegroup.com\/fr\/produit\/la-biogeographie\/"]}]},{"@type":"ImageObject","inLanguage":"fr-FR","@id":"https:\/\/www.istegroup.com\/fr\/produit\/la-biogeographie\/#primaryimage","url":"https:\/\/www.istegroup.com\/wp-content\/uploads\/2022\/08\/La-biogeographie.jpeg","contentUrl":"https:\/\/www.istegroup.com\/wp-content\/uploads\/2022\/08\/La-biogeographie.jpeg","width":300,"height":450,"caption":"Livre scientifique - La biog\u00e9ographie - Encyclop\u00e9die SCIENCES"},{"@type":"BreadcrumbList","@id":"https:\/\/www.istegroup.com\/fr\/produit\/la-biogeographie\/#breadcrumb","itemListElement":[{"@type":"ListItem","position":1,"name":"Home","item":"https:\/\/www.istegroup.com\/"},{"@type":"ListItem","position":2,"name":"Shop","item":"https:\/\/www.istegroup.com\/fr\/nouveautes\/"},{"@type":"ListItem","position":3,"name":"La biog\u00e9ographie"}]},{"@type":"WebSite","@id":"https:\/\/www.istegroup.com\/#website","url":"https:\/\/www.istegroup.com\/","name":"ISTE Group","description":"\u00c9diteur des Sciences","potentialAction":[{"@type":"SearchAction","target":{"@type":"EntryPoint","urlTemplate":"https:\/\/www.istegroup.com\/?s={search_term_string}"},"query-input":{"@type":"PropertyValueSpecification","valueRequired":true,"valueName":"search_term_string"}}],"inLanguage":"fr-FR"}]}},"_links":{"self":[{"href":"https:\/\/www.istegroup.com\/fr\/wp-json\/wp\/v2\/product\/23615","targetHints":{"allow":["GET"]}}],"collection":[{"href":"https:\/\/www.istegroup.com\/fr\/wp-json\/wp\/v2\/product"}],"about":[{"href":"https:\/\/www.istegroup.com\/fr\/wp-json\/wp\/v2\/types\/product"}],"wp:featuredmedia":[{"embeddable":true,"href":"https:\/\/www.istegroup.com\/fr\/wp-json\/wp\/v2\/media\/47618"}],"wp:attachment":[{"href":"https:\/\/www.istegroup.com\/fr\/wp-json\/wp\/v2\/media?parent=23615"}],"wp:term":[{"taxonomy":"product_brand","embeddable":true,"href":"https:\/\/www.istegroup.com\/fr\/wp-json\/wp\/v2\/product_brand?post=23615"},{"taxonomy":"product_cat","embeddable":true,"href":"https:\/\/www.istegroup.com\/fr\/wp-json\/wp\/v2\/product_cat?post=23615"},{"taxonomy":"product_tag","embeddable":true,"href":"https:\/\/www.istegroup.com\/fr\/wp-json\/wp\/v2\/product_tag?post=23615"}],"curies":[{"name":"wp","href":"https:\/\/api.w.org\/{rel}","templated":true}]}}