{"id":23571,"date":"2024-05-01T11:24:33","date_gmt":"2024-05-01T10:24:33","guid":{"rendered":"https:\/\/www.istegroup.com\/?post_type=product&#038;p=23571"},"modified":"2025-01-03T10:59:28","modified_gmt":"2025-01-03T10:59:28","slug":"modelisation-de-la-pollution-atmospherique-regionale","status":"publish","type":"product","link":"https:\/\/www.istegroup.com\/fr\/produit\/modelisation-de-la-pollution-atmospherique-regionale\/","title":{"rendered":"Mod\u00e9lisation de la pollution atmosph\u00e9rique r\u00e9gionale"},"content":{"rendered":"<p>Si l\u2019\u00e9tude des probl\u00e8mes de pollution atmosph\u00e9rique est d\u00e9j\u00e0 ancienne, la prise de conscience de l\u2019impact de l\u2019humain sur la d\u00e9gradation de son propre environnement est r\u00e9cente. Que ces impacts soient directs et rapides, ou lents et indirects, le d\u00e9veloppement d\u2019un mod\u00e8le de chimie-transport peut apporter des r\u00e9ponses \u00e0 des questions telles que : quels sont les impacts des polluants sur la sant\u00e9 ? Quel est l\u2019impact de la pollution sur le climat ?<\/p>\n<p><em>Mod\u00e9lisation de la pollution atmosph\u00e9rique r\u00e9gionale<\/em> reprend les diff\u00e9rents principes de base et les \u00e9tapes de la mod\u00e9lisation : d\u00e9finition, observations, outils, approches, techniques num\u00e9riques sont ainsi pr\u00e9sent\u00e9s. La mod\u00e9lisation \u00e9tant une simplification de la r\u00e9alit\u00e9 dans un cadre d\u2019\u00e9tude particulier, on cherchera \u00e0 montrer si les processus \u00e0 repr\u00e9senter, comme les \u00e9missions, la chimie ou les d\u00e9p\u00f4ts, sont bien mod\u00e9lis\u00e9s. Pour chaque processus, l\u2019ouvrage pr\u00e9sente les hypoth\u00e8ses simplificatrices qui ont \u00e9t\u00e9 faites, \u00e9tudie les voies d\u2019am\u00e9lioration possibles et examine l\u2019impact de ces simplifications sur les r\u00e9sultats recherch\u00e9s.<\/p>","protected":false},"excerpt":{"rendered":"<p>Si l\u2019\u00e9tude des probl\u00e8mes de pollution atmosph\u00e9rique est d\u00e9j\u00e0 ancienne, la prise de conscience de l\u2019impact de l\u2019humain sur la d\u00e9gradation de son propre environnement est r\u00e9cente. Que ces impacts soient directs et rapides, ou lents et indirects, le d\u00e9veloppement d\u2019un mod\u00e8le de chimie-transport peut apporter des r\u00e9ponses \u00e0 des questions telles que : quels [&hellip;]<\/p>\n","protected":false},"featured_media":56499,"template":"","meta":{"_acf_changed":false,"_links_to":"","_links_to_target":""},"product_brand":[],"product_cat":[4289],"product_tag":[],"class_list":{"0":"post-23571","1":"product","2":"type-product","3":"status-publish","4":"has-post-thumbnail","6":"product_cat-sciences","8":"first","9":"instock","10":"shipping-taxable","11":"purchasable","12":"product-type-variable"},"acf":[],"yoast_head":"<!-- This site is optimized with the Yoast SEO plugin v27.2 - https:\/\/yoast.com\/product\/yoast-seo-wordpress\/ -->\n<title>Mod\u00e9lisation de la pollution atmosph\u00e9rique r\u00e9gionale - ISTE Group<\/title>\n<meta name=\"description\" content=\"Mod\u00e9lisation de la pollution atmosph\u00e9rique r\u00e9gionale reprend les diff\u00e9rents principes de base et les \u00e9tapes de la mod\u00e9lisation : d\u00e9finition, observations, outils, approches, techniques num\u00e9riques sont ainsi pr\u00e9sent\u00e9s.\" \/>\n<meta name=\"robots\" content=\"index, follow, max-snippet:-1, max-image-preview:large, max-video-preview:-1\" \/>\n<link rel=\"canonical\" href=\"https:\/\/www.istegroup.com\/en\/produit\/modelisation-de-la-pollution-atmospherique-regionale\/\" \/>\n<meta property=\"og:locale\" content=\"fr_FR\" \/>\n<meta property=\"og:type\" content=\"article\" \/>\n<meta property=\"og:title\" content=\"Mod\u00e9lisation de la pollution atmosph\u00e9rique r\u00e9gionale - ISTE Group\" \/>\n<meta property=\"og:description\" content=\"Mod\u00e9lisation de la pollution atmosph\u00e9rique r\u00e9gionale reprend les diff\u00e9rents principes de base et les \u00e9tapes de la mod\u00e9lisation : d\u00e9finition, observations, outils, approches, techniques num\u00e9riques sont ainsi pr\u00e9sent\u00e9s.\" \/>\n<meta property=\"og:url\" content=\"https:\/\/www.istegroup.com\/en\/produit\/modelisation-de-la-pollution-atmospherique-regionale\/\" \/>\n<meta property=\"og:site_name\" content=\"ISTE Group\" \/>\n<meta property=\"article:modified_time\" content=\"2025-01-03T10:59:28+00:00\" \/>\n<meta property=\"og:image\" content=\"https:\/\/www.istegroup.com\/wp-content\/uploads\/2019\/11\/Modelisation-de-la-pollution-atmospherique-regionale.jpeg\" \/>\n\t<meta property=\"og:image:width\" content=\"300\" \/>\n\t<meta property=\"og:image:height\" content=\"450\" \/>\n\t<meta property=\"og:image:type\" content=\"image\/jpeg\" \/>\n<meta name=\"twitter:card\" content=\"summary_large_image\" \/>\n<meta name=\"twitter:label1\" content=\"Est. reading time\" \/>\n\t<meta name=\"twitter:data1\" content=\"1 minute\" \/>\n<script type=\"application\/ld+json\" class=\"yoast-schema-graph\">{\"@context\":\"https:\/\/schema.org\",\"@graph\":[{\"@type\":\"WebPage\",\"@id\":\"https:\/\/www.istegroup.com\/en\/produit\/modelisation-de-la-pollution-atmospherique-regionale\/\",\"url\":\"https:\/\/www.istegroup.com\/en\/produit\/modelisation-de-la-pollution-atmospherique-regionale\/\",\"name\":\"Mod\u00e9lisation de la pollution atmosph\u00e9rique r\u00e9gionale - ISTE Group\",\"isPartOf\":{\"@id\":\"https:\/\/www.istegroup.com\/#website\"},\"primaryImageOfPage\":{\"@id\":\"https:\/\/www.istegroup.com\/en\/produit\/modelisation-de-la-pollution-atmospherique-regionale\/#primaryimage\"},\"image\":{\"@id\":\"https:\/\/www.istegroup.com\/en\/produit\/modelisation-de-la-pollution-atmospherique-regionale\/#primaryimage\"},\"thumbnailUrl\":\"https:\/\/www.istegroup.com\/wp-content\/uploads\/2019\/11\/Modelisation-de-la-pollution-atmospherique-regionale.jpeg\",\"datePublished\":\"2024-05-01T10:24:33+00:00\",\"dateModified\":\"2025-01-03T10:59:28+00:00\",\"description\":\"Mod\u00e9lisation de la pollution atmosph\u00e9rique r\u00e9gionale reprend les diff\u00e9rents principes de base et les \u00e9tapes de la mod\u00e9lisation : d\u00e9finition, observations, outils, approches, techniques num\u00e9riques sont ainsi pr\u00e9sent\u00e9s.\",\"breadcrumb\":{\"@id\":\"https:\/\/www.istegroup.com\/en\/produit\/modelisation-de-la-pollution-atmospherique-regionale\/#breadcrumb\"},\"inLanguage\":\"fr-FR\",\"potentialAction\":[{\"@type\":\"ReadAction\",\"target\":[\"https:\/\/www.istegroup.com\/en\/produit\/modelisation-de-la-pollution-atmospherique-regionale\/\"]}]},{\"@type\":\"ImageObject\",\"inLanguage\":\"fr-FR\",\"@id\":\"https:\/\/www.istegroup.com\/en\/produit\/modelisation-de-la-pollution-atmospherique-regionale\/#primaryimage\",\"url\":\"https:\/\/www.istegroup.com\/wp-content\/uploads\/2019\/11\/Modelisation-de-la-pollution-atmospherique-regionale.jpeg\",\"contentUrl\":\"https:\/\/www.istegroup.com\/wp-content\/uploads\/2019\/11\/Modelisation-de-la-pollution-atmospherique-regionale.jpeg\",\"width\":300,\"height\":450,\"caption\":\"Livre scientifique - Mod\u00e9lisation de la pollution atmosph\u00e9rique r\u00e9gionale\"},{\"@type\":\"BreadcrumbList\",\"@id\":\"https:\/\/www.istegroup.com\/en\/produit\/modelisation-de-la-pollution-atmospherique-regionale\/#breadcrumb\",\"itemListElement\":[{\"@type\":\"ListItem\",\"position\":1,\"name\":\"Home\",\"item\":\"https:\/\/www.istegroup.com\/\"},{\"@type\":\"ListItem\",\"position\":2,\"name\":\"Shop\",\"item\":\"https:\/\/www.istegroup.com\/fr\/nouveautes\/\"},{\"@type\":\"ListItem\",\"position\":3,\"name\":\"Mod\u00e9lisation de la pollution atmosph\u00e9rique r\u00e9gionale\"}]},{\"@type\":\"WebSite\",\"@id\":\"https:\/\/www.istegroup.com\/#website\",\"url\":\"https:\/\/www.istegroup.com\/\",\"name\":\"ISTE Group\",\"description\":\"\u00c9diteur des Sciences\",\"potentialAction\":[{\"@type\":\"SearchAction\",\"target\":{\"@type\":\"EntryPoint\",\"urlTemplate\":\"https:\/\/www.istegroup.com\/?s={search_term_string}\"},\"query-input\":{\"@type\":\"PropertyValueSpecification\",\"valueRequired\":true,\"valueName\":\"search_term_string\"}}],\"inLanguage\":\"fr-FR\"}]}<\/script>\n<!-- \/ Yoast SEO plugin. -->","yoast_head_json":{"title":"Mod\u00e9lisation de la pollution atmosph\u00e9rique r\u00e9gionale - ISTE Group","description":"Mod\u00e9lisation de la pollution atmosph\u00e9rique r\u00e9gionale reprend les diff\u00e9rents principes de base et les \u00e9tapes de la mod\u00e9lisation : d\u00e9finition, observations, outils, approches, techniques num\u00e9riques sont ainsi pr\u00e9sent\u00e9s.","robots":{"index":"index","follow":"follow","max-snippet":"max-snippet:-1","max-image-preview":"max-image-preview:large","max-video-preview":"max-video-preview:-1"},"canonical":"https:\/\/www.istegroup.com\/en\/produit\/modelisation-de-la-pollution-atmospherique-regionale\/","og_locale":"fr_FR","og_type":"article","og_title":"Mod\u00e9lisation de la pollution atmosph\u00e9rique r\u00e9gionale - ISTE Group","og_description":"Mod\u00e9lisation de la pollution atmosph\u00e9rique r\u00e9gionale reprend les diff\u00e9rents principes de base et les \u00e9tapes de la mod\u00e9lisation : d\u00e9finition, observations, outils, approches, techniques num\u00e9riques sont ainsi pr\u00e9sent\u00e9s.","og_url":"https:\/\/www.istegroup.com\/en\/produit\/modelisation-de-la-pollution-atmospherique-regionale\/","og_site_name":"ISTE Group","article_modified_time":"2025-01-03T10:59:28+00:00","og_image":[{"width":300,"height":450,"url":"https:\/\/www.istegroup.com\/wp-content\/uploads\/2019\/11\/Modelisation-de-la-pollution-atmospherique-regionale.jpeg","type":"image\/jpeg"}],"twitter_card":"summary_large_image","twitter_misc":{"Est. reading time":"1 minute"},"schema":{"@context":"https:\/\/schema.org","@graph":[{"@type":"WebPage","@id":"https:\/\/www.istegroup.com\/en\/produit\/modelisation-de-la-pollution-atmospherique-regionale\/","url":"https:\/\/www.istegroup.com\/en\/produit\/modelisation-de-la-pollution-atmospherique-regionale\/","name":"Mod\u00e9lisation de la pollution atmosph\u00e9rique r\u00e9gionale - ISTE Group","isPartOf":{"@id":"https:\/\/www.istegroup.com\/#website"},"primaryImageOfPage":{"@id":"https:\/\/www.istegroup.com\/en\/produit\/modelisation-de-la-pollution-atmospherique-regionale\/#primaryimage"},"image":{"@id":"https:\/\/www.istegroup.com\/en\/produit\/modelisation-de-la-pollution-atmospherique-regionale\/#primaryimage"},"thumbnailUrl":"https:\/\/www.istegroup.com\/wp-content\/uploads\/2019\/11\/Modelisation-de-la-pollution-atmospherique-regionale.jpeg","datePublished":"2024-05-01T10:24:33+00:00","dateModified":"2025-01-03T10:59:28+00:00","description":"Mod\u00e9lisation de la pollution atmosph\u00e9rique r\u00e9gionale reprend les diff\u00e9rents principes de base et les \u00e9tapes de la mod\u00e9lisation : d\u00e9finition, observations, outils, approches, techniques num\u00e9riques sont ainsi pr\u00e9sent\u00e9s.","breadcrumb":{"@id":"https:\/\/www.istegroup.com\/en\/produit\/modelisation-de-la-pollution-atmospherique-regionale\/#breadcrumb"},"inLanguage":"fr-FR","potentialAction":[{"@type":"ReadAction","target":["https:\/\/www.istegroup.com\/en\/produit\/modelisation-de-la-pollution-atmospherique-regionale\/"]}]},{"@type":"ImageObject","inLanguage":"fr-FR","@id":"https:\/\/www.istegroup.com\/en\/produit\/modelisation-de-la-pollution-atmospherique-regionale\/#primaryimage","url":"https:\/\/www.istegroup.com\/wp-content\/uploads\/2019\/11\/Modelisation-de-la-pollution-atmospherique-regionale.jpeg","contentUrl":"https:\/\/www.istegroup.com\/wp-content\/uploads\/2019\/11\/Modelisation-de-la-pollution-atmospherique-regionale.jpeg","width":300,"height":450,"caption":"Livre scientifique - Mod\u00e9lisation de la pollution atmosph\u00e9rique r\u00e9gionale"},{"@type":"BreadcrumbList","@id":"https:\/\/www.istegroup.com\/en\/produit\/modelisation-de-la-pollution-atmospherique-regionale\/#breadcrumb","itemListElement":[{"@type":"ListItem","position":1,"name":"Home","item":"https:\/\/www.istegroup.com\/"},{"@type":"ListItem","position":2,"name":"Shop","item":"https:\/\/www.istegroup.com\/fr\/nouveautes\/"},{"@type":"ListItem","position":3,"name":"Mod\u00e9lisation de la pollution atmosph\u00e9rique r\u00e9gionale"}]},{"@type":"WebSite","@id":"https:\/\/www.istegroup.com\/#website","url":"https:\/\/www.istegroup.com\/","name":"ISTE Group","description":"\u00c9diteur des Sciences","potentialAction":[{"@type":"SearchAction","target":{"@type":"EntryPoint","urlTemplate":"https:\/\/www.istegroup.com\/?s={search_term_string}"},"query-input":{"@type":"PropertyValueSpecification","valueRequired":true,"valueName":"search_term_string"}}],"inLanguage":"fr-FR"}]}},"_links":{"self":[{"href":"https:\/\/www.istegroup.com\/fr\/wp-json\/wp\/v2\/product\/23571","targetHints":{"allow":["GET"]}}],"collection":[{"href":"https:\/\/www.istegroup.com\/fr\/wp-json\/wp\/v2\/product"}],"about":[{"href":"https:\/\/www.istegroup.com\/fr\/wp-json\/wp\/v2\/types\/product"}],"wp:featuredmedia":[{"embeddable":true,"href":"https:\/\/www.istegroup.com\/fr\/wp-json\/wp\/v2\/media\/56499"}],"wp:attachment":[{"href":"https:\/\/www.istegroup.com\/fr\/wp-json\/wp\/v2\/media?parent=23571"}],"wp:term":[{"taxonomy":"product_brand","embeddable":true,"href":"https:\/\/www.istegroup.com\/fr\/wp-json\/wp\/v2\/product_brand?post=23571"},{"taxonomy":"product_cat","embeddable":true,"href":"https:\/\/www.istegroup.com\/fr\/wp-json\/wp\/v2\/product_cat?post=23571"},{"taxonomy":"product_tag","embeddable":true,"href":"https:\/\/www.istegroup.com\/fr\/wp-json\/wp\/v2\/product_tag?post=23571"}],"curies":[{"name":"wp","href":"https:\/\/api.w.org\/{rel}","templated":true}]}}