{"id":23550,"date":"2021-06-18T11:01:50","date_gmt":"2021-06-18T10:01:50","guid":{"rendered":"https:\/\/www.istegroup.com\/?post_type=product&#038;p=23550"},"modified":"2025-01-03T12:17:04","modified_gmt":"2025-01-03T12:17:04","slug":"lexplosion-des-formes-de-vie","status":"publish","type":"product","link":"https:\/\/www.istegroup.com\/fr\/produit\/lexplosion-des-formes-de-vie\/","title":{"rendered":"L\u2019explosion des formes de vie"},"content":{"rendered":"<p>L\u2019une des caract\u00e9ristiques essentielles des \u00eatres vivants concerne l\u2019explosion de leurs formes, li\u00e9e \u00e0 la diversit\u00e9 des milieux auxquels ils se sont adapt\u00e9s.<\/p>\n<p>Fruit de la collaboration de sp\u00e9cialistes internationaux, cet ouvrage analyse la multiplicit\u00e9 de ces morphologies. Il traite de l\u2019origine des formes, de leur r\u00f4le dans la d\u00e9finition du vivant et des relations entre forme et fonction. Il expose le r\u00f4le des g\u00e8nes et de l\u2019\u00e9pigen\u00e8se ainsi que les formes des bact\u00e9ries, des protistes et des v\u00e9g\u00e9taux. <em>L\u2019explosion des formes de vie<\/em> \u00e9tudie la m\u00e9moire des animaux et leurs processus sensoriels, les formes que prennent les robots (construits \u00e0 l\u2019image du vivant) de m\u00eame que les technologies m\u00e9dicales visant \u00e0 r\u00e9tablir des formes vivantes endommag\u00e9es.<\/p>\n<p>Enfin, l\u2019ouvrage questionne une construction commune dans la diversit\u00e9 des formes ainsi que l\u2019id\u00e9e d\u2019un abandon de la forme, possible vice cach\u00e9 de certaines philosophies modernes.<\/p>","protected":false},"excerpt":{"rendered":"<p>L\u2019une des caract\u00e9ristiques essentielles des \u00eatres vivants concerne l\u2019explosion de leurs formes, li\u00e9e \u00e0 la diversit\u00e9 des milieux auxquels ils se sont adapt\u00e9s. Fruit de la collaboration de sp\u00e9cialistes internationaux, cet ouvrage analyse la multiplicit\u00e9 de ces morphologies. Il traite de l\u2019origine des formes, de leur r\u00f4le dans la d\u00e9finition du vivant et des relations [&hellip;]<\/p>\n","protected":false},"featured_media":25298,"template":"","meta":{"_acf_changed":false,"_links_to":"","_links_to_target":""},"product_brand":[],"product_cat":[4289],"product_tag":[],"class_list":{"0":"post-23550","1":"product","2":"type-product","3":"status-publish","4":"has-post-thumbnail","6":"product_cat-sciences","8":"first","9":"instock","10":"shipping-taxable","11":"purchasable","12":"product-type-variable"},"acf":[],"yoast_head":"<!-- This site is optimized with the Yoast SEO plugin v27.2 - https:\/\/yoast.com\/product\/yoast-seo-wordpress\/ -->\n<title>L\u2019explosion des formes de vie - ISTE Group<\/title>\n<meta name=\"description\" content=\"L\u2019explosion des formes de vie traite de l\u2019origine des formes, de leur r\u00f4le dans la d\u00e9finition du vivant et des relations entre forme et fonction.\" \/>\n<meta name=\"robots\" content=\"index, follow, max-snippet:-1, max-image-preview:large, max-video-preview:-1\" \/>\n<link rel=\"canonical\" href=\"https:\/\/www.istegroup.com\/en\/produit\/lexplosion-des-formes-de-vie\/\" \/>\n<meta property=\"og:locale\" content=\"fr_FR\" \/>\n<meta property=\"og:type\" content=\"article\" \/>\n<meta property=\"og:title\" content=\"L\u2019explosion des formes de vie - ISTE Group\" \/>\n<meta property=\"og:description\" content=\"L\u2019explosion des formes de vie traite de l\u2019origine des formes, de leur r\u00f4le dans la d\u00e9finition du vivant et des relations entre forme et fonction.\" \/>\n<meta property=\"og:url\" content=\"https:\/\/www.istegroup.com\/en\/produit\/lexplosion-des-formes-de-vie\/\" \/>\n<meta property=\"og:site_name\" content=\"ISTE Group\" \/>\n<meta property=\"article:modified_time\" content=\"2025-01-03T12:17:04+00:00\" \/>\n<meta property=\"og:image\" content=\"https:\/\/www.istegroup.com\/wp-content\/uploads\/2020\/03\/L\u2019explosion-des-formes-de-vie-Georges-Chapouthier-et-Marie-Christine-Maurel.jpeg\" \/>\n\t<meta property=\"og:image:width\" content=\"300\" \/>\n\t<meta property=\"og:image:height\" content=\"455\" \/>\n\t<meta property=\"og:image:type\" content=\"image\/jpeg\" \/>\n<meta name=\"twitter:card\" content=\"summary_large_image\" \/>\n<meta name=\"twitter:label1\" content=\"Est. reading time\" \/>\n\t<meta name=\"twitter:data1\" content=\"2 minutes\" \/>\n<script type=\"application\/ld+json\" class=\"yoast-schema-graph\">{\"@context\":\"https:\/\/schema.org\",\"@graph\":[{\"@type\":\"WebPage\",\"@id\":\"https:\/\/www.istegroup.com\/en\/produit\/lexplosion-des-formes-de-vie\/\",\"url\":\"https:\/\/www.istegroup.com\/en\/produit\/lexplosion-des-formes-de-vie\/\",\"name\":\"L\u2019explosion des formes de vie - ISTE Group\",\"isPartOf\":{\"@id\":\"https:\/\/www.istegroup.com\/#website\"},\"primaryImageOfPage\":{\"@id\":\"https:\/\/www.istegroup.com\/en\/produit\/lexplosion-des-formes-de-vie\/#primaryimage\"},\"image\":{\"@id\":\"https:\/\/www.istegroup.com\/en\/produit\/lexplosion-des-formes-de-vie\/#primaryimage\"},\"thumbnailUrl\":\"https:\/\/www.istegroup.com\/wp-content\/uploads\/2020\/03\/L\u2019explosion-des-formes-de-vie-Georges-Chapouthier-et-Marie-Christine-Maurel.jpeg\",\"datePublished\":\"2021-06-18T10:01:50+00:00\",\"dateModified\":\"2025-01-03T12:17:04+00:00\",\"description\":\"L\u2019explosion des formes de vie traite de l\u2019origine des formes, de leur r\u00f4le dans la d\u00e9finition du vivant et des relations entre forme et fonction.\",\"breadcrumb\":{\"@id\":\"https:\/\/www.istegroup.com\/en\/produit\/lexplosion-des-formes-de-vie\/#breadcrumb\"},\"inLanguage\":\"fr-FR\",\"potentialAction\":[{\"@type\":\"ReadAction\",\"target\":[\"https:\/\/www.istegroup.com\/en\/produit\/lexplosion-des-formes-de-vie\/\"]}]},{\"@type\":\"ImageObject\",\"inLanguage\":\"fr-FR\",\"@id\":\"https:\/\/www.istegroup.com\/en\/produit\/lexplosion-des-formes-de-vie\/#primaryimage\",\"url\":\"https:\/\/www.istegroup.com\/wp-content\/uploads\/2020\/03\/L\u2019explosion-des-formes-de-vie-Georges-Chapouthier-et-Marie-Christine-Maurel.jpeg\",\"contentUrl\":\"https:\/\/www.istegroup.com\/wp-content\/uploads\/2020\/03\/L\u2019explosion-des-formes-de-vie-Georges-Chapouthier-et-Marie-Christine-Maurel.jpeg\",\"width\":300,\"height\":455,\"caption\":\"Encyclop\u00e9die SCIENCES\"},{\"@type\":\"BreadcrumbList\",\"@id\":\"https:\/\/www.istegroup.com\/en\/produit\/lexplosion-des-formes-de-vie\/#breadcrumb\",\"itemListElement\":[{\"@type\":\"ListItem\",\"position\":1,\"name\":\"Home\",\"item\":\"https:\/\/www.istegroup.com\/\"},{\"@type\":\"ListItem\",\"position\":2,\"name\":\"Shop\",\"item\":\"https:\/\/www.istegroup.com\/fr\/nouveautes\/\"},{\"@type\":\"ListItem\",\"position\":3,\"name\":\"L\u2019explosion des formes de vie\"}]},{\"@type\":\"WebSite\",\"@id\":\"https:\/\/www.istegroup.com\/#website\",\"url\":\"https:\/\/www.istegroup.com\/\",\"name\":\"ISTE Group\",\"description\":\"\u00c9diteur des Sciences\",\"potentialAction\":[{\"@type\":\"SearchAction\",\"target\":{\"@type\":\"EntryPoint\",\"urlTemplate\":\"https:\/\/www.istegroup.com\/?s={search_term_string}\"},\"query-input\":{\"@type\":\"PropertyValueSpecification\",\"valueRequired\":true,\"valueName\":\"search_term_string\"}}],\"inLanguage\":\"fr-FR\"}]}<\/script>\n<!-- \/ Yoast SEO plugin. -->","yoast_head_json":{"title":"L\u2019explosion des formes de vie - ISTE Group","description":"L\u2019explosion des formes de vie traite de l\u2019origine des formes, de leur r\u00f4le dans la d\u00e9finition du vivant et des relations entre forme et fonction.","robots":{"index":"index","follow":"follow","max-snippet":"max-snippet:-1","max-image-preview":"max-image-preview:large","max-video-preview":"max-video-preview:-1"},"canonical":"https:\/\/www.istegroup.com\/en\/produit\/lexplosion-des-formes-de-vie\/","og_locale":"fr_FR","og_type":"article","og_title":"L\u2019explosion des formes de vie - ISTE Group","og_description":"L\u2019explosion des formes de vie traite de l\u2019origine des formes, de leur r\u00f4le dans la d\u00e9finition du vivant et des relations entre forme et fonction.","og_url":"https:\/\/www.istegroup.com\/en\/produit\/lexplosion-des-formes-de-vie\/","og_site_name":"ISTE Group","article_modified_time":"2025-01-03T12:17:04+00:00","og_image":[{"width":300,"height":455,"url":"https:\/\/www.istegroup.com\/wp-content\/uploads\/2020\/03\/L\u2019explosion-des-formes-de-vie-Georges-Chapouthier-et-Marie-Christine-Maurel.jpeg","type":"image\/jpeg"}],"twitter_card":"summary_large_image","twitter_misc":{"Est. reading time":"2 minutes"},"schema":{"@context":"https:\/\/schema.org","@graph":[{"@type":"WebPage","@id":"https:\/\/www.istegroup.com\/en\/produit\/lexplosion-des-formes-de-vie\/","url":"https:\/\/www.istegroup.com\/en\/produit\/lexplosion-des-formes-de-vie\/","name":"L\u2019explosion des formes de vie - ISTE Group","isPartOf":{"@id":"https:\/\/www.istegroup.com\/#website"},"primaryImageOfPage":{"@id":"https:\/\/www.istegroup.com\/en\/produit\/lexplosion-des-formes-de-vie\/#primaryimage"},"image":{"@id":"https:\/\/www.istegroup.com\/en\/produit\/lexplosion-des-formes-de-vie\/#primaryimage"},"thumbnailUrl":"https:\/\/www.istegroup.com\/wp-content\/uploads\/2020\/03\/L\u2019explosion-des-formes-de-vie-Georges-Chapouthier-et-Marie-Christine-Maurel.jpeg","datePublished":"2021-06-18T10:01:50+00:00","dateModified":"2025-01-03T12:17:04+00:00","description":"L\u2019explosion des formes de vie traite de l\u2019origine des formes, de leur r\u00f4le dans la d\u00e9finition du vivant et des relations entre forme et fonction.","breadcrumb":{"@id":"https:\/\/www.istegroup.com\/en\/produit\/lexplosion-des-formes-de-vie\/#breadcrumb"},"inLanguage":"fr-FR","potentialAction":[{"@type":"ReadAction","target":["https:\/\/www.istegroup.com\/en\/produit\/lexplosion-des-formes-de-vie\/"]}]},{"@type":"ImageObject","inLanguage":"fr-FR","@id":"https:\/\/www.istegroup.com\/en\/produit\/lexplosion-des-formes-de-vie\/#primaryimage","url":"https:\/\/www.istegroup.com\/wp-content\/uploads\/2020\/03\/L\u2019explosion-des-formes-de-vie-Georges-Chapouthier-et-Marie-Christine-Maurel.jpeg","contentUrl":"https:\/\/www.istegroup.com\/wp-content\/uploads\/2020\/03\/L\u2019explosion-des-formes-de-vie-Georges-Chapouthier-et-Marie-Christine-Maurel.jpeg","width":300,"height":455,"caption":"Encyclop\u00e9die SCIENCES"},{"@type":"BreadcrumbList","@id":"https:\/\/www.istegroup.com\/en\/produit\/lexplosion-des-formes-de-vie\/#breadcrumb","itemListElement":[{"@type":"ListItem","position":1,"name":"Home","item":"https:\/\/www.istegroup.com\/"},{"@type":"ListItem","position":2,"name":"Shop","item":"https:\/\/www.istegroup.com\/fr\/nouveautes\/"},{"@type":"ListItem","position":3,"name":"L\u2019explosion des formes de vie"}]},{"@type":"WebSite","@id":"https:\/\/www.istegroup.com\/#website","url":"https:\/\/www.istegroup.com\/","name":"ISTE Group","description":"\u00c9diteur des Sciences","potentialAction":[{"@type":"SearchAction","target":{"@type":"EntryPoint","urlTemplate":"https:\/\/www.istegroup.com\/?s={search_term_string}"},"query-input":{"@type":"PropertyValueSpecification","valueRequired":true,"valueName":"search_term_string"}}],"inLanguage":"fr-FR"}]}},"_links":{"self":[{"href":"https:\/\/www.istegroup.com\/fr\/wp-json\/wp\/v2\/product\/23550","targetHints":{"allow":["GET"]}}],"collection":[{"href":"https:\/\/www.istegroup.com\/fr\/wp-json\/wp\/v2\/product"}],"about":[{"href":"https:\/\/www.istegroup.com\/fr\/wp-json\/wp\/v2\/types\/product"}],"wp:featuredmedia":[{"embeddable":true,"href":"https:\/\/www.istegroup.com\/fr\/wp-json\/wp\/v2\/media\/25298"}],"wp:attachment":[{"href":"https:\/\/www.istegroup.com\/fr\/wp-json\/wp\/v2\/media?parent=23550"}],"wp:term":[{"taxonomy":"product_brand","embeddable":true,"href":"https:\/\/www.istegroup.com\/fr\/wp-json\/wp\/v2\/product_brand?post=23550"},{"taxonomy":"product_cat","embeddable":true,"href":"https:\/\/www.istegroup.com\/fr\/wp-json\/wp\/v2\/product_cat?post=23550"},{"taxonomy":"product_tag","embeddable":true,"href":"https:\/\/www.istegroup.com\/fr\/wp-json\/wp\/v2\/product_tag?post=23550"}],"curies":[{"name":"wp","href":"https:\/\/api.w.org\/{rel}","templated":true}]}}