{"id":23549,"date":"2022-07-03T00:55:35","date_gmt":"2022-07-02T23:55:35","guid":{"rendered":"https:\/\/www.istegroup.com\/?post_type=product&#038;p=23549"},"modified":"2025-01-03T12:03:44","modified_gmt":"2025-01-03T12:03:44","slug":"virologie","status":"publish","type":"product","link":"https:\/\/www.istegroup.com\/fr\/produit\/virologie\/","title":{"rendered":"Virologie"},"content":{"rendered":"<p>La pand\u00e9mie de Covid-19 n\u2019a fait que souligner l\u2019importance des recherches sur les virus et les interactions avec leur h\u00f4te pour pouvoir combattre les maladies qu\u2019ils engendrent.<\/p>\n<p>Les virus infectent toute forme de vie, ayant \u00e9volu\u00e9 avec les cellules et organismes h\u00f4tes depuis l\u2019origine de la vie il y a 4 milliards d\u2019ann\u00e9es. <em>Virologie<\/em> r\u00e9sume nos connaissances actuelles sur la biologie des virus en g\u00e9n\u00e9ral en analysant les caract\u00e9ristiques sp\u00e9cifiques de plusieurs d\u2019entre eux d\u2019importance m\u00e9dicale, v\u00e9t\u00e9rinaire et agricole.<\/p>\n<p>Cet ouvrage examine les strat\u00e9gies de r\u00e9plication du g\u00e9nome de virus appartenant \u00e0 diff\u00e9rentes familles, ainsi que leurs strat\u00e9gies de survie dans l\u2019h\u00f4te en contrecarrant les r\u00e9ponses antivirales inn\u00e9es de la cellule ou de l\u2019organisme infect\u00e9s. Les strat\u00e9gies des virus pour se diss\u00e9miner efficacement sont analys\u00e9es et l\u2019\u00e9volution de ceux infectant l\u2019homme \u00e9tudi\u00e9e.<\/p>","protected":false},"excerpt":{"rendered":"<p>La pand\u00e9mie de Covid-19 n\u2019a fait que souligner l\u2019importance des recherches sur les virus et les interactions avec leur h\u00f4te pour pouvoir combattre les maladies qu\u2019ils engendrent. Les virus infectent toute forme de vie, ayant \u00e9volu\u00e9 avec les cellules et organismes h\u00f4tes depuis l\u2019origine de la vie il y a 4 milliards d\u2019ann\u00e9es. Virologie r\u00e9sume [&hellip;]<\/p>\n","protected":false},"featured_media":47046,"template":"","meta":{"_acf_changed":false,"_links_to":"","_links_to_target":""},"product_brand":[],"product_cat":[4289],"product_tag":[],"class_list":{"0":"post-23549","1":"product","2":"type-product","3":"status-publish","4":"has-post-thumbnail","6":"product_cat-sciences","8":"first","9":"instock","10":"shipping-taxable","11":"purchasable","12":"product-type-variable"},"acf":[],"yoast_head":"<!-- This site is optimized with the Yoast SEO plugin v27.2 - https:\/\/yoast.com\/product\/yoast-seo-wordpress\/ -->\n<title>Virologie - ISTE Group<\/title>\n<meta name=\"robots\" content=\"index, follow, max-snippet:-1, max-image-preview:large, max-video-preview:-1\" \/>\n<link rel=\"canonical\" href=\"https:\/\/www.istegroup.com\/fr\/produit\/virologie\/\" \/>\n<meta property=\"og:locale\" content=\"fr_FR\" \/>\n<meta property=\"og:type\" content=\"article\" \/>\n<meta property=\"og:title\" content=\"Virologie - ISTE Group\" \/>\n<meta property=\"og:description\" content=\"La pand\u00e9mie de Covid-19 n\u2019a fait que souligner l\u2019importance des recherches sur les virus et les interactions avec leur h\u00f4te pour pouvoir combattre les maladies qu\u2019ils engendrent. Les virus infectent toute forme de vie, ayant \u00e9volu\u00e9 avec les cellules et organismes h\u00f4tes depuis l\u2019origine de la vie il y a 4 milliards d\u2019ann\u00e9es. Virologie r\u00e9sume [&hellip;]\" \/>\n<meta property=\"og:url\" content=\"https:\/\/www.istegroup.com\/fr\/produit\/virologie\/\" \/>\n<meta property=\"og:site_name\" content=\"ISTE Group\" \/>\n<meta property=\"article:modified_time\" content=\"2025-01-03T12:03:44+00:00\" \/>\n<meta property=\"og:image\" content=\"https:\/\/www.istegroup.com\/wp-content\/uploads\/2022\/06\/Virologie.jpeg\" \/>\n\t<meta property=\"og:image:width\" content=\"300\" \/>\n\t<meta property=\"og:image:height\" content=\"450\" \/>\n\t<meta property=\"og:image:type\" content=\"image\/jpeg\" \/>\n<meta name=\"twitter:card\" content=\"summary_large_image\" \/>\n<meta name=\"twitter:label1\" content=\"Est. reading time\" \/>\n\t<meta name=\"twitter:data1\" content=\"1 minute\" \/>\n<script type=\"application\/ld+json\" class=\"yoast-schema-graph\">{\"@context\":\"https:\/\/schema.org\",\"@graph\":[{\"@type\":\"WebPage\",\"@id\":\"https:\/\/www.istegroup.com\/fr\/produit\/virologie\/\",\"url\":\"https:\/\/www.istegroup.com\/fr\/produit\/virologie\/\",\"name\":\"Virologie - ISTE Group\",\"isPartOf\":{\"@id\":\"https:\/\/www.istegroup.com\/#website\"},\"primaryImageOfPage\":{\"@id\":\"https:\/\/www.istegroup.com\/fr\/produit\/virologie\/#primaryimage\"},\"image\":{\"@id\":\"https:\/\/www.istegroup.com\/fr\/produit\/virologie\/#primaryimage\"},\"thumbnailUrl\":\"https:\/\/www.istegroup.com\/wp-content\/uploads\/2022\/06\/Virologie.jpeg\",\"datePublished\":\"2022-07-02T23:55:35+00:00\",\"dateModified\":\"2025-01-03T12:03:44+00:00\",\"breadcrumb\":{\"@id\":\"https:\/\/www.istegroup.com\/fr\/produit\/virologie\/#breadcrumb\"},\"inLanguage\":\"fr-FR\",\"potentialAction\":[{\"@type\":\"ReadAction\",\"target\":[\"https:\/\/www.istegroup.com\/fr\/produit\/virologie\/\"]}]},{\"@type\":\"ImageObject\",\"inLanguage\":\"fr-FR\",\"@id\":\"https:\/\/www.istegroup.com\/fr\/produit\/virologie\/#primaryimage\",\"url\":\"https:\/\/www.istegroup.com\/wp-content\/uploads\/2022\/06\/Virologie.jpeg\",\"contentUrl\":\"https:\/\/www.istegroup.com\/wp-content\/uploads\/2022\/06\/Virologie.jpeg\",\"width\":300,\"height\":450,\"caption\":\"Livre scientifique - Virologie - Encyclop\u00e9die SCIENCES\"},{\"@type\":\"BreadcrumbList\",\"@id\":\"https:\/\/www.istegroup.com\/fr\/produit\/virologie\/#breadcrumb\",\"itemListElement\":[{\"@type\":\"ListItem\",\"position\":1,\"name\":\"Home\",\"item\":\"https:\/\/www.istegroup.com\/\"},{\"@type\":\"ListItem\",\"position\":2,\"name\":\"Shop\",\"item\":\"https:\/\/www.istegroup.com\/fr\/nouveautes\/\"},{\"@type\":\"ListItem\",\"position\":3,\"name\":\"Virologie\"}]},{\"@type\":\"WebSite\",\"@id\":\"https:\/\/www.istegroup.com\/#website\",\"url\":\"https:\/\/www.istegroup.com\/\",\"name\":\"ISTE Group\",\"description\":\"\u00c9diteur des Sciences\",\"potentialAction\":[{\"@type\":\"SearchAction\",\"target\":{\"@type\":\"EntryPoint\",\"urlTemplate\":\"https:\/\/www.istegroup.com\/?s={search_term_string}\"},\"query-input\":{\"@type\":\"PropertyValueSpecification\",\"valueRequired\":true,\"valueName\":\"search_term_string\"}}],\"inLanguage\":\"fr-FR\"}]}<\/script>\n<!-- \/ Yoast SEO plugin. -->","yoast_head_json":{"title":"Virologie - ISTE Group","robots":{"index":"index","follow":"follow","max-snippet":"max-snippet:-1","max-image-preview":"max-image-preview:large","max-video-preview":"max-video-preview:-1"},"canonical":"https:\/\/www.istegroup.com\/fr\/produit\/virologie\/","og_locale":"fr_FR","og_type":"article","og_title":"Virologie - ISTE Group","og_description":"La pand\u00e9mie de Covid-19 n\u2019a fait que souligner l\u2019importance des recherches sur les virus et les interactions avec leur h\u00f4te pour pouvoir combattre les maladies qu\u2019ils engendrent. Les virus infectent toute forme de vie, ayant \u00e9volu\u00e9 avec les cellules et organismes h\u00f4tes depuis l\u2019origine de la vie il y a 4 milliards d\u2019ann\u00e9es. Virologie r\u00e9sume [&hellip;]","og_url":"https:\/\/www.istegroup.com\/fr\/produit\/virologie\/","og_site_name":"ISTE Group","article_modified_time":"2025-01-03T12:03:44+00:00","og_image":[{"width":300,"height":450,"url":"https:\/\/www.istegroup.com\/wp-content\/uploads\/2022\/06\/Virologie.jpeg","type":"image\/jpeg"}],"twitter_card":"summary_large_image","twitter_misc":{"Est. reading time":"1 minute"},"schema":{"@context":"https:\/\/schema.org","@graph":[{"@type":"WebPage","@id":"https:\/\/www.istegroup.com\/fr\/produit\/virologie\/","url":"https:\/\/www.istegroup.com\/fr\/produit\/virologie\/","name":"Virologie - ISTE Group","isPartOf":{"@id":"https:\/\/www.istegroup.com\/#website"},"primaryImageOfPage":{"@id":"https:\/\/www.istegroup.com\/fr\/produit\/virologie\/#primaryimage"},"image":{"@id":"https:\/\/www.istegroup.com\/fr\/produit\/virologie\/#primaryimage"},"thumbnailUrl":"https:\/\/www.istegroup.com\/wp-content\/uploads\/2022\/06\/Virologie.jpeg","datePublished":"2022-07-02T23:55:35+00:00","dateModified":"2025-01-03T12:03:44+00:00","breadcrumb":{"@id":"https:\/\/www.istegroup.com\/fr\/produit\/virologie\/#breadcrumb"},"inLanguage":"fr-FR","potentialAction":[{"@type":"ReadAction","target":["https:\/\/www.istegroup.com\/fr\/produit\/virologie\/"]}]},{"@type":"ImageObject","inLanguage":"fr-FR","@id":"https:\/\/www.istegroup.com\/fr\/produit\/virologie\/#primaryimage","url":"https:\/\/www.istegroup.com\/wp-content\/uploads\/2022\/06\/Virologie.jpeg","contentUrl":"https:\/\/www.istegroup.com\/wp-content\/uploads\/2022\/06\/Virologie.jpeg","width":300,"height":450,"caption":"Livre scientifique - Virologie - Encyclop\u00e9die SCIENCES"},{"@type":"BreadcrumbList","@id":"https:\/\/www.istegroup.com\/fr\/produit\/virologie\/#breadcrumb","itemListElement":[{"@type":"ListItem","position":1,"name":"Home","item":"https:\/\/www.istegroup.com\/"},{"@type":"ListItem","position":2,"name":"Shop","item":"https:\/\/www.istegroup.com\/fr\/nouveautes\/"},{"@type":"ListItem","position":3,"name":"Virologie"}]},{"@type":"WebSite","@id":"https:\/\/www.istegroup.com\/#website","url":"https:\/\/www.istegroup.com\/","name":"ISTE Group","description":"\u00c9diteur des Sciences","potentialAction":[{"@type":"SearchAction","target":{"@type":"EntryPoint","urlTemplate":"https:\/\/www.istegroup.com\/?s={search_term_string}"},"query-input":{"@type":"PropertyValueSpecification","valueRequired":true,"valueName":"search_term_string"}}],"inLanguage":"fr-FR"}]}},"_links":{"self":[{"href":"https:\/\/www.istegroup.com\/fr\/wp-json\/wp\/v2\/product\/23549","targetHints":{"allow":["GET"]}}],"collection":[{"href":"https:\/\/www.istegroup.com\/fr\/wp-json\/wp\/v2\/product"}],"about":[{"href":"https:\/\/www.istegroup.com\/fr\/wp-json\/wp\/v2\/types\/product"}],"wp:featuredmedia":[{"embeddable":true,"href":"https:\/\/www.istegroup.com\/fr\/wp-json\/wp\/v2\/media\/47046"}],"wp:attachment":[{"href":"https:\/\/www.istegroup.com\/fr\/wp-json\/wp\/v2\/media?parent=23549"}],"wp:term":[{"taxonomy":"product_brand","embeddable":true,"href":"https:\/\/www.istegroup.com\/fr\/wp-json\/wp\/v2\/product_brand?post=23549"},{"taxonomy":"product_cat","embeddable":true,"href":"https:\/\/www.istegroup.com\/fr\/wp-json\/wp\/v2\/product_cat?post=23549"},{"taxonomy":"product_tag","embeddable":true,"href":"https:\/\/www.istegroup.com\/fr\/wp-json\/wp\/v2\/product_tag?post=23549"}],"curies":[{"name":"wp","href":"https:\/\/api.w.org\/{rel}","templated":true}]}}