{"id":23548,"date":"2021-07-09T10:55:22","date_gmt":"2021-07-09T09:55:22","guid":{"rendered":"https:\/\/www.istegroup.com\/?post_type=product&#038;p=23548"},"modified":"2025-01-03T12:12:03","modified_gmt":"2025-01-03T12:12:03","slug":"les-collections-naturalistes-dans-la-science-du-xxie-siecle","status":"publish","type":"product","link":"https:\/\/www.istegroup.com\/fr\/produit\/les-collections-naturalistes-dans-la-science-du-xxie-siecle\/","title":{"rendered":"Les collections naturalistes dans la science du XXIe si\u00e8cle"},"content":{"rendered":"<p>Les collections naturalistes ont d\u00e9sormais acquis une place in\u00e9dite dans la recherche scientifique. Constitu\u00e9es \u00e0 l\u2019origine par la syst\u00e9matique et la taxonomie, elles se r\u00e9v\u00e8lent aujourd\u2019hui fondamentales pour r\u00e9pondre \u00e0 diverses questions scientifiques et soci\u00e9tales, aussi importantes qu\u2019actuelles.<\/p>\n<p><em>Les collections naturalistes dans la science du <\/em><em>XXI<\/em><em><sup>e<\/sup><\/em> si\u00e8cle pr\u00e9sente un vaste \u00e9chantillon de questions et de r\u00e9ponses suscit\u00e9es par l\u2019\u00e9tude des diff\u00e9rentes collections. Les milliards de sp\u00e9cimens r\u00e9colt\u00e9s pendant plus de deux si\u00e8cles sur l\u2019ensemble de la plan\u00e8te nous offrent des informations capitales pour notre qu\u00eate de connaissances sur la Terre, l\u2019Univers, la diversit\u00e9 du vivant et l\u2019histoire de l\u2019humanit\u00e9.<\/p>\n<p>Les collections apportent \u00e9galement de pr\u00e9cieux points de r\u00e9f\u00e9rence dans le pass\u00e9 pour comprendre la nature et la dynamique des changements globaux d\u2019aujourd\u2019hui. Leur permanence mat\u00e9rielle est la meilleure garantie de retour aux donn\u00e9es et aux sources des informations dans le cadre de la science ouverte.<\/p>\n<p><a class=\"button\" style=\"margin-right: 10%\" href=\"https:\/\/www.istegroup.com\/wp-content\/uploads\/2019\/11\/049_Les-collections-naturalistes-dans-la-science-du-XXIe-siecle_TDM.pdf\" target=\"_blank\" rel=\"noopener noreferrer\">Table des mati\u00e8res<\/a><a class=\"button\" style=\"margin-left: 10%\" href=\"https:\/\/www.istegroup.com\/wp-content\/uploads\/2019\/11\/049_Les-collections-naturalistes-dans-la-science-du-XXIe-siecle_premiere-partie.pdf\" target=\"_blank\" rel=\"noopener noreferrer\">Pr\u00e9face<\/a><\/p>","protected":false},"excerpt":{"rendered":"<p>Les collections naturalistes ont d\u00e9sormais acquis une place in\u00e9dite dans la recherche scientifique. Constitu\u00e9es \u00e0 l\u2019origine par la syst\u00e9matique et la taxonomie, elles se r\u00e9v\u00e8lent aujourd\u2019hui fondamentales pour r\u00e9pondre \u00e0 diverses questions scientifiques et soci\u00e9tales, aussi importantes qu\u2019actuelles. Les collections naturalistes dans la science du XXIe si\u00e8cle pr\u00e9sente un vaste \u00e9chantillon de questions et de [&hellip;]<\/p>\n","protected":false},"featured_media":42922,"template":"","meta":{"_acf_changed":false,"_links_to":"","_links_to_target":""},"product_brand":[],"product_cat":[4289],"product_tag":[],"class_list":{"0":"post-23548","1":"product","2":"type-product","3":"status-publish","4":"has-post-thumbnail","6":"product_cat-sciences","8":"first","9":"instock","10":"shipping-taxable","11":"purchasable","12":"product-type-variable"},"acf":[],"yoast_head":"<!-- This site is optimized with the Yoast SEO plugin v27.2 - https:\/\/yoast.com\/product\/yoast-seo-wordpress\/ -->\n<title>Les collections naturalistes dans la science du XXIe si\u00e8cle - ISTE Group<\/title>\n<meta name=\"description\" content=\"Les collections naturalistes dans la science du XXIe si\u00e8cle pr\u00e9sente un vaste \u00e9chantillon de questions et de r\u00e9ponses suscit\u00e9es par l\u2019\u00e9tude des diff\u00e9rentes collections.\" \/>\n<meta name=\"robots\" content=\"index, follow, max-snippet:-1, max-image-preview:large, max-video-preview:-1\" \/>\n<link rel=\"canonical\" href=\"https:\/\/www.istegroup.com\/produit\/les-collections-naturalistes-dans-la-science-du-xxie-siecle\/\" \/>\n<meta property=\"og:locale\" content=\"fr_FR\" \/>\n<meta property=\"og:type\" content=\"article\" \/>\n<meta property=\"og:title\" content=\"Les collections naturalistes dans la science du XXIe si\u00e8cle - ISTE Group\" \/>\n<meta property=\"og:description\" content=\"Les collections naturalistes dans la science du XXIe si\u00e8cle pr\u00e9sente un vaste \u00e9chantillon de questions et de r\u00e9ponses suscit\u00e9es par l\u2019\u00e9tude des diff\u00e9rentes collections.\" \/>\n<meta property=\"og:url\" content=\"https:\/\/www.istegroup.com\/produit\/les-collections-naturalistes-dans-la-science-du-xxie-siecle\/\" \/>\n<meta property=\"og:site_name\" content=\"ISTE Group\" \/>\n<meta property=\"article:modified_time\" content=\"2025-01-03T12:12:03+00:00\" \/>\n<meta property=\"og:image\" content=\"https:\/\/www.istegroup.com\/wp-content\/uploads\/2021\/07\/049_Les-collections-naturalistes-dans-la-science-du-XXIe-siecle.jpeg\" \/>\n\t<meta property=\"og:image:width\" content=\"300\" \/>\n\t<meta property=\"og:image:height\" content=\"450\" \/>\n\t<meta property=\"og:image:type\" content=\"image\/jpeg\" \/>\n<meta name=\"twitter:card\" content=\"summary_large_image\" \/>\n<meta name=\"twitter:label1\" content=\"Est. reading time\" \/>\n\t<meta name=\"twitter:data1\" content=\"1 minute\" \/>\n<script type=\"application\/ld+json\" class=\"yoast-schema-graph\">{\"@context\":\"https:\/\/schema.org\",\"@graph\":[{\"@type\":\"WebPage\",\"@id\":\"https:\/\/www.istegroup.com\/produit\/les-collections-naturalistes-dans-la-science-du-xxie-siecle\/\",\"url\":\"https:\/\/www.istegroup.com\/produit\/les-collections-naturalistes-dans-la-science-du-xxie-siecle\/\",\"name\":\"Les collections naturalistes dans la science du XXIe si\u00e8cle - ISTE Group\",\"isPartOf\":{\"@id\":\"https:\/\/www.istegroup.com\/#website\"},\"primaryImageOfPage\":{\"@id\":\"https:\/\/www.istegroup.com\/produit\/les-collections-naturalistes-dans-la-science-du-xxie-siecle\/#primaryimage\"},\"image\":{\"@id\":\"https:\/\/www.istegroup.com\/produit\/les-collections-naturalistes-dans-la-science-du-xxie-siecle\/#primaryimage\"},\"thumbnailUrl\":\"https:\/\/www.istegroup.com\/wp-content\/uploads\/2021\/07\/049_Les-collections-naturalistes-dans-la-science-du-XXIe-siecle.jpeg\",\"datePublished\":\"2021-07-09T09:55:22+00:00\",\"dateModified\":\"2025-01-03T12:12:03+00:00\",\"description\":\"Les collections naturalistes dans la science du XXIe si\u00e8cle pr\u00e9sente un vaste \u00e9chantillon de questions et de r\u00e9ponses suscit\u00e9es par l\u2019\u00e9tude des diff\u00e9rentes collections.\",\"breadcrumb\":{\"@id\":\"https:\/\/www.istegroup.com\/produit\/les-collections-naturalistes-dans-la-science-du-xxie-siecle\/#breadcrumb\"},\"inLanguage\":\"fr-FR\",\"potentialAction\":[{\"@type\":\"ReadAction\",\"target\":[\"https:\/\/www.istegroup.com\/produit\/les-collections-naturalistes-dans-la-science-du-xxie-siecle\/\"]}]},{\"@type\":\"ImageObject\",\"inLanguage\":\"fr-FR\",\"@id\":\"https:\/\/www.istegroup.com\/produit\/les-collections-naturalistes-dans-la-science-du-xxie-siecle\/#primaryimage\",\"url\":\"https:\/\/www.istegroup.com\/wp-content\/uploads\/2021\/07\/049_Les-collections-naturalistes-dans-la-science-du-XXIe-siecle.jpeg\",\"contentUrl\":\"https:\/\/www.istegroup.com\/wp-content\/uploads\/2021\/07\/049_Les-collections-naturalistes-dans-la-science-du-XXIe-siecle.jpeg\",\"width\":300,\"height\":450,\"caption\":\"Livre scientifique - Les collections naturalistes dans la science du XXIe si\u00e8cle_ebook - Roseli Pellens\"},{\"@type\":\"BreadcrumbList\",\"@id\":\"https:\/\/www.istegroup.com\/produit\/les-collections-naturalistes-dans-la-science-du-xxie-siecle\/#breadcrumb\",\"itemListElement\":[{\"@type\":\"ListItem\",\"position\":1,\"name\":\"Home\",\"item\":\"https:\/\/www.istegroup.com\/\"},{\"@type\":\"ListItem\",\"position\":2,\"name\":\"Shop\",\"item\":\"https:\/\/www.istegroup.com\/fr\/nouveautes\/\"},{\"@type\":\"ListItem\",\"position\":3,\"name\":\"Les collections naturalistes dans la science du XXIe si\u00e8cle\"}]},{\"@type\":\"WebSite\",\"@id\":\"https:\/\/www.istegroup.com\/#website\",\"url\":\"https:\/\/www.istegroup.com\/\",\"name\":\"ISTE Group\",\"description\":\"\u00c9diteur des Sciences\",\"potentialAction\":[{\"@type\":\"SearchAction\",\"target\":{\"@type\":\"EntryPoint\",\"urlTemplate\":\"https:\/\/www.istegroup.com\/?s={search_term_string}\"},\"query-input\":{\"@type\":\"PropertyValueSpecification\",\"valueRequired\":true,\"valueName\":\"search_term_string\"}}],\"inLanguage\":\"fr-FR\"}]}<\/script>\n<!-- \/ Yoast SEO plugin. -->","yoast_head_json":{"title":"Les collections naturalistes dans la science du XXIe si\u00e8cle - ISTE Group","description":"Les collections naturalistes dans la science du XXIe si\u00e8cle pr\u00e9sente un vaste \u00e9chantillon de questions et de r\u00e9ponses suscit\u00e9es par l\u2019\u00e9tude des diff\u00e9rentes collections.","robots":{"index":"index","follow":"follow","max-snippet":"max-snippet:-1","max-image-preview":"max-image-preview:large","max-video-preview":"max-video-preview:-1"},"canonical":"https:\/\/www.istegroup.com\/produit\/les-collections-naturalistes-dans-la-science-du-xxie-siecle\/","og_locale":"fr_FR","og_type":"article","og_title":"Les collections naturalistes dans la science du XXIe si\u00e8cle - ISTE Group","og_description":"Les collections naturalistes dans la science du XXIe si\u00e8cle pr\u00e9sente un vaste \u00e9chantillon de questions et de r\u00e9ponses suscit\u00e9es par l\u2019\u00e9tude des diff\u00e9rentes collections.","og_url":"https:\/\/www.istegroup.com\/produit\/les-collections-naturalistes-dans-la-science-du-xxie-siecle\/","og_site_name":"ISTE Group","article_modified_time":"2025-01-03T12:12:03+00:00","og_image":[{"width":300,"height":450,"url":"https:\/\/www.istegroup.com\/wp-content\/uploads\/2021\/07\/049_Les-collections-naturalistes-dans-la-science-du-XXIe-siecle.jpeg","type":"image\/jpeg"}],"twitter_card":"summary_large_image","twitter_misc":{"Est. reading time":"1 minute"},"schema":{"@context":"https:\/\/schema.org","@graph":[{"@type":"WebPage","@id":"https:\/\/www.istegroup.com\/produit\/les-collections-naturalistes-dans-la-science-du-xxie-siecle\/","url":"https:\/\/www.istegroup.com\/produit\/les-collections-naturalistes-dans-la-science-du-xxie-siecle\/","name":"Les collections naturalistes dans la science du XXIe si\u00e8cle - ISTE Group","isPartOf":{"@id":"https:\/\/www.istegroup.com\/#website"},"primaryImageOfPage":{"@id":"https:\/\/www.istegroup.com\/produit\/les-collections-naturalistes-dans-la-science-du-xxie-siecle\/#primaryimage"},"image":{"@id":"https:\/\/www.istegroup.com\/produit\/les-collections-naturalistes-dans-la-science-du-xxie-siecle\/#primaryimage"},"thumbnailUrl":"https:\/\/www.istegroup.com\/wp-content\/uploads\/2021\/07\/049_Les-collections-naturalistes-dans-la-science-du-XXIe-siecle.jpeg","datePublished":"2021-07-09T09:55:22+00:00","dateModified":"2025-01-03T12:12:03+00:00","description":"Les collections naturalistes dans la science du XXIe si\u00e8cle pr\u00e9sente un vaste \u00e9chantillon de questions et de r\u00e9ponses suscit\u00e9es par l\u2019\u00e9tude des diff\u00e9rentes collections.","breadcrumb":{"@id":"https:\/\/www.istegroup.com\/produit\/les-collections-naturalistes-dans-la-science-du-xxie-siecle\/#breadcrumb"},"inLanguage":"fr-FR","potentialAction":[{"@type":"ReadAction","target":["https:\/\/www.istegroup.com\/produit\/les-collections-naturalistes-dans-la-science-du-xxie-siecle\/"]}]},{"@type":"ImageObject","inLanguage":"fr-FR","@id":"https:\/\/www.istegroup.com\/produit\/les-collections-naturalistes-dans-la-science-du-xxie-siecle\/#primaryimage","url":"https:\/\/www.istegroup.com\/wp-content\/uploads\/2021\/07\/049_Les-collections-naturalistes-dans-la-science-du-XXIe-siecle.jpeg","contentUrl":"https:\/\/www.istegroup.com\/wp-content\/uploads\/2021\/07\/049_Les-collections-naturalistes-dans-la-science-du-XXIe-siecle.jpeg","width":300,"height":450,"caption":"Livre scientifique - Les collections naturalistes dans la science du XXIe si\u00e8cle_ebook - Roseli Pellens"},{"@type":"BreadcrumbList","@id":"https:\/\/www.istegroup.com\/produit\/les-collections-naturalistes-dans-la-science-du-xxie-siecle\/#breadcrumb","itemListElement":[{"@type":"ListItem","position":1,"name":"Home","item":"https:\/\/www.istegroup.com\/"},{"@type":"ListItem","position":2,"name":"Shop","item":"https:\/\/www.istegroup.com\/fr\/nouveautes\/"},{"@type":"ListItem","position":3,"name":"Les collections naturalistes dans la science du XXIe si\u00e8cle"}]},{"@type":"WebSite","@id":"https:\/\/www.istegroup.com\/#website","url":"https:\/\/www.istegroup.com\/","name":"ISTE Group","description":"\u00c9diteur des Sciences","potentialAction":[{"@type":"SearchAction","target":{"@type":"EntryPoint","urlTemplate":"https:\/\/www.istegroup.com\/?s={search_term_string}"},"query-input":{"@type":"PropertyValueSpecification","valueRequired":true,"valueName":"search_term_string"}}],"inLanguage":"fr-FR"}]}},"_links":{"self":[{"href":"https:\/\/www.istegroup.com\/fr\/wp-json\/wp\/v2\/product\/23548","targetHints":{"allow":["GET"]}}],"collection":[{"href":"https:\/\/www.istegroup.com\/fr\/wp-json\/wp\/v2\/product"}],"about":[{"href":"https:\/\/www.istegroup.com\/fr\/wp-json\/wp\/v2\/types\/product"}],"wp:featuredmedia":[{"embeddable":true,"href":"https:\/\/www.istegroup.com\/fr\/wp-json\/wp\/v2\/media\/42922"}],"wp:attachment":[{"href":"https:\/\/www.istegroup.com\/fr\/wp-json\/wp\/v2\/media?parent=23548"}],"wp:term":[{"taxonomy":"product_brand","embeddable":true,"href":"https:\/\/www.istegroup.com\/fr\/wp-json\/wp\/v2\/product_brand?post=23548"},{"taxonomy":"product_cat","embeddable":true,"href":"https:\/\/www.istegroup.com\/fr\/wp-json\/wp\/v2\/product_cat?post=23548"},{"taxonomy":"product_tag","embeddable":true,"href":"https:\/\/www.istegroup.com\/fr\/wp-json\/wp\/v2\/product_tag?post=23548"}],"curies":[{"name":"wp","href":"https:\/\/api.w.org\/{rel}","templated":true}]}}