{"id":23546,"date":"2023-03-21T10:51:41","date_gmt":"2023-03-21T10:51:41","guid":{"rendered":"https:\/\/www.istegroup.com\/?post_type=product&#038;p=23546"},"modified":"2025-01-03T11:12:10","modified_gmt":"2025-01-03T11:12:10","slug":"planete-bleue-photosynthese-rouge-et-verte","status":"publish","type":"product","link":"https:\/\/www.istegroup.com\/fr\/produit\/planete-bleue-photosynthese-rouge-et-verte\/","title":{"rendered":"Plan\u00e8te bleue, photosynth\u00e8se rouge et verte"},"content":{"rendered":"<p><em>Plan\u00e8te bleue, photosynth\u00e8se rouge et verte<\/em> d\u00e9crit les m\u00e9canismes qui permettent aux organismes photosynth\u00e9tiques aquatiques de contribuer pour moiti\u00e9 \u00e0 la productivit\u00e9 primaire nette, d\u2019att\u00e9nuer les changements climatiques en s\u00e9questrant le dioxyde de carbone et, par la production d\u2019oxyg\u00e8ne, d\u2019avoir transform\u00e9 l\u2019atmosph\u00e8re anoxique originelle de la Terre au cours de l\u2019\u00e9volution.<\/p>\n<p>La photosynth\u00e8se aquatique est r\u00e9alis\u00e9e par une grande diversit\u00e9 d\u2019organismes, impliquant majoritairement des cyanobact\u00e9ries et des algues issues de la \u00ab lign\u00e9e rouge \u00bb, contrairement \u00e0 la productivit\u00e9 primaire terrestre qui est restreinte aux plantes de la \u00ab lign\u00e9e verte \u00bb.<\/p>\n<p>Cet ouvrage pr\u00e9sente comment, afin de maximiser la productivit\u00e9, les producteurs aquatiques primaires ont d\u00e9velopp\u00e9 des structures et des m\u00e9canismes qui augmentent l\u2019apport de dioxyde de carbone \u00e0 l\u2019enzyme Rubisco qui est responsable de la fixation du dioxyde de carbone. L\u2019analyse s\u2019\u00e9tend des m\u00e9canismes mol\u00e9culaires impliqu\u00e9s dans l\u2019absorption du carbone aquatique aux cons\u00e9quences globales de la modification de la plan\u00e8te bleue par l\u2019Homme.<\/p>","protected":false},"excerpt":{"rendered":"<p>Plan\u00e8te bleue, photosynth\u00e8se rouge et verte d\u00e9crit les m\u00e9canismes qui permettent aux organismes photosynth\u00e9tiques aquatiques de contribuer pour moiti\u00e9 \u00e0 la productivit\u00e9 primaire nette, d\u2019att\u00e9nuer les changements climatiques en s\u00e9questrant le dioxyde de carbone et, par la production d\u2019oxyg\u00e8ne, d\u2019avoir transform\u00e9 l\u2019atmosph\u00e8re anoxique originelle de la Terre au cours de l\u2019\u00e9volution. La photosynth\u00e8se aquatique est [&hellip;]<\/p>\n","protected":false},"featured_media":50441,"template":"","meta":{"_acf_changed":false,"_links_to":"","_links_to_target":""},"product_brand":[],"product_cat":[4289],"product_tag":[],"class_list":{"0":"post-23546","1":"product","2":"type-product","3":"status-publish","4":"has-post-thumbnail","6":"product_cat-sciences","8":"first","9":"instock","10":"shipping-taxable","11":"purchasable","12":"product-type-variable"},"acf":[],"yoast_head":"<!-- This site is optimized with the Yoast SEO plugin v27.2 - https:\/\/yoast.com\/product\/yoast-seo-wordpress\/ -->\n<title>Plan\u00e8te bleue, photosynth\u00e8se rouge et verte - ISTE Group<\/title>\n<meta name=\"robots\" content=\"index, follow, max-snippet:-1, max-image-preview:large, max-video-preview:-1\" \/>\n<link rel=\"canonical\" href=\"https:\/\/www.istegroup.com\/fr\/produit\/planete-bleue-photosynthese-rouge-et-verte\/\" \/>\n<meta property=\"og:locale\" content=\"fr_FR\" \/>\n<meta property=\"og:type\" content=\"article\" \/>\n<meta property=\"og:title\" content=\"Plan\u00e8te bleue, photosynth\u00e8se rouge et verte - ISTE Group\" \/>\n<meta property=\"og:description\" content=\"Plan\u00e8te bleue, photosynth\u00e8se rouge et verte d\u00e9crit les m\u00e9canismes qui permettent aux organismes photosynth\u00e9tiques aquatiques de contribuer pour moiti\u00e9 \u00e0 la productivit\u00e9 primaire nette, d\u2019att\u00e9nuer les changements climatiques en s\u00e9questrant le dioxyde de carbone et, par la production d\u2019oxyg\u00e8ne, d\u2019avoir transform\u00e9 l\u2019atmosph\u00e8re anoxique originelle de la Terre au cours de l\u2019\u00e9volution. La photosynth\u00e8se aquatique est [&hellip;]\" \/>\n<meta property=\"og:url\" content=\"https:\/\/www.istegroup.com\/fr\/produit\/planete-bleue-photosynthese-rouge-et-verte\/\" \/>\n<meta property=\"og:site_name\" content=\"ISTE Group\" \/>\n<meta property=\"article:modified_time\" content=\"2025-01-03T11:12:10+00:00\" \/>\n<meta property=\"og:image\" content=\"https:\/\/www.istegroup.com\/wp-content\/uploads\/2019\/11\/082_Planete-bleue-photosynthese-rouge-et-verte.png\" \/>\n\t<meta property=\"og:image:width\" content=\"300\" \/>\n\t<meta property=\"og:image:height\" content=\"450\" \/>\n\t<meta property=\"og:image:type\" content=\"image\/png\" \/>\n<meta name=\"twitter:card\" content=\"summary_large_image\" \/>\n<meta name=\"twitter:label1\" content=\"Est. reading time\" \/>\n\t<meta name=\"twitter:data1\" content=\"1 minute\" \/>\n<script type=\"application\/ld+json\" class=\"yoast-schema-graph\">{\"@context\":\"https:\/\/schema.org\",\"@graph\":[{\"@type\":\"WebPage\",\"@id\":\"https:\/\/www.istegroup.com\/fr\/produit\/planete-bleue-photosynthese-rouge-et-verte\/\",\"url\":\"https:\/\/www.istegroup.com\/fr\/produit\/planete-bleue-photosynthese-rouge-et-verte\/\",\"name\":\"Plan\u00e8te bleue, photosynth\u00e8se rouge et verte - ISTE Group\",\"isPartOf\":{\"@id\":\"https:\/\/www.istegroup.com\/#website\"},\"primaryImageOfPage\":{\"@id\":\"https:\/\/www.istegroup.com\/fr\/produit\/planete-bleue-photosynthese-rouge-et-verte\/#primaryimage\"},\"image\":{\"@id\":\"https:\/\/www.istegroup.com\/fr\/produit\/planete-bleue-photosynthese-rouge-et-verte\/#primaryimage\"},\"thumbnailUrl\":\"https:\/\/www.istegroup.com\/wp-content\/uploads\/2019\/11\/082_Planete-bleue-photosynthese-rouge-et-verte.png\",\"datePublished\":\"2023-03-21T10:51:41+00:00\",\"dateModified\":\"2025-01-03T11:12:10+00:00\",\"breadcrumb\":{\"@id\":\"https:\/\/www.istegroup.com\/fr\/produit\/planete-bleue-photosynthese-rouge-et-verte\/#breadcrumb\"},\"inLanguage\":\"fr-FR\",\"potentialAction\":[{\"@type\":\"ReadAction\",\"target\":[\"https:\/\/www.istegroup.com\/fr\/produit\/planete-bleue-photosynthese-rouge-et-verte\/\"]}]},{\"@type\":\"ImageObject\",\"inLanguage\":\"fr-FR\",\"@id\":\"https:\/\/www.istegroup.com\/fr\/produit\/planete-bleue-photosynthese-rouge-et-verte\/#primaryimage\",\"url\":\"https:\/\/www.istegroup.com\/wp-content\/uploads\/2019\/11\/082_Planete-bleue-photosynthese-rouge-et-verte.png\",\"contentUrl\":\"https:\/\/www.istegroup.com\/wp-content\/uploads\/2019\/11\/082_Planete-bleue-photosynthese-rouge-et-verte.png\",\"width\":300,\"height\":450,\"caption\":\"Livre scientifique - Plan\u00e8te bleue, photosynth\u00e8se rouge et verte - Encyclop\u00e9die SCIENCES\"},{\"@type\":\"BreadcrumbList\",\"@id\":\"https:\/\/www.istegroup.com\/fr\/produit\/planete-bleue-photosynthese-rouge-et-verte\/#breadcrumb\",\"itemListElement\":[{\"@type\":\"ListItem\",\"position\":1,\"name\":\"Home\",\"item\":\"https:\/\/www.istegroup.com\/\"},{\"@type\":\"ListItem\",\"position\":2,\"name\":\"Shop\",\"item\":\"https:\/\/www.istegroup.com\/fr\/nouveautes\/\"},{\"@type\":\"ListItem\",\"position\":3,\"name\":\"Plan\u00e8te bleue, photosynth\u00e8se rouge et verte\"}]},{\"@type\":\"WebSite\",\"@id\":\"https:\/\/www.istegroup.com\/#website\",\"url\":\"https:\/\/www.istegroup.com\/\",\"name\":\"ISTE Group\",\"description\":\"\u00c9diteur des Sciences\",\"potentialAction\":[{\"@type\":\"SearchAction\",\"target\":{\"@type\":\"EntryPoint\",\"urlTemplate\":\"https:\/\/www.istegroup.com\/?s={search_term_string}\"},\"query-input\":{\"@type\":\"PropertyValueSpecification\",\"valueRequired\":true,\"valueName\":\"search_term_string\"}}],\"inLanguage\":\"fr-FR\"}]}<\/script>\n<!-- \/ Yoast SEO plugin. -->","yoast_head_json":{"title":"Plan\u00e8te bleue, photosynth\u00e8se rouge et verte - ISTE Group","robots":{"index":"index","follow":"follow","max-snippet":"max-snippet:-1","max-image-preview":"max-image-preview:large","max-video-preview":"max-video-preview:-1"},"canonical":"https:\/\/www.istegroup.com\/fr\/produit\/planete-bleue-photosynthese-rouge-et-verte\/","og_locale":"fr_FR","og_type":"article","og_title":"Plan\u00e8te bleue, photosynth\u00e8se rouge et verte - ISTE Group","og_description":"Plan\u00e8te bleue, photosynth\u00e8se rouge et verte d\u00e9crit les m\u00e9canismes qui permettent aux organismes photosynth\u00e9tiques aquatiques de contribuer pour moiti\u00e9 \u00e0 la productivit\u00e9 primaire nette, d\u2019att\u00e9nuer les changements climatiques en s\u00e9questrant le dioxyde de carbone et, par la production d\u2019oxyg\u00e8ne, d\u2019avoir transform\u00e9 l\u2019atmosph\u00e8re anoxique originelle de la Terre au cours de l\u2019\u00e9volution. La photosynth\u00e8se aquatique est [&hellip;]","og_url":"https:\/\/www.istegroup.com\/fr\/produit\/planete-bleue-photosynthese-rouge-et-verte\/","og_site_name":"ISTE Group","article_modified_time":"2025-01-03T11:12:10+00:00","og_image":[{"width":300,"height":450,"url":"https:\/\/www.istegroup.com\/wp-content\/uploads\/2019\/11\/082_Planete-bleue-photosynthese-rouge-et-verte.png","type":"image\/png"}],"twitter_card":"summary_large_image","twitter_misc":{"Est. reading time":"1 minute"},"schema":{"@context":"https:\/\/schema.org","@graph":[{"@type":"WebPage","@id":"https:\/\/www.istegroup.com\/fr\/produit\/planete-bleue-photosynthese-rouge-et-verte\/","url":"https:\/\/www.istegroup.com\/fr\/produit\/planete-bleue-photosynthese-rouge-et-verte\/","name":"Plan\u00e8te bleue, photosynth\u00e8se rouge et verte - ISTE Group","isPartOf":{"@id":"https:\/\/www.istegroup.com\/#website"},"primaryImageOfPage":{"@id":"https:\/\/www.istegroup.com\/fr\/produit\/planete-bleue-photosynthese-rouge-et-verte\/#primaryimage"},"image":{"@id":"https:\/\/www.istegroup.com\/fr\/produit\/planete-bleue-photosynthese-rouge-et-verte\/#primaryimage"},"thumbnailUrl":"https:\/\/www.istegroup.com\/wp-content\/uploads\/2019\/11\/082_Planete-bleue-photosynthese-rouge-et-verte.png","datePublished":"2023-03-21T10:51:41+00:00","dateModified":"2025-01-03T11:12:10+00:00","breadcrumb":{"@id":"https:\/\/www.istegroup.com\/fr\/produit\/planete-bleue-photosynthese-rouge-et-verte\/#breadcrumb"},"inLanguage":"fr-FR","potentialAction":[{"@type":"ReadAction","target":["https:\/\/www.istegroup.com\/fr\/produit\/planete-bleue-photosynthese-rouge-et-verte\/"]}]},{"@type":"ImageObject","inLanguage":"fr-FR","@id":"https:\/\/www.istegroup.com\/fr\/produit\/planete-bleue-photosynthese-rouge-et-verte\/#primaryimage","url":"https:\/\/www.istegroup.com\/wp-content\/uploads\/2019\/11\/082_Planete-bleue-photosynthese-rouge-et-verte.png","contentUrl":"https:\/\/www.istegroup.com\/wp-content\/uploads\/2019\/11\/082_Planete-bleue-photosynthese-rouge-et-verte.png","width":300,"height":450,"caption":"Livre scientifique - Plan\u00e8te bleue, photosynth\u00e8se rouge et verte - Encyclop\u00e9die SCIENCES"},{"@type":"BreadcrumbList","@id":"https:\/\/www.istegroup.com\/fr\/produit\/planete-bleue-photosynthese-rouge-et-verte\/#breadcrumb","itemListElement":[{"@type":"ListItem","position":1,"name":"Home","item":"https:\/\/www.istegroup.com\/"},{"@type":"ListItem","position":2,"name":"Shop","item":"https:\/\/www.istegroup.com\/fr\/nouveautes\/"},{"@type":"ListItem","position":3,"name":"Plan\u00e8te bleue, photosynth\u00e8se rouge et verte"}]},{"@type":"WebSite","@id":"https:\/\/www.istegroup.com\/#website","url":"https:\/\/www.istegroup.com\/","name":"ISTE Group","description":"\u00c9diteur des Sciences","potentialAction":[{"@type":"SearchAction","target":{"@type":"EntryPoint","urlTemplate":"https:\/\/www.istegroup.com\/?s={search_term_string}"},"query-input":{"@type":"PropertyValueSpecification","valueRequired":true,"valueName":"search_term_string"}}],"inLanguage":"fr-FR"}]}},"_links":{"self":[{"href":"https:\/\/www.istegroup.com\/fr\/wp-json\/wp\/v2\/product\/23546","targetHints":{"allow":["GET"]}}],"collection":[{"href":"https:\/\/www.istegroup.com\/fr\/wp-json\/wp\/v2\/product"}],"about":[{"href":"https:\/\/www.istegroup.com\/fr\/wp-json\/wp\/v2\/types\/product"}],"wp:featuredmedia":[{"embeddable":true,"href":"https:\/\/www.istegroup.com\/fr\/wp-json\/wp\/v2\/media\/50441"}],"wp:attachment":[{"href":"https:\/\/www.istegroup.com\/fr\/wp-json\/wp\/v2\/media?parent=23546"}],"wp:term":[{"taxonomy":"product_brand","embeddable":true,"href":"https:\/\/www.istegroup.com\/fr\/wp-json\/wp\/v2\/product_brand?post=23546"},{"taxonomy":"product_cat","embeddable":true,"href":"https:\/\/www.istegroup.com\/fr\/wp-json\/wp\/v2\/product_cat?post=23546"},{"taxonomy":"product_tag","embeddable":true,"href":"https:\/\/www.istegroup.com\/fr\/wp-json\/wp\/v2\/product_tag?post=23546"}],"curies":[{"name":"wp","href":"https:\/\/api.w.org\/{rel}","templated":true}]}}