{"id":23541,"date":"2024-06-06T10:41:15","date_gmt":"2024-06-06T09:41:15","guid":{"rendered":"https:\/\/www.istegroup.com\/?post_type=product&#038;p=23541"},"modified":"2025-03-14T09:57:18","modified_gmt":"2025-03-14T09:57:18","slug":"les-telomeres","status":"publish","type":"product","link":"https:\/\/www.istegroup.com\/fr\/produit\/les-telomeres\/","title":{"rendered":"Les t\u00e9lom\u00e8res"},"content":{"rendered":"<p>L\u2019\u00e9volution a dot\u00e9 les organismes eucaryotes de chromosomes lin\u00e9aires, \u00e9quipant chaque chromosome d\u2019extr\u00e9mit\u00e9s qui sont prot\u00e9g\u00e9es par une structure particuli\u00e8re nomm\u00e9e \u00ab t\u00e9lom\u00e8re \u00bb. L\u2019effet consid\u00e9rable des t\u00e9lom\u00e8res sur la stabilit\u00e9 globale du g\u00e9nome et leur implication dans le vieillissement et le cancer ont contribu\u00e9 \u00e0 leur fascination.<\/p>\n<p>Cet ouvrage pr\u00e9sente les t\u00e9lom\u00e8res en tant qu\u2019exemple de diversit\u00e9 et d\u2019unit\u00e9 du vivant, \u00e0 travers les nombreux mod\u00e8les qui y sont d\u00e9crits (cili\u00e9s, levures, cellules humaines ou mod\u00e8le souris). Dans la premi\u00e8re partie, les auteurs introduisent l\u2019histoire de leur d\u00e9couverte, leurs r\u00f4les biologiques, leurs aspects structuraux (s\u00e9quences, longueur, prot\u00e9ines du complexe shelterine, structures G4 et T-loop, compaction et ancrage) et fonctionnels (r\u00e9plication, transcription, maintien). La seconde partie explore leurs dysfonctionnements, les cons\u00e9quences sur la sant\u00e9 humaine et les approches th\u00e9rapeutiques.<\/p>\n<p><em>Les t\u00e9lom\u00e8res<\/em> est r\u00e9dig\u00e9 par des chimistes, biochimistes, structuralistes et biologistes illustrant ainsi l\u2019interdisciplinarit\u00e9 de l\u2019\u00e9tude des t\u00e9lom\u00e8res.<\/p>","protected":false},"excerpt":{"rendered":"<p>L\u2019\u00e9volution a dot\u00e9 les organismes eucaryotes de chromosomes lin\u00e9aires, \u00e9quipant chaque chromosome d\u2019extr\u00e9mit\u00e9s qui sont prot\u00e9g\u00e9es par une structure particuli\u00e8re nomm\u00e9e \u00ab t\u00e9lom\u00e8re \u00bb. L\u2019effet consid\u00e9rable des t\u00e9lom\u00e8res sur la stabilit\u00e9 globale du g\u00e9nome et leur implication dans le vieillissement et le cancer ont contribu\u00e9 \u00e0 leur fascination. Cet ouvrage pr\u00e9sente les t\u00e9lom\u00e8res en tant [&hellip;]<\/p>\n","protected":false},"featured_media":56885,"template":"","meta":{"_acf_changed":false,"_links_to":"","_links_to_target":""},"product_brand":[],"product_cat":[4289],"product_tag":[],"class_list":{"0":"post-23541","1":"product","2":"type-product","3":"status-publish","4":"has-post-thumbnail","6":"product_cat-sciences","8":"first","9":"instock","10":"shipping-taxable","11":"purchasable","12":"product-type-variable"},"acf":[],"yoast_head":"<!-- This site is optimized with the Yoast SEO plugin v27.2 - https:\/\/yoast.com\/product\/yoast-seo-wordpress\/ -->\n<title>Les t\u00e9lom\u00e8res - ISTE Group<\/title>\n<meta name=\"description\" content=\"Cet ouvrage pr\u00e9sente les t\u00e9lom\u00e8res en tant qu\u2019exemple de diversit\u00e9 et d\u2019unit\u00e9 du vivant, \u00e0 travers les nombreux mod\u00e8les qui y sont d\u00e9crits (cili\u00e9s, levures, cellules humaines ou mod\u00e8le souris).\" \/>\n<meta name=\"robots\" content=\"index, follow, max-snippet:-1, max-image-preview:large, max-video-preview:-1\" \/>\n<link rel=\"canonical\" href=\"https:\/\/www.istegroup.com\/produit\/les-telomeres\/\" \/>\n<meta property=\"og:locale\" content=\"fr_FR\" \/>\n<meta property=\"og:type\" content=\"article\" \/>\n<meta property=\"og:title\" content=\"Les t\u00e9lom\u00e8res - ISTE Group\" \/>\n<meta property=\"og:description\" content=\"Cet ouvrage pr\u00e9sente les t\u00e9lom\u00e8res en tant qu\u2019exemple de diversit\u00e9 et d\u2019unit\u00e9 du vivant, \u00e0 travers les nombreux mod\u00e8les qui y sont d\u00e9crits (cili\u00e9s, levures, cellules humaines ou mod\u00e8le souris).\" \/>\n<meta property=\"og:url\" content=\"https:\/\/www.istegroup.com\/produit\/les-telomeres\/\" \/>\n<meta property=\"og:site_name\" content=\"ISTE Group\" \/>\n<meta property=\"article:modified_time\" content=\"2025-03-14T09:57:18+00:00\" \/>\n<meta property=\"og:image\" content=\"https:\/\/www.istegroup.com\/wp-content\/uploads\/2019\/11\/Les-telomeres.jpeg\" \/>\n\t<meta property=\"og:image:width\" content=\"300\" \/>\n\t<meta property=\"og:image:height\" content=\"450\" \/>\n\t<meta property=\"og:image:type\" content=\"image\/jpeg\" \/>\n<meta name=\"twitter:card\" content=\"summary_large_image\" \/>\n<meta name=\"twitter:label1\" content=\"Est. reading time\" \/>\n\t<meta name=\"twitter:data1\" content=\"1 minute\" \/>\n<script type=\"application\/ld+json\" class=\"yoast-schema-graph\">{\"@context\":\"https:\/\/schema.org\",\"@graph\":[{\"@type\":\"WebPage\",\"@id\":\"https:\/\/www.istegroup.com\/produit\/les-telomeres\/\",\"url\":\"https:\/\/www.istegroup.com\/produit\/les-telomeres\/\",\"name\":\"Les t\u00e9lom\u00e8res - ISTE Group\",\"isPartOf\":{\"@id\":\"https:\/\/www.istegroup.com\/#website\"},\"primaryImageOfPage\":{\"@id\":\"https:\/\/www.istegroup.com\/produit\/les-telomeres\/#primaryimage\"},\"image\":{\"@id\":\"https:\/\/www.istegroup.com\/produit\/les-telomeres\/#primaryimage\"},\"thumbnailUrl\":\"https:\/\/www.istegroup.com\/wp-content\/uploads\/2019\/11\/Les-telomeres.jpeg\",\"datePublished\":\"2024-06-06T09:41:15+00:00\",\"dateModified\":\"2025-03-14T09:57:18+00:00\",\"description\":\"Cet ouvrage pr\u00e9sente les t\u00e9lom\u00e8res en tant qu\u2019exemple de diversit\u00e9 et d\u2019unit\u00e9 du vivant, \u00e0 travers les nombreux mod\u00e8les qui y sont d\u00e9crits (cili\u00e9s, levures, cellules humaines ou mod\u00e8le souris).\",\"breadcrumb\":{\"@id\":\"https:\/\/www.istegroup.com\/produit\/les-telomeres\/#breadcrumb\"},\"inLanguage\":\"fr-FR\",\"potentialAction\":[{\"@type\":\"ReadAction\",\"target\":[\"https:\/\/www.istegroup.com\/produit\/les-telomeres\/\"]}]},{\"@type\":\"ImageObject\",\"inLanguage\":\"fr-FR\",\"@id\":\"https:\/\/www.istegroup.com\/produit\/les-telomeres\/#primaryimage\",\"url\":\"https:\/\/www.istegroup.com\/wp-content\/uploads\/2019\/11\/Les-telomeres.jpeg\",\"contentUrl\":\"https:\/\/www.istegroup.com\/wp-content\/uploads\/2019\/11\/Les-telomeres.jpeg\",\"width\":300,\"height\":450,\"caption\":\"Livre scientifique - Les t\u00e9lom\u00e8res\"},{\"@type\":\"BreadcrumbList\",\"@id\":\"https:\/\/www.istegroup.com\/produit\/les-telomeres\/#breadcrumb\",\"itemListElement\":[{\"@type\":\"ListItem\",\"position\":1,\"name\":\"Home\",\"item\":\"https:\/\/www.istegroup.com\/\"},{\"@type\":\"ListItem\",\"position\":2,\"name\":\"Shop\",\"item\":\"https:\/\/www.istegroup.com\/fr\/nouveautes\/\"},{\"@type\":\"ListItem\",\"position\":3,\"name\":\"Les t\u00e9lom\u00e8res\"}]},{\"@type\":\"WebSite\",\"@id\":\"https:\/\/www.istegroup.com\/#website\",\"url\":\"https:\/\/www.istegroup.com\/\",\"name\":\"ISTE Group\",\"description\":\"\u00c9diteur des Sciences\",\"potentialAction\":[{\"@type\":\"SearchAction\",\"target\":{\"@type\":\"EntryPoint\",\"urlTemplate\":\"https:\/\/www.istegroup.com\/?s={search_term_string}\"},\"query-input\":{\"@type\":\"PropertyValueSpecification\",\"valueRequired\":true,\"valueName\":\"search_term_string\"}}],\"inLanguage\":\"fr-FR\"}]}<\/script>\n<!-- \/ Yoast SEO plugin. -->","yoast_head_json":{"title":"Les t\u00e9lom\u00e8res - ISTE Group","description":"Cet ouvrage pr\u00e9sente les t\u00e9lom\u00e8res en tant qu\u2019exemple de diversit\u00e9 et d\u2019unit\u00e9 du vivant, \u00e0 travers les nombreux mod\u00e8les qui y sont d\u00e9crits (cili\u00e9s, levures, cellules humaines ou mod\u00e8le souris).","robots":{"index":"index","follow":"follow","max-snippet":"max-snippet:-1","max-image-preview":"max-image-preview:large","max-video-preview":"max-video-preview:-1"},"canonical":"https:\/\/www.istegroup.com\/produit\/les-telomeres\/","og_locale":"fr_FR","og_type":"article","og_title":"Les t\u00e9lom\u00e8res - ISTE Group","og_description":"Cet ouvrage pr\u00e9sente les t\u00e9lom\u00e8res en tant qu\u2019exemple de diversit\u00e9 et d\u2019unit\u00e9 du vivant, \u00e0 travers les nombreux mod\u00e8les qui y sont d\u00e9crits (cili\u00e9s, levures, cellules humaines ou mod\u00e8le souris).","og_url":"https:\/\/www.istegroup.com\/produit\/les-telomeres\/","og_site_name":"ISTE Group","article_modified_time":"2025-03-14T09:57:18+00:00","og_image":[{"width":300,"height":450,"url":"https:\/\/www.istegroup.com\/wp-content\/uploads\/2019\/11\/Les-telomeres.jpeg","type":"image\/jpeg"}],"twitter_card":"summary_large_image","twitter_misc":{"Est. reading time":"1 minute"},"schema":{"@context":"https:\/\/schema.org","@graph":[{"@type":"WebPage","@id":"https:\/\/www.istegroup.com\/produit\/les-telomeres\/","url":"https:\/\/www.istegroup.com\/produit\/les-telomeres\/","name":"Les t\u00e9lom\u00e8res - ISTE Group","isPartOf":{"@id":"https:\/\/www.istegroup.com\/#website"},"primaryImageOfPage":{"@id":"https:\/\/www.istegroup.com\/produit\/les-telomeres\/#primaryimage"},"image":{"@id":"https:\/\/www.istegroup.com\/produit\/les-telomeres\/#primaryimage"},"thumbnailUrl":"https:\/\/www.istegroup.com\/wp-content\/uploads\/2019\/11\/Les-telomeres.jpeg","datePublished":"2024-06-06T09:41:15+00:00","dateModified":"2025-03-14T09:57:18+00:00","description":"Cet ouvrage pr\u00e9sente les t\u00e9lom\u00e8res en tant qu\u2019exemple de diversit\u00e9 et d\u2019unit\u00e9 du vivant, \u00e0 travers les nombreux mod\u00e8les qui y sont d\u00e9crits (cili\u00e9s, levures, cellules humaines ou mod\u00e8le souris).","breadcrumb":{"@id":"https:\/\/www.istegroup.com\/produit\/les-telomeres\/#breadcrumb"},"inLanguage":"fr-FR","potentialAction":[{"@type":"ReadAction","target":["https:\/\/www.istegroup.com\/produit\/les-telomeres\/"]}]},{"@type":"ImageObject","inLanguage":"fr-FR","@id":"https:\/\/www.istegroup.com\/produit\/les-telomeres\/#primaryimage","url":"https:\/\/www.istegroup.com\/wp-content\/uploads\/2019\/11\/Les-telomeres.jpeg","contentUrl":"https:\/\/www.istegroup.com\/wp-content\/uploads\/2019\/11\/Les-telomeres.jpeg","width":300,"height":450,"caption":"Livre scientifique - Les t\u00e9lom\u00e8res"},{"@type":"BreadcrumbList","@id":"https:\/\/www.istegroup.com\/produit\/les-telomeres\/#breadcrumb","itemListElement":[{"@type":"ListItem","position":1,"name":"Home","item":"https:\/\/www.istegroup.com\/"},{"@type":"ListItem","position":2,"name":"Shop","item":"https:\/\/www.istegroup.com\/fr\/nouveautes\/"},{"@type":"ListItem","position":3,"name":"Les t\u00e9lom\u00e8res"}]},{"@type":"WebSite","@id":"https:\/\/www.istegroup.com\/#website","url":"https:\/\/www.istegroup.com\/","name":"ISTE Group","description":"\u00c9diteur des Sciences","potentialAction":[{"@type":"SearchAction","target":{"@type":"EntryPoint","urlTemplate":"https:\/\/www.istegroup.com\/?s={search_term_string}"},"query-input":{"@type":"PropertyValueSpecification","valueRequired":true,"valueName":"search_term_string"}}],"inLanguage":"fr-FR"}]}},"_links":{"self":[{"href":"https:\/\/www.istegroup.com\/fr\/wp-json\/wp\/v2\/product\/23541","targetHints":{"allow":["GET"]}}],"collection":[{"href":"https:\/\/www.istegroup.com\/fr\/wp-json\/wp\/v2\/product"}],"about":[{"href":"https:\/\/www.istegroup.com\/fr\/wp-json\/wp\/v2\/types\/product"}],"wp:featuredmedia":[{"embeddable":true,"href":"https:\/\/www.istegroup.com\/fr\/wp-json\/wp\/v2\/media\/56885"}],"wp:attachment":[{"href":"https:\/\/www.istegroup.com\/fr\/wp-json\/wp\/v2\/media?parent=23541"}],"wp:term":[{"taxonomy":"product_brand","embeddable":true,"href":"https:\/\/www.istegroup.com\/fr\/wp-json\/wp\/v2\/product_brand?post=23541"},{"taxonomy":"product_cat","embeddable":true,"href":"https:\/\/www.istegroup.com\/fr\/wp-json\/wp\/v2\/product_cat?post=23541"},{"taxonomy":"product_tag","embeddable":true,"href":"https:\/\/www.istegroup.com\/fr\/wp-json\/wp\/v2\/product_tag?post=23541"}],"curies":[{"name":"wp","href":"https:\/\/api.w.org\/{rel}","templated":true}]}}