{"id":23534,"date":"2025-07-16T09:47:17","date_gmt":"2025-07-16T08:47:17","guid":{"rendered":"https:\/\/www.istegroup.com\/?post_type=product&#038;p=23534"},"modified":"2025-07-30T10:59:55","modified_gmt":"2025-07-30T09:59:55","slug":"developpement-et-ville-durable","status":"publish","type":"product","link":"https:\/\/www.istegroup.com\/fr\/produit\/developpement-et-ville-durable\/","title":{"rendered":"D\u00e9veloppement et ville durable"},"content":{"rendered":"<p>La ville, dans son d\u00e9veloppement exponentiel, soul\u00e8ve aujourd\u2019hui de nombreux enjeux en mati\u00e8re de durabilit\u00e9. C\u2019est l\u2019objet principal de la r\u00e9flexion engag\u00e9e ici, qui se d\u00e9cline selon plusieurs axes. Il s\u2019agit d\u2019abord d\u2019adopter une approche critique du d\u00e9veloppement, notamment \u00e0 travers le prisme du concept de d\u00e9veloppement durable. En tant que syst\u00e8me complexe, la ville interroge les performances attendues de la soutenabilit\u00e9, cens\u00e9e r\u00e9pondre aux difficult\u00e9s actuelles, y compris \u00e0 l\u2019\u00e9chelle locale et territoriale, l\u00e0 o\u00f9 les politiques doivent s\u2019ancrer et agir concr\u00e8tement.<\/p>\n<p>Mais la durabilit\u00e9 ne peut \u00eatre pens\u00e9e sans int\u00e9grer la question cruciale de son acceptabilit\u00e9 sociale. Elle suppose l\u2019adh\u00e9sion des populations concern\u00e9es, condition essentielle \u00e0 la mise en oeuvre de v\u00e9ritables transitions urbaines. Ainsi, l\u2019ensemble des probl\u00e9matiques li\u00e9es \u00e0 l\u2019urbanit\u00e9 renvoie plus largement \u00e0 la n\u00e9cessit\u00e9 de r\u00e9guler les principes du d\u00e9veloppement durable, en faisant de la ville durable un v\u00e9ritable centre de gravit\u00e9 des pr\u00e9occupations contemporaines.<\/p>\n","protected":false},"excerpt":{"rendered":"<p>La ville, dans son d\u00e9veloppement exponentiel, soul\u00e8ve aujourd\u2019hui de nombreux enjeux en mati\u00e8re de durabilit\u00e9. C\u2019est l\u2019objet principal de la r\u00e9flexion engag\u00e9e ici, qui se d\u00e9cline selon plusieurs axes. Il s\u2019agit d\u2019abord d\u2019adopter une approche critique du d\u00e9veloppement, notamment \u00e0 travers le prisme du concept de d\u00e9veloppement durable. En tant que syst\u00e8me complexe, la ville [&hellip;]<\/p>\n","protected":false},"featured_media":60986,"template":"","meta":{"_acf_changed":false,"_links_to":"","_links_to_target":""},"product_brand":[],"product_cat":[4289],"product_tag":[],"class_list":{"0":"post-23534","1":"product","2":"type-product","3":"status-publish","4":"has-post-thumbnail","6":"product_cat-sciences","8":"first","9":"instock","10":"shipping-taxable","11":"purchasable","12":"product-type-variable"},"acf":[],"yoast_head":"<!-- This site is optimized with the Yoast SEO plugin v27.2 - https:\/\/yoast.com\/product\/yoast-seo-wordpress\/ -->\n<title>D\u00e9veloppement et ville durable - ISTE Group<\/title>\n<meta name=\"description\" content=\"La ville, dans son d\u00e9veloppement exponentiel, soul\u00e8ve aujourd\u2019hui de nombreux enjeux en mati\u00e8re de durabilit\u00e9. C\u2019est l\u2019objet principal de la r\u00e9flexion engag\u00e9e ici, qui se d\u00e9cline selon plusieurs axes. Il s\u2019agit d\u2019abord d\u2019adopter une approche critique du d\u00e9veloppement, notamment \u00e0 travers le prisme du concept de d\u00e9veloppement durable.\" \/>\n<meta name=\"robots\" content=\"index, follow, max-snippet:-1, max-image-preview:large, max-video-preview:-1\" \/>\n<link rel=\"canonical\" href=\"https:\/\/www.istegroup.com\/produit\/developpement-et-ville-durable\/\" \/>\n<meta property=\"og:locale\" content=\"fr_FR\" \/>\n<meta property=\"og:type\" content=\"article\" \/>\n<meta property=\"og:title\" content=\"D\u00e9veloppement et ville durable - ISTE Group\" \/>\n<meta property=\"og:description\" content=\"La ville, dans son d\u00e9veloppement exponentiel, soul\u00e8ve aujourd\u2019hui de nombreux enjeux en mati\u00e8re de durabilit\u00e9. C\u2019est l\u2019objet principal de la r\u00e9flexion engag\u00e9e ici, qui se d\u00e9cline selon plusieurs axes. Il s\u2019agit d\u2019abord d\u2019adopter une approche critique du d\u00e9veloppement, notamment \u00e0 travers le prisme du concept de d\u00e9veloppement durable.\" \/>\n<meta property=\"og:url\" content=\"https:\/\/www.istegroup.com\/produit\/developpement-et-ville-durable\/\" \/>\n<meta property=\"og:site_name\" content=\"ISTE Group\" \/>\n<meta property=\"article:modified_time\" content=\"2025-07-30T09:59:55+00:00\" \/>\n<meta property=\"og:image\" content=\"https:\/\/www.istegroup.com\/wp-content\/uploads\/2019\/11\/Developpement-et-ville-durable.jpeg\" \/>\n\t<meta property=\"og:image:width\" content=\"300\" \/>\n\t<meta property=\"og:image:height\" content=\"450\" \/>\n\t<meta property=\"og:image:type\" content=\"image\/jpeg\" \/>\n<meta name=\"twitter:card\" content=\"summary_large_image\" \/>\n<meta name=\"twitter:label1\" content=\"Est. reading time\" \/>\n\t<meta name=\"twitter:data1\" content=\"1 minute\" \/>\n<script type=\"application\/ld+json\" class=\"yoast-schema-graph\">{\"@context\":\"https:\/\/schema.org\",\"@graph\":[{\"@type\":\"WebPage\",\"@id\":\"https:\/\/www.istegroup.com\/produit\/developpement-et-ville-durable\/\",\"url\":\"https:\/\/www.istegroup.com\/produit\/developpement-et-ville-durable\/\",\"name\":\"D\u00e9veloppement et ville durable - ISTE Group\",\"isPartOf\":{\"@id\":\"https:\/\/www.istegroup.com\/#website\"},\"primaryImageOfPage\":{\"@id\":\"https:\/\/www.istegroup.com\/produit\/developpement-et-ville-durable\/#primaryimage\"},\"image\":{\"@id\":\"https:\/\/www.istegroup.com\/produit\/developpement-et-ville-durable\/#primaryimage\"},\"thumbnailUrl\":\"https:\/\/www.istegroup.com\/wp-content\/uploads\/2019\/11\/Developpement-et-ville-durable.jpeg\",\"datePublished\":\"2025-07-16T08:47:17+00:00\",\"dateModified\":\"2025-07-30T09:59:55+00:00\",\"description\":\"La ville, dans son d\u00e9veloppement exponentiel, soul\u00e8ve aujourd\u2019hui de nombreux enjeux en mati\u00e8re de durabilit\u00e9. C\u2019est l\u2019objet principal de la r\u00e9flexion engag\u00e9e ici, qui se d\u00e9cline selon plusieurs axes. Il s\u2019agit d\u2019abord d\u2019adopter une approche critique du d\u00e9veloppement, notamment \u00e0 travers le prisme du concept de d\u00e9veloppement durable.\",\"breadcrumb\":{\"@id\":\"https:\/\/www.istegroup.com\/produit\/developpement-et-ville-durable\/#breadcrumb\"},\"inLanguage\":\"fr-FR\",\"potentialAction\":[{\"@type\":\"ReadAction\",\"target\":[\"https:\/\/www.istegroup.com\/produit\/developpement-et-ville-durable\/\"]}]},{\"@type\":\"ImageObject\",\"inLanguage\":\"fr-FR\",\"@id\":\"https:\/\/www.istegroup.com\/produit\/developpement-et-ville-durable\/#primaryimage\",\"url\":\"https:\/\/www.istegroup.com\/wp-content\/uploads\/2019\/11\/Developpement-et-ville-durable.jpeg\",\"contentUrl\":\"https:\/\/www.istegroup.com\/wp-content\/uploads\/2019\/11\/Developpement-et-ville-durable.jpeg\",\"width\":300,\"height\":450},{\"@type\":\"BreadcrumbList\",\"@id\":\"https:\/\/www.istegroup.com\/produit\/developpement-et-ville-durable\/#breadcrumb\",\"itemListElement\":[{\"@type\":\"ListItem\",\"position\":1,\"name\":\"Home\",\"item\":\"https:\/\/www.istegroup.com\/\"},{\"@type\":\"ListItem\",\"position\":2,\"name\":\"Shop\",\"item\":\"https:\/\/www.istegroup.com\/fr\/nouveautes\/\"},{\"@type\":\"ListItem\",\"position\":3,\"name\":\"D\u00e9veloppement et ville durable\"}]},{\"@type\":\"WebSite\",\"@id\":\"https:\/\/www.istegroup.com\/#website\",\"url\":\"https:\/\/www.istegroup.com\/\",\"name\":\"ISTE Group\",\"description\":\"\u00c9diteur des Sciences\",\"potentialAction\":[{\"@type\":\"SearchAction\",\"target\":{\"@type\":\"EntryPoint\",\"urlTemplate\":\"https:\/\/www.istegroup.com\/?s={search_term_string}\"},\"query-input\":{\"@type\":\"PropertyValueSpecification\",\"valueRequired\":true,\"valueName\":\"search_term_string\"}}],\"inLanguage\":\"fr-FR\"}]}<\/script>\n<!-- \/ Yoast SEO plugin. -->","yoast_head_json":{"title":"D\u00e9veloppement et ville durable - ISTE Group","description":"La ville, dans son d\u00e9veloppement exponentiel, soul\u00e8ve aujourd\u2019hui de nombreux enjeux en mati\u00e8re de durabilit\u00e9. C\u2019est l\u2019objet principal de la r\u00e9flexion engag\u00e9e ici, qui se d\u00e9cline selon plusieurs axes. Il s\u2019agit d\u2019abord d\u2019adopter une approche critique du d\u00e9veloppement, notamment \u00e0 travers le prisme du concept de d\u00e9veloppement durable.","robots":{"index":"index","follow":"follow","max-snippet":"max-snippet:-1","max-image-preview":"max-image-preview:large","max-video-preview":"max-video-preview:-1"},"canonical":"https:\/\/www.istegroup.com\/produit\/developpement-et-ville-durable\/","og_locale":"fr_FR","og_type":"article","og_title":"D\u00e9veloppement et ville durable - ISTE Group","og_description":"La ville, dans son d\u00e9veloppement exponentiel, soul\u00e8ve aujourd\u2019hui de nombreux enjeux en mati\u00e8re de durabilit\u00e9. C\u2019est l\u2019objet principal de la r\u00e9flexion engag\u00e9e ici, qui se d\u00e9cline selon plusieurs axes. Il s\u2019agit d\u2019abord d\u2019adopter une approche critique du d\u00e9veloppement, notamment \u00e0 travers le prisme du concept de d\u00e9veloppement durable.","og_url":"https:\/\/www.istegroup.com\/produit\/developpement-et-ville-durable\/","og_site_name":"ISTE Group","article_modified_time":"2025-07-30T09:59:55+00:00","og_image":[{"width":300,"height":450,"url":"https:\/\/www.istegroup.com\/wp-content\/uploads\/2019\/11\/Developpement-et-ville-durable.jpeg","type":"image\/jpeg"}],"twitter_card":"summary_large_image","twitter_misc":{"Est. reading time":"1 minute"},"schema":{"@context":"https:\/\/schema.org","@graph":[{"@type":"WebPage","@id":"https:\/\/www.istegroup.com\/produit\/developpement-et-ville-durable\/","url":"https:\/\/www.istegroup.com\/produit\/developpement-et-ville-durable\/","name":"D\u00e9veloppement et ville durable - ISTE Group","isPartOf":{"@id":"https:\/\/www.istegroup.com\/#website"},"primaryImageOfPage":{"@id":"https:\/\/www.istegroup.com\/produit\/developpement-et-ville-durable\/#primaryimage"},"image":{"@id":"https:\/\/www.istegroup.com\/produit\/developpement-et-ville-durable\/#primaryimage"},"thumbnailUrl":"https:\/\/www.istegroup.com\/wp-content\/uploads\/2019\/11\/Developpement-et-ville-durable.jpeg","datePublished":"2025-07-16T08:47:17+00:00","dateModified":"2025-07-30T09:59:55+00:00","description":"La ville, dans son d\u00e9veloppement exponentiel, soul\u00e8ve aujourd\u2019hui de nombreux enjeux en mati\u00e8re de durabilit\u00e9. C\u2019est l\u2019objet principal de la r\u00e9flexion engag\u00e9e ici, qui se d\u00e9cline selon plusieurs axes. Il s\u2019agit d\u2019abord d\u2019adopter une approche critique du d\u00e9veloppement, notamment \u00e0 travers le prisme du concept de d\u00e9veloppement durable.","breadcrumb":{"@id":"https:\/\/www.istegroup.com\/produit\/developpement-et-ville-durable\/#breadcrumb"},"inLanguage":"fr-FR","potentialAction":[{"@type":"ReadAction","target":["https:\/\/www.istegroup.com\/produit\/developpement-et-ville-durable\/"]}]},{"@type":"ImageObject","inLanguage":"fr-FR","@id":"https:\/\/www.istegroup.com\/produit\/developpement-et-ville-durable\/#primaryimage","url":"https:\/\/www.istegroup.com\/wp-content\/uploads\/2019\/11\/Developpement-et-ville-durable.jpeg","contentUrl":"https:\/\/www.istegroup.com\/wp-content\/uploads\/2019\/11\/Developpement-et-ville-durable.jpeg","width":300,"height":450},{"@type":"BreadcrumbList","@id":"https:\/\/www.istegroup.com\/produit\/developpement-et-ville-durable\/#breadcrumb","itemListElement":[{"@type":"ListItem","position":1,"name":"Home","item":"https:\/\/www.istegroup.com\/"},{"@type":"ListItem","position":2,"name":"Shop","item":"https:\/\/www.istegroup.com\/fr\/nouveautes\/"},{"@type":"ListItem","position":3,"name":"D\u00e9veloppement et ville durable"}]},{"@type":"WebSite","@id":"https:\/\/www.istegroup.com\/#website","url":"https:\/\/www.istegroup.com\/","name":"ISTE Group","description":"\u00c9diteur des Sciences","potentialAction":[{"@type":"SearchAction","target":{"@type":"EntryPoint","urlTemplate":"https:\/\/www.istegroup.com\/?s={search_term_string}"},"query-input":{"@type":"PropertyValueSpecification","valueRequired":true,"valueName":"search_term_string"}}],"inLanguage":"fr-FR"}]}},"_links":{"self":[{"href":"https:\/\/www.istegroup.com\/fr\/wp-json\/wp\/v2\/product\/23534","targetHints":{"allow":["GET"]}}],"collection":[{"href":"https:\/\/www.istegroup.com\/fr\/wp-json\/wp\/v2\/product"}],"about":[{"href":"https:\/\/www.istegroup.com\/fr\/wp-json\/wp\/v2\/types\/product"}],"wp:featuredmedia":[{"embeddable":true,"href":"https:\/\/www.istegroup.com\/fr\/wp-json\/wp\/v2\/media\/60986"}],"wp:attachment":[{"href":"https:\/\/www.istegroup.com\/fr\/wp-json\/wp\/v2\/media?parent=23534"}],"wp:term":[{"taxonomy":"product_brand","embeddable":true,"href":"https:\/\/www.istegroup.com\/fr\/wp-json\/wp\/v2\/product_brand?post=23534"},{"taxonomy":"product_cat","embeddable":true,"href":"https:\/\/www.istegroup.com\/fr\/wp-json\/wp\/v2\/product_cat?post=23534"},{"taxonomy":"product_tag","embeddable":true,"href":"https:\/\/www.istegroup.com\/fr\/wp-json\/wp\/v2\/product_tag?post=23534"}],"curies":[{"name":"wp","href":"https:\/\/api.w.org\/{rel}","templated":true}]}}