{"id":23533,"date":"2023-01-19T09:41:02","date_gmt":"2023-01-19T09:41:02","guid":{"rendered":"https:\/\/www.istegroup.com\/?post_type=product&#038;p=23533"},"modified":"2025-01-03T11:54:37","modified_gmt":"2025-01-03T11:54:37","slug":"gestion-integree-de-lenvironnement-urbain-et-resilience","status":"publish","type":"product","link":"https:\/\/www.istegroup.com\/fr\/produit\/gestion-integree-de-lenvironnement-urbain-et-resilience\/","title":{"rendered":"Gestion int\u00e9gr\u00e9e de l\u2019environnement urbain et r\u00e9silience"},"content":{"rendered":"<p>La ville, et en particulier l\u2019urbanisation, suscitent un int\u00e9r\u00eat \u00e9vident qui tient principalement aux mod\u00e8les qu\u2019il convient de choisir pour occuper et pr\u00e9server notre espace commun, la plan\u00e8te.<\/p>\n<p><em>Gestion int\u00e9gr\u00e9e de l\u2019environnement urbain et r\u00e9silience<\/em> pr\u00e9sente une lecture transversale et pluridisciplinaire de la ville et de l\u2019urbanit\u00e9 afin de mieux comprendre les fondements, les enjeux et les difficult\u00e9s de la production de l\u2019espace que constitue la ville de demain.<\/p>\n<p>Cet ouvrage met en perspective l\u2019histoire de la ville et les solutions envisag\u00e9es en tant que probl\u00e9matique soci\u00e9tale, introduisant l\u2019id\u00e9e m\u00eame de r\u00e9silience entre le sens que l\u2019on donne \u00e0 la ville et les techniques et les contraintes de soutenabilit\u00e9.<\/p>","protected":false},"excerpt":{"rendered":"<p>La ville, et en particulier l\u2019urbanisation, suscitent un int\u00e9r\u00eat \u00e9vident qui tient principalement aux mod\u00e8les qu\u2019il convient de choisir pour occuper et pr\u00e9server notre espace commun, la plan\u00e8te. Gestion int\u00e9gr\u00e9e de l\u2019environnement urbain et r\u00e9silience pr\u00e9sente une lecture transversale et pluridisciplinaire de la ville et de l\u2019urbanit\u00e9 afin de mieux comprendre les fondements, les enjeux [&hellip;]<\/p>\n","protected":false},"featured_media":49364,"template":"","meta":{"_acf_changed":false,"_links_to":"","_links_to_target":""},"product_brand":[],"product_cat":[4289],"product_tag":[],"class_list":{"0":"post-23533","1":"product","2":"type-product","3":"status-publish","4":"has-post-thumbnail","6":"product_cat-sciences","8":"first","9":"instock","10":"shipping-taxable","11":"purchasable","12":"product-type-variable"},"acf":[],"yoast_head":"<!-- This site is optimized with the Yoast SEO plugin v27.2 - https:\/\/yoast.com\/product\/yoast-seo-wordpress\/ -->\n<title>Gestion int\u00e9gr\u00e9e de l\u2019environnement urbain et r\u00e9silience - ISTE Group<\/title>\n<meta name=\"description\" content=\"Gestion int\u00e9gr\u00e9e de l\u2019environnement urbain et r\u00e9silience pr\u00e9sente une lecture transversale et pluridisciplinaire de la ville et de l\u2019urbanit\u00e9 afin de mieux comprendre les fondements, les enjeux et les difficult\u00e9s de la production de l\u2019espace que constitue la ville de demain.\" \/>\n<meta name=\"robots\" content=\"index, follow, max-snippet:-1, max-image-preview:large, max-video-preview:-1\" \/>\n<link rel=\"canonical\" href=\"https:\/\/www.istegroup.com\/fr\/produit\/gestion-integree-de-lenvironnement-urbain-et-resilience\/\" \/>\n<meta property=\"og:locale\" content=\"fr_FR\" \/>\n<meta property=\"og:type\" content=\"article\" \/>\n<meta property=\"og:title\" content=\"Gestion int\u00e9gr\u00e9e de l\u2019environnement urbain et r\u00e9silience - ISTE Group\" \/>\n<meta property=\"og:description\" content=\"Gestion int\u00e9gr\u00e9e de l\u2019environnement urbain et r\u00e9silience pr\u00e9sente une lecture transversale et pluridisciplinaire de la ville et de l\u2019urbanit\u00e9 afin de mieux comprendre les fondements, les enjeux et les difficult\u00e9s de la production de l\u2019espace que constitue la ville de demain.\" \/>\n<meta property=\"og:url\" content=\"https:\/\/www.istegroup.com\/fr\/produit\/gestion-integree-de-lenvironnement-urbain-et-resilience\/\" \/>\n<meta property=\"og:site_name\" content=\"ISTE Group\" \/>\n<meta property=\"article:modified_time\" content=\"2025-01-03T11:54:37+00:00\" \/>\n<meta property=\"og:image\" content=\"https:\/\/www.istegroup.com\/wp-content\/uploads\/2022\/12\/Gestion-integree-de-lenvironnement-urbain-et-resilience.jpeg\" \/>\n\t<meta property=\"og:image:width\" content=\"300\" \/>\n\t<meta property=\"og:image:height\" content=\"450\" \/>\n\t<meta property=\"og:image:type\" content=\"image\/jpeg\" \/>\n<meta name=\"twitter:card\" content=\"summary_large_image\" \/>\n<meta name=\"twitter:label1\" content=\"Est. reading time\" \/>\n\t<meta name=\"twitter:data1\" content=\"1 minute\" \/>\n<script type=\"application\/ld+json\" class=\"yoast-schema-graph\">{\"@context\":\"https:\/\/schema.org\",\"@graph\":[{\"@type\":\"WebPage\",\"@id\":\"https:\/\/www.istegroup.com\/fr\/produit\/gestion-integree-de-lenvironnement-urbain-et-resilience\/\",\"url\":\"https:\/\/www.istegroup.com\/fr\/produit\/gestion-integree-de-lenvironnement-urbain-et-resilience\/\",\"name\":\"Gestion int\u00e9gr\u00e9e de l\u2019environnement urbain et r\u00e9silience - ISTE Group\",\"isPartOf\":{\"@id\":\"https:\/\/www.istegroup.com\/#website\"},\"primaryImageOfPage\":{\"@id\":\"https:\/\/www.istegroup.com\/fr\/produit\/gestion-integree-de-lenvironnement-urbain-et-resilience\/#primaryimage\"},\"image\":{\"@id\":\"https:\/\/www.istegroup.com\/fr\/produit\/gestion-integree-de-lenvironnement-urbain-et-resilience\/#primaryimage\"},\"thumbnailUrl\":\"https:\/\/www.istegroup.com\/wp-content\/uploads\/2022\/12\/Gestion-integree-de-lenvironnement-urbain-et-resilience.jpeg\",\"datePublished\":\"2023-01-19T09:41:02+00:00\",\"dateModified\":\"2025-01-03T11:54:37+00:00\",\"description\":\"Gestion int\u00e9gr\u00e9e de l\u2019environnement urbain et r\u00e9silience pr\u00e9sente une lecture transversale et pluridisciplinaire de la ville et de l\u2019urbanit\u00e9 afin de mieux comprendre les fondements, les enjeux et les difficult\u00e9s de la production de l\u2019espace que constitue la ville de demain.\",\"breadcrumb\":{\"@id\":\"https:\/\/www.istegroup.com\/fr\/produit\/gestion-integree-de-lenvironnement-urbain-et-resilience\/#breadcrumb\"},\"inLanguage\":\"fr-FR\",\"potentialAction\":[{\"@type\":\"ReadAction\",\"target\":[\"https:\/\/www.istegroup.com\/fr\/produit\/gestion-integree-de-lenvironnement-urbain-et-resilience\/\"]}]},{\"@type\":\"ImageObject\",\"inLanguage\":\"fr-FR\",\"@id\":\"https:\/\/www.istegroup.com\/fr\/produit\/gestion-integree-de-lenvironnement-urbain-et-resilience\/#primaryimage\",\"url\":\"https:\/\/www.istegroup.com\/wp-content\/uploads\/2022\/12\/Gestion-integree-de-lenvironnement-urbain-et-resilience.jpeg\",\"contentUrl\":\"https:\/\/www.istegroup.com\/wp-content\/uploads\/2022\/12\/Gestion-integree-de-lenvironnement-urbain-et-resilience.jpeg\",\"width\":300,\"height\":450,\"caption\":\"Livre scientifique - Gestion int\u00e9gr\u00e9e de l\u2019environnement urbain et r\u00e9silience - Encyclop\u00e9die SCIENCES\"},{\"@type\":\"BreadcrumbList\",\"@id\":\"https:\/\/www.istegroup.com\/fr\/produit\/gestion-integree-de-lenvironnement-urbain-et-resilience\/#breadcrumb\",\"itemListElement\":[{\"@type\":\"ListItem\",\"position\":1,\"name\":\"Home\",\"item\":\"https:\/\/www.istegroup.com\/\"},{\"@type\":\"ListItem\",\"position\":2,\"name\":\"Shop\",\"item\":\"https:\/\/www.istegroup.com\/fr\/nouveautes\/\"},{\"@type\":\"ListItem\",\"position\":3,\"name\":\"Gestion int\u00e9gr\u00e9e de l\u2019environnement urbain et r\u00e9silience\"}]},{\"@type\":\"WebSite\",\"@id\":\"https:\/\/www.istegroup.com\/#website\",\"url\":\"https:\/\/www.istegroup.com\/\",\"name\":\"ISTE Group\",\"description\":\"\u00c9diteur des Sciences\",\"potentialAction\":[{\"@type\":\"SearchAction\",\"target\":{\"@type\":\"EntryPoint\",\"urlTemplate\":\"https:\/\/www.istegroup.com\/?s={search_term_string}\"},\"query-input\":{\"@type\":\"PropertyValueSpecification\",\"valueRequired\":true,\"valueName\":\"search_term_string\"}}],\"inLanguage\":\"fr-FR\"}]}<\/script>\n<!-- \/ Yoast SEO plugin. -->","yoast_head_json":{"title":"Gestion int\u00e9gr\u00e9e de l\u2019environnement urbain et r\u00e9silience - ISTE Group","description":"Gestion int\u00e9gr\u00e9e de l\u2019environnement urbain et r\u00e9silience pr\u00e9sente une lecture transversale et pluridisciplinaire de la ville et de l\u2019urbanit\u00e9 afin de mieux comprendre les fondements, les enjeux et les difficult\u00e9s de la production de l\u2019espace que constitue la ville de demain.","robots":{"index":"index","follow":"follow","max-snippet":"max-snippet:-1","max-image-preview":"max-image-preview:large","max-video-preview":"max-video-preview:-1"},"canonical":"https:\/\/www.istegroup.com\/fr\/produit\/gestion-integree-de-lenvironnement-urbain-et-resilience\/","og_locale":"fr_FR","og_type":"article","og_title":"Gestion int\u00e9gr\u00e9e de l\u2019environnement urbain et r\u00e9silience - ISTE Group","og_description":"Gestion int\u00e9gr\u00e9e de l\u2019environnement urbain et r\u00e9silience pr\u00e9sente une lecture transversale et pluridisciplinaire de la ville et de l\u2019urbanit\u00e9 afin de mieux comprendre les fondements, les enjeux et les difficult\u00e9s de la production de l\u2019espace que constitue la ville de demain.","og_url":"https:\/\/www.istegroup.com\/fr\/produit\/gestion-integree-de-lenvironnement-urbain-et-resilience\/","og_site_name":"ISTE Group","article_modified_time":"2025-01-03T11:54:37+00:00","og_image":[{"width":300,"height":450,"url":"https:\/\/www.istegroup.com\/wp-content\/uploads\/2022\/12\/Gestion-integree-de-lenvironnement-urbain-et-resilience.jpeg","type":"image\/jpeg"}],"twitter_card":"summary_large_image","twitter_misc":{"Est. reading time":"1 minute"},"schema":{"@context":"https:\/\/schema.org","@graph":[{"@type":"WebPage","@id":"https:\/\/www.istegroup.com\/fr\/produit\/gestion-integree-de-lenvironnement-urbain-et-resilience\/","url":"https:\/\/www.istegroup.com\/fr\/produit\/gestion-integree-de-lenvironnement-urbain-et-resilience\/","name":"Gestion int\u00e9gr\u00e9e de l\u2019environnement urbain et r\u00e9silience - ISTE Group","isPartOf":{"@id":"https:\/\/www.istegroup.com\/#website"},"primaryImageOfPage":{"@id":"https:\/\/www.istegroup.com\/fr\/produit\/gestion-integree-de-lenvironnement-urbain-et-resilience\/#primaryimage"},"image":{"@id":"https:\/\/www.istegroup.com\/fr\/produit\/gestion-integree-de-lenvironnement-urbain-et-resilience\/#primaryimage"},"thumbnailUrl":"https:\/\/www.istegroup.com\/wp-content\/uploads\/2022\/12\/Gestion-integree-de-lenvironnement-urbain-et-resilience.jpeg","datePublished":"2023-01-19T09:41:02+00:00","dateModified":"2025-01-03T11:54:37+00:00","description":"Gestion int\u00e9gr\u00e9e de l\u2019environnement urbain et r\u00e9silience pr\u00e9sente une lecture transversale et pluridisciplinaire de la ville et de l\u2019urbanit\u00e9 afin de mieux comprendre les fondements, les enjeux et les difficult\u00e9s de la production de l\u2019espace que constitue la ville de demain.","breadcrumb":{"@id":"https:\/\/www.istegroup.com\/fr\/produit\/gestion-integree-de-lenvironnement-urbain-et-resilience\/#breadcrumb"},"inLanguage":"fr-FR","potentialAction":[{"@type":"ReadAction","target":["https:\/\/www.istegroup.com\/fr\/produit\/gestion-integree-de-lenvironnement-urbain-et-resilience\/"]}]},{"@type":"ImageObject","inLanguage":"fr-FR","@id":"https:\/\/www.istegroup.com\/fr\/produit\/gestion-integree-de-lenvironnement-urbain-et-resilience\/#primaryimage","url":"https:\/\/www.istegroup.com\/wp-content\/uploads\/2022\/12\/Gestion-integree-de-lenvironnement-urbain-et-resilience.jpeg","contentUrl":"https:\/\/www.istegroup.com\/wp-content\/uploads\/2022\/12\/Gestion-integree-de-lenvironnement-urbain-et-resilience.jpeg","width":300,"height":450,"caption":"Livre scientifique - Gestion int\u00e9gr\u00e9e de l\u2019environnement urbain et r\u00e9silience - Encyclop\u00e9die SCIENCES"},{"@type":"BreadcrumbList","@id":"https:\/\/www.istegroup.com\/fr\/produit\/gestion-integree-de-lenvironnement-urbain-et-resilience\/#breadcrumb","itemListElement":[{"@type":"ListItem","position":1,"name":"Home","item":"https:\/\/www.istegroup.com\/"},{"@type":"ListItem","position":2,"name":"Shop","item":"https:\/\/www.istegroup.com\/fr\/nouveautes\/"},{"@type":"ListItem","position":3,"name":"Gestion int\u00e9gr\u00e9e de l\u2019environnement urbain et r\u00e9silience"}]},{"@type":"WebSite","@id":"https:\/\/www.istegroup.com\/#website","url":"https:\/\/www.istegroup.com\/","name":"ISTE Group","description":"\u00c9diteur des Sciences","potentialAction":[{"@type":"SearchAction","target":{"@type":"EntryPoint","urlTemplate":"https:\/\/www.istegroup.com\/?s={search_term_string}"},"query-input":{"@type":"PropertyValueSpecification","valueRequired":true,"valueName":"search_term_string"}}],"inLanguage":"fr-FR"}]}},"_links":{"self":[{"href":"https:\/\/www.istegroup.com\/fr\/wp-json\/wp\/v2\/product\/23533","targetHints":{"allow":["GET"]}}],"collection":[{"href":"https:\/\/www.istegroup.com\/fr\/wp-json\/wp\/v2\/product"}],"about":[{"href":"https:\/\/www.istegroup.com\/fr\/wp-json\/wp\/v2\/types\/product"}],"wp:featuredmedia":[{"embeddable":true,"href":"https:\/\/www.istegroup.com\/fr\/wp-json\/wp\/v2\/media\/49364"}],"wp:attachment":[{"href":"https:\/\/www.istegroup.com\/fr\/wp-json\/wp\/v2\/media?parent=23533"}],"wp:term":[{"taxonomy":"product_brand","embeddable":true,"href":"https:\/\/www.istegroup.com\/fr\/wp-json\/wp\/v2\/product_brand?post=23533"},{"taxonomy":"product_cat","embeddable":true,"href":"https:\/\/www.istegroup.com\/fr\/wp-json\/wp\/v2\/product_cat?post=23533"},{"taxonomy":"product_tag","embeddable":true,"href":"https:\/\/www.istegroup.com\/fr\/wp-json\/wp\/v2\/product_tag?post=23533"}],"curies":[{"name":"wp","href":"https:\/\/api.w.org\/{rel}","templated":true}]}}