{"id":23516,"date":"2023-03-21T17:20:49","date_gmt":"2023-03-21T17:20:49","guid":{"rendered":"https:\/\/www.istegroup.com\/?post_type=product&#038;p=23516"},"modified":"2025-01-03T11:10:59","modified_gmt":"2025-01-03T11:10:59","slug":"evaluation-des-risques-microbiologiques","status":"publish","type":"product","link":"https:\/\/www.istegroup.com\/fr\/produit\/evaluation-des-risques-microbiologiques\/","title":{"rendered":"\u00c9valuation des risques microbiologiques"},"content":{"rendered":"<p>Selon l\u2019OMS, chaque ann\u00e9e dans le monde, une personne sur dix est malade apr\u00e8s avoir consomm\u00e9 des aliments contamin\u00e9s. Les maladies diarrh\u00e9iques sont responsables de 550 millions de cas. <em>\u00c9valuation des risques microbiologiques<\/em> vise \u00e0 caract\u00e9riser la nature et la probabilit\u00e9 des dommages r\u00e9sultant de l\u2019exposition humaine aux agents biologiques pr\u00e9sents dans les denr\u00e9es alimentaires.<\/p>\n<p>Apr\u00e8s avoir fait un rappel sur la s\u00e9curit\u00e9 des aliments et l\u2019\u00e9valuation des risques, cet ouvrage d\u00e9taille les \u00e9tapes de l\u2019\u00e9valuation des risques microbiologiques : l\u2019identification des dangers, l\u2019\u00e9valuation de l\u2019exposition subdivis\u00e9e en m\u00e9thodes de d\u00e9tection et de d\u00e9nombrement des agents pathog\u00e8nes, et la quantification du niveau d\u2019exposition. De m\u00eame, la caract\u00e9risation des dangers est subdivis\u00e9e en m\u00e9canismes de pathog\u00e9nicit\u00e9, et quantification de la dose-r\u00e9ponse. Enfin, un guide pour la caract\u00e9risation du risque microbiologique est fourni.<\/p>\n<p>La conclusion pr\u00e9sente des pistes pour le d\u00e9veloppement de l\u2019\u00e9valuation du risque microbiologique, notamment son int\u00e9gration dans une \u00e9valuation holistique des syst\u00e8mes alimentaires.<\/p>","protected":false},"excerpt":{"rendered":"<p>Selon l\u2019OMS, chaque ann\u00e9e dans le monde, une personne sur dix est malade apr\u00e8s avoir consomm\u00e9 des aliments contamin\u00e9s. Les maladies diarrh\u00e9iques sont responsables de 550 millions de cas. \u00c9valuation des risques microbiologiques vise \u00e0 caract\u00e9riser la nature et la probabilit\u00e9 des dommages r\u00e9sultant de l\u2019exposition humaine aux agents biologiques pr\u00e9sents dans les denr\u00e9es alimentaires. [&hellip;]<\/p>\n","protected":false},"featured_media":50449,"template":"","meta":{"_acf_changed":false,"_links_to":"","_links_to_target":""},"product_brand":[],"product_cat":[4289],"product_tag":[],"class_list":{"0":"post-23516","1":"product","2":"type-product","3":"status-publish","4":"has-post-thumbnail","6":"product_cat-sciences","8":"first","9":"instock","10":"shipping-taxable","11":"purchasable","12":"product-type-variable"},"acf":[],"yoast_head":"<!-- This site is optimized with the Yoast SEO plugin v27.2 - https:\/\/yoast.com\/product\/yoast-seo-wordpress\/ -->\n<title>\u00c9valuation des risques microbiologiques - ISTE Group<\/title>\n<meta name=\"robots\" content=\"index, follow, max-snippet:-1, max-image-preview:large, max-video-preview:-1\" \/>\n<link rel=\"canonical\" href=\"https:\/\/www.istegroup.com\/fr\/produit\/evaluation-des-risques-microbiologiques\/\" \/>\n<meta property=\"og:locale\" content=\"fr_FR\" \/>\n<meta property=\"og:type\" content=\"article\" \/>\n<meta property=\"og:title\" content=\"\u00c9valuation des risques microbiologiques - ISTE Group\" \/>\n<meta property=\"og:description\" content=\"Selon l\u2019OMS, chaque ann\u00e9e dans le monde, une personne sur dix est malade apr\u00e8s avoir consomm\u00e9 des aliments contamin\u00e9s. Les maladies diarrh\u00e9iques sont responsables de 550 millions de cas. \u00c9valuation des risques microbiologiques vise \u00e0 caract\u00e9riser la nature et la probabilit\u00e9 des dommages r\u00e9sultant de l\u2019exposition humaine aux agents biologiques pr\u00e9sents dans les denr\u00e9es alimentaires. [&hellip;]\" \/>\n<meta property=\"og:url\" content=\"https:\/\/www.istegroup.com\/fr\/produit\/evaluation-des-risques-microbiologiques\/\" \/>\n<meta property=\"og:site_name\" content=\"ISTE Group\" \/>\n<meta property=\"article:modified_time\" content=\"2025-01-03T11:10:59+00:00\" \/>\n<meta property=\"og:image\" content=\"https:\/\/www.istegroup.com\/wp-content\/uploads\/2019\/11\/084_Evaluation-des-risques-microbiologiques.png\" \/>\n\t<meta property=\"og:image:width\" content=\"300\" \/>\n\t<meta property=\"og:image:height\" content=\"450\" \/>\n\t<meta property=\"og:image:type\" content=\"image\/png\" \/>\n<meta name=\"twitter:card\" content=\"summary_large_image\" \/>\n<meta name=\"twitter:label1\" content=\"Est. reading time\" \/>\n\t<meta name=\"twitter:data1\" content=\"1 minute\" \/>\n<script type=\"application\/ld+json\" class=\"yoast-schema-graph\">{\"@context\":\"https:\/\/schema.org\",\"@graph\":[{\"@type\":\"WebPage\",\"@id\":\"https:\/\/www.istegroup.com\/fr\/produit\/evaluation-des-risques-microbiologiques\/\",\"url\":\"https:\/\/www.istegroup.com\/fr\/produit\/evaluation-des-risques-microbiologiques\/\",\"name\":\"\u00c9valuation des risques microbiologiques - ISTE Group\",\"isPartOf\":{\"@id\":\"https:\/\/www.istegroup.com\/#website\"},\"primaryImageOfPage\":{\"@id\":\"https:\/\/www.istegroup.com\/fr\/produit\/evaluation-des-risques-microbiologiques\/#primaryimage\"},\"image\":{\"@id\":\"https:\/\/www.istegroup.com\/fr\/produit\/evaluation-des-risques-microbiologiques\/#primaryimage\"},\"thumbnailUrl\":\"https:\/\/www.istegroup.com\/wp-content\/uploads\/2019\/11\/084_Evaluation-des-risques-microbiologiques.png\",\"datePublished\":\"2023-03-21T17:20:49+00:00\",\"dateModified\":\"2025-01-03T11:10:59+00:00\",\"breadcrumb\":{\"@id\":\"https:\/\/www.istegroup.com\/fr\/produit\/evaluation-des-risques-microbiologiques\/#breadcrumb\"},\"inLanguage\":\"fr-FR\",\"potentialAction\":[{\"@type\":\"ReadAction\",\"target\":[\"https:\/\/www.istegroup.com\/fr\/produit\/evaluation-des-risques-microbiologiques\/\"]}]},{\"@type\":\"ImageObject\",\"inLanguage\":\"fr-FR\",\"@id\":\"https:\/\/www.istegroup.com\/fr\/produit\/evaluation-des-risques-microbiologiques\/#primaryimage\",\"url\":\"https:\/\/www.istegroup.com\/wp-content\/uploads\/2019\/11\/084_Evaluation-des-risques-microbiologiques.png\",\"contentUrl\":\"https:\/\/www.istegroup.com\/wp-content\/uploads\/2019\/11\/084_Evaluation-des-risques-microbiologiques.png\",\"width\":300,\"height\":450,\"caption\":\"Livre scientifique - \u00c9valuation des risques microbiologiques - Encyclop\u00e9die SCIENCES\"},{\"@type\":\"BreadcrumbList\",\"@id\":\"https:\/\/www.istegroup.com\/fr\/produit\/evaluation-des-risques-microbiologiques\/#breadcrumb\",\"itemListElement\":[{\"@type\":\"ListItem\",\"position\":1,\"name\":\"Home\",\"item\":\"https:\/\/www.istegroup.com\/\"},{\"@type\":\"ListItem\",\"position\":2,\"name\":\"Shop\",\"item\":\"https:\/\/www.istegroup.com\/fr\/nouveautes\/\"},{\"@type\":\"ListItem\",\"position\":3,\"name\":\"\u00c9valuation des risques microbiologiques\"}]},{\"@type\":\"WebSite\",\"@id\":\"https:\/\/www.istegroup.com\/#website\",\"url\":\"https:\/\/www.istegroup.com\/\",\"name\":\"ISTE Group\",\"description\":\"\u00c9diteur des Sciences\",\"potentialAction\":[{\"@type\":\"SearchAction\",\"target\":{\"@type\":\"EntryPoint\",\"urlTemplate\":\"https:\/\/www.istegroup.com\/?s={search_term_string}\"},\"query-input\":{\"@type\":\"PropertyValueSpecification\",\"valueRequired\":true,\"valueName\":\"search_term_string\"}}],\"inLanguage\":\"fr-FR\"}]}<\/script>\n<!-- \/ Yoast SEO plugin. -->","yoast_head_json":{"title":"\u00c9valuation des risques microbiologiques - ISTE Group","robots":{"index":"index","follow":"follow","max-snippet":"max-snippet:-1","max-image-preview":"max-image-preview:large","max-video-preview":"max-video-preview:-1"},"canonical":"https:\/\/www.istegroup.com\/fr\/produit\/evaluation-des-risques-microbiologiques\/","og_locale":"fr_FR","og_type":"article","og_title":"\u00c9valuation des risques microbiologiques - ISTE Group","og_description":"Selon l\u2019OMS, chaque ann\u00e9e dans le monde, une personne sur dix est malade apr\u00e8s avoir consomm\u00e9 des aliments contamin\u00e9s. Les maladies diarrh\u00e9iques sont responsables de 550 millions de cas. \u00c9valuation des risques microbiologiques vise \u00e0 caract\u00e9riser la nature et la probabilit\u00e9 des dommages r\u00e9sultant de l\u2019exposition humaine aux agents biologiques pr\u00e9sents dans les denr\u00e9es alimentaires. [&hellip;]","og_url":"https:\/\/www.istegroup.com\/fr\/produit\/evaluation-des-risques-microbiologiques\/","og_site_name":"ISTE Group","article_modified_time":"2025-01-03T11:10:59+00:00","og_image":[{"width":300,"height":450,"url":"https:\/\/www.istegroup.com\/wp-content\/uploads\/2019\/11\/084_Evaluation-des-risques-microbiologiques.png","type":"image\/png"}],"twitter_card":"summary_large_image","twitter_misc":{"Est. reading time":"1 minute"},"schema":{"@context":"https:\/\/schema.org","@graph":[{"@type":"WebPage","@id":"https:\/\/www.istegroup.com\/fr\/produit\/evaluation-des-risques-microbiologiques\/","url":"https:\/\/www.istegroup.com\/fr\/produit\/evaluation-des-risques-microbiologiques\/","name":"\u00c9valuation des risques microbiologiques - ISTE Group","isPartOf":{"@id":"https:\/\/www.istegroup.com\/#website"},"primaryImageOfPage":{"@id":"https:\/\/www.istegroup.com\/fr\/produit\/evaluation-des-risques-microbiologiques\/#primaryimage"},"image":{"@id":"https:\/\/www.istegroup.com\/fr\/produit\/evaluation-des-risques-microbiologiques\/#primaryimage"},"thumbnailUrl":"https:\/\/www.istegroup.com\/wp-content\/uploads\/2019\/11\/084_Evaluation-des-risques-microbiologiques.png","datePublished":"2023-03-21T17:20:49+00:00","dateModified":"2025-01-03T11:10:59+00:00","breadcrumb":{"@id":"https:\/\/www.istegroup.com\/fr\/produit\/evaluation-des-risques-microbiologiques\/#breadcrumb"},"inLanguage":"fr-FR","potentialAction":[{"@type":"ReadAction","target":["https:\/\/www.istegroup.com\/fr\/produit\/evaluation-des-risques-microbiologiques\/"]}]},{"@type":"ImageObject","inLanguage":"fr-FR","@id":"https:\/\/www.istegroup.com\/fr\/produit\/evaluation-des-risques-microbiologiques\/#primaryimage","url":"https:\/\/www.istegroup.com\/wp-content\/uploads\/2019\/11\/084_Evaluation-des-risques-microbiologiques.png","contentUrl":"https:\/\/www.istegroup.com\/wp-content\/uploads\/2019\/11\/084_Evaluation-des-risques-microbiologiques.png","width":300,"height":450,"caption":"Livre scientifique - \u00c9valuation des risques microbiologiques - Encyclop\u00e9die SCIENCES"},{"@type":"BreadcrumbList","@id":"https:\/\/www.istegroup.com\/fr\/produit\/evaluation-des-risques-microbiologiques\/#breadcrumb","itemListElement":[{"@type":"ListItem","position":1,"name":"Home","item":"https:\/\/www.istegroup.com\/"},{"@type":"ListItem","position":2,"name":"Shop","item":"https:\/\/www.istegroup.com\/fr\/nouveautes\/"},{"@type":"ListItem","position":3,"name":"\u00c9valuation des risques microbiologiques"}]},{"@type":"WebSite","@id":"https:\/\/www.istegroup.com\/#website","url":"https:\/\/www.istegroup.com\/","name":"ISTE Group","description":"\u00c9diteur des Sciences","potentialAction":[{"@type":"SearchAction","target":{"@type":"EntryPoint","urlTemplate":"https:\/\/www.istegroup.com\/?s={search_term_string}"},"query-input":{"@type":"PropertyValueSpecification","valueRequired":true,"valueName":"search_term_string"}}],"inLanguage":"fr-FR"}]}},"_links":{"self":[{"href":"https:\/\/www.istegroup.com\/fr\/wp-json\/wp\/v2\/product\/23516","targetHints":{"allow":["GET"]}}],"collection":[{"href":"https:\/\/www.istegroup.com\/fr\/wp-json\/wp\/v2\/product"}],"about":[{"href":"https:\/\/www.istegroup.com\/fr\/wp-json\/wp\/v2\/types\/product"}],"wp:featuredmedia":[{"embeddable":true,"href":"https:\/\/www.istegroup.com\/fr\/wp-json\/wp\/v2\/media\/50449"}],"wp:attachment":[{"href":"https:\/\/www.istegroup.com\/fr\/wp-json\/wp\/v2\/media?parent=23516"}],"wp:term":[{"taxonomy":"product_brand","embeddable":true,"href":"https:\/\/www.istegroup.com\/fr\/wp-json\/wp\/v2\/product_brand?post=23516"},{"taxonomy":"product_cat","embeddable":true,"href":"https:\/\/www.istegroup.com\/fr\/wp-json\/wp\/v2\/product_cat?post=23516"},{"taxonomy":"product_tag","embeddable":true,"href":"https:\/\/www.istegroup.com\/fr\/wp-json\/wp\/v2\/product_tag?post=23516"}],"curies":[{"name":"wp","href":"https:\/\/api.w.org\/{rel}","templated":true}]}}