{"id":23502,"date":"2023-09-26T16:40:59","date_gmt":"2023-09-26T15:40:59","guid":{"rendered":"https:\/\/www.istegroup.com\/?post_type=product&#038;p=23502"},"modified":"2025-01-03T11:06:48","modified_gmt":"2025-01-03T11:06:48","slug":"mise-en-oeuvre-des-procedes-enzymatiques-et-des-bacteries-lactiques-dans-les-industries-agro-alimentaires","status":"publish","type":"product","link":"https:\/\/www.istegroup.com\/fr\/produit\/mise-en-oeuvre-des-procedes-enzymatiques-et-des-bacteries-lactiques-dans-les-industries-agro-alimentaires\/","title":{"rendered":"Mise en oeuvre des proc\u00e9d\u00e9s enzymatiques et des bact\u00e9ries lactiques dans les industries agro-alimentaires"},"content":{"rendered":"<p>Les consommateurs r\u00e9clament des produits alimentaires sains, naturels et sans impact environnemental. L\u2019utilisation d\u2019ingr\u00e9dients d\u2019origine v\u00e9g\u00e9tale et la mise en oeuvre de bioproc\u00e9d\u00e9s utilisant des enzymes et des micro-organismes comme biocatalyseurs constituent une alternative prometteuse pour satisfaire cette demande.<\/p>\n<p><em>Mise en oeuvre des proc\u00e9d\u00e9s enzymatiques et des bact\u00e9ries lactiques dans les industries agro-alimentaires<\/em> s\u2019int\u00e9resse \u00e0 la description des derni\u00e8res \u00e9volutions de l\u2019utilisation de biocatalyseurs enzymatiques et des bact\u00e9ries lactiques dans le domaine agro-alimentaire.<\/p>\n<p>La premi\u00e8re partie est consacr\u00e9e \u00e0 la pr\u00e9sentation de diff\u00e9rentes classes d\u2019enzymes, des proc\u00e9d\u00e9s de production et de mise en oeuvre, des voies d\u2019am\u00e9lioration des enzymes et des principales applications industrielles utilisant les biocatalyseurs.<\/p>\n<p>La seconde partie d\u00e9crit une famille de micro-organismes tr\u00e8s utilis\u00e9e dans les transformations et la formulation d\u2019aliments sant\u00e9 : les bact\u00e9ries lactiques et bifidobact\u00e9ries. Puis, les matrices d\u2019encapsulation les plus utilis\u00e9es, les proc\u00e9d\u00e9s d\u2019encapsulation et le processus d\u2019adh\u00e9sion des bact\u00e9ries sur ces matrices sont trait\u00e9s. Enfin, les aliments ferment\u00e9s les plus connus et les nouvelles approches d\u00e9velopp\u00e9es dans ce domaine sont pr\u00e9sent\u00e9s.<\/p>","protected":false},"excerpt":{"rendered":"<p>Les consommateurs r\u00e9clament des produits alimentaires sains, naturels et sans impact environnemental. L\u2019utilisation d\u2019ingr\u00e9dients d\u2019origine v\u00e9g\u00e9tale et la mise en oeuvre de bioproc\u00e9d\u00e9s utilisant des enzymes et des micro-organismes comme biocatalyseurs constituent une alternative prometteuse pour satisfaire cette demande. Mise en oeuvre des proc\u00e9d\u00e9s enzymatiques et des bact\u00e9ries lactiques dans les industries agro-alimentaires s\u2019int\u00e9resse \u00e0 [&hellip;]<\/p>\n","protected":false},"featured_media":53081,"template":"","meta":{"_acf_changed":false,"_links_to":"","_links_to_target":""},"product_brand":[],"product_cat":[4289],"product_tag":[],"class_list":{"0":"post-23502","1":"product","2":"type-product","3":"status-publish","4":"has-post-thumbnail","6":"product_cat-sciences","8":"first","9":"instock","10":"shipping-taxable","11":"purchasable","12":"product-type-variable"},"acf":[],"yoast_head":"<!-- This site is optimized with the Yoast SEO plugin v27.2 - https:\/\/yoast.com\/product\/yoast-seo-wordpress\/ -->\n<title>Mise en oeuvre des proc\u00e9d\u00e9s enzymatiques et des bact\u00e9ries lactiques dans les industries agro-alimentaires - ISTE Group<\/title>\n<meta name=\"description\" content=\"Mise en oeuvre des proc\u00e9d\u00e9s enzymatiques et des bact\u00e9ries lactiques dans les industries agro-alimentaires s\u2019int\u00e9resse \u00e0 la description des derni\u00e8res \u00e9volutions de l\u2019utilisation de biocatalyseurs enzymatiques et des bact\u00e9ries lactiques dans le domaine agro-alimentaire.\" \/>\n<meta name=\"robots\" content=\"index, follow, max-snippet:-1, max-image-preview:large, max-video-preview:-1\" \/>\n<link rel=\"canonical\" href=\"https:\/\/www.istegroup.com\/en\/produit\/mise-en-oeuvre-des-procedes-enzymatiques-et-des-bacteries-lactiques-dans-les-industries-agro-alimentaires\/\" \/>\n<meta property=\"og:locale\" content=\"fr_FR\" \/>\n<meta property=\"og:type\" content=\"article\" \/>\n<meta property=\"og:title\" content=\"Mise en oeuvre des proc\u00e9d\u00e9s enzymatiques et des bact\u00e9ries lactiques dans les industries agro-alimentaires - ISTE Group\" \/>\n<meta property=\"og:description\" content=\"Mise en oeuvre des proc\u00e9d\u00e9s enzymatiques et des bact\u00e9ries lactiques dans les industries agro-alimentaires s\u2019int\u00e9resse \u00e0 la description des derni\u00e8res \u00e9volutions de l\u2019utilisation de biocatalyseurs enzymatiques et des bact\u00e9ries lactiques dans le domaine agro-alimentaire.\" \/>\n<meta property=\"og:url\" content=\"https:\/\/www.istegroup.com\/en\/produit\/mise-en-oeuvre-des-procedes-enzymatiques-et-des-bacteries-lactiques-dans-les-industries-agro-alimentaires\/\" \/>\n<meta property=\"og:site_name\" content=\"ISTE Group\" \/>\n<meta property=\"article:modified_time\" content=\"2025-01-03T11:06:48+00:00\" \/>\n<meta property=\"og:image\" content=\"https:\/\/www.istegroup.com\/wp-content\/uploads\/2019\/11\/Mise-en-oeuvre-des-procedes-enzymatiques-et-des-bacteries-lactiques-dans-les-industries-agro-alimentaires.jpeg\" \/>\n\t<meta property=\"og:image:width\" content=\"300\" \/>\n\t<meta property=\"og:image:height\" content=\"450\" \/>\n\t<meta property=\"og:image:type\" content=\"image\/jpeg\" \/>\n<meta name=\"twitter:card\" content=\"summary_large_image\" \/>\n<meta name=\"twitter:label1\" content=\"Est. reading time\" \/>\n\t<meta name=\"twitter:data1\" content=\"1 minute\" \/>\n<script type=\"application\/ld+json\" class=\"yoast-schema-graph\">{\"@context\":\"https:\/\/schema.org\",\"@graph\":[{\"@type\":\"WebPage\",\"@id\":\"https:\/\/www.istegroup.com\/en\/produit\/mise-en-oeuvre-des-procedes-enzymatiques-et-des-bacteries-lactiques-dans-les-industries-agro-alimentaires\/\",\"url\":\"https:\/\/www.istegroup.com\/en\/produit\/mise-en-oeuvre-des-procedes-enzymatiques-et-des-bacteries-lactiques-dans-les-industries-agro-alimentaires\/\",\"name\":\"Mise en oeuvre des proc\u00e9d\u00e9s enzymatiques et des bact\u00e9ries lactiques dans les industries agro-alimentaires - ISTE Group\",\"isPartOf\":{\"@id\":\"https:\/\/www.istegroup.com\/#website\"},\"primaryImageOfPage\":{\"@id\":\"https:\/\/www.istegroup.com\/en\/produit\/mise-en-oeuvre-des-procedes-enzymatiques-et-des-bacteries-lactiques-dans-les-industries-agro-alimentaires\/#primaryimage\"},\"image\":{\"@id\":\"https:\/\/www.istegroup.com\/en\/produit\/mise-en-oeuvre-des-procedes-enzymatiques-et-des-bacteries-lactiques-dans-les-industries-agro-alimentaires\/#primaryimage\"},\"thumbnailUrl\":\"https:\/\/www.istegroup.com\/wp-content\/uploads\/2019\/11\/Mise-en-oeuvre-des-procedes-enzymatiques-et-des-bacteries-lactiques-dans-les-industries-agro-alimentaires.jpeg\",\"datePublished\":\"2023-09-26T15:40:59+00:00\",\"dateModified\":\"2025-01-03T11:06:48+00:00\",\"description\":\"Mise en oeuvre des proc\u00e9d\u00e9s enzymatiques et des bact\u00e9ries lactiques dans les industries agro-alimentaires s\u2019int\u00e9resse \u00e0 la description des derni\u00e8res \u00e9volutions de l\u2019utilisation de biocatalyseurs enzymatiques et des bact\u00e9ries lactiques dans le domaine agro-alimentaire.\",\"breadcrumb\":{\"@id\":\"https:\/\/www.istegroup.com\/en\/produit\/mise-en-oeuvre-des-procedes-enzymatiques-et-des-bacteries-lactiques-dans-les-industries-agro-alimentaires\/#breadcrumb\"},\"inLanguage\":\"fr-FR\",\"potentialAction\":[{\"@type\":\"ReadAction\",\"target\":[\"https:\/\/www.istegroup.com\/en\/produit\/mise-en-oeuvre-des-procedes-enzymatiques-et-des-bacteries-lactiques-dans-les-industries-agro-alimentaires\/\"]}]},{\"@type\":\"ImageObject\",\"inLanguage\":\"fr-FR\",\"@id\":\"https:\/\/www.istegroup.com\/en\/produit\/mise-en-oeuvre-des-procedes-enzymatiques-et-des-bacteries-lactiques-dans-les-industries-agro-alimentaires\/#primaryimage\",\"url\":\"https:\/\/www.istegroup.com\/wp-content\/uploads\/2019\/11\/Mise-en-oeuvre-des-procedes-enzymatiques-et-des-bacteries-lactiques-dans-les-industries-agro-alimentaires.jpeg\",\"contentUrl\":\"https:\/\/www.istegroup.com\/wp-content\/uploads\/2019\/11\/Mise-en-oeuvre-des-procedes-enzymatiques-et-des-bacteries-lactiques-dans-les-industries-agro-alimentaires.jpeg\",\"width\":300,\"height\":450,\"caption\":\"Livre scientifique - Mise en oeuvre des proc\u00e9d\u00e9s enzymatiques et des bact\u00e9ries lactiques dans les industries agro-alimentaires\"},{\"@type\":\"BreadcrumbList\",\"@id\":\"https:\/\/www.istegroup.com\/en\/produit\/mise-en-oeuvre-des-procedes-enzymatiques-et-des-bacteries-lactiques-dans-les-industries-agro-alimentaires\/#breadcrumb\",\"itemListElement\":[{\"@type\":\"ListItem\",\"position\":1,\"name\":\"Home\",\"item\":\"https:\/\/www.istegroup.com\/\"},{\"@type\":\"ListItem\",\"position\":2,\"name\":\"Shop\",\"item\":\"https:\/\/www.istegroup.com\/fr\/nouveautes\/\"},{\"@type\":\"ListItem\",\"position\":3,\"name\":\"Mise en oeuvre des proc\u00e9d\u00e9s enzymatiques et des bact\u00e9ries lactiques dans les industries agro-alimentaires\"}]},{\"@type\":\"WebSite\",\"@id\":\"https:\/\/www.istegroup.com\/#website\",\"url\":\"https:\/\/www.istegroup.com\/\",\"name\":\"ISTE Group\",\"description\":\"\u00c9diteur des Sciences\",\"potentialAction\":[{\"@type\":\"SearchAction\",\"target\":{\"@type\":\"EntryPoint\",\"urlTemplate\":\"https:\/\/www.istegroup.com\/?s={search_term_string}\"},\"query-input\":{\"@type\":\"PropertyValueSpecification\",\"valueRequired\":true,\"valueName\":\"search_term_string\"}}],\"inLanguage\":\"fr-FR\"}]}<\/script>\n<!-- \/ Yoast SEO plugin. -->","yoast_head_json":{"title":"Mise en oeuvre des proc\u00e9d\u00e9s enzymatiques et des bact\u00e9ries lactiques dans les industries agro-alimentaires - ISTE Group","description":"Mise en oeuvre des proc\u00e9d\u00e9s enzymatiques et des bact\u00e9ries lactiques dans les industries agro-alimentaires s\u2019int\u00e9resse \u00e0 la description des derni\u00e8res \u00e9volutions de l\u2019utilisation de biocatalyseurs enzymatiques et des bact\u00e9ries lactiques dans le domaine agro-alimentaire.","robots":{"index":"index","follow":"follow","max-snippet":"max-snippet:-1","max-image-preview":"max-image-preview:large","max-video-preview":"max-video-preview:-1"},"canonical":"https:\/\/www.istegroup.com\/en\/produit\/mise-en-oeuvre-des-procedes-enzymatiques-et-des-bacteries-lactiques-dans-les-industries-agro-alimentaires\/","og_locale":"fr_FR","og_type":"article","og_title":"Mise en oeuvre des proc\u00e9d\u00e9s enzymatiques et des bact\u00e9ries lactiques dans les industries agro-alimentaires - ISTE Group","og_description":"Mise en oeuvre des proc\u00e9d\u00e9s enzymatiques et des bact\u00e9ries lactiques dans les industries agro-alimentaires s\u2019int\u00e9resse \u00e0 la description des derni\u00e8res \u00e9volutions de l\u2019utilisation de biocatalyseurs enzymatiques et des bact\u00e9ries lactiques dans le domaine agro-alimentaire.","og_url":"https:\/\/www.istegroup.com\/en\/produit\/mise-en-oeuvre-des-procedes-enzymatiques-et-des-bacteries-lactiques-dans-les-industries-agro-alimentaires\/","og_site_name":"ISTE Group","article_modified_time":"2025-01-03T11:06:48+00:00","og_image":[{"width":300,"height":450,"url":"https:\/\/www.istegroup.com\/wp-content\/uploads\/2019\/11\/Mise-en-oeuvre-des-procedes-enzymatiques-et-des-bacteries-lactiques-dans-les-industries-agro-alimentaires.jpeg","type":"image\/jpeg"}],"twitter_card":"summary_large_image","twitter_misc":{"Est. reading time":"1 minute"},"schema":{"@context":"https:\/\/schema.org","@graph":[{"@type":"WebPage","@id":"https:\/\/www.istegroup.com\/en\/produit\/mise-en-oeuvre-des-procedes-enzymatiques-et-des-bacteries-lactiques-dans-les-industries-agro-alimentaires\/","url":"https:\/\/www.istegroup.com\/en\/produit\/mise-en-oeuvre-des-procedes-enzymatiques-et-des-bacteries-lactiques-dans-les-industries-agro-alimentaires\/","name":"Mise en oeuvre des proc\u00e9d\u00e9s enzymatiques et des bact\u00e9ries lactiques dans les industries agro-alimentaires - ISTE Group","isPartOf":{"@id":"https:\/\/www.istegroup.com\/#website"},"primaryImageOfPage":{"@id":"https:\/\/www.istegroup.com\/en\/produit\/mise-en-oeuvre-des-procedes-enzymatiques-et-des-bacteries-lactiques-dans-les-industries-agro-alimentaires\/#primaryimage"},"image":{"@id":"https:\/\/www.istegroup.com\/en\/produit\/mise-en-oeuvre-des-procedes-enzymatiques-et-des-bacteries-lactiques-dans-les-industries-agro-alimentaires\/#primaryimage"},"thumbnailUrl":"https:\/\/www.istegroup.com\/wp-content\/uploads\/2019\/11\/Mise-en-oeuvre-des-procedes-enzymatiques-et-des-bacteries-lactiques-dans-les-industries-agro-alimentaires.jpeg","datePublished":"2023-09-26T15:40:59+00:00","dateModified":"2025-01-03T11:06:48+00:00","description":"Mise en oeuvre des proc\u00e9d\u00e9s enzymatiques et des bact\u00e9ries lactiques dans les industries agro-alimentaires s\u2019int\u00e9resse \u00e0 la description des derni\u00e8res \u00e9volutions de l\u2019utilisation de biocatalyseurs enzymatiques et des bact\u00e9ries lactiques dans le domaine agro-alimentaire.","breadcrumb":{"@id":"https:\/\/www.istegroup.com\/en\/produit\/mise-en-oeuvre-des-procedes-enzymatiques-et-des-bacteries-lactiques-dans-les-industries-agro-alimentaires\/#breadcrumb"},"inLanguage":"fr-FR","potentialAction":[{"@type":"ReadAction","target":["https:\/\/www.istegroup.com\/en\/produit\/mise-en-oeuvre-des-procedes-enzymatiques-et-des-bacteries-lactiques-dans-les-industries-agro-alimentaires\/"]}]},{"@type":"ImageObject","inLanguage":"fr-FR","@id":"https:\/\/www.istegroup.com\/en\/produit\/mise-en-oeuvre-des-procedes-enzymatiques-et-des-bacteries-lactiques-dans-les-industries-agro-alimentaires\/#primaryimage","url":"https:\/\/www.istegroup.com\/wp-content\/uploads\/2019\/11\/Mise-en-oeuvre-des-procedes-enzymatiques-et-des-bacteries-lactiques-dans-les-industries-agro-alimentaires.jpeg","contentUrl":"https:\/\/www.istegroup.com\/wp-content\/uploads\/2019\/11\/Mise-en-oeuvre-des-procedes-enzymatiques-et-des-bacteries-lactiques-dans-les-industries-agro-alimentaires.jpeg","width":300,"height":450,"caption":"Livre scientifique - Mise en oeuvre des proc\u00e9d\u00e9s enzymatiques et des bact\u00e9ries lactiques dans les industries agro-alimentaires"},{"@type":"BreadcrumbList","@id":"https:\/\/www.istegroup.com\/en\/produit\/mise-en-oeuvre-des-procedes-enzymatiques-et-des-bacteries-lactiques-dans-les-industries-agro-alimentaires\/#breadcrumb","itemListElement":[{"@type":"ListItem","position":1,"name":"Home","item":"https:\/\/www.istegroup.com\/"},{"@type":"ListItem","position":2,"name":"Shop","item":"https:\/\/www.istegroup.com\/fr\/nouveautes\/"},{"@type":"ListItem","position":3,"name":"Mise en oeuvre des proc\u00e9d\u00e9s enzymatiques et des bact\u00e9ries lactiques dans les industries agro-alimentaires"}]},{"@type":"WebSite","@id":"https:\/\/www.istegroup.com\/#website","url":"https:\/\/www.istegroup.com\/","name":"ISTE Group","description":"\u00c9diteur des Sciences","potentialAction":[{"@type":"SearchAction","target":{"@type":"EntryPoint","urlTemplate":"https:\/\/www.istegroup.com\/?s={search_term_string}"},"query-input":{"@type":"PropertyValueSpecification","valueRequired":true,"valueName":"search_term_string"}}],"inLanguage":"fr-FR"}]}},"_links":{"self":[{"href":"https:\/\/www.istegroup.com\/fr\/wp-json\/wp\/v2\/product\/23502","targetHints":{"allow":["GET"]}}],"collection":[{"href":"https:\/\/www.istegroup.com\/fr\/wp-json\/wp\/v2\/product"}],"about":[{"href":"https:\/\/www.istegroup.com\/fr\/wp-json\/wp\/v2\/types\/product"}],"wp:featuredmedia":[{"embeddable":true,"href":"https:\/\/www.istegroup.com\/fr\/wp-json\/wp\/v2\/media\/53081"}],"wp:attachment":[{"href":"https:\/\/www.istegroup.com\/fr\/wp-json\/wp\/v2\/media?parent=23502"}],"wp:term":[{"taxonomy":"product_brand","embeddable":true,"href":"https:\/\/www.istegroup.com\/fr\/wp-json\/wp\/v2\/product_brand?post=23502"},{"taxonomy":"product_cat","embeddable":true,"href":"https:\/\/www.istegroup.com\/fr\/wp-json\/wp\/v2\/product_cat?post=23502"},{"taxonomy":"product_tag","embeddable":true,"href":"https:\/\/www.istegroup.com\/fr\/wp-json\/wp\/v2\/product_tag?post=23502"}],"curies":[{"name":"wp","href":"https:\/\/api.w.org\/{rel}","templated":true}]}}