{"id":235,"date":"2017-07-28T11:14:46","date_gmt":"2017-07-28T09:14:46","guid":{"rendered":"https:\/\/iste.yhello.co\/product\/equations-du-mouvement-1\/"},"modified":"2024-01-03T13:39:01","modified_gmt":"2024-01-03T13:39:01","slug":"equations-du-mouvement-1","status":"publish","type":"product","link":"https:\/\/www.istegroup.com\/fr\/produit\/equations-du-mouvement-1\/","title":{"rendered":"Equations du mouvement 1"},"content":{"rendered":"<p>Cet ouvrage est le premier volume de la s\u00e9rie\u00a0<em>M\u00e9canique des solides ind\u00e9formables<\/em>. Il propose de guider le m\u00e9canicien dans les diff\u00e9rentes \u00e9tapes de l\u2019\u00e9laboration de ce qui est le point focal de cette s\u00e9rie : les \u00e9quations du mouvement.<\/p>\n<p>Il a pour objet le d\u00e9veloppement de ce qui concerne les \u00e9l\u00e9ments n\u00e9cessaires \u00e0 l\u2019\u00e9tablissement des \u00e9quations du mouvement. A savoir, comment situer dans l\u2019espace le solide dont on veut d\u00e9crire le mouvement, comment envisager sa cin\u00e9matique qui exprime ce mouvement en termes de champs de vitesse et d\u2019acc\u00e9l\u00e9ration, et comment caract\u00e9riser ses propri\u00e9t\u00e9s de masse, d\u2019inertie et d\u2019\u00e9nergie.<\/p>\n","protected":false},"excerpt":{"rendered":"<p>Cet ouvrage est le premier volume de la s\u00e9rie\u00a0M\u00e9canique des solides ind\u00e9formables. Il propose de guider le m\u00e9canicien dans les diff\u00e9rentes \u00e9tapes de l\u2019\u00e9laboration de ce qui est le point focal de cette s\u00e9rie : les \u00e9quations du mouvement. Il a pour objet le d\u00e9veloppement de ce qui concerne les \u00e9l\u00e9ments n\u00e9cessaires \u00e0 l\u2019\u00e9tablissement des [&hellip;]<\/p>\n","protected":false},"featured_media":15652,"template":"","meta":{"_acf_changed":false,"_links_to":"","_links_to_target":""},"product_brand":[],"product_cat":[664,675,716],"product_tag":[348,31,196,269,18,19,218,219,20,326,349,350,197,198,199,21,200,22,201,203,204,63,25,205,172,26,206,207,27,99,208,209,352,77,351,212,38,192,145,28,29,213,214,353,342,354],"class_list":{"0":"post-235","1":"product","2":"type-product","3":"status-publish","4":"has-post-thumbnail","6":"product_cat-gnie-mcanique-et-mcanique-des-solides-12506462","7":"product_cat-nouveauts-12519446","8":"product_cat-srie-mcanique-des-solides-indformables-412769553","9":"product_tag-acceleration","10":"product_tag-ebook","11":"product_tag-ebooks","12":"product_tag-edition-francaise","13":"product_tag-edition-scientifique","14":"product_tag-editions-francaise","15":"product_tag-editions-ouvrage","16":"product_tag-editions-ouvrages","17":"product_tag-editions-technique","18":"product_tag-equations","19":"product_tag-equations-du-mouvement","20":"product_tag-georges-venizelos","21":"product_tag-iste","22":"product_tag-iste-edition","23":"product_tag-iste-editions","24":"product_tag-iste-group","25":"product_tag-isteedition","26":"product_tag-istegroup","27":"product_tag-kindle","28":"product_tag-liseuse","29":"product_tag-livre","30":"product_tag-livre-electronique","31":"product_tag-livre-numerique","32":"product_tag-livre-science","33":"product_tag-livre-scientifique","34":"product_tag-livre-scientifique-francais","35":"product_tag-livre-scientique","36":"product_tag-livre-technique","37":"product_tag-livre-technique-francais","38":"product_tag-livres-numeriques","39":"product_tag-livres-scientifique","40":"product_tag-livres-scientifiques","41":"product_tag-mecanique-des-solides","42":"product_tag-michel-borel","43":"product_tag-mouvement","44":"product_tag-ouvrage","45":"product_tag-ouvrage-numerique","46":"product_tag-ouvrage-science","47":"product_tag-ouvrage-scientifique","48":"product_tag-ouvrage-scientifique-francais","49":"product_tag-ouvrage-technique","50":"product_tag-ouvrages-scientifiques","51":"product_tag-ouvrages-techniques","52":"product_tag-physique","53":"product_tag-solide","54":"product_tag-vitesse","56":"first","57":"instock","58":"shipping-taxable","59":"purchasable","60":"product-type-variable"},"acf":[],"yoast_head":"<!-- This site is optimized with the Yoast SEO plugin v27.2 - https:\/\/yoast.com\/product\/yoast-seo-wordpress\/ -->\n<title>Equations du mouvement 1 - ISTE Group<\/title>\n<meta name=\"description\" content=\"Cet ouvrage a pour objet le d\u00e9veloppement de ce qui concerne les \u00e9l\u00e9ments n\u00e9cessaires \u00e0 l\u2019\u00e9tablissement des \u00e9quations du mouvement.\" \/>\n<meta name=\"robots\" content=\"index, follow, max-snippet:-1, max-image-preview:large, max-video-preview:-1\" \/>\n<link rel=\"canonical\" href=\"https:\/\/www.istegroup.com\/fr\/produit\/equations-du-mouvement-1\/\" \/>\n<meta property=\"og:locale\" content=\"fr_FR\" \/>\n<meta property=\"og:type\" content=\"article\" \/>\n<meta property=\"og:title\" content=\"Equations du mouvement 1 - ISTE Group\" \/>\n<meta property=\"og:description\" content=\"Cet ouvrage a pour objet le d\u00e9veloppement de ce qui concerne les \u00e9l\u00e9ments n\u00e9cessaires \u00e0 l\u2019\u00e9tablissement des \u00e9quations du mouvement.\" \/>\n<meta property=\"og:url\" content=\"https:\/\/www.istegroup.com\/fr\/produit\/equations-du-mouvement-1\/\" \/>\n<meta property=\"og:site_name\" content=\"ISTE Group\" \/>\n<meta property=\"article:modified_time\" content=\"2024-01-03T13:39:01+00:00\" \/>\n<meta property=\"og:image\" content=\"https:\/\/www.istegroup.com\/wp-content\/uploads\/2018\/11\/Borel-1_Front.Cover_-scaled.jpg\" \/>\n\t<meta property=\"og:image:width\" content=\"1678\" \/>\n\t<meta property=\"og:image:height\" content=\"2560\" \/>\n\t<meta property=\"og:image:type\" content=\"image\/jpeg\" \/>\n<meta name=\"twitter:card\" content=\"summary_large_image\" \/>\n<meta name=\"twitter:label1\" content=\"Est. reading time\" \/>\n\t<meta name=\"twitter:data1\" content=\"1 minute\" \/>\n<script type=\"application\/ld+json\" class=\"yoast-schema-graph\">{\"@context\":\"https:\/\/schema.org\",\"@graph\":[{\"@type\":\"WebPage\",\"@id\":\"https:\/\/www.istegroup.com\/fr\/produit\/equations-du-mouvement-1\/\",\"url\":\"https:\/\/www.istegroup.com\/fr\/produit\/equations-du-mouvement-1\/\",\"name\":\"Equations du mouvement 1 - ISTE Group\",\"isPartOf\":{\"@id\":\"https:\/\/www.istegroup.com\/#website\"},\"primaryImageOfPage\":{\"@id\":\"https:\/\/www.istegroup.com\/fr\/produit\/equations-du-mouvement-1\/#primaryimage\"},\"image\":{\"@id\":\"https:\/\/www.istegroup.com\/fr\/produit\/equations-du-mouvement-1\/#primaryimage\"},\"thumbnailUrl\":\"https:\/\/www.istegroup.com\/wp-content\/uploads\/2018\/11\/Borel-1_Front.Cover_-scaled.jpg\",\"datePublished\":\"2017-07-28T09:14:46+00:00\",\"dateModified\":\"2024-01-03T13:39:01+00:00\",\"description\":\"Cet ouvrage a pour objet le d\u00e9veloppement de ce qui concerne les \u00e9l\u00e9ments n\u00e9cessaires \u00e0 l\u2019\u00e9tablissement des \u00e9quations du mouvement.\",\"breadcrumb\":{\"@id\":\"https:\/\/www.istegroup.com\/fr\/produit\/equations-du-mouvement-1\/#breadcrumb\"},\"inLanguage\":\"fr-FR\",\"potentialAction\":[{\"@type\":\"ReadAction\",\"target\":[\"https:\/\/www.istegroup.com\/fr\/produit\/equations-du-mouvement-1\/\"]}]},{\"@type\":\"ImageObject\",\"inLanguage\":\"fr-FR\",\"@id\":\"https:\/\/www.istegroup.com\/fr\/produit\/equations-du-mouvement-1\/#primaryimage\",\"url\":\"https:\/\/www.istegroup.com\/wp-content\/uploads\/2018\/11\/Borel-1_Front.Cover_-scaled.jpg\",\"contentUrl\":\"https:\/\/www.istegroup.com\/wp-content\/uploads\/2018\/11\/Borel-1_Front.Cover_-scaled.jpg\",\"width\":1678,\"height\":2560,\"caption\":\"Situation, cin\u00e9matique et cin\u00e9tique\"},{\"@type\":\"BreadcrumbList\",\"@id\":\"https:\/\/www.istegroup.com\/fr\/produit\/equations-du-mouvement-1\/#breadcrumb\",\"itemListElement\":[{\"@type\":\"ListItem\",\"position\":1,\"name\":\"Home\",\"item\":\"https:\/\/www.istegroup.com\/\"},{\"@type\":\"ListItem\",\"position\":2,\"name\":\"Shop\",\"item\":\"https:\/\/www.istegroup.com\/fr\/nouveautes\/\"},{\"@type\":\"ListItem\",\"position\":3,\"name\":\"Equations du mouvement 1\"}]},{\"@type\":\"WebSite\",\"@id\":\"https:\/\/www.istegroup.com\/#website\",\"url\":\"https:\/\/www.istegroup.com\/\",\"name\":\"ISTE Group\",\"description\":\"\u00c9diteur des Sciences\",\"potentialAction\":[{\"@type\":\"SearchAction\",\"target\":{\"@type\":\"EntryPoint\",\"urlTemplate\":\"https:\/\/www.istegroup.com\/?s={search_term_string}\"},\"query-input\":{\"@type\":\"PropertyValueSpecification\",\"valueRequired\":true,\"valueName\":\"search_term_string\"}}],\"inLanguage\":\"fr-FR\"}]}<\/script>\n<!-- \/ Yoast SEO plugin. -->","yoast_head_json":{"title":"Equations du mouvement 1 - ISTE Group","description":"Cet ouvrage a pour objet le d\u00e9veloppement de ce qui concerne les \u00e9l\u00e9ments n\u00e9cessaires \u00e0 l\u2019\u00e9tablissement des \u00e9quations du mouvement.","robots":{"index":"index","follow":"follow","max-snippet":"max-snippet:-1","max-image-preview":"max-image-preview:large","max-video-preview":"max-video-preview:-1"},"canonical":"https:\/\/www.istegroup.com\/fr\/produit\/equations-du-mouvement-1\/","og_locale":"fr_FR","og_type":"article","og_title":"Equations du mouvement 1 - ISTE Group","og_description":"Cet ouvrage a pour objet le d\u00e9veloppement de ce qui concerne les \u00e9l\u00e9ments n\u00e9cessaires \u00e0 l\u2019\u00e9tablissement des \u00e9quations du mouvement.","og_url":"https:\/\/www.istegroup.com\/fr\/produit\/equations-du-mouvement-1\/","og_site_name":"ISTE Group","article_modified_time":"2024-01-03T13:39:01+00:00","og_image":[{"width":1678,"height":2560,"url":"https:\/\/www.istegroup.com\/wp-content\/uploads\/2018\/11\/Borel-1_Front.Cover_-scaled.jpg","type":"image\/jpeg"}],"twitter_card":"summary_large_image","twitter_misc":{"Est. reading time":"1 minute"},"schema":{"@context":"https:\/\/schema.org","@graph":[{"@type":"WebPage","@id":"https:\/\/www.istegroup.com\/fr\/produit\/equations-du-mouvement-1\/","url":"https:\/\/www.istegroup.com\/fr\/produit\/equations-du-mouvement-1\/","name":"Equations du mouvement 1 - ISTE Group","isPartOf":{"@id":"https:\/\/www.istegroup.com\/#website"},"primaryImageOfPage":{"@id":"https:\/\/www.istegroup.com\/fr\/produit\/equations-du-mouvement-1\/#primaryimage"},"image":{"@id":"https:\/\/www.istegroup.com\/fr\/produit\/equations-du-mouvement-1\/#primaryimage"},"thumbnailUrl":"https:\/\/www.istegroup.com\/wp-content\/uploads\/2018\/11\/Borel-1_Front.Cover_-scaled.jpg","datePublished":"2017-07-28T09:14:46+00:00","dateModified":"2024-01-03T13:39:01+00:00","description":"Cet ouvrage a pour objet le d\u00e9veloppement de ce qui concerne les \u00e9l\u00e9ments n\u00e9cessaires \u00e0 l\u2019\u00e9tablissement des \u00e9quations du mouvement.","breadcrumb":{"@id":"https:\/\/www.istegroup.com\/fr\/produit\/equations-du-mouvement-1\/#breadcrumb"},"inLanguage":"fr-FR","potentialAction":[{"@type":"ReadAction","target":["https:\/\/www.istegroup.com\/fr\/produit\/equations-du-mouvement-1\/"]}]},{"@type":"ImageObject","inLanguage":"fr-FR","@id":"https:\/\/www.istegroup.com\/fr\/produit\/equations-du-mouvement-1\/#primaryimage","url":"https:\/\/www.istegroup.com\/wp-content\/uploads\/2018\/11\/Borel-1_Front.Cover_-scaled.jpg","contentUrl":"https:\/\/www.istegroup.com\/wp-content\/uploads\/2018\/11\/Borel-1_Front.Cover_-scaled.jpg","width":1678,"height":2560,"caption":"Situation, cin\u00e9matique et cin\u00e9tique"},{"@type":"BreadcrumbList","@id":"https:\/\/www.istegroup.com\/fr\/produit\/equations-du-mouvement-1\/#breadcrumb","itemListElement":[{"@type":"ListItem","position":1,"name":"Home","item":"https:\/\/www.istegroup.com\/"},{"@type":"ListItem","position":2,"name":"Shop","item":"https:\/\/www.istegroup.com\/fr\/nouveautes\/"},{"@type":"ListItem","position":3,"name":"Equations du mouvement 1"}]},{"@type":"WebSite","@id":"https:\/\/www.istegroup.com\/#website","url":"https:\/\/www.istegroup.com\/","name":"ISTE Group","description":"\u00c9diteur des Sciences","potentialAction":[{"@type":"SearchAction","target":{"@type":"EntryPoint","urlTemplate":"https:\/\/www.istegroup.com\/?s={search_term_string}"},"query-input":{"@type":"PropertyValueSpecification","valueRequired":true,"valueName":"search_term_string"}}],"inLanguage":"fr-FR"}]}},"_links":{"self":[{"href":"https:\/\/www.istegroup.com\/fr\/wp-json\/wp\/v2\/product\/235","targetHints":{"allow":["GET"]}}],"collection":[{"href":"https:\/\/www.istegroup.com\/fr\/wp-json\/wp\/v2\/product"}],"about":[{"href":"https:\/\/www.istegroup.com\/fr\/wp-json\/wp\/v2\/types\/product"}],"wp:featuredmedia":[{"embeddable":true,"href":"https:\/\/www.istegroup.com\/fr\/wp-json\/wp\/v2\/media\/15652"}],"wp:attachment":[{"href":"https:\/\/www.istegroup.com\/fr\/wp-json\/wp\/v2\/media?parent=235"}],"wp:term":[{"taxonomy":"product_brand","embeddable":true,"href":"https:\/\/www.istegroup.com\/fr\/wp-json\/wp\/v2\/product_brand?post=235"},{"taxonomy":"product_cat","embeddable":true,"href":"https:\/\/www.istegroup.com\/fr\/wp-json\/wp\/v2\/product_cat?post=235"},{"taxonomy":"product_tag","embeddable":true,"href":"https:\/\/www.istegroup.com\/fr\/wp-json\/wp\/v2\/product_tag?post=235"}],"curies":[{"name":"wp","href":"https:\/\/api.w.org\/{rel}","templated":true}]}}