{"id":23364,"date":"2020-03-23T09:20:21","date_gmt":"2020-03-23T09:20:21","guid":{"rendered":"https:\/\/www.istegroup.com\/?post_type=product&#038;p=23364"},"modified":"2024-01-03T13:43:30","modified_gmt":"2024-01-03T13:43:30","slug":"quantification-en-ressources-humaines","status":"publish","type":"product","link":"https:\/\/www.istegroup.com\/fr\/produit\/quantification-en-ressources-humaines\/","title":{"rendered":"Quantification en ressources humaines"},"content":{"rendered":"<p>Depuis la fin du XXe si\u00e8cle, la fonction \u00ab ressources humaines \u00bb (RH) a pour obligation l\u00e9gale de produire un certain nombre de bilans. Longtemps consid\u00e9r\u00e9s comme des contraintes, ces derniers ont \u00e9t\u00e9 peu utilis\u00e9s pour am\u00e9liorer la prise de d\u00e9cision. Mais l\u2019apparition de l\u2019analytique, des big data et d\u2019algorithmes performants a permis une r\u00e9cente reconfiguration des usages de la quantification en RH.<\/p>\n<p>Accompagn\u00e9 d\u2019exemples empiriques, cet ouvrage pr\u00e9sente et d\u00e9finit les diff\u00e9rents outils et usages de la quantification en RH. Il \u00e9tudie l\u2019effet de ces outils sur la prise de d\u00e9cision et, sans souscrire au mythe de la quantification objective et rationnelle, il pr\u00e9sente les apports et limites de l\u2019usage des donn\u00e9es en RH et analyse les risques potentiels d\u2019une quantification \u00e0 outrance. Il traite \u00e9galement de l\u2019appropriation de ces outils par les diff\u00e9rents acteurs de l\u2019entreprise et examine leurs effets sur le positionnement de la fonction RH.<\/p>\n<p>Prix EFMD-FNEGE des Meilleurs Ouvrages de recherche en management 2020 :<br \/>\n<a style=\"color: #1e9691\" href=\"https:\/\/www.fnege.org\/nos-prix\/prix-du-meilleur-ouvrage\/resultats-2020\" target=\"_blank\" rel=\"noopener noreferrer\">Prix du meilleur ouvrage &#8211; Cat\u00e9gorie Essai<\/a><\/p>","protected":false},"excerpt":{"rendered":"<p>Depuis la fin du XXe si\u00e8cle, la fonction \u00ab ressources humaines \u00bb (RH) a pour obligation l\u00e9gale de produire un certain nombre de bilans. Longtemps consid\u00e9r\u00e9s comme des contraintes, ces derniers ont \u00e9t\u00e9 peu utilis\u00e9s pour am\u00e9liorer la prise de d\u00e9cision. Mais l\u2019apparition de l\u2019analytique, des big data et d\u2019algorithmes performants a permis une r\u00e9cente [&hellip;]<\/p>\n","protected":false},"featured_media":32899,"template":"","meta":{"_acf_changed":false,"_links_to":"","_links_to_target":""},"product_brand":[],"product_cat":[670],"product_tag":[],"class_list":{"0":"post-23364","1":"product","2":"type-product","3":"status-publish","4":"has-post-thumbnail","6":"product_cat-innovation-entrepreneuriat-et-gestion-11041751","8":"first","9":"instock","10":"shipping-taxable","11":"purchasable","12":"product-type-variable"},"acf":[],"yoast_head":"<!-- This site is optimized with the Yoast SEO plugin v27.2 - https:\/\/yoast.com\/product\/yoast-seo-wordpress\/ -->\n<title>Quantification en ressources humaines - ISTE Group<\/title>\n<meta name=\"description\" content=\"Accompagn\u00e9 d\u2019exemples empiriques, cet ouvrage pr\u00e9sente et d\u00e9finit les diff\u00e9rents outils et usages de la quantification en ressources humaines.\" \/>\n<meta name=\"robots\" content=\"index, follow, max-snippet:-1, max-image-preview:large, max-video-preview:-1\" \/>\n<link rel=\"canonical\" href=\"https:\/\/www.istegroup.com\/en\/produit\/quantification-en-ressources-humaines\/\" \/>\n<meta property=\"og:locale\" content=\"fr_FR\" \/>\n<meta property=\"og:type\" content=\"article\" \/>\n<meta property=\"og:title\" content=\"Quantification en ressources humaines - ISTE Group\" \/>\n<meta property=\"og:description\" content=\"Accompagn\u00e9 d\u2019exemples empiriques, cet ouvrage pr\u00e9sente et d\u00e9finit les diff\u00e9rents outils et usages de la quantification en ressources humaines.\" \/>\n<meta property=\"og:url\" content=\"https:\/\/www.istegroup.com\/en\/produit\/quantification-en-ressources-humaines\/\" \/>\n<meta property=\"og:site_name\" content=\"ISTE Group\" \/>\n<meta property=\"article:modified_time\" content=\"2024-01-03T13:43:30+00:00\" \/>\n<meta property=\"og:image\" content=\"https:\/\/www.istegroup.com\/wp-content\/uploads\/2020\/07\/Quantification-en-ressources-humaines_prix_fnege.jpeg\" \/>\n\t<meta property=\"og:image:width\" content=\"300\" \/>\n\t<meta property=\"og:image:height\" content=\"450\" \/>\n\t<meta property=\"og:image:type\" content=\"image\/jpeg\" \/>\n<meta name=\"twitter:card\" content=\"summary_large_image\" \/>\n<meta name=\"twitter:label1\" content=\"Est. reading time\" \/>\n\t<meta name=\"twitter:data1\" content=\"2 minutes\" \/>\n<script type=\"application\/ld+json\" class=\"yoast-schema-graph\">{\"@context\":\"https:\/\/schema.org\",\"@graph\":[{\"@type\":\"WebPage\",\"@id\":\"https:\/\/www.istegroup.com\/en\/produit\/quantification-en-ressources-humaines\/\",\"url\":\"https:\/\/www.istegroup.com\/en\/produit\/quantification-en-ressources-humaines\/\",\"name\":\"Quantification en ressources humaines - ISTE Group\",\"isPartOf\":{\"@id\":\"https:\/\/www.istegroup.com\/#website\"},\"primaryImageOfPage\":{\"@id\":\"https:\/\/www.istegroup.com\/en\/produit\/quantification-en-ressources-humaines\/#primaryimage\"},\"image\":{\"@id\":\"https:\/\/www.istegroup.com\/en\/produit\/quantification-en-ressources-humaines\/#primaryimage\"},\"thumbnailUrl\":\"https:\/\/www.istegroup.com\/wp-content\/uploads\/2020\/07\/Quantification-en-ressources-humaines_prix_fnege.jpeg\",\"datePublished\":\"2020-03-23T09:20:21+00:00\",\"dateModified\":\"2024-01-03T13:43:30+00:00\",\"description\":\"Accompagn\u00e9 d\u2019exemples empiriques, cet ouvrage pr\u00e9sente et d\u00e9finit les diff\u00e9rents outils et usages de la quantification en ressources humaines.\",\"breadcrumb\":{\"@id\":\"https:\/\/www.istegroup.com\/en\/produit\/quantification-en-ressources-humaines\/#breadcrumb\"},\"inLanguage\":\"fr-FR\",\"potentialAction\":[{\"@type\":\"ReadAction\",\"target\":[\"https:\/\/www.istegroup.com\/en\/produit\/quantification-en-ressources-humaines\/\"]}]},{\"@type\":\"ImageObject\",\"inLanguage\":\"fr-FR\",\"@id\":\"https:\/\/www.istegroup.com\/en\/produit\/quantification-en-ressources-humaines\/#primaryimage\",\"url\":\"https:\/\/www.istegroup.com\/wp-content\/uploads\/2020\/07\/Quantification-en-ressources-humaines_prix_fnege.jpeg\",\"contentUrl\":\"https:\/\/www.istegroup.com\/wp-content\/uploads\/2020\/07\/Quantification-en-ressources-humaines_prix_fnege.jpeg\",\"width\":300,\"height\":450,\"caption\":\"Livre Quantification en ressources humaines - Clotilde Coron\"},{\"@type\":\"BreadcrumbList\",\"@id\":\"https:\/\/www.istegroup.com\/en\/produit\/quantification-en-ressources-humaines\/#breadcrumb\",\"itemListElement\":[{\"@type\":\"ListItem\",\"position\":1,\"name\":\"Home\",\"item\":\"https:\/\/www.istegroup.com\/\"},{\"@type\":\"ListItem\",\"position\":2,\"name\":\"Shop\",\"item\":\"https:\/\/www.istegroup.com\/fr\/nouveautes\/\"},{\"@type\":\"ListItem\",\"position\":3,\"name\":\"Quantification en ressources humaines\"}]},{\"@type\":\"WebSite\",\"@id\":\"https:\/\/www.istegroup.com\/#website\",\"url\":\"https:\/\/www.istegroup.com\/\",\"name\":\"ISTE Group\",\"description\":\"\u00c9diteur des Sciences\",\"potentialAction\":[{\"@type\":\"SearchAction\",\"target\":{\"@type\":\"EntryPoint\",\"urlTemplate\":\"https:\/\/www.istegroup.com\/?s={search_term_string}\"},\"query-input\":{\"@type\":\"PropertyValueSpecification\",\"valueRequired\":true,\"valueName\":\"search_term_string\"}}],\"inLanguage\":\"fr-FR\"}]}<\/script>\n<!-- \/ Yoast SEO plugin. -->","yoast_head_json":{"title":"Quantification en ressources humaines - ISTE Group","description":"Accompagn\u00e9 d\u2019exemples empiriques, cet ouvrage pr\u00e9sente et d\u00e9finit les diff\u00e9rents outils et usages de la quantification en ressources humaines.","robots":{"index":"index","follow":"follow","max-snippet":"max-snippet:-1","max-image-preview":"max-image-preview:large","max-video-preview":"max-video-preview:-1"},"canonical":"https:\/\/www.istegroup.com\/en\/produit\/quantification-en-ressources-humaines\/","og_locale":"fr_FR","og_type":"article","og_title":"Quantification en ressources humaines - ISTE Group","og_description":"Accompagn\u00e9 d\u2019exemples empiriques, cet ouvrage pr\u00e9sente et d\u00e9finit les diff\u00e9rents outils et usages de la quantification en ressources humaines.","og_url":"https:\/\/www.istegroup.com\/en\/produit\/quantification-en-ressources-humaines\/","og_site_name":"ISTE Group","article_modified_time":"2024-01-03T13:43:30+00:00","og_image":[{"width":300,"height":450,"url":"https:\/\/www.istegroup.com\/wp-content\/uploads\/2020\/07\/Quantification-en-ressources-humaines_prix_fnege.jpeg","type":"image\/jpeg"}],"twitter_card":"summary_large_image","twitter_misc":{"Est. reading time":"2 minutes"},"schema":{"@context":"https:\/\/schema.org","@graph":[{"@type":"WebPage","@id":"https:\/\/www.istegroup.com\/en\/produit\/quantification-en-ressources-humaines\/","url":"https:\/\/www.istegroup.com\/en\/produit\/quantification-en-ressources-humaines\/","name":"Quantification en ressources humaines - ISTE Group","isPartOf":{"@id":"https:\/\/www.istegroup.com\/#website"},"primaryImageOfPage":{"@id":"https:\/\/www.istegroup.com\/en\/produit\/quantification-en-ressources-humaines\/#primaryimage"},"image":{"@id":"https:\/\/www.istegroup.com\/en\/produit\/quantification-en-ressources-humaines\/#primaryimage"},"thumbnailUrl":"https:\/\/www.istegroup.com\/wp-content\/uploads\/2020\/07\/Quantification-en-ressources-humaines_prix_fnege.jpeg","datePublished":"2020-03-23T09:20:21+00:00","dateModified":"2024-01-03T13:43:30+00:00","description":"Accompagn\u00e9 d\u2019exemples empiriques, cet ouvrage pr\u00e9sente et d\u00e9finit les diff\u00e9rents outils et usages de la quantification en ressources humaines.","breadcrumb":{"@id":"https:\/\/www.istegroup.com\/en\/produit\/quantification-en-ressources-humaines\/#breadcrumb"},"inLanguage":"fr-FR","potentialAction":[{"@type":"ReadAction","target":["https:\/\/www.istegroup.com\/en\/produit\/quantification-en-ressources-humaines\/"]}]},{"@type":"ImageObject","inLanguage":"fr-FR","@id":"https:\/\/www.istegroup.com\/en\/produit\/quantification-en-ressources-humaines\/#primaryimage","url":"https:\/\/www.istegroup.com\/wp-content\/uploads\/2020\/07\/Quantification-en-ressources-humaines_prix_fnege.jpeg","contentUrl":"https:\/\/www.istegroup.com\/wp-content\/uploads\/2020\/07\/Quantification-en-ressources-humaines_prix_fnege.jpeg","width":300,"height":450,"caption":"Livre Quantification en ressources humaines - Clotilde Coron"},{"@type":"BreadcrumbList","@id":"https:\/\/www.istegroup.com\/en\/produit\/quantification-en-ressources-humaines\/#breadcrumb","itemListElement":[{"@type":"ListItem","position":1,"name":"Home","item":"https:\/\/www.istegroup.com\/"},{"@type":"ListItem","position":2,"name":"Shop","item":"https:\/\/www.istegroup.com\/fr\/nouveautes\/"},{"@type":"ListItem","position":3,"name":"Quantification en ressources humaines"}]},{"@type":"WebSite","@id":"https:\/\/www.istegroup.com\/#website","url":"https:\/\/www.istegroup.com\/","name":"ISTE Group","description":"\u00c9diteur des Sciences","potentialAction":[{"@type":"SearchAction","target":{"@type":"EntryPoint","urlTemplate":"https:\/\/www.istegroup.com\/?s={search_term_string}"},"query-input":{"@type":"PropertyValueSpecification","valueRequired":true,"valueName":"search_term_string"}}],"inLanguage":"fr-FR"}]}},"_links":{"self":[{"href":"https:\/\/www.istegroup.com\/fr\/wp-json\/wp\/v2\/product\/23364","targetHints":{"allow":["GET"]}}],"collection":[{"href":"https:\/\/www.istegroup.com\/fr\/wp-json\/wp\/v2\/product"}],"about":[{"href":"https:\/\/www.istegroup.com\/fr\/wp-json\/wp\/v2\/types\/product"}],"wp:featuredmedia":[{"embeddable":true,"href":"https:\/\/www.istegroup.com\/fr\/wp-json\/wp\/v2\/media\/32899"}],"wp:attachment":[{"href":"https:\/\/www.istegroup.com\/fr\/wp-json\/wp\/v2\/media?parent=23364"}],"wp:term":[{"taxonomy":"product_brand","embeddable":true,"href":"https:\/\/www.istegroup.com\/fr\/wp-json\/wp\/v2\/product_brand?post=23364"},{"taxonomy":"product_cat","embeddable":true,"href":"https:\/\/www.istegroup.com\/fr\/wp-json\/wp\/v2\/product_cat?post=23364"},{"taxonomy":"product_tag","embeddable":true,"href":"https:\/\/www.istegroup.com\/fr\/wp-json\/wp\/v2\/product_tag?post=23364"}],"curies":[{"name":"wp","href":"https:\/\/api.w.org\/{rel}","templated":true}]}}