{"id":23336,"date":"2020-03-23T09:03:05","date_gmt":"2020-03-23T09:03:05","guid":{"rendered":"https:\/\/www.istegroup.com\/?post_type=product&#038;p=23336"},"modified":"2024-01-03T14:40:18","modified_gmt":"2024-01-03T14:40:18","slug":"un-renouveau-du-genie-des-procedes-3","status":"publish","type":"product","link":"https:\/\/www.istegroup.com\/fr\/produit\/un-renouveau-du-genie-des-procedes-3\/","title":{"rendered":"Un renouveau du g\u00e9nie des proc\u00e9d\u00e9s 3"},"content":{"rendered":"<p>Apparu au d\u00e9but du si\u00e8cle pr\u00e9c\u00e9dent, le g\u00e9nie des proc\u00e9d\u00e9s est devenu une discipline scientifique incontournable pour les industries de transformation de la mati\u00e8re et de l\u2019\u00e9nergie. Son succ\u00e8s ne se d\u00e9ment pas avec l\u2019augmentation exponentielle des techniques et des innovations.<\/p>\n<p>Le d\u00e9veloppement rapide de nouvelles technologies comme l\u2019intelligence artificielle ou de nouveaux besoins soci\u00e9taux (d\u00e9veloppement durable, r\u00e9chauffement climatique, \u00e9nergies renouvelables, environnement, etc.) implique des \u00e9volutions qui doivent \u00eatre prises en consid\u00e9ration dans le renouveau industriel.<\/p>\n<p>L\u2019analyse prospective r\u00e9alis\u00e9e et pr\u00e9sent\u00e9e dans ce troisi\u00e8me volume met en \u00e9vidence des perturbations notables li\u00e9es au d\u00e9veloppement durable, au r\u00e9chauffement climatique, etc. Ces contraintes peuvent \u00e9galement induire des changements du syst\u00e8me de r\u00e9gulation sociale, ce qui impose des \u00e9volutions majeures pour les acteurs du g\u00e9nie des proc\u00e9d\u00e9s.<\/p>\n","protected":false},"excerpt":{"rendered":"<h2><\/h2>\n","protected":false},"featured_media":23340,"template":"","meta":{"_acf_changed":false,"_links_to":"","_links_to_target":""},"product_brand":[],"product_cat":[663],"product_tag":[],"class_list":{"0":"post-23336","1":"product","2":"type-product","3":"status-publish","4":"has-post-thumbnail","6":"product_cat-gnie-des-procds-12506436","8":"first","9":"instock","10":"shipping-taxable","11":"purchasable","12":"product-type-variable"},"acf":[],"yoast_head":"<!-- This site is optimized with the Yoast SEO plugin v27.2 - https:\/\/yoast.com\/product\/yoast-seo-wordpress\/ -->\n<title>Un renouveau du g\u00e9nie des proc\u00e9d\u00e9s 3 - ISTE Group<\/title>\n<meta name=\"description\" content=\"L\u2019analyse prospective r\u00e9alis\u00e9e et pr\u00e9sent\u00e9e dans ce troisi\u00e8me volume met en \u00e9vidence des perturbations notables li\u00e9es au d\u00e9veloppement durable, au r\u00e9chauffement climatique, etc.\" \/>\n<meta name=\"robots\" content=\"index, follow, max-snippet:-1, max-image-preview:large, max-video-preview:-1\" \/>\n<link rel=\"canonical\" href=\"https:\/\/www.istegroup.com\/en\/produit\/un-renouveau-du-genie-des-procedes-3\/\" \/>\n<meta property=\"og:locale\" content=\"fr_FR\" \/>\n<meta property=\"og:type\" content=\"article\" \/>\n<meta property=\"og:title\" content=\"Un renouveau du g\u00e9nie des proc\u00e9d\u00e9s 3 - ISTE Group\" \/>\n<meta property=\"og:description\" content=\"L\u2019analyse prospective r\u00e9alis\u00e9e et pr\u00e9sent\u00e9e dans ce troisi\u00e8me volume met en \u00e9vidence des perturbations notables li\u00e9es au d\u00e9veloppement durable, au r\u00e9chauffement climatique, etc.\" \/>\n<meta property=\"og:url\" content=\"https:\/\/www.istegroup.com\/en\/produit\/un-renouveau-du-genie-des-procedes-3\/\" \/>\n<meta property=\"og:site_name\" content=\"ISTE Group\" \/>\n<meta property=\"article:modified_time\" content=\"2024-01-03T14:40:18+00:00\" \/>\n<meta property=\"og:image\" content=\"https:\/\/www.istegroup.com\/wp-content\/uploads\/2019\/10\/Un-renouveau-du-g\u00e9nie-des-proc\u00e9d\u00e9s-3.jpg\" \/>\n\t<meta property=\"og:image:width\" content=\"300\" \/>\n\t<meta property=\"og:image:height\" content=\"450\" \/>\n\t<meta property=\"og:image:type\" content=\"image\/jpeg\" \/>\n<meta name=\"twitter:card\" content=\"summary_large_image\" \/>\n<meta name=\"twitter:label1\" content=\"Est. reading time\" \/>\n\t<meta name=\"twitter:data1\" content=\"1 minute\" \/>\n<script type=\"application\/ld+json\" class=\"yoast-schema-graph\">{\"@context\":\"https:\/\/schema.org\",\"@graph\":[{\"@type\":\"WebPage\",\"@id\":\"https:\/\/www.istegroup.com\/en\/produit\/un-renouveau-du-genie-des-procedes-3\/\",\"url\":\"https:\/\/www.istegroup.com\/en\/produit\/un-renouveau-du-genie-des-procedes-3\/\",\"name\":\"Un renouveau du g\u00e9nie des proc\u00e9d\u00e9s 3 - ISTE Group\",\"isPartOf\":{\"@id\":\"https:\/\/www.istegroup.com\/#website\"},\"primaryImageOfPage\":{\"@id\":\"https:\/\/www.istegroup.com\/en\/produit\/un-renouveau-du-genie-des-procedes-3\/#primaryimage\"},\"image\":{\"@id\":\"https:\/\/www.istegroup.com\/en\/produit\/un-renouveau-du-genie-des-procedes-3\/#primaryimage\"},\"thumbnailUrl\":\"https:\/\/www.istegroup.com\/wp-content\/uploads\/2019\/10\/Un-renouveau-du-g\u00e9nie-des-proc\u00e9d\u00e9s-3.jpg\",\"datePublished\":\"2020-03-23T09:03:05+00:00\",\"dateModified\":\"2024-01-03T14:40:18+00:00\",\"description\":\"L\u2019analyse prospective r\u00e9alis\u00e9e et pr\u00e9sent\u00e9e dans ce troisi\u00e8me volume met en \u00e9vidence des perturbations notables li\u00e9es au d\u00e9veloppement durable, au r\u00e9chauffement climatique, etc.\",\"breadcrumb\":{\"@id\":\"https:\/\/www.istegroup.com\/en\/produit\/un-renouveau-du-genie-des-procedes-3\/#breadcrumb\"},\"inLanguage\":\"fr-FR\",\"potentialAction\":[{\"@type\":\"ReadAction\",\"target\":[\"https:\/\/www.istegroup.com\/en\/produit\/un-renouveau-du-genie-des-procedes-3\/\"]}]},{\"@type\":\"ImageObject\",\"inLanguage\":\"fr-FR\",\"@id\":\"https:\/\/www.istegroup.com\/en\/produit\/un-renouveau-du-genie-des-procedes-3\/#primaryimage\",\"url\":\"https:\/\/www.istegroup.com\/wp-content\/uploads\/2019\/10\/Un-renouveau-du-g\u00e9nie-des-proc\u00e9d\u00e9s-3.jpg\",\"contentUrl\":\"https:\/\/www.istegroup.com\/wp-content\/uploads\/2019\/10\/Un-renouveau-du-g\u00e9nie-des-proc\u00e9d\u00e9s-3.jpg\",\"width\":300,\"height\":450,\"caption\":\"Prospective\"},{\"@type\":\"BreadcrumbList\",\"@id\":\"https:\/\/www.istegroup.com\/en\/produit\/un-renouveau-du-genie-des-procedes-3\/#breadcrumb\",\"itemListElement\":[{\"@type\":\"ListItem\",\"position\":1,\"name\":\"Home\",\"item\":\"https:\/\/www.istegroup.com\/\"},{\"@type\":\"ListItem\",\"position\":2,\"name\":\"Shop\",\"item\":\"https:\/\/www.istegroup.com\/fr\/nouveautes\/\"},{\"@type\":\"ListItem\",\"position\":3,\"name\":\"Un renouveau du g\u00e9nie des proc\u00e9d\u00e9s 3\"}]},{\"@type\":\"WebSite\",\"@id\":\"https:\/\/www.istegroup.com\/#website\",\"url\":\"https:\/\/www.istegroup.com\/\",\"name\":\"ISTE Group\",\"description\":\"\u00c9diteur des Sciences\",\"potentialAction\":[{\"@type\":\"SearchAction\",\"target\":{\"@type\":\"EntryPoint\",\"urlTemplate\":\"https:\/\/www.istegroup.com\/?s={search_term_string}\"},\"query-input\":{\"@type\":\"PropertyValueSpecification\",\"valueRequired\":true,\"valueName\":\"search_term_string\"}}],\"inLanguage\":\"fr-FR\"}]}<\/script>\n<!-- \/ Yoast SEO plugin. -->","yoast_head_json":{"title":"Un renouveau du g\u00e9nie des proc\u00e9d\u00e9s 3 - ISTE Group","description":"L\u2019analyse prospective r\u00e9alis\u00e9e et pr\u00e9sent\u00e9e dans ce troisi\u00e8me volume met en \u00e9vidence des perturbations notables li\u00e9es au d\u00e9veloppement durable, au r\u00e9chauffement climatique, etc.","robots":{"index":"index","follow":"follow","max-snippet":"max-snippet:-1","max-image-preview":"max-image-preview:large","max-video-preview":"max-video-preview:-1"},"canonical":"https:\/\/www.istegroup.com\/en\/produit\/un-renouveau-du-genie-des-procedes-3\/","og_locale":"fr_FR","og_type":"article","og_title":"Un renouveau du g\u00e9nie des proc\u00e9d\u00e9s 3 - ISTE Group","og_description":"L\u2019analyse prospective r\u00e9alis\u00e9e et pr\u00e9sent\u00e9e dans ce troisi\u00e8me volume met en \u00e9vidence des perturbations notables li\u00e9es au d\u00e9veloppement durable, au r\u00e9chauffement climatique, etc.","og_url":"https:\/\/www.istegroup.com\/en\/produit\/un-renouveau-du-genie-des-procedes-3\/","og_site_name":"ISTE Group","article_modified_time":"2024-01-03T14:40:18+00:00","og_image":[{"width":300,"height":450,"url":"https:\/\/www.istegroup.com\/wp-content\/uploads\/2019\/10\/Un-renouveau-du-g\u00e9nie-des-proc\u00e9d\u00e9s-3.jpg","type":"image\/jpeg"}],"twitter_card":"summary_large_image","twitter_misc":{"Est. reading time":"1 minute"},"schema":{"@context":"https:\/\/schema.org","@graph":[{"@type":"WebPage","@id":"https:\/\/www.istegroup.com\/en\/produit\/un-renouveau-du-genie-des-procedes-3\/","url":"https:\/\/www.istegroup.com\/en\/produit\/un-renouveau-du-genie-des-procedes-3\/","name":"Un renouveau du g\u00e9nie des proc\u00e9d\u00e9s 3 - ISTE Group","isPartOf":{"@id":"https:\/\/www.istegroup.com\/#website"},"primaryImageOfPage":{"@id":"https:\/\/www.istegroup.com\/en\/produit\/un-renouveau-du-genie-des-procedes-3\/#primaryimage"},"image":{"@id":"https:\/\/www.istegroup.com\/en\/produit\/un-renouveau-du-genie-des-procedes-3\/#primaryimage"},"thumbnailUrl":"https:\/\/www.istegroup.com\/wp-content\/uploads\/2019\/10\/Un-renouveau-du-g\u00e9nie-des-proc\u00e9d\u00e9s-3.jpg","datePublished":"2020-03-23T09:03:05+00:00","dateModified":"2024-01-03T14:40:18+00:00","description":"L\u2019analyse prospective r\u00e9alis\u00e9e et pr\u00e9sent\u00e9e dans ce troisi\u00e8me volume met en \u00e9vidence des perturbations notables li\u00e9es au d\u00e9veloppement durable, au r\u00e9chauffement climatique, etc.","breadcrumb":{"@id":"https:\/\/www.istegroup.com\/en\/produit\/un-renouveau-du-genie-des-procedes-3\/#breadcrumb"},"inLanguage":"fr-FR","potentialAction":[{"@type":"ReadAction","target":["https:\/\/www.istegroup.com\/en\/produit\/un-renouveau-du-genie-des-procedes-3\/"]}]},{"@type":"ImageObject","inLanguage":"fr-FR","@id":"https:\/\/www.istegroup.com\/en\/produit\/un-renouveau-du-genie-des-procedes-3\/#primaryimage","url":"https:\/\/www.istegroup.com\/wp-content\/uploads\/2019\/10\/Un-renouveau-du-g\u00e9nie-des-proc\u00e9d\u00e9s-3.jpg","contentUrl":"https:\/\/www.istegroup.com\/wp-content\/uploads\/2019\/10\/Un-renouveau-du-g\u00e9nie-des-proc\u00e9d\u00e9s-3.jpg","width":300,"height":450,"caption":"Prospective"},{"@type":"BreadcrumbList","@id":"https:\/\/www.istegroup.com\/en\/produit\/un-renouveau-du-genie-des-procedes-3\/#breadcrumb","itemListElement":[{"@type":"ListItem","position":1,"name":"Home","item":"https:\/\/www.istegroup.com\/"},{"@type":"ListItem","position":2,"name":"Shop","item":"https:\/\/www.istegroup.com\/fr\/nouveautes\/"},{"@type":"ListItem","position":3,"name":"Un renouveau du g\u00e9nie des proc\u00e9d\u00e9s 3"}]},{"@type":"WebSite","@id":"https:\/\/www.istegroup.com\/#website","url":"https:\/\/www.istegroup.com\/","name":"ISTE Group","description":"\u00c9diteur des Sciences","potentialAction":[{"@type":"SearchAction","target":{"@type":"EntryPoint","urlTemplate":"https:\/\/www.istegroup.com\/?s={search_term_string}"},"query-input":{"@type":"PropertyValueSpecification","valueRequired":true,"valueName":"search_term_string"}}],"inLanguage":"fr-FR"}]}},"_links":{"self":[{"href":"https:\/\/www.istegroup.com\/fr\/wp-json\/wp\/v2\/product\/23336","targetHints":{"allow":["GET"]}}],"collection":[{"href":"https:\/\/www.istegroup.com\/fr\/wp-json\/wp\/v2\/product"}],"about":[{"href":"https:\/\/www.istegroup.com\/fr\/wp-json\/wp\/v2\/types\/product"}],"wp:featuredmedia":[{"embeddable":true,"href":"https:\/\/www.istegroup.com\/fr\/wp-json\/wp\/v2\/media\/23340"}],"wp:attachment":[{"href":"https:\/\/www.istegroup.com\/fr\/wp-json\/wp\/v2\/media?parent=23336"}],"wp:term":[{"taxonomy":"product_brand","embeddable":true,"href":"https:\/\/www.istegroup.com\/fr\/wp-json\/wp\/v2\/product_brand?post=23336"},{"taxonomy":"product_cat","embeddable":true,"href":"https:\/\/www.istegroup.com\/fr\/wp-json\/wp\/v2\/product_cat?post=23336"},{"taxonomy":"product_tag","embeddable":true,"href":"https:\/\/www.istegroup.com\/fr\/wp-json\/wp\/v2\/product_tag?post=23336"}],"curies":[{"name":"wp","href":"https:\/\/api.w.org\/{rel}","templated":true}]}}