{"id":22887,"date":"2020-03-21T13:29:00","date_gmt":"2020-03-21T13:29:00","guid":{"rendered":"https:\/\/www.istegroup.com\/?post_type=product&#038;p=22887"},"modified":"2024-01-03T13:43:26","modified_gmt":"2024-01-03T13:43:26","slug":"trajectoires-de-la-genetique","status":"publish","type":"product","link":"https:\/\/www.istegroup.com\/fr\/produit\/trajectoires-de-la-genetique\/","title":{"rendered":"Trajectoires de la g\u00e9n\u00e9tique"},"content":{"rendered":"<p>Alors que la g\u00e9n\u00e9tique prend une importance croissante dans notre environnement quotidien, la m\u00e9connaissance de ses fondements scientifiques induit des sentiments m\u00e9lang\u00e9s d\u2019espoirs et de craintes quant au potentiel de ses applications.<\/p>\n<p>Cet ouvrage propose de d\u00e9couvrir les multiples facettes de la g\u00e9n\u00e9tique, de l\u2019humain \u00e0 l\u2019animal et au v\u00e9g\u00e9tal en passant par le monde microscopique, \u00e0 travers plus d\u2019un si\u00e8cle de progr\u00e8s scientifiques. Il r\u00e9sume l\u2019\u00e9volution des id\u00e9es \u00e0 mesure que l\u2019organisation et le fonctionnement du mat\u00e9riel g\u00e9n\u00e9tique se sont clarifi\u00e9s.<\/p>\n<p><em>Trajectoires de la g\u00e9n\u00e9tique<\/em> analyse la fa\u00e7on dont l\u2019information g\u00e9n\u00e9tique transmise de g\u00e9n\u00e9ration en g\u00e9n\u00e9ration dans les acides nucl\u00e9iques permet la r\u00e9alisation des fonctions biologiques et l\u2019\u00e9volution du monde vivant. Il illustre les d\u00e9veloppements actuels dans des domaines aussi vari\u00e9s que l\u2019am\u00e9lioration des esp\u00e8ces d\u2019int\u00e9r\u00eat agronomique, la connaissance des mondes microbiens, la prise en charge des pathologies d\u2019origine g\u00e9n\u00e9tique ou la synth\u00e8se de nouvelles formes de vie.<\/p>\n","protected":false},"excerpt":{"rendered":"<p>Alors que la g\u00e9n\u00e9tique prend une importance croissante dans notre environnement quotidien, la m\u00e9connaissance de ses fondements scientifiques induit des sentiments m\u00e9lang\u00e9s d\u2019espoirs et de craintes quant au potentiel de ses applications. Cet ouvrage propose de d\u00e9couvrir les multiples facettes de la g\u00e9n\u00e9tique, de l\u2019humain \u00e0 l\u2019animal et au v\u00e9g\u00e9tal en passant par le monde [&hellip;]<\/p>\n","protected":false},"featured_media":22895,"template":"","meta":{"_acf_changed":false,"_links_to":"","_links_to_target":""},"product_brand":[],"product_cat":[3262],"product_tag":[],"class_list":{"0":"post-22887","1":"product","2":"type-product","3":"status-publish","4":"has-post-thumbnail","6":"product_cat-non-classe","8":"first","9":"instock","10":"shipping-taxable","11":"purchasable","12":"product-type-variable"},"acf":[],"yoast_head":"<!-- This site is optimized with the Yoast SEO plugin v27.2 - https:\/\/yoast.com\/product\/yoast-seo-wordpress\/ -->\n<title>Trajectoires de la g\u00e9n\u00e9tique - ISTE Group<\/title>\n<meta name=\"description\" content=\"Cet ouvrage propose de d\u00e9couvrir les multiples facettes de la g\u00e9n\u00e9tique, de l\u2019humain \u00e0 l\u2019animal et au v\u00e9g\u00e9tal en passant par le monde microscopique, \u00e0 travers plus d\u2019un si\u00e8cle de progr\u00e8s scientifiques.\" \/>\n<meta name=\"robots\" content=\"index, follow, max-snippet:-1, max-image-preview:large, max-video-preview:-1\" \/>\n<link rel=\"canonical\" href=\"https:\/\/www.istegroup.com\/fr\/produit\/trajectoires-de-la-genetique\/\" \/>\n<meta property=\"og:locale\" content=\"fr_FR\" \/>\n<meta property=\"og:type\" content=\"article\" \/>\n<meta property=\"og:title\" content=\"Trajectoires de la g\u00e9n\u00e9tique - ISTE Group\" \/>\n<meta property=\"og:description\" content=\"Cet ouvrage propose de d\u00e9couvrir les multiples facettes de la g\u00e9n\u00e9tique, de l\u2019humain \u00e0 l\u2019animal et au v\u00e9g\u00e9tal en passant par le monde microscopique, \u00e0 travers plus d\u2019un si\u00e8cle de progr\u00e8s scientifiques.\" \/>\n<meta property=\"og:url\" content=\"https:\/\/www.istegroup.com\/fr\/produit\/trajectoires-de-la-genetique\/\" \/>\n<meta property=\"og:site_name\" content=\"ISTE Group\" \/>\n<meta property=\"article:modified_time\" content=\"2024-01-03T13:43:26+00:00\" \/>\n<meta property=\"og:image\" content=\"https:\/\/www.istegroup.com\/wp-content\/uploads\/2019\/09\/Trajectoires-de-la-g\u00e9n\u00e9tique.jpg\" \/>\n\t<meta property=\"og:image:width\" content=\"300\" \/>\n\t<meta property=\"og:image:height\" content=\"452\" \/>\n\t<meta property=\"og:image:type\" content=\"image\/jpeg\" \/>\n<meta name=\"twitter:card\" content=\"summary_large_image\" \/>\n<meta name=\"twitter:label1\" content=\"Est. reading time\" \/>\n\t<meta name=\"twitter:data1\" content=\"1 minute\" \/>\n<script type=\"application\/ld+json\" class=\"yoast-schema-graph\">{\"@context\":\"https:\/\/schema.org\",\"@graph\":[{\"@type\":\"WebPage\",\"@id\":\"https:\/\/www.istegroup.com\/fr\/produit\/trajectoires-de-la-genetique\/\",\"url\":\"https:\/\/www.istegroup.com\/fr\/produit\/trajectoires-de-la-genetique\/\",\"name\":\"Trajectoires de la g\u00e9n\u00e9tique - ISTE Group\",\"isPartOf\":{\"@id\":\"https:\/\/www.istegroup.com\/#website\"},\"primaryImageOfPage\":{\"@id\":\"https:\/\/www.istegroup.com\/fr\/produit\/trajectoires-de-la-genetique\/#primaryimage\"},\"image\":{\"@id\":\"https:\/\/www.istegroup.com\/fr\/produit\/trajectoires-de-la-genetique\/#primaryimage\"},\"thumbnailUrl\":\"https:\/\/www.istegroup.com\/wp-content\/uploads\/2019\/09\/Trajectoires-de-la-g\u00e9n\u00e9tique.jpg\",\"datePublished\":\"2020-03-21T13:29:00+00:00\",\"dateModified\":\"2024-01-03T13:43:26+00:00\",\"description\":\"Cet ouvrage propose de d\u00e9couvrir les multiples facettes de la g\u00e9n\u00e9tique, de l\u2019humain \u00e0 l\u2019animal et au v\u00e9g\u00e9tal en passant par le monde microscopique, \u00e0 travers plus d\u2019un si\u00e8cle de progr\u00e8s scientifiques.\",\"breadcrumb\":{\"@id\":\"https:\/\/www.istegroup.com\/fr\/produit\/trajectoires-de-la-genetique\/#breadcrumb\"},\"inLanguage\":\"fr-FR\",\"potentialAction\":[{\"@type\":\"ReadAction\",\"target\":[\"https:\/\/www.istegroup.com\/fr\/produit\/trajectoires-de-la-genetique\/\"]}]},{\"@type\":\"ImageObject\",\"inLanguage\":\"fr-FR\",\"@id\":\"https:\/\/www.istegroup.com\/fr\/produit\/trajectoires-de-la-genetique\/#primaryimage\",\"url\":\"https:\/\/www.istegroup.com\/wp-content\/uploads\/2019\/09\/Trajectoires-de-la-g\u00e9n\u00e9tique.jpg\",\"contentUrl\":\"https:\/\/www.istegroup.com\/wp-content\/uploads\/2019\/09\/Trajectoires-de-la-g\u00e9n\u00e9tique.jpg\",\"width\":300,\"height\":452},{\"@type\":\"BreadcrumbList\",\"@id\":\"https:\/\/www.istegroup.com\/fr\/produit\/trajectoires-de-la-genetique\/#breadcrumb\",\"itemListElement\":[{\"@type\":\"ListItem\",\"position\":1,\"name\":\"Home\",\"item\":\"https:\/\/www.istegroup.com\/\"},{\"@type\":\"ListItem\",\"position\":2,\"name\":\"Shop\",\"item\":\"https:\/\/www.istegroup.com\/fr\/nouveautes\/\"},{\"@type\":\"ListItem\",\"position\":3,\"name\":\"Trajectoires de la g\u00e9n\u00e9tique\"}]},{\"@type\":\"WebSite\",\"@id\":\"https:\/\/www.istegroup.com\/#website\",\"url\":\"https:\/\/www.istegroup.com\/\",\"name\":\"ISTE Group\",\"description\":\"\u00c9diteur des Sciences\",\"potentialAction\":[{\"@type\":\"SearchAction\",\"target\":{\"@type\":\"EntryPoint\",\"urlTemplate\":\"https:\/\/www.istegroup.com\/?s={search_term_string}\"},\"query-input\":{\"@type\":\"PropertyValueSpecification\",\"valueRequired\":true,\"valueName\":\"search_term_string\"}}],\"inLanguage\":\"fr-FR\"}]}<\/script>\n<!-- \/ Yoast SEO plugin. -->","yoast_head_json":{"title":"Trajectoires de la g\u00e9n\u00e9tique - ISTE Group","description":"Cet ouvrage propose de d\u00e9couvrir les multiples facettes de la g\u00e9n\u00e9tique, de l\u2019humain \u00e0 l\u2019animal et au v\u00e9g\u00e9tal en passant par le monde microscopique, \u00e0 travers plus d\u2019un si\u00e8cle de progr\u00e8s scientifiques.","robots":{"index":"index","follow":"follow","max-snippet":"max-snippet:-1","max-image-preview":"max-image-preview:large","max-video-preview":"max-video-preview:-1"},"canonical":"https:\/\/www.istegroup.com\/fr\/produit\/trajectoires-de-la-genetique\/","og_locale":"fr_FR","og_type":"article","og_title":"Trajectoires de la g\u00e9n\u00e9tique - ISTE Group","og_description":"Cet ouvrage propose de d\u00e9couvrir les multiples facettes de la g\u00e9n\u00e9tique, de l\u2019humain \u00e0 l\u2019animal et au v\u00e9g\u00e9tal en passant par le monde microscopique, \u00e0 travers plus d\u2019un si\u00e8cle de progr\u00e8s scientifiques.","og_url":"https:\/\/www.istegroup.com\/fr\/produit\/trajectoires-de-la-genetique\/","og_site_name":"ISTE Group","article_modified_time":"2024-01-03T13:43:26+00:00","og_image":[{"width":300,"height":452,"url":"https:\/\/www.istegroup.com\/wp-content\/uploads\/2019\/09\/Trajectoires-de-la-g\u00e9n\u00e9tique.jpg","type":"image\/jpeg"}],"twitter_card":"summary_large_image","twitter_misc":{"Est. reading time":"1 minute"},"schema":{"@context":"https:\/\/schema.org","@graph":[{"@type":"WebPage","@id":"https:\/\/www.istegroup.com\/fr\/produit\/trajectoires-de-la-genetique\/","url":"https:\/\/www.istegroup.com\/fr\/produit\/trajectoires-de-la-genetique\/","name":"Trajectoires de la g\u00e9n\u00e9tique - ISTE Group","isPartOf":{"@id":"https:\/\/www.istegroup.com\/#website"},"primaryImageOfPage":{"@id":"https:\/\/www.istegroup.com\/fr\/produit\/trajectoires-de-la-genetique\/#primaryimage"},"image":{"@id":"https:\/\/www.istegroup.com\/fr\/produit\/trajectoires-de-la-genetique\/#primaryimage"},"thumbnailUrl":"https:\/\/www.istegroup.com\/wp-content\/uploads\/2019\/09\/Trajectoires-de-la-g\u00e9n\u00e9tique.jpg","datePublished":"2020-03-21T13:29:00+00:00","dateModified":"2024-01-03T13:43:26+00:00","description":"Cet ouvrage propose de d\u00e9couvrir les multiples facettes de la g\u00e9n\u00e9tique, de l\u2019humain \u00e0 l\u2019animal et au v\u00e9g\u00e9tal en passant par le monde microscopique, \u00e0 travers plus d\u2019un si\u00e8cle de progr\u00e8s scientifiques.","breadcrumb":{"@id":"https:\/\/www.istegroup.com\/fr\/produit\/trajectoires-de-la-genetique\/#breadcrumb"},"inLanguage":"fr-FR","potentialAction":[{"@type":"ReadAction","target":["https:\/\/www.istegroup.com\/fr\/produit\/trajectoires-de-la-genetique\/"]}]},{"@type":"ImageObject","inLanguage":"fr-FR","@id":"https:\/\/www.istegroup.com\/fr\/produit\/trajectoires-de-la-genetique\/#primaryimage","url":"https:\/\/www.istegroup.com\/wp-content\/uploads\/2019\/09\/Trajectoires-de-la-g\u00e9n\u00e9tique.jpg","contentUrl":"https:\/\/www.istegroup.com\/wp-content\/uploads\/2019\/09\/Trajectoires-de-la-g\u00e9n\u00e9tique.jpg","width":300,"height":452},{"@type":"BreadcrumbList","@id":"https:\/\/www.istegroup.com\/fr\/produit\/trajectoires-de-la-genetique\/#breadcrumb","itemListElement":[{"@type":"ListItem","position":1,"name":"Home","item":"https:\/\/www.istegroup.com\/"},{"@type":"ListItem","position":2,"name":"Shop","item":"https:\/\/www.istegroup.com\/fr\/nouveautes\/"},{"@type":"ListItem","position":3,"name":"Trajectoires de la g\u00e9n\u00e9tique"}]},{"@type":"WebSite","@id":"https:\/\/www.istegroup.com\/#website","url":"https:\/\/www.istegroup.com\/","name":"ISTE Group","description":"\u00c9diteur des Sciences","potentialAction":[{"@type":"SearchAction","target":{"@type":"EntryPoint","urlTemplate":"https:\/\/www.istegroup.com\/?s={search_term_string}"},"query-input":{"@type":"PropertyValueSpecification","valueRequired":true,"valueName":"search_term_string"}}],"inLanguage":"fr-FR"}]}},"_links":{"self":[{"href":"https:\/\/www.istegroup.com\/fr\/wp-json\/wp\/v2\/product\/22887","targetHints":{"allow":["GET"]}}],"collection":[{"href":"https:\/\/www.istegroup.com\/fr\/wp-json\/wp\/v2\/product"}],"about":[{"href":"https:\/\/www.istegroup.com\/fr\/wp-json\/wp\/v2\/types\/product"}],"wp:featuredmedia":[{"embeddable":true,"href":"https:\/\/www.istegroup.com\/fr\/wp-json\/wp\/v2\/media\/22895"}],"wp:attachment":[{"href":"https:\/\/www.istegroup.com\/fr\/wp-json\/wp\/v2\/media?parent=22887"}],"wp:term":[{"taxonomy":"product_brand","embeddable":true,"href":"https:\/\/www.istegroup.com\/fr\/wp-json\/wp\/v2\/product_brand?post=22887"},{"taxonomy":"product_cat","embeddable":true,"href":"https:\/\/www.istegroup.com\/fr\/wp-json\/wp\/v2\/product_cat?post=22887"},{"taxonomy":"product_tag","embeddable":true,"href":"https:\/\/www.istegroup.com\/fr\/wp-json\/wp\/v2\/product_tag?post=22887"}],"curies":[{"name":"wp","href":"https:\/\/api.w.org\/{rel}","templated":true}]}}