{"id":22800,"date":"2020-01-11T08:09:40","date_gmt":"2020-01-11T08:09:40","guid":{"rendered":"https:\/\/www.istegroup.com\/?post_type=product&#038;p=22800"},"modified":"2024-01-03T13:43:23","modified_gmt":"2024-01-03T13:43:23","slug":"les-lieux-touristiques-du-monde","status":"publish","type":"product","link":"https:\/\/www.istegroup.com\/fr\/produit\/les-lieux-touristiques-du-monde\/","title":{"rendered":"Les lieux touristiques du Monde"},"content":{"rendered":"<p>Apr\u00e8s avoir \u00e9t\u00e9 longtemps une pratique essentiellement occidentale, le \u00ab voyage d\u2019agr\u00e9ment \u00bb est aujourd\u2019hui l\u2019industrie la plus dynamique au monde en termes de croissance. Se nourrissant du d\u00e9veloppement des moyens de transport et de communication, le tourisme participe d\u00e9sormais \u00e0 la construction de notre Monde et \u00e0 l\u2019accroissement exponentiel des liens entre les continents et les diff\u00e9rentes cultures.<\/p>\n<p>D\u00e9gag\u00e9 des approches trop globalisantes qui confondent diff\u00e9rents types de mobilit\u00e9s, cet ouvrage \u00e9labore une carte originale du Monde par grandes zones et lieux touristiques, et non par pays. La hi\u00e9rarchie des destinations qui est dessin\u00e9e est ainsi mise en \u00e9vidence par les diff\u00e9rents degr\u00e9s de popularit\u00e9 et de flux de voyageurs, depuis les lieux universels o\u00f9 se rencontrent toutes les soci\u00e9t\u00e9s jusqu\u2019aux lieux encore non fr\u00e9quent\u00e9s.<\/p>\n<p>Au-del\u00e0 du constat d\u2019un tourisme mondialis\u00e9, l\u2019enjeu est de comprendre comment et pourquoi les soci\u00e9t\u00e9s acc\u00e8dent \u00e0 une vie meilleure par un d\u00e9veloppement durable, lequel englobe les dimensions sociale, \u00e9conomique et environnementale.<\/p>\n","protected":false},"excerpt":{"rendered":"<p>avec la collaboration de Benjamin Taunay<\/p>\n","protected":false},"featured_media":22808,"template":"","meta":{"_acf_changed":false,"_links_to":"","_links_to_target":""},"product_brand":[],"product_cat":[684],"product_tag":[],"class_list":{"0":"post-22800","1":"product","2":"type-product","3":"status-publish","4":"has-post-thumbnail","6":"product_cat-sciences-socit-et-nouvelles-technologies-188422468","8":"first","9":"instock","10":"shipping-taxable","11":"purchasable","12":"product-type-variable"},"acf":[],"yoast_head":"<!-- This site is optimized with the Yoast SEO plugin v27.2 - https:\/\/yoast.com\/product\/yoast-seo-wordpress\/ -->\n<title>Les lieux touristiques du Monde - ISTE Group<\/title>\n<meta name=\"description\" content=\"D\u00e9gag\u00e9 des approches trop globalisantes qui confondent diff\u00e9rents types de mobilit\u00e9s, cet ouvrage \u00e9labore une carte originale du Monde par grandes zones et lieux touristiques, et non par pays.\" \/>\n<meta name=\"robots\" content=\"index, follow, max-snippet:-1, max-image-preview:large, max-video-preview:-1\" \/>\n<link rel=\"canonical\" href=\"https:\/\/www.istegroup.com\/fr\/produit\/les-lieux-touristiques-du-monde\/\" \/>\n<meta property=\"og:locale\" content=\"fr_FR\" \/>\n<meta property=\"og:type\" content=\"article\" \/>\n<meta property=\"og:title\" content=\"Les lieux touristiques du Monde - ISTE Group\" \/>\n<meta property=\"og:description\" content=\"D\u00e9gag\u00e9 des approches trop globalisantes qui confondent diff\u00e9rents types de mobilit\u00e9s, cet ouvrage \u00e9labore une carte originale du Monde par grandes zones et lieux touristiques, et non par pays.\" \/>\n<meta property=\"og:url\" content=\"https:\/\/www.istegroup.com\/fr\/produit\/les-lieux-touristiques-du-monde\/\" \/>\n<meta property=\"og:site_name\" content=\"ISTE Group\" \/>\n<meta property=\"article:modified_time\" content=\"2024-01-03T13:43:23+00:00\" \/>\n<meta property=\"og:image\" content=\"https:\/\/www.istegroup.com\/wp-content\/uploads\/2019\/09\/Les-lieux-touristiques-du-Monde_Violier-scaled.jpg\" \/>\n\t<meta property=\"og:image:width\" content=\"1703\" \/>\n\t<meta property=\"og:image:height\" content=\"2560\" \/>\n\t<meta property=\"og:image:type\" content=\"image\/jpeg\" \/>\n<meta name=\"twitter:card\" content=\"summary_large_image\" \/>\n<meta name=\"twitter:label1\" content=\"Est. reading time\" \/>\n\t<meta name=\"twitter:data1\" content=\"1 minute\" \/>\n<script type=\"application\/ld+json\" class=\"yoast-schema-graph\">{\"@context\":\"https:\/\/schema.org\",\"@graph\":[{\"@type\":\"WebPage\",\"@id\":\"https:\/\/www.istegroup.com\/fr\/produit\/les-lieux-touristiques-du-monde\/\",\"url\":\"https:\/\/www.istegroup.com\/fr\/produit\/les-lieux-touristiques-du-monde\/\",\"name\":\"Les lieux touristiques du Monde - ISTE Group\",\"isPartOf\":{\"@id\":\"https:\/\/www.istegroup.com\/#website\"},\"primaryImageOfPage\":{\"@id\":\"https:\/\/www.istegroup.com\/fr\/produit\/les-lieux-touristiques-du-monde\/#primaryimage\"},\"image\":{\"@id\":\"https:\/\/www.istegroup.com\/fr\/produit\/les-lieux-touristiques-du-monde\/#primaryimage\"},\"thumbnailUrl\":\"https:\/\/www.istegroup.com\/wp-content\/uploads\/2019\/09\/Les-lieux-touristiques-du-Monde_Violier-scaled.jpg\",\"datePublished\":\"2020-01-11T08:09:40+00:00\",\"dateModified\":\"2024-01-03T13:43:23+00:00\",\"description\":\"D\u00e9gag\u00e9 des approches trop globalisantes qui confondent diff\u00e9rents types de mobilit\u00e9s, cet ouvrage \u00e9labore une carte originale du Monde par grandes zones et lieux touristiques, et non par pays.\",\"breadcrumb\":{\"@id\":\"https:\/\/www.istegroup.com\/fr\/produit\/les-lieux-touristiques-du-monde\/#breadcrumb\"},\"inLanguage\":\"fr-FR\",\"potentialAction\":[{\"@type\":\"ReadAction\",\"target\":[\"https:\/\/www.istegroup.com\/fr\/produit\/les-lieux-touristiques-du-monde\/\"]}]},{\"@type\":\"ImageObject\",\"inLanguage\":\"fr-FR\",\"@id\":\"https:\/\/www.istegroup.com\/fr\/produit\/les-lieux-touristiques-du-monde\/#primaryimage\",\"url\":\"https:\/\/www.istegroup.com\/wp-content\/uploads\/2019\/09\/Les-lieux-touristiques-du-Monde_Violier-scaled.jpg\",\"contentUrl\":\"https:\/\/www.istegroup.com\/wp-content\/uploads\/2019\/09\/Les-lieux-touristiques-du-Monde_Violier-scaled.jpg\",\"width\":1703,\"height\":2560,\"caption\":\"De la mondialisation \u00e0 la mondialit\u00e9\"},{\"@type\":\"BreadcrumbList\",\"@id\":\"https:\/\/www.istegroup.com\/fr\/produit\/les-lieux-touristiques-du-monde\/#breadcrumb\",\"itemListElement\":[{\"@type\":\"ListItem\",\"position\":1,\"name\":\"Home\",\"item\":\"https:\/\/www.istegroup.com\/\"},{\"@type\":\"ListItem\",\"position\":2,\"name\":\"Shop\",\"item\":\"https:\/\/www.istegroup.com\/fr\/nouveautes\/\"},{\"@type\":\"ListItem\",\"position\":3,\"name\":\"Les lieux touristiques du Monde\"}]},{\"@type\":\"WebSite\",\"@id\":\"https:\/\/www.istegroup.com\/#website\",\"url\":\"https:\/\/www.istegroup.com\/\",\"name\":\"ISTE Group\",\"description\":\"\u00c9diteur des Sciences\",\"potentialAction\":[{\"@type\":\"SearchAction\",\"target\":{\"@type\":\"EntryPoint\",\"urlTemplate\":\"https:\/\/www.istegroup.com\/?s={search_term_string}\"},\"query-input\":{\"@type\":\"PropertyValueSpecification\",\"valueRequired\":true,\"valueName\":\"search_term_string\"}}],\"inLanguage\":\"fr-FR\"}]}<\/script>\n<!-- \/ Yoast SEO plugin. -->","yoast_head_json":{"title":"Les lieux touristiques du Monde - ISTE Group","description":"D\u00e9gag\u00e9 des approches trop globalisantes qui confondent diff\u00e9rents types de mobilit\u00e9s, cet ouvrage \u00e9labore une carte originale du Monde par grandes zones et lieux touristiques, et non par pays.","robots":{"index":"index","follow":"follow","max-snippet":"max-snippet:-1","max-image-preview":"max-image-preview:large","max-video-preview":"max-video-preview:-1"},"canonical":"https:\/\/www.istegroup.com\/fr\/produit\/les-lieux-touristiques-du-monde\/","og_locale":"fr_FR","og_type":"article","og_title":"Les lieux touristiques du Monde - ISTE Group","og_description":"D\u00e9gag\u00e9 des approches trop globalisantes qui confondent diff\u00e9rents types de mobilit\u00e9s, cet ouvrage \u00e9labore une carte originale du Monde par grandes zones et lieux touristiques, et non par pays.","og_url":"https:\/\/www.istegroup.com\/fr\/produit\/les-lieux-touristiques-du-monde\/","og_site_name":"ISTE Group","article_modified_time":"2024-01-03T13:43:23+00:00","og_image":[{"width":1703,"height":2560,"url":"https:\/\/www.istegroup.com\/wp-content\/uploads\/2019\/09\/Les-lieux-touristiques-du-Monde_Violier-scaled.jpg","type":"image\/jpeg"}],"twitter_card":"summary_large_image","twitter_misc":{"Est. reading time":"1 minute"},"schema":{"@context":"https:\/\/schema.org","@graph":[{"@type":"WebPage","@id":"https:\/\/www.istegroup.com\/fr\/produit\/les-lieux-touristiques-du-monde\/","url":"https:\/\/www.istegroup.com\/fr\/produit\/les-lieux-touristiques-du-monde\/","name":"Les lieux touristiques du Monde - ISTE Group","isPartOf":{"@id":"https:\/\/www.istegroup.com\/#website"},"primaryImageOfPage":{"@id":"https:\/\/www.istegroup.com\/fr\/produit\/les-lieux-touristiques-du-monde\/#primaryimage"},"image":{"@id":"https:\/\/www.istegroup.com\/fr\/produit\/les-lieux-touristiques-du-monde\/#primaryimage"},"thumbnailUrl":"https:\/\/www.istegroup.com\/wp-content\/uploads\/2019\/09\/Les-lieux-touristiques-du-Monde_Violier-scaled.jpg","datePublished":"2020-01-11T08:09:40+00:00","dateModified":"2024-01-03T13:43:23+00:00","description":"D\u00e9gag\u00e9 des approches trop globalisantes qui confondent diff\u00e9rents types de mobilit\u00e9s, cet ouvrage \u00e9labore une carte originale du Monde par grandes zones et lieux touristiques, et non par pays.","breadcrumb":{"@id":"https:\/\/www.istegroup.com\/fr\/produit\/les-lieux-touristiques-du-monde\/#breadcrumb"},"inLanguage":"fr-FR","potentialAction":[{"@type":"ReadAction","target":["https:\/\/www.istegroup.com\/fr\/produit\/les-lieux-touristiques-du-monde\/"]}]},{"@type":"ImageObject","inLanguage":"fr-FR","@id":"https:\/\/www.istegroup.com\/fr\/produit\/les-lieux-touristiques-du-monde\/#primaryimage","url":"https:\/\/www.istegroup.com\/wp-content\/uploads\/2019\/09\/Les-lieux-touristiques-du-Monde_Violier-scaled.jpg","contentUrl":"https:\/\/www.istegroup.com\/wp-content\/uploads\/2019\/09\/Les-lieux-touristiques-du-Monde_Violier-scaled.jpg","width":1703,"height":2560,"caption":"De la mondialisation \u00e0 la mondialit\u00e9"},{"@type":"BreadcrumbList","@id":"https:\/\/www.istegroup.com\/fr\/produit\/les-lieux-touristiques-du-monde\/#breadcrumb","itemListElement":[{"@type":"ListItem","position":1,"name":"Home","item":"https:\/\/www.istegroup.com\/"},{"@type":"ListItem","position":2,"name":"Shop","item":"https:\/\/www.istegroup.com\/fr\/nouveautes\/"},{"@type":"ListItem","position":3,"name":"Les lieux touristiques du Monde"}]},{"@type":"WebSite","@id":"https:\/\/www.istegroup.com\/#website","url":"https:\/\/www.istegroup.com\/","name":"ISTE Group","description":"\u00c9diteur des Sciences","potentialAction":[{"@type":"SearchAction","target":{"@type":"EntryPoint","urlTemplate":"https:\/\/www.istegroup.com\/?s={search_term_string}"},"query-input":{"@type":"PropertyValueSpecification","valueRequired":true,"valueName":"search_term_string"}}],"inLanguage":"fr-FR"}]}},"_links":{"self":[{"href":"https:\/\/www.istegroup.com\/fr\/wp-json\/wp\/v2\/product\/22800","targetHints":{"allow":["GET"]}}],"collection":[{"href":"https:\/\/www.istegroup.com\/fr\/wp-json\/wp\/v2\/product"}],"about":[{"href":"https:\/\/www.istegroup.com\/fr\/wp-json\/wp\/v2\/types\/product"}],"wp:featuredmedia":[{"embeddable":true,"href":"https:\/\/www.istegroup.com\/fr\/wp-json\/wp\/v2\/media\/22808"}],"wp:attachment":[{"href":"https:\/\/www.istegroup.com\/fr\/wp-json\/wp\/v2\/media?parent=22800"}],"wp:term":[{"taxonomy":"product_brand","embeddable":true,"href":"https:\/\/www.istegroup.com\/fr\/wp-json\/wp\/v2\/product_brand?post=22800"},{"taxonomy":"product_cat","embeddable":true,"href":"https:\/\/www.istegroup.com\/fr\/wp-json\/wp\/v2\/product_cat?post=22800"},{"taxonomy":"product_tag","embeddable":true,"href":"https:\/\/www.istegroup.com\/fr\/wp-json\/wp\/v2\/product_tag?post=22800"}],"curies":[{"name":"wp","href":"https:\/\/api.w.org\/{rel}","templated":true}]}}