{"id":22778,"date":"2020-01-11T13:20:17","date_gmt":"2020-01-11T13:20:17","guid":{"rendered":"https:\/\/www.istegroup.com\/?post_type=product&#038;p=22778"},"modified":"2024-01-03T13:43:23","modified_gmt":"2024-01-03T13:43:23","slug":"politisation-des-enjeux-ecologiques","status":"publish","type":"product","link":"https:\/\/www.istegroup.com\/fr\/produit\/politisation-des-enjeux-ecologiques\/","title":{"rendered":"Politisation des enjeux \u00e9cologiques"},"content":{"rendered":"<p>Avec le d\u00e9r\u00e8glement climatique et la perte de biodiversit\u00e9, les probl\u00e8mes \u00e9cologiques sont de plus en plus souvent pr\u00e9sent\u00e9s comme globaux. Mais cela les rend aussi plus abstraits et distants. Or, il est difficile de prendre des d\u00e9cisions l\u00e9gitimes pour gouverner des enjeux qui semblent \u00e9loign\u00e9s du quotidien des populations. Des r\u00e9alit\u00e9s environnementales localement perceptibles peuvent davantage motiver l\u2019action publique.<\/p>\n<p>Ainsi, des d\u00e9bats sur l\u2019avenir du Rhin et du Rh\u00f4ne, de la truite et du saumon ont fa\u00e7onn\u00e9 le contenu de politiques environnementales en Europe. Ces r\u00e9alit\u00e9s ont \u00e9t\u00e9 rendues visibles. Les contours pertinents \u00e0 prendre en compte ont \u00e9t\u00e9 discut\u00e9s puis stabilis\u00e9s. Leur signification a \u00e9t\u00e9 politis\u00e9e pour justifier l\u2019am\u00e9lioration des milieux de vie des humains, de la faune et de la flore. M\u00eame si les d\u00e9cisions prises ne sont pas tr\u00e8s originales (autorisations, interdictions, zonages, compensations, etc.), leurs effets sur l\u2019environnement ont \u00e9t\u00e9 r\u00e9els. C\u2019est \u00e0 travers de tels formes et motifs environnementaux que se joueront aussi les solutions de la crise \u00e9cologique actuelle.<\/p>\n","protected":false},"excerpt":{"rendered":"<p>Avec le d\u00e9r\u00e8glement climatique et la perte de biodiversit\u00e9, les probl\u00e8mes \u00e9cologiques sont de plus en plus souvent pr\u00e9sent\u00e9s comme globaux. Mais cela les rend aussi plus abstraits et distants. Or, il est difficile de prendre des d\u00e9cisions l\u00e9gitimes pour gouverner des enjeux qui semblent \u00e9loign\u00e9s du quotidien des populations. Des r\u00e9alit\u00e9s environnementales localement perceptibles [&hellip;]<\/p>\n","protected":false},"featured_media":22787,"template":"","meta":{"_acf_changed":false,"_links_to":"","_links_to_target":""},"product_brand":[],"product_cat":[3262],"product_tag":[],"class_list":{"0":"post-22778","1":"product","2":"type-product","3":"status-publish","4":"has-post-thumbnail","6":"product_cat-non-classe","8":"first","9":"instock","10":"shipping-taxable","11":"purchasable","12":"product-type-variable"},"acf":[],"yoast_head":"<!-- This site is optimized with the Yoast SEO plugin v27.2 - https:\/\/yoast.com\/product\/yoast-seo-wordpress\/ -->\n<title>Politisation des enjeux \u00e9cologiques - ISTE Group<\/title>\n<meta name=\"description\" content=\"Avec le d\u00e9r\u00e8glement climatique et la perte de biodiversit\u00e9, les probl\u00e8mes \u00e9cologiques sont de plus en plus souvent pr\u00e9sent\u00e9s comme globaux. Mais cela les rend aussi plus abstraits et distants.\" \/>\n<meta name=\"robots\" content=\"index, follow, max-snippet:-1, max-image-preview:large, max-video-preview:-1\" \/>\n<link rel=\"canonical\" href=\"https:\/\/www.istegroup.com\/fr\/produit\/politisation-des-enjeux-ecologiques\/\" \/>\n<meta property=\"og:locale\" content=\"fr_FR\" \/>\n<meta property=\"og:type\" content=\"article\" \/>\n<meta property=\"og:title\" content=\"Politisation des enjeux \u00e9cologiques - ISTE Group\" \/>\n<meta property=\"og:description\" content=\"Avec le d\u00e9r\u00e8glement climatique et la perte de biodiversit\u00e9, les probl\u00e8mes \u00e9cologiques sont de plus en plus souvent pr\u00e9sent\u00e9s comme globaux. Mais cela les rend aussi plus abstraits et distants.\" \/>\n<meta property=\"og:url\" content=\"https:\/\/www.istegroup.com\/fr\/produit\/politisation-des-enjeux-ecologiques\/\" \/>\n<meta property=\"og:site_name\" content=\"ISTE Group\" \/>\n<meta property=\"article:modified_time\" content=\"2024-01-03T13:43:23+00:00\" \/>\n<meta property=\"og:image\" content=\"https:\/\/www.istegroup.com\/wp-content\/uploads\/2019\/09\/Politisation-des-enjeux-\u00e9cologiques_Bouleau-scaled.jpg\" \/>\n\t<meta property=\"og:image:width\" content=\"1711\" \/>\n\t<meta property=\"og:image:height\" content=\"2560\" \/>\n\t<meta property=\"og:image:type\" content=\"image\/jpeg\" \/>\n<meta name=\"twitter:card\" content=\"summary_large_image\" \/>\n<meta name=\"twitter:label1\" content=\"Est. reading time\" \/>\n\t<meta name=\"twitter:data1\" content=\"1 minute\" \/>\n<script type=\"application\/ld+json\" class=\"yoast-schema-graph\">{\"@context\":\"https:\/\/schema.org\",\"@graph\":[{\"@type\":\"WebPage\",\"@id\":\"https:\/\/www.istegroup.com\/fr\/produit\/politisation-des-enjeux-ecologiques\/\",\"url\":\"https:\/\/www.istegroup.com\/fr\/produit\/politisation-des-enjeux-ecologiques\/\",\"name\":\"Politisation des enjeux \u00e9cologiques - ISTE Group\",\"isPartOf\":{\"@id\":\"https:\/\/www.istegroup.com\/#website\"},\"primaryImageOfPage\":{\"@id\":\"https:\/\/www.istegroup.com\/fr\/produit\/politisation-des-enjeux-ecologiques\/#primaryimage\"},\"image\":{\"@id\":\"https:\/\/www.istegroup.com\/fr\/produit\/politisation-des-enjeux-ecologiques\/#primaryimage\"},\"thumbnailUrl\":\"https:\/\/www.istegroup.com\/wp-content\/uploads\/2019\/09\/Politisation-des-enjeux-\u00e9cologiques_Bouleau-scaled.jpg\",\"datePublished\":\"2020-01-11T13:20:17+00:00\",\"dateModified\":\"2024-01-03T13:43:23+00:00\",\"description\":\"Avec le d\u00e9r\u00e8glement climatique et la perte de biodiversit\u00e9, les probl\u00e8mes \u00e9cologiques sont de plus en plus souvent pr\u00e9sent\u00e9s comme globaux. Mais cela les rend aussi plus abstraits et distants.\",\"breadcrumb\":{\"@id\":\"https:\/\/www.istegroup.com\/fr\/produit\/politisation-des-enjeux-ecologiques\/#breadcrumb\"},\"inLanguage\":\"fr-FR\",\"potentialAction\":[{\"@type\":\"ReadAction\",\"target\":[\"https:\/\/www.istegroup.com\/fr\/produit\/politisation-des-enjeux-ecologiques\/\"]}]},{\"@type\":\"ImageObject\",\"inLanguage\":\"fr-FR\",\"@id\":\"https:\/\/www.istegroup.com\/fr\/produit\/politisation-des-enjeux-ecologiques\/#primaryimage\",\"url\":\"https:\/\/www.istegroup.com\/wp-content\/uploads\/2019\/09\/Politisation-des-enjeux-\u00e9cologiques_Bouleau-scaled.jpg\",\"contentUrl\":\"https:\/\/www.istegroup.com\/wp-content\/uploads\/2019\/09\/Politisation-des-enjeux-\u00e9cologiques_Bouleau-scaled.jpg\",\"width\":1711,\"height\":2560,\"caption\":\"De la forme au motif environnemental\"},{\"@type\":\"BreadcrumbList\",\"@id\":\"https:\/\/www.istegroup.com\/fr\/produit\/politisation-des-enjeux-ecologiques\/#breadcrumb\",\"itemListElement\":[{\"@type\":\"ListItem\",\"position\":1,\"name\":\"Home\",\"item\":\"https:\/\/www.istegroup.com\/\"},{\"@type\":\"ListItem\",\"position\":2,\"name\":\"Shop\",\"item\":\"https:\/\/www.istegroup.com\/fr\/nouveautes\/\"},{\"@type\":\"ListItem\",\"position\":3,\"name\":\"Politisation des enjeux \u00e9cologiques\"}]},{\"@type\":\"WebSite\",\"@id\":\"https:\/\/www.istegroup.com\/#website\",\"url\":\"https:\/\/www.istegroup.com\/\",\"name\":\"ISTE Group\",\"description\":\"\u00c9diteur des Sciences\",\"potentialAction\":[{\"@type\":\"SearchAction\",\"target\":{\"@type\":\"EntryPoint\",\"urlTemplate\":\"https:\/\/www.istegroup.com\/?s={search_term_string}\"},\"query-input\":{\"@type\":\"PropertyValueSpecification\",\"valueRequired\":true,\"valueName\":\"search_term_string\"}}],\"inLanguage\":\"fr-FR\"}]}<\/script>\n<!-- \/ Yoast SEO plugin. -->","yoast_head_json":{"title":"Politisation des enjeux \u00e9cologiques - ISTE Group","description":"Avec le d\u00e9r\u00e8glement climatique et la perte de biodiversit\u00e9, les probl\u00e8mes \u00e9cologiques sont de plus en plus souvent pr\u00e9sent\u00e9s comme globaux. Mais cela les rend aussi plus abstraits et distants.","robots":{"index":"index","follow":"follow","max-snippet":"max-snippet:-1","max-image-preview":"max-image-preview:large","max-video-preview":"max-video-preview:-1"},"canonical":"https:\/\/www.istegroup.com\/fr\/produit\/politisation-des-enjeux-ecologiques\/","og_locale":"fr_FR","og_type":"article","og_title":"Politisation des enjeux \u00e9cologiques - ISTE Group","og_description":"Avec le d\u00e9r\u00e8glement climatique et la perte de biodiversit\u00e9, les probl\u00e8mes \u00e9cologiques sont de plus en plus souvent pr\u00e9sent\u00e9s comme globaux. Mais cela les rend aussi plus abstraits et distants.","og_url":"https:\/\/www.istegroup.com\/fr\/produit\/politisation-des-enjeux-ecologiques\/","og_site_name":"ISTE Group","article_modified_time":"2024-01-03T13:43:23+00:00","og_image":[{"width":1711,"height":2560,"url":"https:\/\/www.istegroup.com\/wp-content\/uploads\/2019\/09\/Politisation-des-enjeux-\u00e9cologiques_Bouleau-scaled.jpg","type":"image\/jpeg"}],"twitter_card":"summary_large_image","twitter_misc":{"Est. reading time":"1 minute"},"schema":{"@context":"https:\/\/schema.org","@graph":[{"@type":"WebPage","@id":"https:\/\/www.istegroup.com\/fr\/produit\/politisation-des-enjeux-ecologiques\/","url":"https:\/\/www.istegroup.com\/fr\/produit\/politisation-des-enjeux-ecologiques\/","name":"Politisation des enjeux \u00e9cologiques - ISTE Group","isPartOf":{"@id":"https:\/\/www.istegroup.com\/#website"},"primaryImageOfPage":{"@id":"https:\/\/www.istegroup.com\/fr\/produit\/politisation-des-enjeux-ecologiques\/#primaryimage"},"image":{"@id":"https:\/\/www.istegroup.com\/fr\/produit\/politisation-des-enjeux-ecologiques\/#primaryimage"},"thumbnailUrl":"https:\/\/www.istegroup.com\/wp-content\/uploads\/2019\/09\/Politisation-des-enjeux-\u00e9cologiques_Bouleau-scaled.jpg","datePublished":"2020-01-11T13:20:17+00:00","dateModified":"2024-01-03T13:43:23+00:00","description":"Avec le d\u00e9r\u00e8glement climatique et la perte de biodiversit\u00e9, les probl\u00e8mes \u00e9cologiques sont de plus en plus souvent pr\u00e9sent\u00e9s comme globaux. Mais cela les rend aussi plus abstraits et distants.","breadcrumb":{"@id":"https:\/\/www.istegroup.com\/fr\/produit\/politisation-des-enjeux-ecologiques\/#breadcrumb"},"inLanguage":"fr-FR","potentialAction":[{"@type":"ReadAction","target":["https:\/\/www.istegroup.com\/fr\/produit\/politisation-des-enjeux-ecologiques\/"]}]},{"@type":"ImageObject","inLanguage":"fr-FR","@id":"https:\/\/www.istegroup.com\/fr\/produit\/politisation-des-enjeux-ecologiques\/#primaryimage","url":"https:\/\/www.istegroup.com\/wp-content\/uploads\/2019\/09\/Politisation-des-enjeux-\u00e9cologiques_Bouleau-scaled.jpg","contentUrl":"https:\/\/www.istegroup.com\/wp-content\/uploads\/2019\/09\/Politisation-des-enjeux-\u00e9cologiques_Bouleau-scaled.jpg","width":1711,"height":2560,"caption":"De la forme au motif environnemental"},{"@type":"BreadcrumbList","@id":"https:\/\/www.istegroup.com\/fr\/produit\/politisation-des-enjeux-ecologiques\/#breadcrumb","itemListElement":[{"@type":"ListItem","position":1,"name":"Home","item":"https:\/\/www.istegroup.com\/"},{"@type":"ListItem","position":2,"name":"Shop","item":"https:\/\/www.istegroup.com\/fr\/nouveautes\/"},{"@type":"ListItem","position":3,"name":"Politisation des enjeux \u00e9cologiques"}]},{"@type":"WebSite","@id":"https:\/\/www.istegroup.com\/#website","url":"https:\/\/www.istegroup.com\/","name":"ISTE Group","description":"\u00c9diteur des Sciences","potentialAction":[{"@type":"SearchAction","target":{"@type":"EntryPoint","urlTemplate":"https:\/\/www.istegroup.com\/?s={search_term_string}"},"query-input":{"@type":"PropertyValueSpecification","valueRequired":true,"valueName":"search_term_string"}}],"inLanguage":"fr-FR"}]}},"_links":{"self":[{"href":"https:\/\/www.istegroup.com\/fr\/wp-json\/wp\/v2\/product\/22778","targetHints":{"allow":["GET"]}}],"collection":[{"href":"https:\/\/www.istegroup.com\/fr\/wp-json\/wp\/v2\/product"}],"about":[{"href":"https:\/\/www.istegroup.com\/fr\/wp-json\/wp\/v2\/types\/product"}],"wp:featuredmedia":[{"embeddable":true,"href":"https:\/\/www.istegroup.com\/fr\/wp-json\/wp\/v2\/media\/22787"}],"wp:attachment":[{"href":"https:\/\/www.istegroup.com\/fr\/wp-json\/wp\/v2\/media?parent=22778"}],"wp:term":[{"taxonomy":"product_brand","embeddable":true,"href":"https:\/\/www.istegroup.com\/fr\/wp-json\/wp\/v2\/product_brand?post=22778"},{"taxonomy":"product_cat","embeddable":true,"href":"https:\/\/www.istegroup.com\/fr\/wp-json\/wp\/v2\/product_cat?post=22778"},{"taxonomy":"product_tag","embeddable":true,"href":"https:\/\/www.istegroup.com\/fr\/wp-json\/wp\/v2\/product_tag?post=22778"}],"curies":[{"name":"wp","href":"https:\/\/api.w.org\/{rel}","templated":true}]}}