{"id":22616,"date":"2019-12-13T13:25:04","date_gmt":"2019-12-13T13:25:04","guid":{"rendered":"https:\/\/www.istegroup.com\/?post_type=product&#038;p=22616"},"modified":"2024-01-03T13:43:23","modified_gmt":"2024-01-03T13:43:23","slug":"immunite-innee","status":"publish","type":"product","link":"https:\/\/www.istegroup.com\/fr\/produit\/immunite-innee\/","title":{"rendered":"Immunit\u00e9 inn\u00e9e"},"content":{"rendered":"<p>L\u2019immunit\u00e9 inn\u00e9e constitue la premi\u00e8re ligne de d\u00e9fense contre les pathog\u00e8nes, \u00e0 l\u2019inverse de la r\u00e9ponse d\u2019immunit\u00e9 adaptative, plus tardive et pr\u00e9sente uniquement chez les vert\u00e9br\u00e9s.<\/p>\n<p>Cet ouvrage examine la fa\u00e7on dont l\u2019immunit\u00e9 inn\u00e9e a \u00e9t\u00e9 d\u00e9couverte chez les invert\u00e9br\u00e9s. Il prend pour point de d\u00e9part les travaux de Louis Pasteur sur une maladie du ver \u00e0 soie et ceux d\u2019\u00c9lie Metchnikoff, d\u00e9couvreur de la phagocytose. Il s\u2019int\u00e9resse ensuite \u00e0 Andr\u00e9 Paillot, qui d\u00e9montre en 1920 l\u2019existence chez l\u2019insecte d\u2019une r\u00e9ponse humorale, sans rapport avec celle des vert\u00e9br\u00e9s. Enfin, <em>Immunit\u00e9 inn\u00e9e<\/em> montre comment le groupe dirig\u00e9 par Jules Hoffmann a trouv\u00e9 de fortes similitudes entre la r\u00e9ponse inn\u00e9e des insectes et des mammif\u00e8res. C\u2019est finalement la d\u00e9couverte d\u2019un r\u00e9cepteur chez la drosophile, retrouv\u00e9 chez l\u2019homme, qui conduit \u00e0 l\u2019attribution du prix Nobel \u00e0 Jules Hoffmann en 2011.<\/p>\n","protected":false},"excerpt":{"rendered":"<p>L\u2019immunit\u00e9 inn\u00e9e constitue la premi\u00e8re ligne de d\u00e9fense contre les pathog\u00e8nes, \u00e0 l\u2019inverse de la r\u00e9ponse d\u2019immunit\u00e9 adaptative, plus tardive et pr\u00e9sente uniquement chez les vert\u00e9br\u00e9s. Cet ouvrage examine la fa\u00e7on dont l\u2019immunit\u00e9 inn\u00e9e a \u00e9t\u00e9 d\u00e9couverte chez les invert\u00e9br\u00e9s. Il prend pour point de d\u00e9part les travaux de Louis Pasteur sur une maladie du [&hellip;]<\/p>\n","protected":false},"featured_media":22625,"template":"","meta":{"_acf_changed":false,"_links_to":"","_links_to_target":""},"product_brand":[],"product_cat":[666],"product_tag":[],"class_list":{"0":"post-22616","1":"product","2":"type-product","3":"status-publish","4":"has-post-thumbnail","6":"product_cat-histoire-des-sciences-et-des-techniques-166249028","8":"first","9":"instock","10":"shipping-taxable","11":"purchasable","12":"product-type-variable"},"acf":[],"yoast_head":"<!-- This site is optimized with the Yoast SEO plugin v27.2 - https:\/\/yoast.com\/product\/yoast-seo-wordpress\/ -->\n<title>Immunit\u00e9 inn\u00e9e - ISTE Group<\/title>\n<meta name=\"description\" content=\"Cet ouvrage examine la fa\u00e7on dont l\u2019immunit\u00e9 inn\u00e9e a \u00e9t\u00e9 d\u00e9couverte chez les invert\u00e9br\u00e9s. Il prend pour point de d\u00e9part les travaux de Louis Pasteur sur une maladie du ver \u00e0 soie et ceux d\u2019\u00c9lie Metchnikoff, d\u00e9couvreur de la phagocytose.\" \/>\n<meta name=\"robots\" content=\"index, follow, max-snippet:-1, max-image-preview:large, max-video-preview:-1\" \/>\n<link rel=\"canonical\" href=\"https:\/\/www.istegroup.com\/fr\/produit\/immunite-innee\/\" \/>\n<meta property=\"og:locale\" content=\"fr_FR\" \/>\n<meta property=\"og:type\" content=\"article\" \/>\n<meta property=\"og:title\" content=\"Immunit\u00e9 inn\u00e9e - ISTE Group\" \/>\n<meta property=\"og:description\" content=\"Cet ouvrage examine la fa\u00e7on dont l\u2019immunit\u00e9 inn\u00e9e a \u00e9t\u00e9 d\u00e9couverte chez les invert\u00e9br\u00e9s. Il prend pour point de d\u00e9part les travaux de Louis Pasteur sur une maladie du ver \u00e0 soie et ceux d\u2019\u00c9lie Metchnikoff, d\u00e9couvreur de la phagocytose.\" \/>\n<meta property=\"og:url\" content=\"https:\/\/www.istegroup.com\/fr\/produit\/immunite-innee\/\" \/>\n<meta property=\"og:site_name\" content=\"ISTE Group\" \/>\n<meta property=\"article:modified_time\" content=\"2024-01-03T13:43:23+00:00\" \/>\n<meta property=\"og:image\" content=\"https:\/\/www.istegroup.com\/wp-content\/uploads\/2019\/08\/Immunit\u00e9-inn\u00e9e-scaled.jpg\" \/>\n\t<meta property=\"og:image:width\" content=\"1706\" \/>\n\t<meta property=\"og:image:height\" content=\"2560\" \/>\n\t<meta property=\"og:image:type\" content=\"image\/jpeg\" \/>\n<meta name=\"twitter:card\" content=\"summary_large_image\" \/>\n<meta name=\"twitter:label1\" content=\"Est. reading time\" \/>\n\t<meta name=\"twitter:data1\" content=\"1 minute\" \/>\n<script type=\"application\/ld+json\" class=\"yoast-schema-graph\">{\"@context\":\"https:\/\/schema.org\",\"@graph\":[{\"@type\":\"WebPage\",\"@id\":\"https:\/\/www.istegroup.com\/fr\/produit\/immunite-innee\/\",\"url\":\"https:\/\/www.istegroup.com\/fr\/produit\/immunite-innee\/\",\"name\":\"Immunit\u00e9 inn\u00e9e - ISTE Group\",\"isPartOf\":{\"@id\":\"https:\/\/www.istegroup.com\/#website\"},\"primaryImageOfPage\":{\"@id\":\"https:\/\/www.istegroup.com\/fr\/produit\/immunite-innee\/#primaryimage\"},\"image\":{\"@id\":\"https:\/\/www.istegroup.com\/fr\/produit\/immunite-innee\/#primaryimage\"},\"thumbnailUrl\":\"https:\/\/www.istegroup.com\/wp-content\/uploads\/2019\/08\/Immunit\u00e9-inn\u00e9e-scaled.jpg\",\"datePublished\":\"2019-12-13T13:25:04+00:00\",\"dateModified\":\"2024-01-03T13:43:23+00:00\",\"description\":\"Cet ouvrage examine la fa\u00e7on dont l\u2019immunit\u00e9 inn\u00e9e a \u00e9t\u00e9 d\u00e9couverte chez les invert\u00e9br\u00e9s. Il prend pour point de d\u00e9part les travaux de Louis Pasteur sur une maladie du ver \u00e0 soie et ceux d\u2019\u00c9lie Metchnikoff, d\u00e9couvreur de la phagocytose.\",\"breadcrumb\":{\"@id\":\"https:\/\/www.istegroup.com\/fr\/produit\/immunite-innee\/#breadcrumb\"},\"inLanguage\":\"fr-FR\",\"potentialAction\":[{\"@type\":\"ReadAction\",\"target\":[\"https:\/\/www.istegroup.com\/fr\/produit\/immunite-innee\/\"]}]},{\"@type\":\"ImageObject\",\"inLanguage\":\"fr-FR\",\"@id\":\"https:\/\/www.istegroup.com\/fr\/produit\/immunite-innee\/#primaryimage\",\"url\":\"https:\/\/www.istegroup.com\/wp-content\/uploads\/2019\/08\/Immunit\u00e9-inn\u00e9e-scaled.jpg\",\"contentUrl\":\"https:\/\/www.istegroup.com\/wp-content\/uploads\/2019\/08\/Immunit\u00e9-inn\u00e9e-scaled.jpg\",\"width\":1706,\"height\":2560,\"caption\":\"De Louis Pasteur \u00e0 Jules Hoffmann, prix Nobel (1865-2011)\"},{\"@type\":\"BreadcrumbList\",\"@id\":\"https:\/\/www.istegroup.com\/fr\/produit\/immunite-innee\/#breadcrumb\",\"itemListElement\":[{\"@type\":\"ListItem\",\"position\":1,\"name\":\"Home\",\"item\":\"https:\/\/www.istegroup.com\/\"},{\"@type\":\"ListItem\",\"position\":2,\"name\":\"Shop\",\"item\":\"https:\/\/www.istegroup.com\/fr\/nouveautes\/\"},{\"@type\":\"ListItem\",\"position\":3,\"name\":\"Immunit\u00e9 inn\u00e9e\"}]},{\"@type\":\"WebSite\",\"@id\":\"https:\/\/www.istegroup.com\/#website\",\"url\":\"https:\/\/www.istegroup.com\/\",\"name\":\"ISTE Group\",\"description\":\"\u00c9diteur des Sciences\",\"potentialAction\":[{\"@type\":\"SearchAction\",\"target\":{\"@type\":\"EntryPoint\",\"urlTemplate\":\"https:\/\/www.istegroup.com\/?s={search_term_string}\"},\"query-input\":{\"@type\":\"PropertyValueSpecification\",\"valueRequired\":true,\"valueName\":\"search_term_string\"}}],\"inLanguage\":\"fr-FR\"}]}<\/script>\n<!-- \/ Yoast SEO plugin. -->","yoast_head_json":{"title":"Immunit\u00e9 inn\u00e9e - ISTE Group","description":"Cet ouvrage examine la fa\u00e7on dont l\u2019immunit\u00e9 inn\u00e9e a \u00e9t\u00e9 d\u00e9couverte chez les invert\u00e9br\u00e9s. Il prend pour point de d\u00e9part les travaux de Louis Pasteur sur une maladie du ver \u00e0 soie et ceux d\u2019\u00c9lie Metchnikoff, d\u00e9couvreur de la phagocytose.","robots":{"index":"index","follow":"follow","max-snippet":"max-snippet:-1","max-image-preview":"max-image-preview:large","max-video-preview":"max-video-preview:-1"},"canonical":"https:\/\/www.istegroup.com\/fr\/produit\/immunite-innee\/","og_locale":"fr_FR","og_type":"article","og_title":"Immunit\u00e9 inn\u00e9e - ISTE Group","og_description":"Cet ouvrage examine la fa\u00e7on dont l\u2019immunit\u00e9 inn\u00e9e a \u00e9t\u00e9 d\u00e9couverte chez les invert\u00e9br\u00e9s. Il prend pour point de d\u00e9part les travaux de Louis Pasteur sur une maladie du ver \u00e0 soie et ceux d\u2019\u00c9lie Metchnikoff, d\u00e9couvreur de la phagocytose.","og_url":"https:\/\/www.istegroup.com\/fr\/produit\/immunite-innee\/","og_site_name":"ISTE Group","article_modified_time":"2024-01-03T13:43:23+00:00","og_image":[{"width":1706,"height":2560,"url":"https:\/\/www.istegroup.com\/wp-content\/uploads\/2019\/08\/Immunit\u00e9-inn\u00e9e-scaled.jpg","type":"image\/jpeg"}],"twitter_card":"summary_large_image","twitter_misc":{"Est. reading time":"1 minute"},"schema":{"@context":"https:\/\/schema.org","@graph":[{"@type":"WebPage","@id":"https:\/\/www.istegroup.com\/fr\/produit\/immunite-innee\/","url":"https:\/\/www.istegroup.com\/fr\/produit\/immunite-innee\/","name":"Immunit\u00e9 inn\u00e9e - ISTE Group","isPartOf":{"@id":"https:\/\/www.istegroup.com\/#website"},"primaryImageOfPage":{"@id":"https:\/\/www.istegroup.com\/fr\/produit\/immunite-innee\/#primaryimage"},"image":{"@id":"https:\/\/www.istegroup.com\/fr\/produit\/immunite-innee\/#primaryimage"},"thumbnailUrl":"https:\/\/www.istegroup.com\/wp-content\/uploads\/2019\/08\/Immunit\u00e9-inn\u00e9e-scaled.jpg","datePublished":"2019-12-13T13:25:04+00:00","dateModified":"2024-01-03T13:43:23+00:00","description":"Cet ouvrage examine la fa\u00e7on dont l\u2019immunit\u00e9 inn\u00e9e a \u00e9t\u00e9 d\u00e9couverte chez les invert\u00e9br\u00e9s. Il prend pour point de d\u00e9part les travaux de Louis Pasteur sur une maladie du ver \u00e0 soie et ceux d\u2019\u00c9lie Metchnikoff, d\u00e9couvreur de la phagocytose.","breadcrumb":{"@id":"https:\/\/www.istegroup.com\/fr\/produit\/immunite-innee\/#breadcrumb"},"inLanguage":"fr-FR","potentialAction":[{"@type":"ReadAction","target":["https:\/\/www.istegroup.com\/fr\/produit\/immunite-innee\/"]}]},{"@type":"ImageObject","inLanguage":"fr-FR","@id":"https:\/\/www.istegroup.com\/fr\/produit\/immunite-innee\/#primaryimage","url":"https:\/\/www.istegroup.com\/wp-content\/uploads\/2019\/08\/Immunit\u00e9-inn\u00e9e-scaled.jpg","contentUrl":"https:\/\/www.istegroup.com\/wp-content\/uploads\/2019\/08\/Immunit\u00e9-inn\u00e9e-scaled.jpg","width":1706,"height":2560,"caption":"De Louis Pasteur \u00e0 Jules Hoffmann, prix Nobel (1865-2011)"},{"@type":"BreadcrumbList","@id":"https:\/\/www.istegroup.com\/fr\/produit\/immunite-innee\/#breadcrumb","itemListElement":[{"@type":"ListItem","position":1,"name":"Home","item":"https:\/\/www.istegroup.com\/"},{"@type":"ListItem","position":2,"name":"Shop","item":"https:\/\/www.istegroup.com\/fr\/nouveautes\/"},{"@type":"ListItem","position":3,"name":"Immunit\u00e9 inn\u00e9e"}]},{"@type":"WebSite","@id":"https:\/\/www.istegroup.com\/#website","url":"https:\/\/www.istegroup.com\/","name":"ISTE Group","description":"\u00c9diteur des Sciences","potentialAction":[{"@type":"SearchAction","target":{"@type":"EntryPoint","urlTemplate":"https:\/\/www.istegroup.com\/?s={search_term_string}"},"query-input":{"@type":"PropertyValueSpecification","valueRequired":true,"valueName":"search_term_string"}}],"inLanguage":"fr-FR"}]}},"_links":{"self":[{"href":"https:\/\/www.istegroup.com\/fr\/wp-json\/wp\/v2\/product\/22616","targetHints":{"allow":["GET"]}}],"collection":[{"href":"https:\/\/www.istegroup.com\/fr\/wp-json\/wp\/v2\/product"}],"about":[{"href":"https:\/\/www.istegroup.com\/fr\/wp-json\/wp\/v2\/types\/product"}],"wp:featuredmedia":[{"embeddable":true,"href":"https:\/\/www.istegroup.com\/fr\/wp-json\/wp\/v2\/media\/22625"}],"wp:attachment":[{"href":"https:\/\/www.istegroup.com\/fr\/wp-json\/wp\/v2\/media?parent=22616"}],"wp:term":[{"taxonomy":"product_brand","embeddable":true,"href":"https:\/\/www.istegroup.com\/fr\/wp-json\/wp\/v2\/product_brand?post=22616"},{"taxonomy":"product_cat","embeddable":true,"href":"https:\/\/www.istegroup.com\/fr\/wp-json\/wp\/v2\/product_cat?post=22616"},{"taxonomy":"product_tag","embeddable":true,"href":"https:\/\/www.istegroup.com\/fr\/wp-json\/wp\/v2\/product_tag?post=22616"}],"curies":[{"name":"wp","href":"https:\/\/api.w.org\/{rel}","templated":true}]}}