{"id":225,"date":"2017-07-28T11:14:19","date_gmt":"2017-07-28T09:14:19","guid":{"rendered":"https:\/\/iste.yhello.co\/product\/electronique-numerique-2\/"},"modified":"2024-01-03T13:38:59","modified_gmt":"2024-01-03T13:38:59","slug":"electronique-numerique-2","status":"publish","type":"product","link":"https:\/\/www.istegroup.com\/fr\/produit\/electronique-numerique-2\/","title":{"rendered":"Electronique num\u00e9rique 2"},"content":{"rendered":"<p>Cet ouvrage traite des principes de base de l\u2019\u00e9lectronique num\u00e9rique et permet de comprendre les subtilit\u00e9s de la conception des circuits. Le second volume s\u2019int\u00e9resse plus particuli\u00e8rement aux circuits logiques s\u00e9quentiels et aux circuits arithm\u00e9tiques.<\/p>\n<p>Les circuits s\u00e9quentiels les plus \u00e9l\u00e9mentaires sont les bascules, synchrones ou asynchrones, utilis\u00e9es le plus souvent dans les applications qui n\u00e9cessitent la m\u00e9morisation des donn\u00e9es (compteurs binaires, registres \u00e0 d\u00e9calage, m\u00e9moires \u00e0 semi-conducteurs). L&rsquo;\u00e9tat de leur sortie \u00e0 un instant donn\u00e9 peut d\u00e9pendre des entr\u00e9es mais aussi de l\u2019\u00e9tat ant\u00e9rieur de certaines variables de sortie. Les circuits arithm\u00e9tiques sont quant \u00e0 eux indispensables \u00e0 la mise en oeuvre des microprocesseurs et des circuits de traitement num\u00e9rique du signal. Ils permettent de r\u00e9aliser les op\u00e9rations d&rsquo;addition, de soustraction, de multiplication et de division sur des donn\u00e9es num\u00e9riques.<\/p>\n<p>Afin de faciliter l\u2019assimilation et la mise en pratique des diff\u00e9rents concepts, chaque chapitre est compl\u00e9t\u00e9 d\u2019exemples d&rsquo;application et d\u2019exercices corrig\u00e9s.<\/p>\n","protected":false},"excerpt":{"rendered":"<p>Cet ouvrage traite des principes de base de l\u2019\u00e9lectronique num\u00e9rique et permet de comprendre les subtilit\u00e9s de la conception des circuits. Le second volume s\u2019int\u00e9resse plus particuli\u00e8rement aux circuits logiques s\u00e9quentiels et aux circuits arithm\u00e9tiques. Les circuits s\u00e9quentiels les plus \u00e9l\u00e9mentaires sont les bascules, synchrones ou asynchrones, utilis\u00e9es le plus souvent dans les applications qui [&hellip;]<\/p>\n","protected":false},"featured_media":226,"template":"","meta":{"_acf_changed":false,"_links_to":"","_links_to_target":""},"product_brand":[],"product_cat":[659,675],"product_tag":[1184,1174,1185,943,31,196,276,1176,1186,197,198,199,21,200,22,201,203,204,63,25,172,209,1187,212,38,192,145,28,1188,253,1183,1189],"class_list":{"0":"post-225","1":"product","2":"type-product","3":"status-publish","4":"has-post-thumbnail","6":"product_cat-electronique-11476903","7":"product_cat-nouveauts-12519446","8":"product_tag-circuits-arithmetiques","9":"product_tag-circuits-logiques","10":"product_tag-compteurs-binaires","11":"product_tag-conception","12":"product_tag-ebook","13":"product_tag-ebooks","14":"product_tag-electronique","15":"product_tag-electronique-numerique","16":"product_tag-electronique-numerique-2","17":"product_tag-iste","18":"product_tag-iste-edition","19":"product_tag-iste-editions","20":"product_tag-iste-group","21":"product_tag-isteedition","22":"product_tag-istegroup","23":"product_tag-kindle","24":"product_tag-liseuse","25":"product_tag-livre","26":"product_tag-livre-electronique","27":"product_tag-livre-numerique","28":"product_tag-livre-scientifique","29":"product_tag-livres-scientifiques","30":"product_tag-microprocesseurs","31":"product_tag-ouvrage","32":"product_tag-ouvrage-numerique","33":"product_tag-ouvrage-science","34":"product_tag-ouvrage-scientifique","35":"product_tag-ouvrage-scientifique-francais","36":"product_tag-semi-conducteurs","37":"product_tag-technologie","38":"product_tag-tertulien-ndjountche","39":"product_tag-variables-de-sorties","41":"first","42":"instock","43":"shipping-taxable","44":"purchasable","45":"product-type-variable"},"acf":[],"yoast_head":"<!-- This site is optimized with the Yoast SEO plugin v27.2 - https:\/\/yoast.com\/product\/yoast-seo-wordpress\/ -->\n<title>Electronique num\u00e9rique 2 - ISTE Group<\/title>\n<meta name=\"description\" content=\"Cet ouvrage traite des principes de base de l\u2019electronique num\u00e9rique et s\u2019int\u00e9resse aux circuits logiques s\u00e9quentiels et aux circuits arithm\u00e9tiques.\" \/>\n<meta name=\"robots\" content=\"index, follow, max-snippet:-1, max-image-preview:large, max-video-preview:-1\" \/>\n<link rel=\"canonical\" href=\"https:\/\/www.istegroup.com\/fr\/produit\/electronique-numerique-2\/\" \/>\n<meta property=\"og:locale\" content=\"fr_FR\" \/>\n<meta property=\"og:type\" content=\"article\" \/>\n<meta property=\"og:title\" content=\"Electronique num\u00e9rique 2 - ISTE Group\" \/>\n<meta property=\"og:description\" content=\"Cet ouvrage traite des principes de base de l\u2019electronique num\u00e9rique et s\u2019int\u00e9resse aux circuits logiques s\u00e9quentiels et aux circuits arithm\u00e9tiques.\" \/>\n<meta property=\"og:url\" content=\"https:\/\/www.istegroup.com\/fr\/produit\/electronique-numerique-2\/\" \/>\n<meta property=\"og:site_name\" content=\"ISTE Group\" \/>\n<meta property=\"article:modified_time\" content=\"2024-01-03T13:38:59+00:00\" \/>\n<meta property=\"og:image\" content=\"https:\/\/www.istegroup.com\/wp-content\/uploads\/2017\/07\/11972562436_4810677764-1.jpg\" \/>\n\t<meta property=\"og:image:width\" content=\"1365\" \/>\n\t<meta property=\"og:image:height\" content=\"2048\" \/>\n\t<meta property=\"og:image:type\" content=\"image\/jpeg\" \/>\n<meta name=\"twitter:card\" content=\"summary_large_image\" \/>\n<meta name=\"twitter:label1\" content=\"Est. reading time\" \/>\n\t<meta name=\"twitter:data1\" content=\"1 minute\" \/>\n<script type=\"application\/ld+json\" class=\"yoast-schema-graph\">{\"@context\":\"https:\/\/schema.org\",\"@graph\":[{\"@type\":\"WebPage\",\"@id\":\"https:\/\/www.istegroup.com\/fr\/produit\/electronique-numerique-2\/\",\"url\":\"https:\/\/www.istegroup.com\/fr\/produit\/electronique-numerique-2\/\",\"name\":\"Electronique num\u00e9rique 2 - ISTE Group\",\"isPartOf\":{\"@id\":\"https:\/\/www.istegroup.com\/#website\"},\"primaryImageOfPage\":{\"@id\":\"https:\/\/www.istegroup.com\/fr\/produit\/electronique-numerique-2\/#primaryimage\"},\"image\":{\"@id\":\"https:\/\/www.istegroup.com\/fr\/produit\/electronique-numerique-2\/#primaryimage\"},\"thumbnailUrl\":\"https:\/\/www.istegroup.com\/wp-content\/uploads\/2017\/07\/11972562436_4810677764-1.jpg\",\"datePublished\":\"2017-07-28T09:14:19+00:00\",\"dateModified\":\"2024-01-03T13:38:59+00:00\",\"description\":\"Cet ouvrage traite des principes de base de l\u2019electronique num\u00e9rique et s\u2019int\u00e9resse aux circuits logiques s\u00e9quentiels et aux circuits arithm\u00e9tiques.\",\"breadcrumb\":{\"@id\":\"https:\/\/www.istegroup.com\/fr\/produit\/electronique-numerique-2\/#breadcrumb\"},\"inLanguage\":\"fr-FR\",\"potentialAction\":[{\"@type\":\"ReadAction\",\"target\":[\"https:\/\/www.istegroup.com\/fr\/produit\/electronique-numerique-2\/\"]}]},{\"@type\":\"ImageObject\",\"inLanguage\":\"fr-FR\",\"@id\":\"https:\/\/www.istegroup.com\/fr\/produit\/electronique-numerique-2\/#primaryimage\",\"url\":\"https:\/\/www.istegroup.com\/wp-content\/uploads\/2017\/07\/11972562436_4810677764-1.jpg\",\"contentUrl\":\"https:\/\/www.istegroup.com\/wp-content\/uploads\/2017\/07\/11972562436_4810677764-1.jpg\",\"width\":1365,\"height\":2048,\"caption\":\"Circuits logiques s\u00e9quentiels et arithm\u00e9tiques\"},{\"@type\":\"BreadcrumbList\",\"@id\":\"https:\/\/www.istegroup.com\/fr\/produit\/electronique-numerique-2\/#breadcrumb\",\"itemListElement\":[{\"@type\":\"ListItem\",\"position\":1,\"name\":\"Home\",\"item\":\"https:\/\/www.istegroup.com\/\"},{\"@type\":\"ListItem\",\"position\":2,\"name\":\"Shop\",\"item\":\"https:\/\/www.istegroup.com\/fr\/nouveautes\/\"},{\"@type\":\"ListItem\",\"position\":3,\"name\":\"Electronique num\u00e9rique 2\"}]},{\"@type\":\"WebSite\",\"@id\":\"https:\/\/www.istegroup.com\/#website\",\"url\":\"https:\/\/www.istegroup.com\/\",\"name\":\"ISTE Group\",\"description\":\"\u00c9diteur des Sciences\",\"potentialAction\":[{\"@type\":\"SearchAction\",\"target\":{\"@type\":\"EntryPoint\",\"urlTemplate\":\"https:\/\/www.istegroup.com\/?s={search_term_string}\"},\"query-input\":{\"@type\":\"PropertyValueSpecification\",\"valueRequired\":true,\"valueName\":\"search_term_string\"}}],\"inLanguage\":\"fr-FR\"}]}<\/script>\n<!-- \/ Yoast SEO plugin. -->","yoast_head_json":{"title":"Electronique num\u00e9rique 2 - ISTE Group","description":"Cet ouvrage traite des principes de base de l\u2019electronique num\u00e9rique et s\u2019int\u00e9resse aux circuits logiques s\u00e9quentiels et aux circuits arithm\u00e9tiques.","robots":{"index":"index","follow":"follow","max-snippet":"max-snippet:-1","max-image-preview":"max-image-preview:large","max-video-preview":"max-video-preview:-1"},"canonical":"https:\/\/www.istegroup.com\/fr\/produit\/electronique-numerique-2\/","og_locale":"fr_FR","og_type":"article","og_title":"Electronique num\u00e9rique 2 - ISTE Group","og_description":"Cet ouvrage traite des principes de base de l\u2019electronique num\u00e9rique et s\u2019int\u00e9resse aux circuits logiques s\u00e9quentiels et aux circuits arithm\u00e9tiques.","og_url":"https:\/\/www.istegroup.com\/fr\/produit\/electronique-numerique-2\/","og_site_name":"ISTE Group","article_modified_time":"2024-01-03T13:38:59+00:00","og_image":[{"width":1365,"height":2048,"url":"https:\/\/www.istegroup.com\/wp-content\/uploads\/2017\/07\/11972562436_4810677764-1.jpg","type":"image\/jpeg"}],"twitter_card":"summary_large_image","twitter_misc":{"Est. reading time":"1 minute"},"schema":{"@context":"https:\/\/schema.org","@graph":[{"@type":"WebPage","@id":"https:\/\/www.istegroup.com\/fr\/produit\/electronique-numerique-2\/","url":"https:\/\/www.istegroup.com\/fr\/produit\/electronique-numerique-2\/","name":"Electronique num\u00e9rique 2 - ISTE Group","isPartOf":{"@id":"https:\/\/www.istegroup.com\/#website"},"primaryImageOfPage":{"@id":"https:\/\/www.istegroup.com\/fr\/produit\/electronique-numerique-2\/#primaryimage"},"image":{"@id":"https:\/\/www.istegroup.com\/fr\/produit\/electronique-numerique-2\/#primaryimage"},"thumbnailUrl":"https:\/\/www.istegroup.com\/wp-content\/uploads\/2017\/07\/11972562436_4810677764-1.jpg","datePublished":"2017-07-28T09:14:19+00:00","dateModified":"2024-01-03T13:38:59+00:00","description":"Cet ouvrage traite des principes de base de l\u2019electronique num\u00e9rique et s\u2019int\u00e9resse aux circuits logiques s\u00e9quentiels et aux circuits arithm\u00e9tiques.","breadcrumb":{"@id":"https:\/\/www.istegroup.com\/fr\/produit\/electronique-numerique-2\/#breadcrumb"},"inLanguage":"fr-FR","potentialAction":[{"@type":"ReadAction","target":["https:\/\/www.istegroup.com\/fr\/produit\/electronique-numerique-2\/"]}]},{"@type":"ImageObject","inLanguage":"fr-FR","@id":"https:\/\/www.istegroup.com\/fr\/produit\/electronique-numerique-2\/#primaryimage","url":"https:\/\/www.istegroup.com\/wp-content\/uploads\/2017\/07\/11972562436_4810677764-1.jpg","contentUrl":"https:\/\/www.istegroup.com\/wp-content\/uploads\/2017\/07\/11972562436_4810677764-1.jpg","width":1365,"height":2048,"caption":"Circuits logiques s\u00e9quentiels et arithm\u00e9tiques"},{"@type":"BreadcrumbList","@id":"https:\/\/www.istegroup.com\/fr\/produit\/electronique-numerique-2\/#breadcrumb","itemListElement":[{"@type":"ListItem","position":1,"name":"Home","item":"https:\/\/www.istegroup.com\/"},{"@type":"ListItem","position":2,"name":"Shop","item":"https:\/\/www.istegroup.com\/fr\/nouveautes\/"},{"@type":"ListItem","position":3,"name":"Electronique num\u00e9rique 2"}]},{"@type":"WebSite","@id":"https:\/\/www.istegroup.com\/#website","url":"https:\/\/www.istegroup.com\/","name":"ISTE Group","description":"\u00c9diteur des Sciences","potentialAction":[{"@type":"SearchAction","target":{"@type":"EntryPoint","urlTemplate":"https:\/\/www.istegroup.com\/?s={search_term_string}"},"query-input":{"@type":"PropertyValueSpecification","valueRequired":true,"valueName":"search_term_string"}}],"inLanguage":"fr-FR"}]}},"_links":{"self":[{"href":"https:\/\/www.istegroup.com\/fr\/wp-json\/wp\/v2\/product\/225","targetHints":{"allow":["GET"]}}],"collection":[{"href":"https:\/\/www.istegroup.com\/fr\/wp-json\/wp\/v2\/product"}],"about":[{"href":"https:\/\/www.istegroup.com\/fr\/wp-json\/wp\/v2\/types\/product"}],"wp:featuredmedia":[{"embeddable":true,"href":"https:\/\/www.istegroup.com\/fr\/wp-json\/wp\/v2\/media\/226"}],"wp:attachment":[{"href":"https:\/\/www.istegroup.com\/fr\/wp-json\/wp\/v2\/media?parent=225"}],"wp:term":[{"taxonomy":"product_brand","embeddable":true,"href":"https:\/\/www.istegroup.com\/fr\/wp-json\/wp\/v2\/product_brand?post=225"},{"taxonomy":"product_cat","embeddable":true,"href":"https:\/\/www.istegroup.com\/fr\/wp-json\/wp\/v2\/product_cat?post=225"},{"taxonomy":"product_tag","embeddable":true,"href":"https:\/\/www.istegroup.com\/fr\/wp-json\/wp\/v2\/product_tag?post=225"}],"curies":[{"name":"wp","href":"https:\/\/api.w.org\/{rel}","templated":true}]}}