{"id":223,"date":"2017-07-28T11:14:13","date_gmt":"2017-07-28T09:14:13","guid":{"rendered":"https:\/\/iste.yhello.co\/product\/electronique-numerique-1\/"},"modified":"2024-01-03T13:38:55","modified_gmt":"2024-01-03T13:38:55","slug":"electronique-numerique-1","status":"publish","type":"product","link":"https:\/\/www.istegroup.com\/fr\/produit\/electronique-numerique-1\/","title":{"rendered":"Electronique num\u00e9rique 1"},"content":{"rendered":"<p>L\u2019omnipr\u00e9sence des appareils \u00e9lectroniques au quotidien s\u2019est accompagn\u00e9e de la miniaturisation et de l\u2019augmentation de la complexit\u00e9 des circuits num\u00e9riques.<br \/>\nCet ouvrage traite des principes de base de l\u2019\u00e9lectronique num\u00e9rique et permet de comprendre les subtilit\u00e9s de la conception des circuits num\u00e9riques. Il aborde de mani\u00e8re exhaustive les aspects li\u00e9s \u00e0 la logique combinatoire et d\u00e9taille notamment le principe des portes logiques, composants de base des circuits qui permettent de mettre en \u0153uvre les fonctions et op\u00e9rations de l\u2019alg\u00e8bre de Boole, qui est appliqu\u00e9e aux donn\u00e9es cod\u00e9es selon une repr\u00e9sentation binaire. La logique combinatoire se rapporte uniquement aux fonctions et op\u00e9rations logiques dont les sorties ne d\u00e9pendent que des entr\u00e9es.<\/p>\n<p>Des techniques sont propos\u00e9es pour \u00e9tablir, de fa\u00e7on simple et concise, les \u00e9quations logiques, ainsi que les m\u00e9thodes d\u2019analyse et de synth\u00e8se des circuits logiques combinatoires. Chaque chapitre est compl\u00e9t\u00e9 par des exemples pratiques et des exercices d\u2019application corrig\u00e9s.<\/p>\n","protected":false},"excerpt":{"rendered":"<p>L\u2019omnipr\u00e9sence des appareils \u00e9lectroniques au quotidien s\u2019est accompagn\u00e9e de la miniaturisation et de l\u2019augmentation de la complexit\u00e9 des circuits num\u00e9riques. Cet ouvrage traite des principes de base de l\u2019\u00e9lectronique num\u00e9rique et permet de comprendre les subtilit\u00e9s de la conception des circuits num\u00e9riques. Il aborde de mani\u00e8re exhaustive les aspects li\u00e9s \u00e0 la logique combinatoire et [&hellip;]<\/p>\n","protected":false},"featured_media":224,"template":"","meta":{"_acf_changed":false,"_links_to":"","_links_to_target":""},"product_brand":[],"product_cat":[659,675],"product_tag":[1172,1173,1174,1175,31,196,276,1176,1177,1178,197,198,199,21,200,22,201,203,204,63,25,172,209,1179,212,38,192,145,28,1180,1181,1182,1183],"class_list":{"0":"post-223","1":"product","2":"type-product","3":"status-publish","4":"has-post-thumbnail","6":"product_cat-electronique-11476903","7":"product_cat-nouveauts-12519446","8":"product_tag-appareils-electroniques","9":"product_tag-boole","10":"product_tag-circuits-logiques","11":"product_tag-circuits-numeriques","12":"product_tag-ebook","13":"product_tag-ebooks","14":"product_tag-electronique","15":"product_tag-electronique-numerique","16":"product_tag-electronique-numerique-1","17":"product_tag-fonctions-logiques","18":"product_tag-iste","19":"product_tag-iste-edition","20":"product_tag-iste-editions","21":"product_tag-iste-group","22":"product_tag-isteedition","23":"product_tag-istegroup","24":"product_tag-kindle","25":"product_tag-liseuse","26":"product_tag-livre","27":"product_tag-livre-electronique","28":"product_tag-livre-numerique","29":"product_tag-livre-scientifique","30":"product_tag-livres-scientifiques","31":"product_tag-logique-combinatoire","32":"product_tag-ouvrage","33":"product_tag-ouvrage-numerique","34":"product_tag-ouvrage-science","35":"product_tag-ouvrage-scientifique","36":"product_tag-ouvrage-scientifique-francais","37":"product_tag-portes-logiques","38":"product_tag-representation-binaire","39":"product_tag-systemes-de-numeration","40":"product_tag-tertulien-ndjountche","42":"first","43":"instock","44":"shipping-taxable","45":"purchasable","46":"product-type-variable"},"acf":[],"yoast_head":"<!-- This site is optimized with the Yoast SEO plugin v27.2 - https:\/\/yoast.com\/product\/yoast-seo-wordpress\/ -->\n<title>Electronique num\u00e9rique 1 - ISTE Group<\/title>\n<meta name=\"description\" content=\"Cet ouvrage traite des principes de base de l\u2019electronique num\u00e9rique et permet de comprendre les subtilit\u00e9s de la conception des circuits num\u00e9riques.\" \/>\n<meta name=\"robots\" content=\"index, follow, max-snippet:-1, max-image-preview:large, max-video-preview:-1\" \/>\n<link rel=\"canonical\" href=\"https:\/\/www.istegroup.com\/fr\/produit\/electronique-numerique-1\/\" \/>\n<meta property=\"og:locale\" content=\"fr_FR\" \/>\n<meta property=\"og:type\" content=\"article\" \/>\n<meta property=\"og:title\" content=\"Electronique num\u00e9rique 1 - ISTE Group\" \/>\n<meta property=\"og:description\" content=\"Cet ouvrage traite des principes de base de l\u2019electronique num\u00e9rique et permet de comprendre les subtilit\u00e9s de la conception des circuits num\u00e9riques.\" \/>\n<meta property=\"og:url\" content=\"https:\/\/www.istegroup.com\/fr\/produit\/electronique-numerique-1\/\" \/>\n<meta property=\"og:site_name\" content=\"ISTE Group\" \/>\n<meta property=\"article:modified_time\" content=\"2024-01-03T13:38:55+00:00\" \/>\n<meta property=\"og:image\" content=\"https:\/\/www.istegroup.com\/wp-content\/uploads\/2017\/07\/11432290692_4686263940-1.jpg\" \/>\n\t<meta property=\"og:image:width\" content=\"1366\" \/>\n\t<meta property=\"og:image:height\" content=\"2048\" \/>\n\t<meta property=\"og:image:type\" content=\"image\/jpeg\" \/>\n<meta name=\"twitter:card\" content=\"summary_large_image\" \/>\n<meta name=\"twitter:label1\" content=\"Est. reading time\" \/>\n\t<meta name=\"twitter:data1\" content=\"1 minute\" \/>\n<script type=\"application\/ld+json\" class=\"yoast-schema-graph\">{\"@context\":\"https:\/\/schema.org\",\"@graph\":[{\"@type\":\"WebPage\",\"@id\":\"https:\/\/www.istegroup.com\/fr\/produit\/electronique-numerique-1\/\",\"url\":\"https:\/\/www.istegroup.com\/fr\/produit\/electronique-numerique-1\/\",\"name\":\"Electronique num\u00e9rique 1 - ISTE Group\",\"isPartOf\":{\"@id\":\"https:\/\/www.istegroup.com\/#website\"},\"primaryImageOfPage\":{\"@id\":\"https:\/\/www.istegroup.com\/fr\/produit\/electronique-numerique-1\/#primaryimage\"},\"image\":{\"@id\":\"https:\/\/www.istegroup.com\/fr\/produit\/electronique-numerique-1\/#primaryimage\"},\"thumbnailUrl\":\"https:\/\/www.istegroup.com\/wp-content\/uploads\/2017\/07\/11432290692_4686263940-1.jpg\",\"datePublished\":\"2017-07-28T09:14:13+00:00\",\"dateModified\":\"2024-01-03T13:38:55+00:00\",\"description\":\"Cet ouvrage traite des principes de base de l\u2019electronique num\u00e9rique et permet de comprendre les subtilit\u00e9s de la conception des circuits num\u00e9riques.\",\"breadcrumb\":{\"@id\":\"https:\/\/www.istegroup.com\/fr\/produit\/electronique-numerique-1\/#breadcrumb\"},\"inLanguage\":\"fr-FR\",\"potentialAction\":[{\"@type\":\"ReadAction\",\"target\":[\"https:\/\/www.istegroup.com\/fr\/produit\/electronique-numerique-1\/\"]}]},{\"@type\":\"ImageObject\",\"inLanguage\":\"fr-FR\",\"@id\":\"https:\/\/www.istegroup.com\/fr\/produit\/electronique-numerique-1\/#primaryimage\",\"url\":\"https:\/\/www.istegroup.com\/wp-content\/uploads\/2017\/07\/11432290692_4686263940-1.jpg\",\"contentUrl\":\"https:\/\/www.istegroup.com\/wp-content\/uploads\/2017\/07\/11432290692_4686263940-1.jpg\",\"width\":1366,\"height\":2048,\"caption\":\"Circuits logiques combinatoires\"},{\"@type\":\"BreadcrumbList\",\"@id\":\"https:\/\/www.istegroup.com\/fr\/produit\/electronique-numerique-1\/#breadcrumb\",\"itemListElement\":[{\"@type\":\"ListItem\",\"position\":1,\"name\":\"Home\",\"item\":\"https:\/\/www.istegroup.com\/\"},{\"@type\":\"ListItem\",\"position\":2,\"name\":\"Shop\",\"item\":\"https:\/\/www.istegroup.com\/fr\/nouveautes\/\"},{\"@type\":\"ListItem\",\"position\":3,\"name\":\"Electronique num\u00e9rique 1\"}]},{\"@type\":\"WebSite\",\"@id\":\"https:\/\/www.istegroup.com\/#website\",\"url\":\"https:\/\/www.istegroup.com\/\",\"name\":\"ISTE Group\",\"description\":\"\u00c9diteur des Sciences\",\"potentialAction\":[{\"@type\":\"SearchAction\",\"target\":{\"@type\":\"EntryPoint\",\"urlTemplate\":\"https:\/\/www.istegroup.com\/?s={search_term_string}\"},\"query-input\":{\"@type\":\"PropertyValueSpecification\",\"valueRequired\":true,\"valueName\":\"search_term_string\"}}],\"inLanguage\":\"fr-FR\"}]}<\/script>\n<!-- \/ Yoast SEO plugin. -->","yoast_head_json":{"title":"Electronique num\u00e9rique 1 - ISTE Group","description":"Cet ouvrage traite des principes de base de l\u2019electronique num\u00e9rique et permet de comprendre les subtilit\u00e9s de la conception des circuits num\u00e9riques.","robots":{"index":"index","follow":"follow","max-snippet":"max-snippet:-1","max-image-preview":"max-image-preview:large","max-video-preview":"max-video-preview:-1"},"canonical":"https:\/\/www.istegroup.com\/fr\/produit\/electronique-numerique-1\/","og_locale":"fr_FR","og_type":"article","og_title":"Electronique num\u00e9rique 1 - ISTE Group","og_description":"Cet ouvrage traite des principes de base de l\u2019electronique num\u00e9rique et permet de comprendre les subtilit\u00e9s de la conception des circuits num\u00e9riques.","og_url":"https:\/\/www.istegroup.com\/fr\/produit\/electronique-numerique-1\/","og_site_name":"ISTE Group","article_modified_time":"2024-01-03T13:38:55+00:00","og_image":[{"width":1366,"height":2048,"url":"https:\/\/www.istegroup.com\/wp-content\/uploads\/2017\/07\/11432290692_4686263940-1.jpg","type":"image\/jpeg"}],"twitter_card":"summary_large_image","twitter_misc":{"Est. reading time":"1 minute"},"schema":{"@context":"https:\/\/schema.org","@graph":[{"@type":"WebPage","@id":"https:\/\/www.istegroup.com\/fr\/produit\/electronique-numerique-1\/","url":"https:\/\/www.istegroup.com\/fr\/produit\/electronique-numerique-1\/","name":"Electronique num\u00e9rique 1 - ISTE Group","isPartOf":{"@id":"https:\/\/www.istegroup.com\/#website"},"primaryImageOfPage":{"@id":"https:\/\/www.istegroup.com\/fr\/produit\/electronique-numerique-1\/#primaryimage"},"image":{"@id":"https:\/\/www.istegroup.com\/fr\/produit\/electronique-numerique-1\/#primaryimage"},"thumbnailUrl":"https:\/\/www.istegroup.com\/wp-content\/uploads\/2017\/07\/11432290692_4686263940-1.jpg","datePublished":"2017-07-28T09:14:13+00:00","dateModified":"2024-01-03T13:38:55+00:00","description":"Cet ouvrage traite des principes de base de l\u2019electronique num\u00e9rique et permet de comprendre les subtilit\u00e9s de la conception des circuits num\u00e9riques.","breadcrumb":{"@id":"https:\/\/www.istegroup.com\/fr\/produit\/electronique-numerique-1\/#breadcrumb"},"inLanguage":"fr-FR","potentialAction":[{"@type":"ReadAction","target":["https:\/\/www.istegroup.com\/fr\/produit\/electronique-numerique-1\/"]}]},{"@type":"ImageObject","inLanguage":"fr-FR","@id":"https:\/\/www.istegroup.com\/fr\/produit\/electronique-numerique-1\/#primaryimage","url":"https:\/\/www.istegroup.com\/wp-content\/uploads\/2017\/07\/11432290692_4686263940-1.jpg","contentUrl":"https:\/\/www.istegroup.com\/wp-content\/uploads\/2017\/07\/11432290692_4686263940-1.jpg","width":1366,"height":2048,"caption":"Circuits logiques combinatoires"},{"@type":"BreadcrumbList","@id":"https:\/\/www.istegroup.com\/fr\/produit\/electronique-numerique-1\/#breadcrumb","itemListElement":[{"@type":"ListItem","position":1,"name":"Home","item":"https:\/\/www.istegroup.com\/"},{"@type":"ListItem","position":2,"name":"Shop","item":"https:\/\/www.istegroup.com\/fr\/nouveautes\/"},{"@type":"ListItem","position":3,"name":"Electronique num\u00e9rique 1"}]},{"@type":"WebSite","@id":"https:\/\/www.istegroup.com\/#website","url":"https:\/\/www.istegroup.com\/","name":"ISTE Group","description":"\u00c9diteur des Sciences","potentialAction":[{"@type":"SearchAction","target":{"@type":"EntryPoint","urlTemplate":"https:\/\/www.istegroup.com\/?s={search_term_string}"},"query-input":{"@type":"PropertyValueSpecification","valueRequired":true,"valueName":"search_term_string"}}],"inLanguage":"fr-FR"}]}},"_links":{"self":[{"href":"https:\/\/www.istegroup.com\/fr\/wp-json\/wp\/v2\/product\/223","targetHints":{"allow":["GET"]}}],"collection":[{"href":"https:\/\/www.istegroup.com\/fr\/wp-json\/wp\/v2\/product"}],"about":[{"href":"https:\/\/www.istegroup.com\/fr\/wp-json\/wp\/v2\/types\/product"}],"wp:featuredmedia":[{"embeddable":true,"href":"https:\/\/www.istegroup.com\/fr\/wp-json\/wp\/v2\/media\/224"}],"wp:attachment":[{"href":"https:\/\/www.istegroup.com\/fr\/wp-json\/wp\/v2\/media?parent=223"}],"wp:term":[{"taxonomy":"product_brand","embeddable":true,"href":"https:\/\/www.istegroup.com\/fr\/wp-json\/wp\/v2\/product_brand?post=223"},{"taxonomy":"product_cat","embeddable":true,"href":"https:\/\/www.istegroup.com\/fr\/wp-json\/wp\/v2\/product_cat?post=223"},{"taxonomy":"product_tag","embeddable":true,"href":"https:\/\/www.istegroup.com\/fr\/wp-json\/wp\/v2\/product_tag?post=223"}],"curies":[{"name":"wp","href":"https:\/\/api.w.org\/{rel}","templated":true}]}}