{"id":22220,"date":"2019-12-12T11:21:46","date_gmt":"2019-12-12T11:21:46","guid":{"rendered":"https:\/\/www.istegroup.com\/?post_type=product&#038;p=22220"},"modified":"2024-01-03T13:43:22","modified_gmt":"2024-01-03T13:43:22","slug":"les-territoires-de-lautonomie-energetique","status":"publish","type":"product","link":"https:\/\/www.istegroup.com\/fr\/produit\/les-territoires-de-lautonomie-energetique\/","title":{"rendered":"Les territoires de l\u2019autonomie \u00e9nerg\u00e9tique"},"content":{"rendered":"<p>L\u2019int\u00e9r\u00eat pour la production, l\u2019approvisionnement et la consommation d\u2019\u00e9nergie locale grandit dans les d\u00e9bats universitaires et publics. Les discours et les strat\u00e9gies de transition \u00e9nerg\u00e9tique mettent souvent l\u2019accent sur la recherche d\u2019une plus grande autonomie \u00e9nerg\u00e9tique, expression qui se r\u00e9f\u00e8re \u00e0 des configurations diverses, tant en termes d\u2019espaces (urbains, ruraux ou p\u00e9riph\u00e9riques) et d\u2019\u00e9chelles qu\u2019en termes politiques.<\/p>\n<p><em>Les territoires de l\u2019autonomie \u00e9nerg\u00e9tique<\/em> explore les liens entre les formes de relocalisation (production et consommation d\u2019\u00e9nergie), les jeux d\u2019acteurs sous-jacents et les usages de l\u2019\u00e9nergie aff\u00e9rents, ainsi que les interd\u00e9pendances entre infrastructures de petite et de grande \u00e9chelles.<\/p>\n<p>Cet ouvrage explicite et analyse des processus souvent partiels et controvers\u00e9s de la relocalisation \u00e9nerg\u00e9tique qui articulent des formes d\u2019autosuffisance m\u00e9tabolique locale, de d\u00e9centralisation socio-technique et de responsabilisation politique, et se concentre sur les acteurs comme sur les projets urbains et communaut\u00e9s \u00e9nerg\u00e9tiques, avant d\u2019aborder les d\u00e9fis de l\u2019autonomie \u00e9nerg\u00e9tique.<\/p>\n","protected":false},"excerpt":{"rendered":"<p>L\u2019int\u00e9r\u00eat pour la production, l\u2019approvisionnement et la consommation d\u2019\u00e9nergie locale grandit dans les d\u00e9bats universitaires et publics. Les discours et les strat\u00e9gies de transition \u00e9nerg\u00e9tique mettent souvent l\u2019accent sur la recherche d\u2019une plus grande autonomie \u00e9nerg\u00e9tique, expression qui se r\u00e9f\u00e8re \u00e0 des configurations diverses, tant en termes d\u2019espaces (urbains, ruraux ou p\u00e9riph\u00e9riques) et d\u2019\u00e9chelles qu\u2019en [&hellip;]<\/p>\n","protected":false},"featured_media":22238,"template":"","meta":{"_acf_changed":false,"_links_to":"","_links_to_target":""},"product_brand":[],"product_cat":[4075,684],"product_tag":[140,31,196,18,20,4076,204,63,172,27,4077,4078,192,28,4079],"class_list":{"0":"post-22220","1":"product","2":"type-product","3":"status-publish","4":"has-post-thumbnail","6":"product_cat-genie-urbain","7":"product_cat-sciences-socit-et-nouvelles-technologies-188422468","8":"product_tag-autonomie-energetique","9":"product_tag-ebook","10":"product_tag-ebooks","11":"product_tag-edition-scientifique","12":"product_tag-editions-technique","13":"product_tag-fanny-lopez","14":"product_tag-livre","15":"product_tag-livre-electronique","16":"product_tag-livre-scientifique","17":"product_tag-livre-technique-francais","18":"product_tag-margot-pellegrino","19":"product_tag-olivier-coutard","20":"product_tag-ouvrage-science","21":"product_tag-ouvrage-scientifique-francais","22":"product_tag-territoires","24":"first","25":"instock","26":"shipping-taxable","27":"purchasable","28":"product-type-variable"},"acf":[],"yoast_head":"<!-- This site is optimized with the Yoast SEO plugin v27.2 - https:\/\/yoast.com\/product\/yoast-seo-wordpress\/ -->\n<title>Les territoires de l\u2019autonomie \u00e9nerg\u00e9tique - ISTE Group<\/title>\n<meta name=\"description\" content=\"Les territoires de l\u2019autonomie \u00e9nerg\u00e9tique explore les liens entre les formes de relocalisation (production et consommation d\u2019\u00e9nergie), les jeux d\u2019acteurs sous-jacents et les usages de l\u2019\u00e9nergie aff\u00e9rents, ainsi que les interd\u00e9pendances entre infrastructures de petite et de grande \u00e9chelles.\" \/>\n<meta name=\"robots\" content=\"index, follow, max-snippet:-1, max-image-preview:large, max-video-preview:-1\" \/>\n<link rel=\"canonical\" href=\"https:\/\/www.istegroup.com\/fr\/produit\/les-territoires-de-lautonomie-energetique\/\" \/>\n<meta property=\"og:locale\" content=\"fr_FR\" \/>\n<meta property=\"og:type\" content=\"article\" \/>\n<meta property=\"og:title\" content=\"Les territoires de l\u2019autonomie \u00e9nerg\u00e9tique - ISTE Group\" \/>\n<meta property=\"og:description\" content=\"Les territoires de l\u2019autonomie \u00e9nerg\u00e9tique explore les liens entre les formes de relocalisation (production et consommation d\u2019\u00e9nergie), les jeux d\u2019acteurs sous-jacents et les usages de l\u2019\u00e9nergie aff\u00e9rents, ainsi que les interd\u00e9pendances entre infrastructures de petite et de grande \u00e9chelles.\" \/>\n<meta property=\"og:url\" content=\"https:\/\/www.istegroup.com\/fr\/produit\/les-territoires-de-lautonomie-energetique\/\" \/>\n<meta property=\"og:site_name\" content=\"ISTE Group\" \/>\n<meta property=\"article:modified_time\" content=\"2024-01-03T13:43:22+00:00\" \/>\n<meta property=\"og:image\" content=\"https:\/\/www.istegroup.com\/wp-content\/uploads\/2019\/07\/Les-territoires-de-l\u2019autonomie-\u00e9nerg\u00e9tique.jpg\" \/>\n\t<meta property=\"og:image:width\" content=\"300\" \/>\n\t<meta property=\"og:image:height\" content=\"450\" \/>\n\t<meta property=\"og:image:type\" content=\"image\/jpeg\" \/>\n<meta name=\"twitter:card\" content=\"summary_large_image\" \/>\n<meta name=\"twitter:label1\" content=\"Est. reading time\" \/>\n\t<meta name=\"twitter:data1\" content=\"1 minute\" \/>\n<script type=\"application\/ld+json\" class=\"yoast-schema-graph\">{\"@context\":\"https:\/\/schema.org\",\"@graph\":[{\"@type\":\"WebPage\",\"@id\":\"https:\/\/www.istegroup.com\/fr\/produit\/les-territoires-de-lautonomie-energetique\/\",\"url\":\"https:\/\/www.istegroup.com\/fr\/produit\/les-territoires-de-lautonomie-energetique\/\",\"name\":\"Les territoires de l\u2019autonomie \u00e9nerg\u00e9tique - ISTE Group\",\"isPartOf\":{\"@id\":\"https:\/\/www.istegroup.com\/#website\"},\"primaryImageOfPage\":{\"@id\":\"https:\/\/www.istegroup.com\/fr\/produit\/les-territoires-de-lautonomie-energetique\/#primaryimage\"},\"image\":{\"@id\":\"https:\/\/www.istegroup.com\/fr\/produit\/les-territoires-de-lautonomie-energetique\/#primaryimage\"},\"thumbnailUrl\":\"https:\/\/www.istegroup.com\/wp-content\/uploads\/2019\/07\/Les-territoires-de-l\u2019autonomie-\u00e9nerg\u00e9tique.jpg\",\"datePublished\":\"2019-12-12T11:21:46+00:00\",\"dateModified\":\"2024-01-03T13:43:22+00:00\",\"description\":\"Les territoires de l\u2019autonomie \u00e9nerg\u00e9tique explore les liens entre les formes de relocalisation (production et consommation d\u2019\u00e9nergie), les jeux d\u2019acteurs sous-jacents et les usages de l\u2019\u00e9nergie aff\u00e9rents, ainsi que les interd\u00e9pendances entre infrastructures de petite et de grande \u00e9chelles.\",\"breadcrumb\":{\"@id\":\"https:\/\/www.istegroup.com\/fr\/produit\/les-territoires-de-lautonomie-energetique\/#breadcrumb\"},\"inLanguage\":\"fr-FR\",\"potentialAction\":[{\"@type\":\"ReadAction\",\"target\":[\"https:\/\/www.istegroup.com\/fr\/produit\/les-territoires-de-lautonomie-energetique\/\"]}]},{\"@type\":\"ImageObject\",\"inLanguage\":\"fr-FR\",\"@id\":\"https:\/\/www.istegroup.com\/fr\/produit\/les-territoires-de-lautonomie-energetique\/#primaryimage\",\"url\":\"https:\/\/www.istegroup.com\/wp-content\/uploads\/2019\/07\/Les-territoires-de-l\u2019autonomie-\u00e9nerg\u00e9tique.jpg\",\"contentUrl\":\"https:\/\/www.istegroup.com\/wp-content\/uploads\/2019\/07\/Les-territoires-de-l\u2019autonomie-\u00e9nerg\u00e9tique.jpg\",\"width\":300,\"height\":450,\"caption\":\"Espaces, \u00e9chelles et politiques\"},{\"@type\":\"BreadcrumbList\",\"@id\":\"https:\/\/www.istegroup.com\/fr\/produit\/les-territoires-de-lautonomie-energetique\/#breadcrumb\",\"itemListElement\":[{\"@type\":\"ListItem\",\"position\":1,\"name\":\"Home\",\"item\":\"https:\/\/www.istegroup.com\/\"},{\"@type\":\"ListItem\",\"position\":2,\"name\":\"Shop\",\"item\":\"https:\/\/www.istegroup.com\/fr\/nouveautes\/\"},{\"@type\":\"ListItem\",\"position\":3,\"name\":\"Les territoires de l\u2019autonomie \u00e9nerg\u00e9tique\"}]},{\"@type\":\"WebSite\",\"@id\":\"https:\/\/www.istegroup.com\/#website\",\"url\":\"https:\/\/www.istegroup.com\/\",\"name\":\"ISTE Group\",\"description\":\"\u00c9diteur des Sciences\",\"potentialAction\":[{\"@type\":\"SearchAction\",\"target\":{\"@type\":\"EntryPoint\",\"urlTemplate\":\"https:\/\/www.istegroup.com\/?s={search_term_string}\"},\"query-input\":{\"@type\":\"PropertyValueSpecification\",\"valueRequired\":true,\"valueName\":\"search_term_string\"}}],\"inLanguage\":\"fr-FR\"}]}<\/script>\n<!-- \/ Yoast SEO plugin. -->","yoast_head_json":{"title":"Les territoires de l\u2019autonomie \u00e9nerg\u00e9tique - ISTE Group","description":"Les territoires de l\u2019autonomie \u00e9nerg\u00e9tique explore les liens entre les formes de relocalisation (production et consommation d\u2019\u00e9nergie), les jeux d\u2019acteurs sous-jacents et les usages de l\u2019\u00e9nergie aff\u00e9rents, ainsi que les interd\u00e9pendances entre infrastructures de petite et de grande \u00e9chelles.","robots":{"index":"index","follow":"follow","max-snippet":"max-snippet:-1","max-image-preview":"max-image-preview:large","max-video-preview":"max-video-preview:-1"},"canonical":"https:\/\/www.istegroup.com\/fr\/produit\/les-territoires-de-lautonomie-energetique\/","og_locale":"fr_FR","og_type":"article","og_title":"Les territoires de l\u2019autonomie \u00e9nerg\u00e9tique - ISTE Group","og_description":"Les territoires de l\u2019autonomie \u00e9nerg\u00e9tique explore les liens entre les formes de relocalisation (production et consommation d\u2019\u00e9nergie), les jeux d\u2019acteurs sous-jacents et les usages de l\u2019\u00e9nergie aff\u00e9rents, ainsi que les interd\u00e9pendances entre infrastructures de petite et de grande \u00e9chelles.","og_url":"https:\/\/www.istegroup.com\/fr\/produit\/les-territoires-de-lautonomie-energetique\/","og_site_name":"ISTE Group","article_modified_time":"2024-01-03T13:43:22+00:00","og_image":[{"width":300,"height":450,"url":"https:\/\/www.istegroup.com\/wp-content\/uploads\/2019\/07\/Les-territoires-de-l\u2019autonomie-\u00e9nerg\u00e9tique.jpg","type":"image\/jpeg"}],"twitter_card":"summary_large_image","twitter_misc":{"Est. reading time":"1 minute"},"schema":{"@context":"https:\/\/schema.org","@graph":[{"@type":"WebPage","@id":"https:\/\/www.istegroup.com\/fr\/produit\/les-territoires-de-lautonomie-energetique\/","url":"https:\/\/www.istegroup.com\/fr\/produit\/les-territoires-de-lautonomie-energetique\/","name":"Les territoires de l\u2019autonomie \u00e9nerg\u00e9tique - ISTE Group","isPartOf":{"@id":"https:\/\/www.istegroup.com\/#website"},"primaryImageOfPage":{"@id":"https:\/\/www.istegroup.com\/fr\/produit\/les-territoires-de-lautonomie-energetique\/#primaryimage"},"image":{"@id":"https:\/\/www.istegroup.com\/fr\/produit\/les-territoires-de-lautonomie-energetique\/#primaryimage"},"thumbnailUrl":"https:\/\/www.istegroup.com\/wp-content\/uploads\/2019\/07\/Les-territoires-de-l\u2019autonomie-\u00e9nerg\u00e9tique.jpg","datePublished":"2019-12-12T11:21:46+00:00","dateModified":"2024-01-03T13:43:22+00:00","description":"Les territoires de l\u2019autonomie \u00e9nerg\u00e9tique explore les liens entre les formes de relocalisation (production et consommation d\u2019\u00e9nergie), les jeux d\u2019acteurs sous-jacents et les usages de l\u2019\u00e9nergie aff\u00e9rents, ainsi que les interd\u00e9pendances entre infrastructures de petite et de grande \u00e9chelles.","breadcrumb":{"@id":"https:\/\/www.istegroup.com\/fr\/produit\/les-territoires-de-lautonomie-energetique\/#breadcrumb"},"inLanguage":"fr-FR","potentialAction":[{"@type":"ReadAction","target":["https:\/\/www.istegroup.com\/fr\/produit\/les-territoires-de-lautonomie-energetique\/"]}]},{"@type":"ImageObject","inLanguage":"fr-FR","@id":"https:\/\/www.istegroup.com\/fr\/produit\/les-territoires-de-lautonomie-energetique\/#primaryimage","url":"https:\/\/www.istegroup.com\/wp-content\/uploads\/2019\/07\/Les-territoires-de-l\u2019autonomie-\u00e9nerg\u00e9tique.jpg","contentUrl":"https:\/\/www.istegroup.com\/wp-content\/uploads\/2019\/07\/Les-territoires-de-l\u2019autonomie-\u00e9nerg\u00e9tique.jpg","width":300,"height":450,"caption":"Espaces, \u00e9chelles et politiques"},{"@type":"BreadcrumbList","@id":"https:\/\/www.istegroup.com\/fr\/produit\/les-territoires-de-lautonomie-energetique\/#breadcrumb","itemListElement":[{"@type":"ListItem","position":1,"name":"Home","item":"https:\/\/www.istegroup.com\/"},{"@type":"ListItem","position":2,"name":"Shop","item":"https:\/\/www.istegroup.com\/fr\/nouveautes\/"},{"@type":"ListItem","position":3,"name":"Les territoires de l\u2019autonomie \u00e9nerg\u00e9tique"}]},{"@type":"WebSite","@id":"https:\/\/www.istegroup.com\/#website","url":"https:\/\/www.istegroup.com\/","name":"ISTE Group","description":"\u00c9diteur des Sciences","potentialAction":[{"@type":"SearchAction","target":{"@type":"EntryPoint","urlTemplate":"https:\/\/www.istegroup.com\/?s={search_term_string}"},"query-input":{"@type":"PropertyValueSpecification","valueRequired":true,"valueName":"search_term_string"}}],"inLanguage":"fr-FR"}]}},"_links":{"self":[{"href":"https:\/\/www.istegroup.com\/fr\/wp-json\/wp\/v2\/product\/22220","targetHints":{"allow":["GET"]}}],"collection":[{"href":"https:\/\/www.istegroup.com\/fr\/wp-json\/wp\/v2\/product"}],"about":[{"href":"https:\/\/www.istegroup.com\/fr\/wp-json\/wp\/v2\/types\/product"}],"wp:featuredmedia":[{"embeddable":true,"href":"https:\/\/www.istegroup.com\/fr\/wp-json\/wp\/v2\/media\/22238"}],"wp:attachment":[{"href":"https:\/\/www.istegroup.com\/fr\/wp-json\/wp\/v2\/media?parent=22220"}],"wp:term":[{"taxonomy":"product_brand","embeddable":true,"href":"https:\/\/www.istegroup.com\/fr\/wp-json\/wp\/v2\/product_brand?post=22220"},{"taxonomy":"product_cat","embeddable":true,"href":"https:\/\/www.istegroup.com\/fr\/wp-json\/wp\/v2\/product_cat?post=22220"},{"taxonomy":"product_tag","embeddable":true,"href":"https:\/\/www.istegroup.com\/fr\/wp-json\/wp\/v2\/product_tag?post=22220"}],"curies":[{"name":"wp","href":"https:\/\/api.w.org\/{rel}","templated":true}]}}