{"id":22123,"date":"2019-09-27T11:24:26","date_gmt":"2019-09-27T10:24:26","guid":{"rendered":"https:\/\/www.istegroup.com\/?post_type=product&#038;p=22123"},"modified":"2024-01-03T13:43:19","modified_gmt":"2024-01-03T13:43:19","slug":"sur-les-traces-du-rite","status":"publish","type":"product","link":"https:\/\/www.istegroup.com\/fr\/produit\/sur-les-traces-du-rite\/","title":{"rendered":"Sur les traces du rite"},"content":{"rendered":"<p>Nos relations quotidiennes, et plus largement les institutions, s\u2019appuient sur un fondement symbolique mis en forme par les rites. Pr\u00e9sents \u00e0 tous les niveaux de la soci\u00e9t\u00e9, ceux-ci manifestent la part sacr\u00e9e du social et repr\u00e9sentent les traces de cultures et d\u2019\u00e9poques s\u2019exprimant \u00e0 travers eux.<\/p>\n<p>Cet ouvrage offre une th\u00e9orisation anthropologique \u00e9tay\u00e9e par des illustrations tir\u00e9es des champs politique, acad\u00e9mique, m\u00e9diatique et soci\u00e9tal qui donnent corps \u00e0 l\u2019analyse. Faisant dialoguer des auteurs classiques tels que Marcel Mauss, Arthur Hocart, \u00c9mile Durkheim, Erving Goffman, Georges Balandier et Victor Turner, il propose \u00e9galement des concepts originaux qui prouvent la pertinence d\u2019une lecture communicationnelle des rites. V\u00e9ritable radiographie de notre soci\u00e9t\u00e9, il offre une grille d\u2019analyse pour les c\u00e9r\u00e9monies de notre \u00e9poque et invite \u00e0 un cheminement historique et anthropologique sur les traces du rite.<\/p>\n<p><strong>La presse en parle<\/strong><\/p>\n<p><a style=\"color: #1e9691\" href=\"https:\/\/radionotredame.net\/emissions\/enquetedesens\/29-04-2020\/\"><em>Radio Notre-Dame, mars 2020<\/em><\/a><br \/>\n<a style=\"color: #1e9691\" href=\"https:\/\/www.varmatin.com\/faits-de-societe\/interview-pascal-lardellier-on-assiste-a-lavenement-de-la-societe-du-sans-contact-507735\"><em>Var-Matin, mars 2020<\/em><\/a><br \/>\n<a style=\"color: #1e9691\" href=\"https:\/\/www.liberation.fr\/debats\/2020\/04\/06\/le-confinement-ou-la-disparition-des-rites_1783952\"><em>Lib\u00e9ration, avril 2020<\/em><\/a><br \/>\n<a style=\"color: #1e9691\" href=\"http:\/\/www.leparisien.fr\/societe\/covid-19-nous-devons-nous-habituer-a-des-relations-technologiquement-assistees-03-05-2020-8309847.php\"><em>Le Parisien, mai 2020<\/em><\/a><br \/>\n<a style=\"color: #1e9691\" href=\"https:\/\/www.franceinter.fr\/emissions\/grand-bien-vous-fasse\/grand-bien-vous-fasse-13-mai-2020\"><em>France Inter, mai 2020<\/em><\/a><\/p>\n","protected":false},"excerpt":{"rendered":"<p>Nos relations quotidiennes, et plus largement les institutions, s\u2019appuient sur un fondement symbolique mis en forme par les rites. Pr\u00e9sents \u00e0 tous les niveaux de la soci\u00e9t\u00e9, ceux-ci manifestent la part sacr\u00e9e du social et repr\u00e9sentent les traces de cultures et d\u2019\u00e9poques s\u2019exprimant \u00e0 travers eux. Cet ouvrage offre une th\u00e9orisation anthropologique \u00e9tay\u00e9e par des [&hellip;]<\/p>\n","protected":false},"featured_media":22132,"template":"","meta":{"_acf_changed":false,"_links_to":"","_links_to_target":""},"product_brand":[],"product_cat":[684,4084],"product_tag":[31,18,19,20,25,26,28,29,1331,3635],"class_list":{"0":"post-22123","1":"product","2":"type-product","3":"status-publish","4":"has-post-thumbnail","6":"product_cat-sciences-socit-et-nouvelles-technologies-188422468","7":"product_cat-serie-traces","8":"product_tag-ebook","9":"product_tag-edition-scientifique","10":"product_tag-editions-francaise","11":"product_tag-editions-technique","12":"product_tag-livre-numerique","13":"product_tag-livre-scientifique-francais","14":"product_tag-ouvrage-scientifique-francais","15":"product_tag-ouvrage-technique","16":"product_tag-pascal-lardellier","17":"product_tag-traces","19":"first","20":"instock","21":"shipping-taxable","22":"purchasable","23":"product-type-variable"},"acf":[],"yoast_head":"<!-- This site is optimized with the Yoast SEO plugin v27.2 - https:\/\/yoast.com\/product\/yoast-seo-wordpress\/ -->\n<title>Sur les traces du rite - ISTE Group<\/title>\n<meta name=\"description\" content=\"Sur les traces du rite offre une th\u00e9orisation anthropologique \u00e9tay\u00e9e par des illustrations tir\u00e9es des champs politique, acad\u00e9mique, m\u00e9diatique et soci\u00e9tal qui donnent corps \u00e0 l\u2019analyse.\" \/>\n<meta name=\"robots\" content=\"index, follow, max-snippet:-1, max-image-preview:large, max-video-preview:-1\" \/>\n<link rel=\"canonical\" href=\"https:\/\/www.istegroup.com\/en\/produit\/sur-les-traces-du-rite\/\" \/>\n<meta property=\"og:locale\" content=\"fr_FR\" \/>\n<meta property=\"og:type\" content=\"article\" \/>\n<meta property=\"og:title\" content=\"Sur les traces du rite - ISTE Group\" \/>\n<meta property=\"og:description\" content=\"Sur les traces du rite offre une th\u00e9orisation anthropologique \u00e9tay\u00e9e par des illustrations tir\u00e9es des champs politique, acad\u00e9mique, m\u00e9diatique et soci\u00e9tal qui donnent corps \u00e0 l\u2019analyse.\" \/>\n<meta property=\"og:url\" content=\"https:\/\/www.istegroup.com\/en\/produit\/sur-les-traces-du-rite\/\" \/>\n<meta property=\"og:site_name\" content=\"ISTE Group\" \/>\n<meta property=\"article:modified_time\" content=\"2024-01-03T13:43:19+00:00\" \/>\n<meta property=\"og:image\" content=\"https:\/\/www.istegroup.com\/wp-content\/uploads\/2019\/07\/Sur-les-traces-du-rite.jpg\" \/>\n\t<meta property=\"og:image:width\" content=\"300\" \/>\n\t<meta property=\"og:image:height\" content=\"452\" \/>\n\t<meta property=\"og:image:type\" content=\"image\/jpeg\" \/>\n<meta name=\"twitter:card\" content=\"summary_large_image\" \/>\n<meta name=\"twitter:label1\" content=\"Est. reading time\" \/>\n\t<meta name=\"twitter:data1\" content=\"1 minute\" \/>\n<script type=\"application\/ld+json\" class=\"yoast-schema-graph\">{\"@context\":\"https:\/\/schema.org\",\"@graph\":[{\"@type\":\"WebPage\",\"@id\":\"https:\/\/www.istegroup.com\/en\/produit\/sur-les-traces-du-rite\/\",\"url\":\"https:\/\/www.istegroup.com\/en\/produit\/sur-les-traces-du-rite\/\",\"name\":\"Sur les traces du rite - ISTE Group\",\"isPartOf\":{\"@id\":\"https:\/\/www.istegroup.com\/#website\"},\"primaryImageOfPage\":{\"@id\":\"https:\/\/www.istegroup.com\/en\/produit\/sur-les-traces-du-rite\/#primaryimage\"},\"image\":{\"@id\":\"https:\/\/www.istegroup.com\/en\/produit\/sur-les-traces-du-rite\/#primaryimage\"},\"thumbnailUrl\":\"https:\/\/www.istegroup.com\/wp-content\/uploads\/2019\/07\/Sur-les-traces-du-rite.jpg\",\"datePublished\":\"2019-09-27T10:24:26+00:00\",\"dateModified\":\"2024-01-03T13:43:19+00:00\",\"description\":\"Sur les traces du rite offre une th\u00e9orisation anthropologique \u00e9tay\u00e9e par des illustrations tir\u00e9es des champs politique, acad\u00e9mique, m\u00e9diatique et soci\u00e9tal qui donnent corps \u00e0 l\u2019analyse.\",\"breadcrumb\":{\"@id\":\"https:\/\/www.istegroup.com\/en\/produit\/sur-les-traces-du-rite\/#breadcrumb\"},\"inLanguage\":\"fr-FR\",\"potentialAction\":[{\"@type\":\"ReadAction\",\"target\":[\"https:\/\/www.istegroup.com\/en\/produit\/sur-les-traces-du-rite\/\"]}]},{\"@type\":\"ImageObject\",\"inLanguage\":\"fr-FR\",\"@id\":\"https:\/\/www.istegroup.com\/en\/produit\/sur-les-traces-du-rite\/#primaryimage\",\"url\":\"https:\/\/www.istegroup.com\/wp-content\/uploads\/2019\/07\/Sur-les-traces-du-rite.jpg\",\"contentUrl\":\"https:\/\/www.istegroup.com\/wp-content\/uploads\/2019\/07\/Sur-les-traces-du-rite.jpg\",\"width\":300,\"height\":452,\"caption\":\"L'institution rituelle de la soci\u00e9t\u00e9\"},{\"@type\":\"BreadcrumbList\",\"@id\":\"https:\/\/www.istegroup.com\/en\/produit\/sur-les-traces-du-rite\/#breadcrumb\",\"itemListElement\":[{\"@type\":\"ListItem\",\"position\":1,\"name\":\"Home\",\"item\":\"https:\/\/www.istegroup.com\/\"},{\"@type\":\"ListItem\",\"position\":2,\"name\":\"Shop\",\"item\":\"https:\/\/www.istegroup.com\/fr\/nouveautes\/\"},{\"@type\":\"ListItem\",\"position\":3,\"name\":\"Sur les traces du rite\"}]},{\"@type\":\"WebSite\",\"@id\":\"https:\/\/www.istegroup.com\/#website\",\"url\":\"https:\/\/www.istegroup.com\/\",\"name\":\"ISTE Group\",\"description\":\"\u00c9diteur des Sciences\",\"potentialAction\":[{\"@type\":\"SearchAction\",\"target\":{\"@type\":\"EntryPoint\",\"urlTemplate\":\"https:\/\/www.istegroup.com\/?s={search_term_string}\"},\"query-input\":{\"@type\":\"PropertyValueSpecification\",\"valueRequired\":true,\"valueName\":\"search_term_string\"}}],\"inLanguage\":\"fr-FR\"}]}<\/script>\n<!-- \/ Yoast SEO plugin. -->","yoast_head_json":{"title":"Sur les traces du rite - ISTE Group","description":"Sur les traces du rite offre une th\u00e9orisation anthropologique \u00e9tay\u00e9e par des illustrations tir\u00e9es des champs politique, acad\u00e9mique, m\u00e9diatique et soci\u00e9tal qui donnent corps \u00e0 l\u2019analyse.","robots":{"index":"index","follow":"follow","max-snippet":"max-snippet:-1","max-image-preview":"max-image-preview:large","max-video-preview":"max-video-preview:-1"},"canonical":"https:\/\/www.istegroup.com\/en\/produit\/sur-les-traces-du-rite\/","og_locale":"fr_FR","og_type":"article","og_title":"Sur les traces du rite - ISTE Group","og_description":"Sur les traces du rite offre une th\u00e9orisation anthropologique \u00e9tay\u00e9e par des illustrations tir\u00e9es des champs politique, acad\u00e9mique, m\u00e9diatique et soci\u00e9tal qui donnent corps \u00e0 l\u2019analyse.","og_url":"https:\/\/www.istegroup.com\/en\/produit\/sur-les-traces-du-rite\/","og_site_name":"ISTE Group","article_modified_time":"2024-01-03T13:43:19+00:00","og_image":[{"width":300,"height":452,"url":"https:\/\/www.istegroup.com\/wp-content\/uploads\/2019\/07\/Sur-les-traces-du-rite.jpg","type":"image\/jpeg"}],"twitter_card":"summary_large_image","twitter_misc":{"Est. reading time":"1 minute"},"schema":{"@context":"https:\/\/schema.org","@graph":[{"@type":"WebPage","@id":"https:\/\/www.istegroup.com\/en\/produit\/sur-les-traces-du-rite\/","url":"https:\/\/www.istegroup.com\/en\/produit\/sur-les-traces-du-rite\/","name":"Sur les traces du rite - ISTE Group","isPartOf":{"@id":"https:\/\/www.istegroup.com\/#website"},"primaryImageOfPage":{"@id":"https:\/\/www.istegroup.com\/en\/produit\/sur-les-traces-du-rite\/#primaryimage"},"image":{"@id":"https:\/\/www.istegroup.com\/en\/produit\/sur-les-traces-du-rite\/#primaryimage"},"thumbnailUrl":"https:\/\/www.istegroup.com\/wp-content\/uploads\/2019\/07\/Sur-les-traces-du-rite.jpg","datePublished":"2019-09-27T10:24:26+00:00","dateModified":"2024-01-03T13:43:19+00:00","description":"Sur les traces du rite offre une th\u00e9orisation anthropologique \u00e9tay\u00e9e par des illustrations tir\u00e9es des champs politique, acad\u00e9mique, m\u00e9diatique et soci\u00e9tal qui donnent corps \u00e0 l\u2019analyse.","breadcrumb":{"@id":"https:\/\/www.istegroup.com\/en\/produit\/sur-les-traces-du-rite\/#breadcrumb"},"inLanguage":"fr-FR","potentialAction":[{"@type":"ReadAction","target":["https:\/\/www.istegroup.com\/en\/produit\/sur-les-traces-du-rite\/"]}]},{"@type":"ImageObject","inLanguage":"fr-FR","@id":"https:\/\/www.istegroup.com\/en\/produit\/sur-les-traces-du-rite\/#primaryimage","url":"https:\/\/www.istegroup.com\/wp-content\/uploads\/2019\/07\/Sur-les-traces-du-rite.jpg","contentUrl":"https:\/\/www.istegroup.com\/wp-content\/uploads\/2019\/07\/Sur-les-traces-du-rite.jpg","width":300,"height":452,"caption":"L'institution rituelle de la soci\u00e9t\u00e9"},{"@type":"BreadcrumbList","@id":"https:\/\/www.istegroup.com\/en\/produit\/sur-les-traces-du-rite\/#breadcrumb","itemListElement":[{"@type":"ListItem","position":1,"name":"Home","item":"https:\/\/www.istegroup.com\/"},{"@type":"ListItem","position":2,"name":"Shop","item":"https:\/\/www.istegroup.com\/fr\/nouveautes\/"},{"@type":"ListItem","position":3,"name":"Sur les traces du rite"}]},{"@type":"WebSite","@id":"https:\/\/www.istegroup.com\/#website","url":"https:\/\/www.istegroup.com\/","name":"ISTE Group","description":"\u00c9diteur des Sciences","potentialAction":[{"@type":"SearchAction","target":{"@type":"EntryPoint","urlTemplate":"https:\/\/www.istegroup.com\/?s={search_term_string}"},"query-input":{"@type":"PropertyValueSpecification","valueRequired":true,"valueName":"search_term_string"}}],"inLanguage":"fr-FR"}]}},"_links":{"self":[{"href":"https:\/\/www.istegroup.com\/fr\/wp-json\/wp\/v2\/product\/22123","targetHints":{"allow":["GET"]}}],"collection":[{"href":"https:\/\/www.istegroup.com\/fr\/wp-json\/wp\/v2\/product"}],"about":[{"href":"https:\/\/www.istegroup.com\/fr\/wp-json\/wp\/v2\/types\/product"}],"wp:featuredmedia":[{"embeddable":true,"href":"https:\/\/www.istegroup.com\/fr\/wp-json\/wp\/v2\/media\/22132"}],"wp:attachment":[{"href":"https:\/\/www.istegroup.com\/fr\/wp-json\/wp\/v2\/media?parent=22123"}],"wp:term":[{"taxonomy":"product_brand","embeddable":true,"href":"https:\/\/www.istegroup.com\/fr\/wp-json\/wp\/v2\/product_brand?post=22123"},{"taxonomy":"product_cat","embeddable":true,"href":"https:\/\/www.istegroup.com\/fr\/wp-json\/wp\/v2\/product_cat?post=22123"},{"taxonomy":"product_tag","embeddable":true,"href":"https:\/\/www.istegroup.com\/fr\/wp-json\/wp\/v2\/product_tag?post=22123"}],"curies":[{"name":"wp","href":"https:\/\/api.w.org\/{rel}","templated":true}]}}