{"id":22105,"date":"2019-09-27T09:51:02","date_gmt":"2019-09-27T08:51:02","guid":{"rendered":"https:\/\/www.istegroup.com\/?post_type=product&#038;p=22105"},"modified":"2024-01-03T13:43:19","modified_gmt":"2024-01-03T13:43:19","slug":"le-capital-risque-et-le-financement-de-linnovation","status":"publish","type":"product","link":"https:\/\/www.istegroup.com\/fr\/produit\/le-capital-risque-et-le-financement-de-linnovation\/","title":{"rendered":"Le capital-risque et le financement de l\u2019innovation"},"content":{"rendered":"<p>Le financement des projets innovants, fondamentalement ambigus, donne souvent lieu \u00e0 des situations o\u00f9 la prise de d\u00e9cision est difficile. Cette derni\u00e8re peut \u00eatre am\u00e9lior\u00e9e par des pratiques telles que la syndication ou le financement par \u00e9tapes. La dynamique de cette industrie demande de consid\u00e9rer les variables \u00e9conomiques et institutionnelles qui en font un syst\u00e8me coh\u00e9rent dans les pays anglo-saxons, mais qui, au contraire, la r\u00e9duisent \u00e0 une niche privil\u00e9gi\u00e9e par les pouvoirs publics en Europe et en France.<\/p>\n<p>Cet ouvrage propose deux id\u00e9es directrices. La premi\u00e8re pr\u00e9sente l\u2019innovation comme un processus tr\u00e8s incertain. Cela a pour effet de modifier l\u2019\u00e9cologie de la d\u00e9cision des acteurs financiers, qui interviennent tr\u00e8s en amont du march\u00e9, pour asseoir sur des bases plus solides l\u2019\u00e9valuation et la s\u00e9lection des projets. La deuxi\u00e8me \u00e9nonce que les acteurs d\u00e9tiennent des connaissances partielles dans un contexte o\u00f9 leur capacit\u00e9 d\u2019attention est limit\u00e9e. Ces limitations cognitives n\u00e9cessitent la formation de r\u00e9seaux et donnent lieu \u00e0 des relations de d\u00e9pendance mutuelle et de compl\u00e9mentarit\u00e9.<\/p>\n","protected":false},"excerpt":{"rendered":"<p>Le financement des projets innovants, fondamentalement ambigus, donne souvent lieu \u00e0 des situations o\u00f9 la prise de d\u00e9cision est difficile. Cette derni\u00e8re peut \u00eatre am\u00e9lior\u00e9e par des pratiques telles que la syndication ou le financement par \u00e9tapes. La dynamique de cette industrie demande de consid\u00e9rer les variables \u00e9conomiques et institutionnelles qui en font un syst\u00e8me [&hellip;]<\/p>\n","protected":false},"featured_media":22110,"template":"","meta":{"_acf_changed":false,"_links_to":"","_links_to_target":""},"product_brand":[],"product_cat":[670,701],"product_tag":[379,4090,19,20,289,204,63,26,28,214],"class_list":{"0":"post-22105","1":"product","2":"type-product","3":"status-publish","4":"has-post-thumbnail","6":"product_cat-innovation-entrepreneuriat-et-gestion-11041751","7":"product_cat-srie-linnovation-entre-le-risque-et-la-russite-410208657","8":"product_tag-bernard-guilhon","9":"product_tag-capital-risque","10":"product_tag-editions-francaise","11":"product_tag-editions-technique","12":"product_tag-innovation","13":"product_tag-livre","14":"product_tag-livre-electronique","15":"product_tag-livre-scientifique-francais","16":"product_tag-ouvrage-scientifique-francais","17":"product_tag-ouvrages-techniques","19":"first","20":"instock","21":"shipping-taxable","22":"purchasable","23":"product-type-variable"},"acf":[],"yoast_head":"<!-- This site is optimized with the Yoast SEO plugin v27.2 - https:\/\/yoast.com\/product\/yoast-seo-wordpress\/ -->\n<title>Le capital-risque et le financement de l\u2019innovation - ISTE Group<\/title>\n<meta name=\"description\" content=\"Le capital-risque et le financement de l\u2019innovation propose deux id\u00e9es directrices. La premi\u00e8re pr\u00e9sente l\u2019innovation comme un processus tr\u00e8s incertain. La deuxi\u00e8me \u00e9nonce que les acteurs d\u00e9tiennent des connaissances partielles dans un contexte o\u00f9 leur capacit\u00e9 d\u2019attention est limit\u00e9e.\" \/>\n<meta name=\"robots\" content=\"index, follow, max-snippet:-1, max-image-preview:large, max-video-preview:-1\" \/>\n<link rel=\"canonical\" href=\"https:\/\/www.istegroup.com\/fr\/produit\/le-capital-risque-et-le-financement-de-linnovation\/\" \/>\n<meta property=\"og:locale\" content=\"fr_FR\" \/>\n<meta property=\"og:type\" content=\"article\" \/>\n<meta property=\"og:title\" content=\"Le capital-risque et le financement de l\u2019innovation - ISTE Group\" \/>\n<meta property=\"og:description\" content=\"Le capital-risque et le financement de l\u2019innovation propose deux id\u00e9es directrices. La premi\u00e8re pr\u00e9sente l\u2019innovation comme un processus tr\u00e8s incertain. La deuxi\u00e8me \u00e9nonce que les acteurs d\u00e9tiennent des connaissances partielles dans un contexte o\u00f9 leur capacit\u00e9 d\u2019attention est limit\u00e9e.\" \/>\n<meta property=\"og:url\" content=\"https:\/\/www.istegroup.com\/fr\/produit\/le-capital-risque-et-le-financement-de-linnovation\/\" \/>\n<meta property=\"og:site_name\" content=\"ISTE Group\" \/>\n<meta property=\"article:modified_time\" content=\"2024-01-03T13:43:19+00:00\" \/>\n<meta property=\"og:image\" content=\"https:\/\/www.istegroup.com\/wp-content\/uploads\/2019\/07\/Le-capital-risque-et-le-financement-de-linnovation.jpg\" \/>\n\t<meta property=\"og:image:width\" content=\"300\" \/>\n\t<meta property=\"og:image:height\" content=\"453\" \/>\n\t<meta property=\"og:image:type\" content=\"image\/jpeg\" \/>\n<meta name=\"twitter:card\" content=\"summary_large_image\" \/>\n<meta name=\"twitter:label1\" content=\"Est. reading time\" \/>\n\t<meta name=\"twitter:data1\" content=\"1 minute\" \/>\n<script type=\"application\/ld+json\" class=\"yoast-schema-graph\">{\"@context\":\"https:\/\/schema.org\",\"@graph\":[{\"@type\":\"WebPage\",\"@id\":\"https:\/\/www.istegroup.com\/fr\/produit\/le-capital-risque-et-le-financement-de-linnovation\/\",\"url\":\"https:\/\/www.istegroup.com\/fr\/produit\/le-capital-risque-et-le-financement-de-linnovation\/\",\"name\":\"Le capital-risque et le financement de l\u2019innovation - ISTE Group\",\"isPartOf\":{\"@id\":\"https:\/\/www.istegroup.com\/#website\"},\"primaryImageOfPage\":{\"@id\":\"https:\/\/www.istegroup.com\/fr\/produit\/le-capital-risque-et-le-financement-de-linnovation\/#primaryimage\"},\"image\":{\"@id\":\"https:\/\/www.istegroup.com\/fr\/produit\/le-capital-risque-et-le-financement-de-linnovation\/#primaryimage\"},\"thumbnailUrl\":\"https:\/\/www.istegroup.com\/wp-content\/uploads\/2019\/07\/Le-capital-risque-et-le-financement-de-linnovation.jpg\",\"datePublished\":\"2019-09-27T08:51:02+00:00\",\"dateModified\":\"2024-01-03T13:43:19+00:00\",\"description\":\"Le capital-risque et le financement de l\u2019innovation propose deux id\u00e9es directrices. La premi\u00e8re pr\u00e9sente l\u2019innovation comme un processus tr\u00e8s incertain. La deuxi\u00e8me \u00e9nonce que les acteurs d\u00e9tiennent des connaissances partielles dans un contexte o\u00f9 leur capacit\u00e9 d\u2019attention est limit\u00e9e.\",\"breadcrumb\":{\"@id\":\"https:\/\/www.istegroup.com\/fr\/produit\/le-capital-risque-et-le-financement-de-linnovation\/#breadcrumb\"},\"inLanguage\":\"fr-FR\",\"potentialAction\":[{\"@type\":\"ReadAction\",\"target\":[\"https:\/\/www.istegroup.com\/fr\/produit\/le-capital-risque-et-le-financement-de-linnovation\/\"]}]},{\"@type\":\"ImageObject\",\"inLanguage\":\"fr-FR\",\"@id\":\"https:\/\/www.istegroup.com\/fr\/produit\/le-capital-risque-et-le-financement-de-linnovation\/#primaryimage\",\"url\":\"https:\/\/www.istegroup.com\/wp-content\/uploads\/2019\/07\/Le-capital-risque-et-le-financement-de-linnovation.jpg\",\"contentUrl\":\"https:\/\/www.istegroup.com\/wp-content\/uploads\/2019\/07\/Le-capital-risque-et-le-financement-de-linnovation.jpg\",\"width\":300,\"height\":453,\"caption\":\"Le capital-risque et le financement de l'innovation\"},{\"@type\":\"BreadcrumbList\",\"@id\":\"https:\/\/www.istegroup.com\/fr\/produit\/le-capital-risque-et-le-financement-de-linnovation\/#breadcrumb\",\"itemListElement\":[{\"@type\":\"ListItem\",\"position\":1,\"name\":\"Home\",\"item\":\"https:\/\/www.istegroup.com\/\"},{\"@type\":\"ListItem\",\"position\":2,\"name\":\"Shop\",\"item\":\"https:\/\/www.istegroup.com\/fr\/nouveautes\/\"},{\"@type\":\"ListItem\",\"position\":3,\"name\":\"Le capital-risque et le financement de l\u2019innovation\"}]},{\"@type\":\"WebSite\",\"@id\":\"https:\/\/www.istegroup.com\/#website\",\"url\":\"https:\/\/www.istegroup.com\/\",\"name\":\"ISTE Group\",\"description\":\"\u00c9diteur des Sciences\",\"potentialAction\":[{\"@type\":\"SearchAction\",\"target\":{\"@type\":\"EntryPoint\",\"urlTemplate\":\"https:\/\/www.istegroup.com\/?s={search_term_string}\"},\"query-input\":{\"@type\":\"PropertyValueSpecification\",\"valueRequired\":true,\"valueName\":\"search_term_string\"}}],\"inLanguage\":\"fr-FR\"}]}<\/script>\n<!-- \/ Yoast SEO plugin. -->","yoast_head_json":{"title":"Le capital-risque et le financement de l\u2019innovation - ISTE Group","description":"Le capital-risque et le financement de l\u2019innovation propose deux id\u00e9es directrices. La premi\u00e8re pr\u00e9sente l\u2019innovation comme un processus tr\u00e8s incertain. La deuxi\u00e8me \u00e9nonce que les acteurs d\u00e9tiennent des connaissances partielles dans un contexte o\u00f9 leur capacit\u00e9 d\u2019attention est limit\u00e9e.","robots":{"index":"index","follow":"follow","max-snippet":"max-snippet:-1","max-image-preview":"max-image-preview:large","max-video-preview":"max-video-preview:-1"},"canonical":"https:\/\/www.istegroup.com\/fr\/produit\/le-capital-risque-et-le-financement-de-linnovation\/","og_locale":"fr_FR","og_type":"article","og_title":"Le capital-risque et le financement de l\u2019innovation - ISTE Group","og_description":"Le capital-risque et le financement de l\u2019innovation propose deux id\u00e9es directrices. La premi\u00e8re pr\u00e9sente l\u2019innovation comme un processus tr\u00e8s incertain. La deuxi\u00e8me \u00e9nonce que les acteurs d\u00e9tiennent des connaissances partielles dans un contexte o\u00f9 leur capacit\u00e9 d\u2019attention est limit\u00e9e.","og_url":"https:\/\/www.istegroup.com\/fr\/produit\/le-capital-risque-et-le-financement-de-linnovation\/","og_site_name":"ISTE Group","article_modified_time":"2024-01-03T13:43:19+00:00","og_image":[{"width":300,"height":453,"url":"https:\/\/www.istegroup.com\/wp-content\/uploads\/2019\/07\/Le-capital-risque-et-le-financement-de-linnovation.jpg","type":"image\/jpeg"}],"twitter_card":"summary_large_image","twitter_misc":{"Est. reading time":"1 minute"},"schema":{"@context":"https:\/\/schema.org","@graph":[{"@type":"WebPage","@id":"https:\/\/www.istegroup.com\/fr\/produit\/le-capital-risque-et-le-financement-de-linnovation\/","url":"https:\/\/www.istegroup.com\/fr\/produit\/le-capital-risque-et-le-financement-de-linnovation\/","name":"Le capital-risque et le financement de l\u2019innovation - ISTE Group","isPartOf":{"@id":"https:\/\/www.istegroup.com\/#website"},"primaryImageOfPage":{"@id":"https:\/\/www.istegroup.com\/fr\/produit\/le-capital-risque-et-le-financement-de-linnovation\/#primaryimage"},"image":{"@id":"https:\/\/www.istegroup.com\/fr\/produit\/le-capital-risque-et-le-financement-de-linnovation\/#primaryimage"},"thumbnailUrl":"https:\/\/www.istegroup.com\/wp-content\/uploads\/2019\/07\/Le-capital-risque-et-le-financement-de-linnovation.jpg","datePublished":"2019-09-27T08:51:02+00:00","dateModified":"2024-01-03T13:43:19+00:00","description":"Le capital-risque et le financement de l\u2019innovation propose deux id\u00e9es directrices. La premi\u00e8re pr\u00e9sente l\u2019innovation comme un processus tr\u00e8s incertain. La deuxi\u00e8me \u00e9nonce que les acteurs d\u00e9tiennent des connaissances partielles dans un contexte o\u00f9 leur capacit\u00e9 d\u2019attention est limit\u00e9e.","breadcrumb":{"@id":"https:\/\/www.istegroup.com\/fr\/produit\/le-capital-risque-et-le-financement-de-linnovation\/#breadcrumb"},"inLanguage":"fr-FR","potentialAction":[{"@type":"ReadAction","target":["https:\/\/www.istegroup.com\/fr\/produit\/le-capital-risque-et-le-financement-de-linnovation\/"]}]},{"@type":"ImageObject","inLanguage":"fr-FR","@id":"https:\/\/www.istegroup.com\/fr\/produit\/le-capital-risque-et-le-financement-de-linnovation\/#primaryimage","url":"https:\/\/www.istegroup.com\/wp-content\/uploads\/2019\/07\/Le-capital-risque-et-le-financement-de-linnovation.jpg","contentUrl":"https:\/\/www.istegroup.com\/wp-content\/uploads\/2019\/07\/Le-capital-risque-et-le-financement-de-linnovation.jpg","width":300,"height":453,"caption":"Le capital-risque et le financement de l'innovation"},{"@type":"BreadcrumbList","@id":"https:\/\/www.istegroup.com\/fr\/produit\/le-capital-risque-et-le-financement-de-linnovation\/#breadcrumb","itemListElement":[{"@type":"ListItem","position":1,"name":"Home","item":"https:\/\/www.istegroup.com\/"},{"@type":"ListItem","position":2,"name":"Shop","item":"https:\/\/www.istegroup.com\/fr\/nouveautes\/"},{"@type":"ListItem","position":3,"name":"Le capital-risque et le financement de l\u2019innovation"}]},{"@type":"WebSite","@id":"https:\/\/www.istegroup.com\/#website","url":"https:\/\/www.istegroup.com\/","name":"ISTE Group","description":"\u00c9diteur des Sciences","potentialAction":[{"@type":"SearchAction","target":{"@type":"EntryPoint","urlTemplate":"https:\/\/www.istegroup.com\/?s={search_term_string}"},"query-input":{"@type":"PropertyValueSpecification","valueRequired":true,"valueName":"search_term_string"}}],"inLanguage":"fr-FR"}]}},"_links":{"self":[{"href":"https:\/\/www.istegroup.com\/fr\/wp-json\/wp\/v2\/product\/22105","targetHints":{"allow":["GET"]}}],"collection":[{"href":"https:\/\/www.istegroup.com\/fr\/wp-json\/wp\/v2\/product"}],"about":[{"href":"https:\/\/www.istegroup.com\/fr\/wp-json\/wp\/v2\/types\/product"}],"wp:featuredmedia":[{"embeddable":true,"href":"https:\/\/www.istegroup.com\/fr\/wp-json\/wp\/v2\/media\/22110"}],"wp:attachment":[{"href":"https:\/\/www.istegroup.com\/fr\/wp-json\/wp\/v2\/media?parent=22105"}],"wp:term":[{"taxonomy":"product_brand","embeddable":true,"href":"https:\/\/www.istegroup.com\/fr\/wp-json\/wp\/v2\/product_brand?post=22105"},{"taxonomy":"product_cat","embeddable":true,"href":"https:\/\/www.istegroup.com\/fr\/wp-json\/wp\/v2\/product_cat?post=22105"},{"taxonomy":"product_tag","embeddable":true,"href":"https:\/\/www.istegroup.com\/fr\/wp-json\/wp\/v2\/product_tag?post=22105"}],"curies":[{"name":"wp","href":"https:\/\/api.w.org\/{rel}","templated":true}]}}