{"id":21909,"date":"2019-08-10T14:14:36","date_gmt":"2019-08-10T13:14:36","guid":{"rendered":"https:\/\/www.istegroup.com\/?post_type=product&#038;p=21909"},"modified":"2024-01-03T13:43:18","modified_gmt":"2024-01-03T13:43:18","slug":"leconomie-de-partage-et-le-big-data-analytics","status":"publish","type":"product","link":"https:\/\/www.istegroup.com\/fr\/produit\/leconomie-de-partage-et-le-big-data-analytics\/","title":{"rendered":"L\u2019\u00e9conomie de partage et le Big Data analytics"},"content":{"rendered":"<p>Les diff\u00e9rentes facettes de l\u2019\u00e9conomie de partage offrent de nombreuses opportunit\u00e9s aux entreprises, en particulier celles qui se distinguent par leurs id\u00e9es cr\u00e9atives et leurs capacit\u00e9s \u00e0 connecter facilement les acheteurs et les vendeurs de biens et services <em>via<\/em> des plateformes num\u00e9riques. \u00c0 l\u2019origine de la croissance de cette \u00e9conomie, les technologies num\u00e9riques avanc\u00e9es g\u00e9n\u00e8rent des milliards d\u2019octets de donn\u00e9es constituant ce qu\u2019on appelle le Big Data.<\/p>\n<p>Cet ouvrage met en \u00e9vidence le r\u00f4le facilitateur du Big Data analytics, afin d\u2019expliquer pourquoi et comment les algorithmes d\u2019analyse de donn\u00e9es peuvent \u00eatre int\u00e9gr\u00e9s op\u00e9rationnellement pour extraire de la valeur et am\u00e9liorer les pratiques de l\u2019\u00e9conomie de partage. Il examine les raisons pour lesquelles ces nouvelles techniques sont n\u00e9cessaires aux entreprises de cette \u00e9conomie et propose une s\u00e9rie d\u2019applications pratiques illustrant l&rsquo;utilisation des donn\u00e9es dans l\u2019\u00e9cosyst\u00e8me de partage.<\/p>\n","protected":false},"excerpt":{"rendered":"<p>Les diff\u00e9rentes facettes de l\u2019\u00e9conomie de partage offrent de nombreuses opportunit\u00e9s aux entreprises, en particulier celles qui se distinguent par leurs id\u00e9es cr\u00e9atives et leurs capacit\u00e9s \u00e0 connecter facilement les acheteurs et les vendeurs de biens et services via des plateformes num\u00e9riques. \u00c0 l\u2019origine de la croissance de cette \u00e9conomie, les technologies num\u00e9riques avanc\u00e9es g\u00e9n\u00e8rent [&hellip;]<\/p>\n","protected":false},"featured_media":21923,"template":"","meta":{"_acf_changed":false,"_links_to":"","_links_to_target":""},"product_brand":[],"product_cat":[3262],"product_tag":[],"class_list":{"0":"post-21909","1":"product","2":"type-product","3":"status-publish","4":"has-post-thumbnail","6":"product_cat-non-classe","8":"first","9":"instock","10":"shipping-taxable","11":"purchasable","12":"product-type-variable"},"acf":[],"yoast_head":"<!-- This site is optimized with the Yoast SEO plugin v27.2 - https:\/\/yoast.com\/product\/yoast-seo-wordpress\/ -->\n<title>L\u2019\u00e9conomie de partage et le Big Data analytics - ISTE Group<\/title>\n<meta name=\"description\" content=\"Cet ouvrage met en \u00e9vidence le r\u00f4le facilitateur du Big Data analytics, afin d\u2019expliquer pourquoi et comment les algorithmes d\u2019analyse de donn\u00e9es peuvent \u00eatre int\u00e9gr\u00e9s op\u00e9rationnellement pour extraire de la valeur et am\u00e9liorer les pratiques de l\u2019\u00e9conomie de partage.\" \/>\n<meta name=\"robots\" content=\"index, follow, max-snippet:-1, max-image-preview:large, max-video-preview:-1\" \/>\n<link rel=\"canonical\" href=\"https:\/\/www.istegroup.com\/en\/produit\/leconomie-de-partage-et-le-big-data-analytics\/\" \/>\n<meta property=\"og:locale\" content=\"fr_FR\" \/>\n<meta property=\"og:type\" content=\"article\" \/>\n<meta property=\"og:title\" content=\"L\u2019\u00e9conomie de partage et le Big Data analytics - ISTE Group\" \/>\n<meta property=\"og:description\" content=\"Cet ouvrage met en \u00e9vidence le r\u00f4le facilitateur du Big Data analytics, afin d\u2019expliquer pourquoi et comment les algorithmes d\u2019analyse de donn\u00e9es peuvent \u00eatre int\u00e9gr\u00e9s op\u00e9rationnellement pour extraire de la valeur et am\u00e9liorer les pratiques de l\u2019\u00e9conomie de partage.\" \/>\n<meta property=\"og:url\" content=\"https:\/\/www.istegroup.com\/en\/produit\/leconomie-de-partage-et-le-big-data-analytics\/\" \/>\n<meta property=\"og:site_name\" content=\"ISTE Group\" \/>\n<meta property=\"article:modified_time\" content=\"2024-01-03T13:43:18+00:00\" \/>\n<meta property=\"og:image\" content=\"https:\/\/www.istegroup.com\/wp-content\/uploads\/2019\/06\/L\u2019\u00e9conomie-de-partage-et-le-Big-Data-analytics.jpg\" \/>\n\t<meta property=\"og:image:width\" content=\"500\" \/>\n\t<meta property=\"og:image:height\" content=\"751\" \/>\n\t<meta property=\"og:image:type\" content=\"image\/jpeg\" \/>\n<meta name=\"twitter:card\" content=\"summary_large_image\" \/>\n<meta name=\"twitter:label1\" content=\"Est. reading time\" \/>\n\t<meta name=\"twitter:data1\" content=\"1 minute\" \/>\n<script type=\"application\/ld+json\" class=\"yoast-schema-graph\">{\"@context\":\"https:\/\/schema.org\",\"@graph\":[{\"@type\":\"WebPage\",\"@id\":\"https:\/\/www.istegroup.com\/en\/produit\/leconomie-de-partage-et-le-big-data-analytics\/\",\"url\":\"https:\/\/www.istegroup.com\/en\/produit\/leconomie-de-partage-et-le-big-data-analytics\/\",\"name\":\"L\u2019\u00e9conomie de partage et le Big Data analytics - ISTE Group\",\"isPartOf\":{\"@id\":\"https:\/\/www.istegroup.com\/#website\"},\"primaryImageOfPage\":{\"@id\":\"https:\/\/www.istegroup.com\/en\/produit\/leconomie-de-partage-et-le-big-data-analytics\/#primaryimage\"},\"image\":{\"@id\":\"https:\/\/www.istegroup.com\/en\/produit\/leconomie-de-partage-et-le-big-data-analytics\/#primaryimage\"},\"thumbnailUrl\":\"https:\/\/www.istegroup.com\/wp-content\/uploads\/2019\/06\/L\u2019\u00e9conomie-de-partage-et-le-Big-Data-analytics.jpg\",\"datePublished\":\"2019-08-10T13:14:36+00:00\",\"dateModified\":\"2024-01-03T13:43:18+00:00\",\"description\":\"Cet ouvrage met en \u00e9vidence le r\u00f4le facilitateur du Big Data analytics, afin d\u2019expliquer pourquoi et comment les algorithmes d\u2019analyse de donn\u00e9es peuvent \u00eatre int\u00e9gr\u00e9s op\u00e9rationnellement pour extraire de la valeur et am\u00e9liorer les pratiques de l\u2019\u00e9conomie de partage.\",\"breadcrumb\":{\"@id\":\"https:\/\/www.istegroup.com\/en\/produit\/leconomie-de-partage-et-le-big-data-analytics\/#breadcrumb\"},\"inLanguage\":\"fr-FR\",\"potentialAction\":[{\"@type\":\"ReadAction\",\"target\":[\"https:\/\/www.istegroup.com\/en\/produit\/leconomie-de-partage-et-le-big-data-analytics\/\"]}]},{\"@type\":\"ImageObject\",\"inLanguage\":\"fr-FR\",\"@id\":\"https:\/\/www.istegroup.com\/en\/produit\/leconomie-de-partage-et-le-big-data-analytics\/#primaryimage\",\"url\":\"https:\/\/www.istegroup.com\/wp-content\/uploads\/2019\/06\/L\u2019\u00e9conomie-de-partage-et-le-Big-Data-analytics.jpg\",\"contentUrl\":\"https:\/\/www.istegroup.com\/wp-content\/uploads\/2019\/06\/L\u2019\u00e9conomie-de-partage-et-le-Big-Data-analytics.jpg\",\"width\":500,\"height\":751,\"caption\":\"L\u2019\u00e9conomie de partage et le Big Data analytics\"},{\"@type\":\"BreadcrumbList\",\"@id\":\"https:\/\/www.istegroup.com\/en\/produit\/leconomie-de-partage-et-le-big-data-analytics\/#breadcrumb\",\"itemListElement\":[{\"@type\":\"ListItem\",\"position\":1,\"name\":\"Home\",\"item\":\"https:\/\/www.istegroup.com\/\"},{\"@type\":\"ListItem\",\"position\":2,\"name\":\"Shop\",\"item\":\"https:\/\/www.istegroup.com\/fr\/nouveautes\/\"},{\"@type\":\"ListItem\",\"position\":3,\"name\":\"L\u2019\u00e9conomie de partage et le Big Data analytics\"}]},{\"@type\":\"WebSite\",\"@id\":\"https:\/\/www.istegroup.com\/#website\",\"url\":\"https:\/\/www.istegroup.com\/\",\"name\":\"ISTE Group\",\"description\":\"\u00c9diteur des Sciences\",\"potentialAction\":[{\"@type\":\"SearchAction\",\"target\":{\"@type\":\"EntryPoint\",\"urlTemplate\":\"https:\/\/www.istegroup.com\/?s={search_term_string}\"},\"query-input\":{\"@type\":\"PropertyValueSpecification\",\"valueRequired\":true,\"valueName\":\"search_term_string\"}}],\"inLanguage\":\"fr-FR\"}]}<\/script>\n<!-- \/ Yoast SEO plugin. -->","yoast_head_json":{"title":"L\u2019\u00e9conomie de partage et le Big Data analytics - ISTE Group","description":"Cet ouvrage met en \u00e9vidence le r\u00f4le facilitateur du Big Data analytics, afin d\u2019expliquer pourquoi et comment les algorithmes d\u2019analyse de donn\u00e9es peuvent \u00eatre int\u00e9gr\u00e9s op\u00e9rationnellement pour extraire de la valeur et am\u00e9liorer les pratiques de l\u2019\u00e9conomie de partage.","robots":{"index":"index","follow":"follow","max-snippet":"max-snippet:-1","max-image-preview":"max-image-preview:large","max-video-preview":"max-video-preview:-1"},"canonical":"https:\/\/www.istegroup.com\/en\/produit\/leconomie-de-partage-et-le-big-data-analytics\/","og_locale":"fr_FR","og_type":"article","og_title":"L\u2019\u00e9conomie de partage et le Big Data analytics - ISTE Group","og_description":"Cet ouvrage met en \u00e9vidence le r\u00f4le facilitateur du Big Data analytics, afin d\u2019expliquer pourquoi et comment les algorithmes d\u2019analyse de donn\u00e9es peuvent \u00eatre int\u00e9gr\u00e9s op\u00e9rationnellement pour extraire de la valeur et am\u00e9liorer les pratiques de l\u2019\u00e9conomie de partage.","og_url":"https:\/\/www.istegroup.com\/en\/produit\/leconomie-de-partage-et-le-big-data-analytics\/","og_site_name":"ISTE Group","article_modified_time":"2024-01-03T13:43:18+00:00","og_image":[{"width":500,"height":751,"url":"https:\/\/www.istegroup.com\/wp-content\/uploads\/2019\/06\/L\u2019\u00e9conomie-de-partage-et-le-Big-Data-analytics.jpg","type":"image\/jpeg"}],"twitter_card":"summary_large_image","twitter_misc":{"Est. reading time":"1 minute"},"schema":{"@context":"https:\/\/schema.org","@graph":[{"@type":"WebPage","@id":"https:\/\/www.istegroup.com\/en\/produit\/leconomie-de-partage-et-le-big-data-analytics\/","url":"https:\/\/www.istegroup.com\/en\/produit\/leconomie-de-partage-et-le-big-data-analytics\/","name":"L\u2019\u00e9conomie de partage et le Big Data analytics - ISTE Group","isPartOf":{"@id":"https:\/\/www.istegroup.com\/#website"},"primaryImageOfPage":{"@id":"https:\/\/www.istegroup.com\/en\/produit\/leconomie-de-partage-et-le-big-data-analytics\/#primaryimage"},"image":{"@id":"https:\/\/www.istegroup.com\/en\/produit\/leconomie-de-partage-et-le-big-data-analytics\/#primaryimage"},"thumbnailUrl":"https:\/\/www.istegroup.com\/wp-content\/uploads\/2019\/06\/L\u2019\u00e9conomie-de-partage-et-le-Big-Data-analytics.jpg","datePublished":"2019-08-10T13:14:36+00:00","dateModified":"2024-01-03T13:43:18+00:00","description":"Cet ouvrage met en \u00e9vidence le r\u00f4le facilitateur du Big Data analytics, afin d\u2019expliquer pourquoi et comment les algorithmes d\u2019analyse de donn\u00e9es peuvent \u00eatre int\u00e9gr\u00e9s op\u00e9rationnellement pour extraire de la valeur et am\u00e9liorer les pratiques de l\u2019\u00e9conomie de partage.","breadcrumb":{"@id":"https:\/\/www.istegroup.com\/en\/produit\/leconomie-de-partage-et-le-big-data-analytics\/#breadcrumb"},"inLanguage":"fr-FR","potentialAction":[{"@type":"ReadAction","target":["https:\/\/www.istegroup.com\/en\/produit\/leconomie-de-partage-et-le-big-data-analytics\/"]}]},{"@type":"ImageObject","inLanguage":"fr-FR","@id":"https:\/\/www.istegroup.com\/en\/produit\/leconomie-de-partage-et-le-big-data-analytics\/#primaryimage","url":"https:\/\/www.istegroup.com\/wp-content\/uploads\/2019\/06\/L\u2019\u00e9conomie-de-partage-et-le-Big-Data-analytics.jpg","contentUrl":"https:\/\/www.istegroup.com\/wp-content\/uploads\/2019\/06\/L\u2019\u00e9conomie-de-partage-et-le-Big-Data-analytics.jpg","width":500,"height":751,"caption":"L\u2019\u00e9conomie de partage et le Big Data analytics"},{"@type":"BreadcrumbList","@id":"https:\/\/www.istegroup.com\/en\/produit\/leconomie-de-partage-et-le-big-data-analytics\/#breadcrumb","itemListElement":[{"@type":"ListItem","position":1,"name":"Home","item":"https:\/\/www.istegroup.com\/"},{"@type":"ListItem","position":2,"name":"Shop","item":"https:\/\/www.istegroup.com\/fr\/nouveautes\/"},{"@type":"ListItem","position":3,"name":"L\u2019\u00e9conomie de partage et le Big Data analytics"}]},{"@type":"WebSite","@id":"https:\/\/www.istegroup.com\/#website","url":"https:\/\/www.istegroup.com\/","name":"ISTE Group","description":"\u00c9diteur des Sciences","potentialAction":[{"@type":"SearchAction","target":{"@type":"EntryPoint","urlTemplate":"https:\/\/www.istegroup.com\/?s={search_term_string}"},"query-input":{"@type":"PropertyValueSpecification","valueRequired":true,"valueName":"search_term_string"}}],"inLanguage":"fr-FR"}]}},"_links":{"self":[{"href":"https:\/\/www.istegroup.com\/fr\/wp-json\/wp\/v2\/product\/21909","targetHints":{"allow":["GET"]}}],"collection":[{"href":"https:\/\/www.istegroup.com\/fr\/wp-json\/wp\/v2\/product"}],"about":[{"href":"https:\/\/www.istegroup.com\/fr\/wp-json\/wp\/v2\/types\/product"}],"wp:featuredmedia":[{"embeddable":true,"href":"https:\/\/www.istegroup.com\/fr\/wp-json\/wp\/v2\/media\/21923"}],"wp:attachment":[{"href":"https:\/\/www.istegroup.com\/fr\/wp-json\/wp\/v2\/media?parent=21909"}],"wp:term":[{"taxonomy":"product_brand","embeddable":true,"href":"https:\/\/www.istegroup.com\/fr\/wp-json\/wp\/v2\/product_brand?post=21909"},{"taxonomy":"product_cat","embeddable":true,"href":"https:\/\/www.istegroup.com\/fr\/wp-json\/wp\/v2\/product_cat?post=21909"},{"taxonomy":"product_tag","embeddable":true,"href":"https:\/\/www.istegroup.com\/fr\/wp-json\/wp\/v2\/product_tag?post=21909"}],"curies":[{"name":"wp","href":"https:\/\/api.w.org\/{rel}","templated":true}]}}