{"id":21901,"date":"2019-08-10T11:56:57","date_gmt":"2019-08-10T10:56:57","guid":{"rendered":"https:\/\/www.istegroup.com\/?post_type=product&#038;p=21901"},"modified":"2024-01-03T13:43:18","modified_gmt":"2024-01-03T13:43:18","slug":"blockchain","status":"publish","type":"product","link":"https:\/\/www.istegroup.com\/fr\/produit\/blockchain\/","title":{"rendered":"Blockchain"},"content":{"rendered":"<p>La place des interm\u00e9diaires de confiance pourrait \u00eatre affaiblie avec la <em>blockchain<\/em>, technologie de registres distribu\u00e9s, dont une des fonctions est de constituer des preuves horodat\u00e9es en rempla\u00e7ant la confiance interindividuelle par une confiance algorithmique.<\/p>\n<p>Les contrats intelligents (<em>smartcontracts<\/em>) s\u2019autoex\u00e9cutant permettent de repenser des pratiques dans le domaine du e-commerce, de la communication interbancaire, des lev\u00e9es de fonds (avec les ICO) et de la justice (preuve horodat\u00e9e, actes authentifi\u00e9s par la <em>blockchain<\/em>). Des entreprises de nombreux autres secteurs (divertissement, intelligence artificielle, sant\u00e9, immobilier, tourisme, transport, etc.) tentent de proposer de nouveaux services en tirant b\u00e9n\u00e9fice de la <em>blockchain<\/em>.<\/p>\n<p>Cet ouvrage met en perspective les innovations techniques et d\u2019usage apport\u00e9es par la <em>blockchain<\/em> en identifiant celles ayant une port\u00e9e \u00e0 moyen et long terme, tout en tenant compte des r\u00e9sistances sociales, \u00e9conomiques, juridiques et administratives susceptibles de se manifester.<\/p>\n<p>&nbsp;<\/p>\n<p><strong>La presse en parle<\/strong><\/p>\n<p><a style=\"color: #1e9691\" href=\"https:\/\/www.franceculture.fr\/oeuvre\/blockchain-lavenement-de-la-desintermediation\"><em>France Culture, <\/em><em>novembre 2019<\/em><\/a><\/p>\n<p><a style=\"color: #1e9691\" href=\"https:\/\/www.franceculture.fr\/emissions\/la-methode-scientifique\/la-methode-scientifique-emission-du-mercredi-19-juin-2019\"><em>La M\u00e9thode scientifique, France Culture, <\/em><em>19 juin 2019<\/em><\/a><\/p>\n<p><a style=\"color: #1e9691\" href=\"https:\/\/lexpansion.lexpress.fr\/high-tech\/boom-des-nft-on-a-actuellement-le-sentiment-de-far-west-au-niveau-du-droit_2167741.html\"><em>L&rsquo;Express, 11 f\u00e9vrier 2022<\/p>","protected":false},"excerpt":{"rendered":"<p>La place des interm\u00e9diaires de confiance pourrait \u00eatre affaiblie avec la blockchain, technologie de registres distribu\u00e9s, dont une des fonctions est de constituer des preuves horodat\u00e9es en rempla\u00e7ant la confiance interindividuelle par une confiance algorithmique. Les contrats intelligents (smartcontracts) s\u2019autoex\u00e9cutant permettent de repenser des pratiques dans le domaine du e-commerce, de la communication interbancaire, des [&hellip;]<\/p>\n","protected":false},"featured_media":21908,"template":"","meta":{"_acf_changed":false,"_links_to":"","_links_to_target":""},"product_brand":[],"product_cat":[3262],"product_tag":[],"class_list":{"0":"post-21901","1":"product","2":"type-product","3":"status-publish","4":"has-post-thumbnail","6":"product_cat-non-classe","8":"first","9":"instock","10":"shipping-taxable","11":"purchasable","12":"product-type-variable"},"acf":[],"yoast_head":"<!-- This site is optimized with the Yoast SEO plugin v27.2 - https:\/\/yoast.com\/product\/yoast-seo-wordpress\/ -->\n<title>Blockchain - ISTE Group<\/title>\n<meta name=\"description\" content=\"Cet ouvrage met en perspective les innovations techniques et d\u2019usage apport\u00e9es par la blockchain en identifiant celles ayant une port\u00e9e \u00e0 moyen et long terme, tout en tenant compte des r\u00e9sistances sociales, \u00e9conomiques, juridiques et administratives susceptibles de se manifester.\" \/>\n<meta name=\"robots\" content=\"index, follow, max-snippet:-1, max-image-preview:large, max-video-preview:-1\" \/>\n<link rel=\"canonical\" href=\"https:\/\/www.istegroup.com\/fr\/produit\/blockchain\/\" \/>\n<meta property=\"og:locale\" content=\"fr_FR\" \/>\n<meta property=\"og:type\" content=\"article\" \/>\n<meta property=\"og:title\" content=\"Blockchain - ISTE Group\" \/>\n<meta property=\"og:description\" content=\"Cet ouvrage met en perspective les innovations techniques et d\u2019usage apport\u00e9es par la blockchain en identifiant celles ayant une port\u00e9e \u00e0 moyen et long terme, tout en tenant compte des r\u00e9sistances sociales, \u00e9conomiques, juridiques et administratives susceptibles de se manifester.\" \/>\n<meta property=\"og:url\" content=\"https:\/\/www.istegroup.com\/fr\/produit\/blockchain\/\" \/>\n<meta property=\"og:site_name\" content=\"ISTE Group\" \/>\n<meta property=\"article:modified_time\" content=\"2024-01-03T13:43:18+00:00\" \/>\n<meta property=\"og:image\" content=\"https:\/\/www.istegroup.com\/wp-content\/uploads\/2019\/06\/Blockchain.jpg\" \/>\n\t<meta property=\"og:image:width\" content=\"500\" \/>\n\t<meta property=\"og:image:height\" content=\"749\" \/>\n\t<meta property=\"og:image:type\" content=\"image\/jpeg\" \/>\n<meta name=\"twitter:card\" content=\"summary_large_image\" \/>\n<meta name=\"twitter:label1\" content=\"Est. reading time\" \/>\n\t<meta name=\"twitter:data1\" content=\"2 minutes\" \/>\n<script type=\"application\/ld+json\" class=\"yoast-schema-graph\">{\"@context\":\"https:\/\/schema.org\",\"@graph\":[{\"@type\":\"WebPage\",\"@id\":\"https:\/\/www.istegroup.com\/fr\/produit\/blockchain\/\",\"url\":\"https:\/\/www.istegroup.com\/fr\/produit\/blockchain\/\",\"name\":\"Blockchain - ISTE Group\",\"isPartOf\":{\"@id\":\"https:\/\/www.istegroup.com\/#website\"},\"primaryImageOfPage\":{\"@id\":\"https:\/\/www.istegroup.com\/fr\/produit\/blockchain\/#primaryimage\"},\"image\":{\"@id\":\"https:\/\/www.istegroup.com\/fr\/produit\/blockchain\/#primaryimage\"},\"thumbnailUrl\":\"https:\/\/www.istegroup.com\/wp-content\/uploads\/2019\/06\/Blockchain.jpg\",\"datePublished\":\"2019-08-10T10:56:57+00:00\",\"dateModified\":\"2024-01-03T13:43:18+00:00\",\"description\":\"Cet ouvrage met en perspective les innovations techniques et d\u2019usage apport\u00e9es par la blockchain en identifiant celles ayant une port\u00e9e \u00e0 moyen et long terme, tout en tenant compte des r\u00e9sistances sociales, \u00e9conomiques, juridiques et administratives susceptibles de se manifester.\",\"breadcrumb\":{\"@id\":\"https:\/\/www.istegroup.com\/fr\/produit\/blockchain\/#breadcrumb\"},\"inLanguage\":\"fr-FR\",\"potentialAction\":[{\"@type\":\"ReadAction\",\"target\":[\"https:\/\/www.istegroup.com\/fr\/produit\/blockchain\/\"]}]},{\"@type\":\"ImageObject\",\"inLanguage\":\"fr-FR\",\"@id\":\"https:\/\/www.istegroup.com\/fr\/produit\/blockchain\/#primaryimage\",\"url\":\"https:\/\/www.istegroup.com\/wp-content\/uploads\/2019\/06\/Blockchain.jpg\",\"contentUrl\":\"https:\/\/www.istegroup.com\/wp-content\/uploads\/2019\/06\/Blockchain.jpg\",\"width\":500,\"height\":749,\"caption\":\"l\u2019av\u00e8nement de la d\u00e9sinterm\u00e9diation\"},{\"@type\":\"BreadcrumbList\",\"@id\":\"https:\/\/www.istegroup.com\/fr\/produit\/blockchain\/#breadcrumb\",\"itemListElement\":[{\"@type\":\"ListItem\",\"position\":1,\"name\":\"Home\",\"item\":\"https:\/\/www.istegroup.com\/\"},{\"@type\":\"ListItem\",\"position\":2,\"name\":\"Shop\",\"item\":\"https:\/\/www.istegroup.com\/fr\/nouveautes\/\"},{\"@type\":\"ListItem\",\"position\":3,\"name\":\"Blockchain\"}]},{\"@type\":\"WebSite\",\"@id\":\"https:\/\/www.istegroup.com\/#website\",\"url\":\"https:\/\/www.istegroup.com\/\",\"name\":\"ISTE Group\",\"description\":\"\u00c9diteur des Sciences\",\"potentialAction\":[{\"@type\":\"SearchAction\",\"target\":{\"@type\":\"EntryPoint\",\"urlTemplate\":\"https:\/\/www.istegroup.com\/?s={search_term_string}\"},\"query-input\":{\"@type\":\"PropertyValueSpecification\",\"valueRequired\":true,\"valueName\":\"search_term_string\"}}],\"inLanguage\":\"fr-FR\"}]}<\/script>\n<!-- \/ Yoast SEO plugin. -->","yoast_head_json":{"title":"Blockchain - ISTE Group","description":"Cet ouvrage met en perspective les innovations techniques et d\u2019usage apport\u00e9es par la blockchain en identifiant celles ayant une port\u00e9e \u00e0 moyen et long terme, tout en tenant compte des r\u00e9sistances sociales, \u00e9conomiques, juridiques et administratives susceptibles de se manifester.","robots":{"index":"index","follow":"follow","max-snippet":"max-snippet:-1","max-image-preview":"max-image-preview:large","max-video-preview":"max-video-preview:-1"},"canonical":"https:\/\/www.istegroup.com\/fr\/produit\/blockchain\/","og_locale":"fr_FR","og_type":"article","og_title":"Blockchain - ISTE Group","og_description":"Cet ouvrage met en perspective les innovations techniques et d\u2019usage apport\u00e9es par la blockchain en identifiant celles ayant une port\u00e9e \u00e0 moyen et long terme, tout en tenant compte des r\u00e9sistances sociales, \u00e9conomiques, juridiques et administratives susceptibles de se manifester.","og_url":"https:\/\/www.istegroup.com\/fr\/produit\/blockchain\/","og_site_name":"ISTE Group","article_modified_time":"2024-01-03T13:43:18+00:00","og_image":[{"width":500,"height":749,"url":"https:\/\/www.istegroup.com\/wp-content\/uploads\/2019\/06\/Blockchain.jpg","type":"image\/jpeg"}],"twitter_card":"summary_large_image","twitter_misc":{"Est. reading time":"2 minutes"},"schema":{"@context":"https:\/\/schema.org","@graph":[{"@type":"WebPage","@id":"https:\/\/www.istegroup.com\/fr\/produit\/blockchain\/","url":"https:\/\/www.istegroup.com\/fr\/produit\/blockchain\/","name":"Blockchain - ISTE Group","isPartOf":{"@id":"https:\/\/www.istegroup.com\/#website"},"primaryImageOfPage":{"@id":"https:\/\/www.istegroup.com\/fr\/produit\/blockchain\/#primaryimage"},"image":{"@id":"https:\/\/www.istegroup.com\/fr\/produit\/blockchain\/#primaryimage"},"thumbnailUrl":"https:\/\/www.istegroup.com\/wp-content\/uploads\/2019\/06\/Blockchain.jpg","datePublished":"2019-08-10T10:56:57+00:00","dateModified":"2024-01-03T13:43:18+00:00","description":"Cet ouvrage met en perspective les innovations techniques et d\u2019usage apport\u00e9es par la blockchain en identifiant celles ayant une port\u00e9e \u00e0 moyen et long terme, tout en tenant compte des r\u00e9sistances sociales, \u00e9conomiques, juridiques et administratives susceptibles de se manifester.","breadcrumb":{"@id":"https:\/\/www.istegroup.com\/fr\/produit\/blockchain\/#breadcrumb"},"inLanguage":"fr-FR","potentialAction":[{"@type":"ReadAction","target":["https:\/\/www.istegroup.com\/fr\/produit\/blockchain\/"]}]},{"@type":"ImageObject","inLanguage":"fr-FR","@id":"https:\/\/www.istegroup.com\/fr\/produit\/blockchain\/#primaryimage","url":"https:\/\/www.istegroup.com\/wp-content\/uploads\/2019\/06\/Blockchain.jpg","contentUrl":"https:\/\/www.istegroup.com\/wp-content\/uploads\/2019\/06\/Blockchain.jpg","width":500,"height":749,"caption":"l\u2019av\u00e8nement de la d\u00e9sinterm\u00e9diation"},{"@type":"BreadcrumbList","@id":"https:\/\/www.istegroup.com\/fr\/produit\/blockchain\/#breadcrumb","itemListElement":[{"@type":"ListItem","position":1,"name":"Home","item":"https:\/\/www.istegroup.com\/"},{"@type":"ListItem","position":2,"name":"Shop","item":"https:\/\/www.istegroup.com\/fr\/nouveautes\/"},{"@type":"ListItem","position":3,"name":"Blockchain"}]},{"@type":"WebSite","@id":"https:\/\/www.istegroup.com\/#website","url":"https:\/\/www.istegroup.com\/","name":"ISTE Group","description":"\u00c9diteur des Sciences","potentialAction":[{"@type":"SearchAction","target":{"@type":"EntryPoint","urlTemplate":"https:\/\/www.istegroup.com\/?s={search_term_string}"},"query-input":{"@type":"PropertyValueSpecification","valueRequired":true,"valueName":"search_term_string"}}],"inLanguage":"fr-FR"}]}},"_links":{"self":[{"href":"https:\/\/www.istegroup.com\/fr\/wp-json\/wp\/v2\/product\/21901","targetHints":{"allow":["GET"]}}],"collection":[{"href":"https:\/\/www.istegroup.com\/fr\/wp-json\/wp\/v2\/product"}],"about":[{"href":"https:\/\/www.istegroup.com\/fr\/wp-json\/wp\/v2\/types\/product"}],"wp:featuredmedia":[{"embeddable":true,"href":"https:\/\/www.istegroup.com\/fr\/wp-json\/wp\/v2\/media\/21908"}],"wp:attachment":[{"href":"https:\/\/www.istegroup.com\/fr\/wp-json\/wp\/v2\/media?parent=21901"}],"wp:term":[{"taxonomy":"product_brand","embeddable":true,"href":"https:\/\/www.istegroup.com\/fr\/wp-json\/wp\/v2\/product_brand?post=21901"},{"taxonomy":"product_cat","embeddable":true,"href":"https:\/\/www.istegroup.com\/fr\/wp-json\/wp\/v2\/product_cat?post=21901"},{"taxonomy":"product_tag","embeddable":true,"href":"https:\/\/www.istegroup.com\/fr\/wp-json\/wp\/v2\/product_tag?post=21901"}],"curies":[{"name":"wp","href":"https:\/\/api.w.org\/{rel}","templated":true}]}}