{"id":219,"date":"2017-07-28T11:05:25","date_gmt":"2017-07-28T09:05:25","guid":{"rendered":"https:\/\/iste.yhello.co\/product\/electronique-de-puissance-pour-lindustrie-et-les-transports-4\/"},"modified":"2024-01-03T13:38:55","modified_gmt":"2024-01-03T13:38:55","slug":"electronique-de-puissance-pour-lindustrie-et-les-transports-4","status":"publish","type":"product","link":"https:\/\/www.istegroup.com\/fr\/produit\/electronique-de-puissance-pour-lindustrie-et-les-transports-4\/","title":{"rendered":"Electronique de puissance pour l&rsquo;industrie et les transports 4"},"content":{"rendered":"<p>Si le fonctionnement en r\u00e9gime de commutation des composants \u00e9lectroniques permet de r\u00e9duire l\u2019encombrement et les pertes (dans les convertisseurs de puissance en g\u00e9n\u00e9ral et les alimentations \u00e0 d\u00e9coupage en particulier), il g\u00e9n\u00e8re aussi des nuisances de type \u00e9lectromagn\u00e9tique dans son environnement proche.<\/p>\n<p><em>Electronique de puissance pour l&rsquo;industrie et les transports 4<\/em>\u00a0se consacre \u00e0 la compatibilit\u00e9 \u00e9lectromagn\u00e9tique. Il pr\u00e9sente les sources de perturbation et le signal en cr\u00e9neaux, mod\u00e9lisation spectrale de la perturbation g\u00e9n\u00e9rique. Les m\u00e9canismes de propagation des perturbations dites \u00ab \u00e0 constantes localis\u00e9es \u00bb, par des couplages tels qu\u2019une imp\u00e9dance commune, une capacit\u00e9 parasite ou une mutuelle, et \u00ab \u00e0 constantes r\u00e9parties \u00bb, pour lesquelles le caract\u00e8re spatio-temporel doit \u00eatre pris en compte, sont \u00e9galement trait\u00e9s.<\/p>\n<p>Cet ouvrage propose \u00e9galement des \u00e9l\u00e9ments d\u2019analyse spectrale qui contiennent entre autres l\u2019in\u00e9galit\u00e9 de Heisenberg-Gabor, tr\u00e8s utile pour la compr\u00e9hension de l\u2019\u00e9talement spectral des signaux de type MLI.<\/p>\n","protected":false},"excerpt":{"rendered":"<p>Si le fonctionnement en r\u00e9gime de commutation des composants \u00e9lectroniques permet de r\u00e9duire l\u2019encombrement et les pertes (dans les convertisseurs de puissance en g\u00e9n\u00e9ral et les alimentations \u00e0 d\u00e9coupage en particulier), il g\u00e9n\u00e8re aussi des nuisances de type \u00e9lectromagn\u00e9tique dans son environnement proche. Electronique de puissance pour l&rsquo;industrie et les transports 4\u00a0se consacre \u00e0 la [&hellip;]<\/p>\n","protected":false},"featured_media":220,"template":"","meta":{"_acf_changed":false,"_links_to":"","_links_to_target":""},"product_brand":[],"product_cat":[659],"product_tag":[31,196,276,1164,247,248,197,198,199,21,200,22,201,203,204,63,25,172,209,1158,212,38,192,145,28,1159,1084,253,331],"class_list":{"0":"post-219","1":"product","2":"type-product","3":"status-publish","4":"has-post-thumbnail","6":"product_cat-electronique-11476903","7":"product_tag-ebook","8":"product_tag-ebooks","9":"product_tag-electronique","10":"product_tag-electronique-de-puissance-pour-lindustrie-et-les-transports-4","11":"product_tag-industrie","12":"product_tag-industriel","13":"product_tag-iste","14":"product_tag-iste-edition","15":"product_tag-iste-editions","16":"product_tag-iste-group","17":"product_tag-isteedition","18":"product_tag-istegroup","19":"product_tag-kindle","20":"product_tag-liseuse","21":"product_tag-livre","22":"product_tag-livre-electronique","23":"product_tag-livre-numerique","24":"product_tag-livre-scientifique","25":"product_tag-livres-scientifiques","26":"product_tag-nicolas-patin","27":"product_tag-ouvrage","28":"product_tag-ouvrage-numerique","29":"product_tag-ouvrage-science","30":"product_tag-ouvrage-scientifique","31":"product_tag-ouvrage-scientifique-francais","32":"product_tag-puissance","33":"product_tag-technique","34":"product_tag-technologie","35":"product_tag-transports","37":"first","38":"instock","39":"shipping-taxable","40":"purchasable","41":"product-type-variable"},"acf":[],"yoast_head":"<!-- This site is optimized with the Yoast SEO plugin v27.2 - https:\/\/yoast.com\/product\/yoast-seo-wordpress\/ -->\n<title>Electronique de puissance pour l&#039;industrie et les transports 4 - ISTE Group<\/title>\n<meta name=\"description\" content=\"Electronique de puissance pour l&#039;industrie et les transports 4\u00a0se consacre \u00e0 la compatibilit\u00e9 \u00e9lectromagn\u00e9tique et pr\u00e9sente les sources de perturbation.\" \/>\n<meta name=\"robots\" content=\"index, follow, max-snippet:-1, max-image-preview:large, max-video-preview:-1\" \/>\n<link rel=\"canonical\" href=\"https:\/\/www.istegroup.com\/en\/produit\/electronique-de-puissance-pour-lindustrie-et-les-transports-4\/\" \/>\n<meta property=\"og:locale\" content=\"fr_FR\" \/>\n<meta property=\"og:type\" content=\"article\" \/>\n<meta property=\"og:title\" content=\"Electronique de puissance pour l&#039;industrie et les transports 4 - ISTE Group\" \/>\n<meta property=\"og:description\" content=\"Electronique de puissance pour l&#039;industrie et les transports 4\u00a0se consacre \u00e0 la compatibilit\u00e9 \u00e9lectromagn\u00e9tique et pr\u00e9sente les sources de perturbation.\" \/>\n<meta property=\"og:url\" content=\"https:\/\/www.istegroup.com\/en\/produit\/electronique-de-puissance-pour-lindustrie-et-les-transports-4\/\" \/>\n<meta property=\"og:site_name\" content=\"ISTE Group\" \/>\n<meta property=\"article:modified_time\" content=\"2024-01-03T13:38:55+00:00\" \/>\n<meta property=\"og:image\" content=\"https:\/\/www.istegroup.com\/wp-content\/uploads\/2017\/07\/1077590084_379427380-1.jpg\" \/>\n\t<meta property=\"og:image:width\" content=\"300\" \/>\n\t<meta property=\"og:image:height\" content=\"452\" \/>\n\t<meta property=\"og:image:type\" content=\"image\/jpeg\" \/>\n<meta name=\"twitter:card\" content=\"summary_large_image\" \/>\n<meta name=\"twitter:label1\" content=\"Est. reading time\" \/>\n\t<meta name=\"twitter:data1\" content=\"1 minute\" \/>\n<script type=\"application\/ld+json\" class=\"yoast-schema-graph\">{\"@context\":\"https:\/\/schema.org\",\"@graph\":[{\"@type\":\"WebPage\",\"@id\":\"https:\/\/www.istegroup.com\/en\/produit\/electronique-de-puissance-pour-lindustrie-et-les-transports-4\/\",\"url\":\"https:\/\/www.istegroup.com\/en\/produit\/electronique-de-puissance-pour-lindustrie-et-les-transports-4\/\",\"name\":\"Electronique de puissance pour l'industrie et les transports 4 - ISTE Group\",\"isPartOf\":{\"@id\":\"https:\/\/www.istegroup.com\/#website\"},\"primaryImageOfPage\":{\"@id\":\"https:\/\/www.istegroup.com\/en\/produit\/electronique-de-puissance-pour-lindustrie-et-les-transports-4\/#primaryimage\"},\"image\":{\"@id\":\"https:\/\/www.istegroup.com\/en\/produit\/electronique-de-puissance-pour-lindustrie-et-les-transports-4\/#primaryimage\"},\"thumbnailUrl\":\"https:\/\/www.istegroup.com\/wp-content\/uploads\/2017\/07\/1077590084_379427380-1.jpg\",\"datePublished\":\"2017-07-28T09:05:25+00:00\",\"dateModified\":\"2024-01-03T13:38:55+00:00\",\"description\":\"Electronique de puissance pour l'industrie et les transports 4\u00a0se consacre \u00e0 la compatibilit\u00e9 \u00e9lectromagn\u00e9tique et pr\u00e9sente les sources de perturbation.\",\"breadcrumb\":{\"@id\":\"https:\/\/www.istegroup.com\/en\/produit\/electronique-de-puissance-pour-lindustrie-et-les-transports-4\/#breadcrumb\"},\"inLanguage\":\"fr-FR\",\"potentialAction\":[{\"@type\":\"ReadAction\",\"target\":[\"https:\/\/www.istegroup.com\/en\/produit\/electronique-de-puissance-pour-lindustrie-et-les-transports-4\/\"]}]},{\"@type\":\"ImageObject\",\"inLanguage\":\"fr-FR\",\"@id\":\"https:\/\/www.istegroup.com\/en\/produit\/electronique-de-puissance-pour-lindustrie-et-les-transports-4\/#primaryimage\",\"url\":\"https:\/\/www.istegroup.com\/wp-content\/uploads\/2017\/07\/1077590084_379427380-1.jpg\",\"contentUrl\":\"https:\/\/www.istegroup.com\/wp-content\/uploads\/2017\/07\/1077590084_379427380-1.jpg\",\"width\":300,\"height\":452,\"caption\":\"Compatibilit\u00e9 \u00e9lectromagn\u00e9tique\"},{\"@type\":\"BreadcrumbList\",\"@id\":\"https:\/\/www.istegroup.com\/en\/produit\/electronique-de-puissance-pour-lindustrie-et-les-transports-4\/#breadcrumb\",\"itemListElement\":[{\"@type\":\"ListItem\",\"position\":1,\"name\":\"Home\",\"item\":\"https:\/\/www.istegroup.com\/\"},{\"@type\":\"ListItem\",\"position\":2,\"name\":\"Shop\",\"item\":\"https:\/\/www.istegroup.com\/fr\/nouveautes\/\"},{\"@type\":\"ListItem\",\"position\":3,\"name\":\"Electronique de puissance pour l&#8217;industrie et les transports 4\"}]},{\"@type\":\"WebSite\",\"@id\":\"https:\/\/www.istegroup.com\/#website\",\"url\":\"https:\/\/www.istegroup.com\/\",\"name\":\"ISTE Group\",\"description\":\"\u00c9diteur des Sciences\",\"potentialAction\":[{\"@type\":\"SearchAction\",\"target\":{\"@type\":\"EntryPoint\",\"urlTemplate\":\"https:\/\/www.istegroup.com\/?s={search_term_string}\"},\"query-input\":{\"@type\":\"PropertyValueSpecification\",\"valueRequired\":true,\"valueName\":\"search_term_string\"}}],\"inLanguage\":\"fr-FR\"}]}<\/script>\n<!-- \/ Yoast SEO plugin. -->","yoast_head_json":{"title":"Electronique de puissance pour l'industrie et les transports 4 - ISTE Group","description":"Electronique de puissance pour l'industrie et les transports 4\u00a0se consacre \u00e0 la compatibilit\u00e9 \u00e9lectromagn\u00e9tique et pr\u00e9sente les sources de perturbation.","robots":{"index":"index","follow":"follow","max-snippet":"max-snippet:-1","max-image-preview":"max-image-preview:large","max-video-preview":"max-video-preview:-1"},"canonical":"https:\/\/www.istegroup.com\/en\/produit\/electronique-de-puissance-pour-lindustrie-et-les-transports-4\/","og_locale":"fr_FR","og_type":"article","og_title":"Electronique de puissance pour l'industrie et les transports 4 - ISTE Group","og_description":"Electronique de puissance pour l'industrie et les transports 4\u00a0se consacre \u00e0 la compatibilit\u00e9 \u00e9lectromagn\u00e9tique et pr\u00e9sente les sources de perturbation.","og_url":"https:\/\/www.istegroup.com\/en\/produit\/electronique-de-puissance-pour-lindustrie-et-les-transports-4\/","og_site_name":"ISTE Group","article_modified_time":"2024-01-03T13:38:55+00:00","og_image":[{"width":300,"height":452,"url":"https:\/\/www.istegroup.com\/wp-content\/uploads\/2017\/07\/1077590084_379427380-1.jpg","type":"image\/jpeg"}],"twitter_card":"summary_large_image","twitter_misc":{"Est. reading time":"1 minute"},"schema":{"@context":"https:\/\/schema.org","@graph":[{"@type":"WebPage","@id":"https:\/\/www.istegroup.com\/en\/produit\/electronique-de-puissance-pour-lindustrie-et-les-transports-4\/","url":"https:\/\/www.istegroup.com\/en\/produit\/electronique-de-puissance-pour-lindustrie-et-les-transports-4\/","name":"Electronique de puissance pour l'industrie et les transports 4 - ISTE Group","isPartOf":{"@id":"https:\/\/www.istegroup.com\/#website"},"primaryImageOfPage":{"@id":"https:\/\/www.istegroup.com\/en\/produit\/electronique-de-puissance-pour-lindustrie-et-les-transports-4\/#primaryimage"},"image":{"@id":"https:\/\/www.istegroup.com\/en\/produit\/electronique-de-puissance-pour-lindustrie-et-les-transports-4\/#primaryimage"},"thumbnailUrl":"https:\/\/www.istegroup.com\/wp-content\/uploads\/2017\/07\/1077590084_379427380-1.jpg","datePublished":"2017-07-28T09:05:25+00:00","dateModified":"2024-01-03T13:38:55+00:00","description":"Electronique de puissance pour l'industrie et les transports 4\u00a0se consacre \u00e0 la compatibilit\u00e9 \u00e9lectromagn\u00e9tique et pr\u00e9sente les sources de perturbation.","breadcrumb":{"@id":"https:\/\/www.istegroup.com\/en\/produit\/electronique-de-puissance-pour-lindustrie-et-les-transports-4\/#breadcrumb"},"inLanguage":"fr-FR","potentialAction":[{"@type":"ReadAction","target":["https:\/\/www.istegroup.com\/en\/produit\/electronique-de-puissance-pour-lindustrie-et-les-transports-4\/"]}]},{"@type":"ImageObject","inLanguage":"fr-FR","@id":"https:\/\/www.istegroup.com\/en\/produit\/electronique-de-puissance-pour-lindustrie-et-les-transports-4\/#primaryimage","url":"https:\/\/www.istegroup.com\/wp-content\/uploads\/2017\/07\/1077590084_379427380-1.jpg","contentUrl":"https:\/\/www.istegroup.com\/wp-content\/uploads\/2017\/07\/1077590084_379427380-1.jpg","width":300,"height":452,"caption":"Compatibilit\u00e9 \u00e9lectromagn\u00e9tique"},{"@type":"BreadcrumbList","@id":"https:\/\/www.istegroup.com\/en\/produit\/electronique-de-puissance-pour-lindustrie-et-les-transports-4\/#breadcrumb","itemListElement":[{"@type":"ListItem","position":1,"name":"Home","item":"https:\/\/www.istegroup.com\/"},{"@type":"ListItem","position":2,"name":"Shop","item":"https:\/\/www.istegroup.com\/fr\/nouveautes\/"},{"@type":"ListItem","position":3,"name":"Electronique de puissance pour l&#8217;industrie et les transports 4"}]},{"@type":"WebSite","@id":"https:\/\/www.istegroup.com\/#website","url":"https:\/\/www.istegroup.com\/","name":"ISTE Group","description":"\u00c9diteur des Sciences","potentialAction":[{"@type":"SearchAction","target":{"@type":"EntryPoint","urlTemplate":"https:\/\/www.istegroup.com\/?s={search_term_string}"},"query-input":{"@type":"PropertyValueSpecification","valueRequired":true,"valueName":"search_term_string"}}],"inLanguage":"fr-FR"}]}},"_links":{"self":[{"href":"https:\/\/www.istegroup.com\/fr\/wp-json\/wp\/v2\/product\/219","targetHints":{"allow":["GET"]}}],"collection":[{"href":"https:\/\/www.istegroup.com\/fr\/wp-json\/wp\/v2\/product"}],"about":[{"href":"https:\/\/www.istegroup.com\/fr\/wp-json\/wp\/v2\/types\/product"}],"wp:featuredmedia":[{"embeddable":true,"href":"https:\/\/www.istegroup.com\/fr\/wp-json\/wp\/v2\/media\/220"}],"wp:attachment":[{"href":"https:\/\/www.istegroup.com\/fr\/wp-json\/wp\/v2\/media?parent=219"}],"wp:term":[{"taxonomy":"product_brand","embeddable":true,"href":"https:\/\/www.istegroup.com\/fr\/wp-json\/wp\/v2\/product_brand?post=219"},{"taxonomy":"product_cat","embeddable":true,"href":"https:\/\/www.istegroup.com\/fr\/wp-json\/wp\/v2\/product_cat?post=219"},{"taxonomy":"product_tag","embeddable":true,"href":"https:\/\/www.istegroup.com\/fr\/wp-json\/wp\/v2\/product_tag?post=219"}],"curies":[{"name":"wp","href":"https:\/\/api.w.org\/{rel}","templated":true}]}}