{"id":21883,"date":"2019-08-10T09:34:08","date_gmt":"2019-08-10T08:34:08","guid":{"rendered":"https:\/\/www.istegroup.com\/?post_type=product&#038;p=21883"},"modified":"2024-01-03T13:43:18","modified_gmt":"2024-01-03T13:43:18","slug":"lapprentissage-et-sa-reussite","status":"publish","type":"product","link":"https:\/\/www.istegroup.com\/fr\/produit\/lapprentissage-et-sa-reussite\/","title":{"rendered":"L&rsquo;apprentissage et sa r\u00e9ussite"},"content":{"rendered":"<p>L\u2019exp\u00e9rience v\u00e9cue par les apprentis, leurs enseignants-tuteurs et leurs ma\u00eetres d\u2019apprentissage en entreprise est toujours riche d\u2019enseignements.<\/p>\n<p>Cet ouvrage pr\u00e9sente les diff\u00e9rents points de vue de ces acteurs ainsi que leur v\u00e9cu sur l\u2019apprentissage. Les t\u00e9moignages de quarante-huit contributeurs relatent comment l\u2019apprentissage leur a permis d\u2019am\u00e9liorer leurs comp\u00e9tences, leurs pratiques professionnelles, mais aussi leur organisation. Leurs interactions dans le processus d\u2019alternance permettent non seulement de d\u00e9velopper les comp\u00e9tences des apprentis, mais \u00e9galement celles de ceux qui les ont accompagn\u00e9s, enseignants-tuteurs et ma\u00eetres d\u2019apprentissage en entreprise.<\/p>\n<p>La cr\u00e9ation d\u2019une authentique communaut\u00e9 d\u2019apprentissage s\u2019inscrit dans la constitution d\u2019un \u00e9cosyst\u00e8me d\u2019apprenance dont chacun r\u00e9colte les fruits en termes de d\u00e9veloppement de ses capabilit\u00e9s.<\/p>\n","protected":false},"excerpt":{"rendered":"<p>L\u2019exp\u00e9rience v\u00e9cue par les apprentis, leurs enseignants-tuteurs et leurs ma\u00eetres d\u2019apprentissage en entreprise est toujours riche d\u2019enseignements. Cet ouvrage pr\u00e9sente les diff\u00e9rents points de vue de ces acteurs ainsi que leur v\u00e9cu sur l\u2019apprentissage. Les t\u00e9moignages de quarante-huit contributeurs relatent comment l\u2019apprentissage leur a permis d\u2019am\u00e9liorer leurs comp\u00e9tences, leurs pratiques professionnelles, mais aussi leur organisation. [&hellip;]<\/p>\n","protected":false},"featured_media":21926,"template":"","meta":{"_acf_changed":false,"_links_to":"","_links_to_target":""},"product_brand":[],"product_cat":[3262],"product_tag":[],"class_list":{"0":"post-21883","1":"product","2":"type-product","3":"status-publish","4":"has-post-thumbnail","6":"product_cat-non-classe","8":"first","9":"instock","10":"shipping-taxable","11":"purchasable","12":"product-type-variable"},"acf":[],"yoast_head":"<!-- This site is optimized with the Yoast SEO plugin v27.2 - https:\/\/yoast.com\/product\/yoast-seo-wordpress\/ -->\n<title>L&#039;apprentissage et sa r\u00e9ussite - ISTE Group<\/title>\n<meta name=\"description\" content=\"Cet ouvrage pr\u00e9sente les diff\u00e9rents points de vue de ces acteurs ainsi que leur v\u00e9cu sur l\u2019apprentissage. Les t\u00e9moignages de quarante-huit contributeurs relatent comment l\u2019apprentissage leur a permis d\u2019am\u00e9liorer leurs comp\u00e9tences, leurs pratiques professionnelles, mais aussi leur organisation.\" \/>\n<meta name=\"robots\" content=\"index, follow, max-snippet:-1, max-image-preview:large, max-video-preview:-1\" \/>\n<link rel=\"canonical\" href=\"https:\/\/www.istegroup.com\/fr\/produit\/lapprentissage-et-sa-reussite\/\" \/>\n<meta property=\"og:locale\" content=\"fr_FR\" \/>\n<meta property=\"og:type\" content=\"article\" \/>\n<meta property=\"og:title\" content=\"L&#039;apprentissage et sa r\u00e9ussite - ISTE Group\" \/>\n<meta property=\"og:description\" content=\"Cet ouvrage pr\u00e9sente les diff\u00e9rents points de vue de ces acteurs ainsi que leur v\u00e9cu sur l\u2019apprentissage. Les t\u00e9moignages de quarante-huit contributeurs relatent comment l\u2019apprentissage leur a permis d\u2019am\u00e9liorer leurs comp\u00e9tences, leurs pratiques professionnelles, mais aussi leur organisation.\" \/>\n<meta property=\"og:url\" content=\"https:\/\/www.istegroup.com\/fr\/produit\/lapprentissage-et-sa-reussite\/\" \/>\n<meta property=\"og:site_name\" content=\"ISTE Group\" \/>\n<meta property=\"article:modified_time\" content=\"2024-01-03T13:43:18+00:00\" \/>\n<meta property=\"og:image\" content=\"https:\/\/www.istegroup.com\/wp-content\/uploads\/2019\/06\/L\u2019apprentissage-et-sa-r\u00e9ussite.jpg\" \/>\n\t<meta property=\"og:image:width\" content=\"500\" \/>\n\t<meta property=\"og:image:height\" content=\"749\" \/>\n\t<meta property=\"og:image:type\" content=\"image\/jpeg\" \/>\n<meta name=\"twitter:card\" content=\"summary_large_image\" \/>\n<meta name=\"twitter:label1\" content=\"Est. reading time\" \/>\n\t<meta name=\"twitter:data1\" content=\"1 minute\" \/>\n<script type=\"application\/ld+json\" class=\"yoast-schema-graph\">{\"@context\":\"https:\/\/schema.org\",\"@graph\":[{\"@type\":\"WebPage\",\"@id\":\"https:\/\/www.istegroup.com\/fr\/produit\/lapprentissage-et-sa-reussite\/\",\"url\":\"https:\/\/www.istegroup.com\/fr\/produit\/lapprentissage-et-sa-reussite\/\",\"name\":\"L'apprentissage et sa r\u00e9ussite - ISTE Group\",\"isPartOf\":{\"@id\":\"https:\/\/www.istegroup.com\/#website\"},\"primaryImageOfPage\":{\"@id\":\"https:\/\/www.istegroup.com\/fr\/produit\/lapprentissage-et-sa-reussite\/#primaryimage\"},\"image\":{\"@id\":\"https:\/\/www.istegroup.com\/fr\/produit\/lapprentissage-et-sa-reussite\/#primaryimage\"},\"thumbnailUrl\":\"https:\/\/www.istegroup.com\/wp-content\/uploads\/2019\/06\/L\u2019apprentissage-et-sa-r\u00e9ussite.jpg\",\"datePublished\":\"2019-08-10T08:34:08+00:00\",\"dateModified\":\"2024-01-03T13:43:18+00:00\",\"description\":\"Cet ouvrage pr\u00e9sente les diff\u00e9rents points de vue de ces acteurs ainsi que leur v\u00e9cu sur l\u2019apprentissage. Les t\u00e9moignages de quarante-huit contributeurs relatent comment l\u2019apprentissage leur a permis d\u2019am\u00e9liorer leurs comp\u00e9tences, leurs pratiques professionnelles, mais aussi leur organisation.\",\"breadcrumb\":{\"@id\":\"https:\/\/www.istegroup.com\/fr\/produit\/lapprentissage-et-sa-reussite\/#breadcrumb\"},\"inLanguage\":\"fr-FR\",\"potentialAction\":[{\"@type\":\"ReadAction\",\"target\":[\"https:\/\/www.istegroup.com\/fr\/produit\/lapprentissage-et-sa-reussite\/\"]}]},{\"@type\":\"ImageObject\",\"inLanguage\":\"fr-FR\",\"@id\":\"https:\/\/www.istegroup.com\/fr\/produit\/lapprentissage-et-sa-reussite\/#primaryimage\",\"url\":\"https:\/\/www.istegroup.com\/wp-content\/uploads\/2019\/06\/L\u2019apprentissage-et-sa-r\u00e9ussite.jpg\",\"contentUrl\":\"https:\/\/www.istegroup.com\/wp-content\/uploads\/2019\/06\/L\u2019apprentissage-et-sa-r\u00e9ussite.jpg\",\"width\":500,\"height\":749,\"caption\":\"regards crois\u00e9s des diff\u00e9rents acteurs\"},{\"@type\":\"BreadcrumbList\",\"@id\":\"https:\/\/www.istegroup.com\/fr\/produit\/lapprentissage-et-sa-reussite\/#breadcrumb\",\"itemListElement\":[{\"@type\":\"ListItem\",\"position\":1,\"name\":\"Home\",\"item\":\"https:\/\/www.istegroup.com\/\"},{\"@type\":\"ListItem\",\"position\":2,\"name\":\"Shop\",\"item\":\"https:\/\/www.istegroup.com\/fr\/nouveautes\/\"},{\"@type\":\"ListItem\",\"position\":3,\"name\":\"L&rsquo;apprentissage et sa r\u00e9ussite\"}]},{\"@type\":\"WebSite\",\"@id\":\"https:\/\/www.istegroup.com\/#website\",\"url\":\"https:\/\/www.istegroup.com\/\",\"name\":\"ISTE Group\",\"description\":\"\u00c9diteur des Sciences\",\"potentialAction\":[{\"@type\":\"SearchAction\",\"target\":{\"@type\":\"EntryPoint\",\"urlTemplate\":\"https:\/\/www.istegroup.com\/?s={search_term_string}\"},\"query-input\":{\"@type\":\"PropertyValueSpecification\",\"valueRequired\":true,\"valueName\":\"search_term_string\"}}],\"inLanguage\":\"fr-FR\"}]}<\/script>\n<!-- \/ Yoast SEO plugin. -->","yoast_head_json":{"title":"L'apprentissage et sa r\u00e9ussite - ISTE Group","description":"Cet ouvrage pr\u00e9sente les diff\u00e9rents points de vue de ces acteurs ainsi que leur v\u00e9cu sur l\u2019apprentissage. Les t\u00e9moignages de quarante-huit contributeurs relatent comment l\u2019apprentissage leur a permis d\u2019am\u00e9liorer leurs comp\u00e9tences, leurs pratiques professionnelles, mais aussi leur organisation.","robots":{"index":"index","follow":"follow","max-snippet":"max-snippet:-1","max-image-preview":"max-image-preview:large","max-video-preview":"max-video-preview:-1"},"canonical":"https:\/\/www.istegroup.com\/fr\/produit\/lapprentissage-et-sa-reussite\/","og_locale":"fr_FR","og_type":"article","og_title":"L'apprentissage et sa r\u00e9ussite - ISTE Group","og_description":"Cet ouvrage pr\u00e9sente les diff\u00e9rents points de vue de ces acteurs ainsi que leur v\u00e9cu sur l\u2019apprentissage. Les t\u00e9moignages de quarante-huit contributeurs relatent comment l\u2019apprentissage leur a permis d\u2019am\u00e9liorer leurs comp\u00e9tences, leurs pratiques professionnelles, mais aussi leur organisation.","og_url":"https:\/\/www.istegroup.com\/fr\/produit\/lapprentissage-et-sa-reussite\/","og_site_name":"ISTE Group","article_modified_time":"2024-01-03T13:43:18+00:00","og_image":[{"width":500,"height":749,"url":"https:\/\/www.istegroup.com\/wp-content\/uploads\/2019\/06\/L\u2019apprentissage-et-sa-r\u00e9ussite.jpg","type":"image\/jpeg"}],"twitter_card":"summary_large_image","twitter_misc":{"Est. reading time":"1 minute"},"schema":{"@context":"https:\/\/schema.org","@graph":[{"@type":"WebPage","@id":"https:\/\/www.istegroup.com\/fr\/produit\/lapprentissage-et-sa-reussite\/","url":"https:\/\/www.istegroup.com\/fr\/produit\/lapprentissage-et-sa-reussite\/","name":"L'apprentissage et sa r\u00e9ussite - ISTE Group","isPartOf":{"@id":"https:\/\/www.istegroup.com\/#website"},"primaryImageOfPage":{"@id":"https:\/\/www.istegroup.com\/fr\/produit\/lapprentissage-et-sa-reussite\/#primaryimage"},"image":{"@id":"https:\/\/www.istegroup.com\/fr\/produit\/lapprentissage-et-sa-reussite\/#primaryimage"},"thumbnailUrl":"https:\/\/www.istegroup.com\/wp-content\/uploads\/2019\/06\/L\u2019apprentissage-et-sa-r\u00e9ussite.jpg","datePublished":"2019-08-10T08:34:08+00:00","dateModified":"2024-01-03T13:43:18+00:00","description":"Cet ouvrage pr\u00e9sente les diff\u00e9rents points de vue de ces acteurs ainsi que leur v\u00e9cu sur l\u2019apprentissage. Les t\u00e9moignages de quarante-huit contributeurs relatent comment l\u2019apprentissage leur a permis d\u2019am\u00e9liorer leurs comp\u00e9tences, leurs pratiques professionnelles, mais aussi leur organisation.","breadcrumb":{"@id":"https:\/\/www.istegroup.com\/fr\/produit\/lapprentissage-et-sa-reussite\/#breadcrumb"},"inLanguage":"fr-FR","potentialAction":[{"@type":"ReadAction","target":["https:\/\/www.istegroup.com\/fr\/produit\/lapprentissage-et-sa-reussite\/"]}]},{"@type":"ImageObject","inLanguage":"fr-FR","@id":"https:\/\/www.istegroup.com\/fr\/produit\/lapprentissage-et-sa-reussite\/#primaryimage","url":"https:\/\/www.istegroup.com\/wp-content\/uploads\/2019\/06\/L\u2019apprentissage-et-sa-r\u00e9ussite.jpg","contentUrl":"https:\/\/www.istegroup.com\/wp-content\/uploads\/2019\/06\/L\u2019apprentissage-et-sa-r\u00e9ussite.jpg","width":500,"height":749,"caption":"regards crois\u00e9s des diff\u00e9rents acteurs"},{"@type":"BreadcrumbList","@id":"https:\/\/www.istegroup.com\/fr\/produit\/lapprentissage-et-sa-reussite\/#breadcrumb","itemListElement":[{"@type":"ListItem","position":1,"name":"Home","item":"https:\/\/www.istegroup.com\/"},{"@type":"ListItem","position":2,"name":"Shop","item":"https:\/\/www.istegroup.com\/fr\/nouveautes\/"},{"@type":"ListItem","position":3,"name":"L&rsquo;apprentissage et sa r\u00e9ussite"}]},{"@type":"WebSite","@id":"https:\/\/www.istegroup.com\/#website","url":"https:\/\/www.istegroup.com\/","name":"ISTE Group","description":"\u00c9diteur des Sciences","potentialAction":[{"@type":"SearchAction","target":{"@type":"EntryPoint","urlTemplate":"https:\/\/www.istegroup.com\/?s={search_term_string}"},"query-input":{"@type":"PropertyValueSpecification","valueRequired":true,"valueName":"search_term_string"}}],"inLanguage":"fr-FR"}]}},"_links":{"self":[{"href":"https:\/\/www.istegroup.com\/fr\/wp-json\/wp\/v2\/product\/21883","targetHints":{"allow":["GET"]}}],"collection":[{"href":"https:\/\/www.istegroup.com\/fr\/wp-json\/wp\/v2\/product"}],"about":[{"href":"https:\/\/www.istegroup.com\/fr\/wp-json\/wp\/v2\/types\/product"}],"wp:featuredmedia":[{"embeddable":true,"href":"https:\/\/www.istegroup.com\/fr\/wp-json\/wp\/v2\/media\/21926"}],"wp:attachment":[{"href":"https:\/\/www.istegroup.com\/fr\/wp-json\/wp\/v2\/media?parent=21883"}],"wp:term":[{"taxonomy":"product_brand","embeddable":true,"href":"https:\/\/www.istegroup.com\/fr\/wp-json\/wp\/v2\/product_brand?post=21883"},{"taxonomy":"product_cat","embeddable":true,"href":"https:\/\/www.istegroup.com\/fr\/wp-json\/wp\/v2\/product_cat?post=21883"},{"taxonomy":"product_tag","embeddable":true,"href":"https:\/\/www.istegroup.com\/fr\/wp-json\/wp\/v2\/product_tag?post=21883"}],"curies":[{"name":"wp","href":"https:\/\/api.w.org\/{rel}","templated":true}]}}