{"id":21866,"date":"2019-08-10T15:00:54","date_gmt":"2019-08-10T14:00:54","guid":{"rendered":"https:\/\/www.istegroup.com\/?post_type=product&#038;p=21866"},"modified":"2024-01-03T13:43:18","modified_gmt":"2024-01-03T13:43:18","slug":"les-accidents-nucleaires-industriels-et-medicaux","status":"publish","type":"product","link":"https:\/\/www.istegroup.com\/fr\/produit\/les-accidents-nucleaires-industriels-et-medicaux\/","title":{"rendered":"Les accidents nucl\u00e9aires industriels et m\u00e9dicaux"},"content":{"rendered":"<p>L\u2019utilisation de l\u2019\u00e9nergie atomique \u00e0 des fins pacifiques (production d\u2019\u00e9lectricit\u00e9, mesures industrielles, diagnostic et soins m\u00e9dicaux) a donn\u00e9 lieu \u00e0 des accidents nucl\u00e9aires vari\u00e9s. Aucune fili\u00e8re nucl\u00e9aire ni aucun pays ne sont \u00e9pargn\u00e9s, ces accidents peuvent survenir aux diverses \u00e9tapes du cycle du combustible depuis la mine jusqu\u2019au retraitement du combustible us\u00e9.<\/p>\n<p>Cet ouvrage analyse les cons\u00e9quences environnementales, \u00e9cologiques, sanitaires et socio-\u00e9conomiques des accidents nucl\u00e9aires industriels et m\u00e9dicaux. Il traite de la contamination de l\u2019environnement, de la faune et de la flore et quantifie les effets des rayonnements ionisants. Il analyse les effets n\u00e9fastes sur la sant\u00e9, physique et mentale, des populations concern\u00e9es et \u00e9value \u00e9galement les co\u00fbts occasionn\u00e9s par de tels accidents. Enfin, l\u2019ouvrage \u00e9tudie en d\u00e9tail et compare les accidents survenus aux r\u00e9acteurs nucl\u00e9aires de Tchernobyl et de Fukushima.<\/p>\n","protected":false},"excerpt":{"rendered":"<p>L\u2019utilisation de l\u2019\u00e9nergie atomique \u00e0 des fins pacifiques (production d\u2019\u00e9lectricit\u00e9, mesures industrielles, diagnostic et soins m\u00e9dicaux) a donn\u00e9 lieu \u00e0 des accidents nucl\u00e9aires vari\u00e9s. Aucune fili\u00e8re nucl\u00e9aire ni aucun pays ne sont \u00e9pargn\u00e9s, ces accidents peuvent survenir aux diverses \u00e9tapes du cycle du combustible depuis la mine jusqu\u2019au retraitement du combustible us\u00e9. Cet ouvrage analyse [&hellip;]<\/p>\n","protected":false},"featured_media":21877,"template":"","meta":{"_acf_changed":false,"_links_to":"","_links_to_target":""},"product_brand":[],"product_cat":[3262],"product_tag":[],"class_list":{"0":"post-21866","1":"product","2":"type-product","3":"status-publish","4":"has-post-thumbnail","6":"product_cat-non-classe","8":"first","9":"instock","10":"shipping-taxable","11":"purchasable","12":"product-type-variable"},"acf":[],"yoast_head":"<!-- This site is optimized with the Yoast SEO plugin v27.2 - https:\/\/yoast.com\/product\/yoast-seo-wordpress\/ -->\n<title>Les accidents nucl\u00e9aires industriels et m\u00e9dicaux - ISTE Group<\/title>\n<meta name=\"robots\" content=\"index, follow, max-snippet:-1, max-image-preview:large, max-video-preview:-1\" \/>\n<link rel=\"canonical\" href=\"https:\/\/www.istegroup.com\/fr\/produit\/les-accidents-nucleaires-industriels-et-medicaux\/\" \/>\n<meta property=\"og:locale\" content=\"fr_FR\" \/>\n<meta property=\"og:type\" content=\"article\" \/>\n<meta property=\"og:title\" content=\"Les accidents nucl\u00e9aires industriels et m\u00e9dicaux - ISTE Group\" \/>\n<meta property=\"og:description\" content=\"L\u2019utilisation de l\u2019\u00e9nergie atomique \u00e0 des fins pacifiques (production d\u2019\u00e9lectricit\u00e9, mesures industrielles, diagnostic et soins m\u00e9dicaux) a donn\u00e9 lieu \u00e0 des accidents nucl\u00e9aires vari\u00e9s. Aucune fili\u00e8re nucl\u00e9aire ni aucun pays ne sont \u00e9pargn\u00e9s, ces accidents peuvent survenir aux diverses \u00e9tapes du cycle du combustible depuis la mine jusqu\u2019au retraitement du combustible us\u00e9. Cet ouvrage analyse [&hellip;]\" \/>\n<meta property=\"og:url\" content=\"https:\/\/www.istegroup.com\/fr\/produit\/les-accidents-nucleaires-industriels-et-medicaux\/\" \/>\n<meta property=\"og:site_name\" content=\"ISTE Group\" \/>\n<meta property=\"article:modified_time\" content=\"2024-01-03T13:43:18+00:00\" \/>\n<meta property=\"og:image\" content=\"https:\/\/www.istegroup.com\/wp-content\/uploads\/2019\/06\/Les-accidents-nucl\u00e9aires-industriels-et-m\u00e9dicaux.jpg\" \/>\n\t<meta property=\"og:image:width\" content=\"605\" \/>\n\t<meta property=\"og:image:height\" content=\"905\" \/>\n\t<meta property=\"og:image:type\" content=\"image\/jpeg\" \/>\n<meta name=\"twitter:card\" content=\"summary_large_image\" \/>\n<meta name=\"twitter:label1\" content=\"Est. reading time\" \/>\n\t<meta name=\"twitter:data1\" content=\"1 minute\" \/>\n<script type=\"application\/ld+json\" class=\"yoast-schema-graph\">{\"@context\":\"https:\/\/schema.org\",\"@graph\":[{\"@type\":\"WebPage\",\"@id\":\"https:\/\/www.istegroup.com\/fr\/produit\/les-accidents-nucleaires-industriels-et-medicaux\/\",\"url\":\"https:\/\/www.istegroup.com\/fr\/produit\/les-accidents-nucleaires-industriels-et-medicaux\/\",\"name\":\"Les accidents nucl\u00e9aires industriels et m\u00e9dicaux - ISTE Group\",\"isPartOf\":{\"@id\":\"https:\/\/www.istegroup.com\/#website\"},\"primaryImageOfPage\":{\"@id\":\"https:\/\/www.istegroup.com\/fr\/produit\/les-accidents-nucleaires-industriels-et-medicaux\/#primaryimage\"},\"image\":{\"@id\":\"https:\/\/www.istegroup.com\/fr\/produit\/les-accidents-nucleaires-industriels-et-medicaux\/#primaryimage\"},\"thumbnailUrl\":\"https:\/\/www.istegroup.com\/wp-content\/uploads\/2019\/06\/Les-accidents-nucl\u00e9aires-industriels-et-m\u00e9dicaux.jpg\",\"datePublished\":\"2019-08-10T14:00:54+00:00\",\"dateModified\":\"2024-01-03T13:43:18+00:00\",\"breadcrumb\":{\"@id\":\"https:\/\/www.istegroup.com\/fr\/produit\/les-accidents-nucleaires-industriels-et-medicaux\/#breadcrumb\"},\"inLanguage\":\"fr-FR\",\"potentialAction\":[{\"@type\":\"ReadAction\",\"target\":[\"https:\/\/www.istegroup.com\/fr\/produit\/les-accidents-nucleaires-industriels-et-medicaux\/\"]}]},{\"@type\":\"ImageObject\",\"inLanguage\":\"fr-FR\",\"@id\":\"https:\/\/www.istegroup.com\/fr\/produit\/les-accidents-nucleaires-industriels-et-medicaux\/#primaryimage\",\"url\":\"https:\/\/www.istegroup.com\/wp-content\/uploads\/2019\/06\/Les-accidents-nucl\u00e9aires-industriels-et-m\u00e9dicaux.jpg\",\"contentUrl\":\"https:\/\/www.istegroup.com\/wp-content\/uploads\/2019\/06\/Les-accidents-nucl\u00e9aires-industriels-et-m\u00e9dicaux.jpg\",\"width\":605,\"height\":905,\"caption\":\"cons\u00e9quences environnementales, \u00e9cologiques, sanitaires et socio-\u00e9conomiques\"},{\"@type\":\"BreadcrumbList\",\"@id\":\"https:\/\/www.istegroup.com\/fr\/produit\/les-accidents-nucleaires-industriels-et-medicaux\/#breadcrumb\",\"itemListElement\":[{\"@type\":\"ListItem\",\"position\":1,\"name\":\"Home\",\"item\":\"https:\/\/www.istegroup.com\/\"},{\"@type\":\"ListItem\",\"position\":2,\"name\":\"Shop\",\"item\":\"https:\/\/www.istegroup.com\/fr\/nouveautes\/\"},{\"@type\":\"ListItem\",\"position\":3,\"name\":\"Les accidents nucl\u00e9aires industriels et m\u00e9dicaux\"}]},{\"@type\":\"WebSite\",\"@id\":\"https:\/\/www.istegroup.com\/#website\",\"url\":\"https:\/\/www.istegroup.com\/\",\"name\":\"ISTE Group\",\"description\":\"\u00c9diteur des Sciences\",\"potentialAction\":[{\"@type\":\"SearchAction\",\"target\":{\"@type\":\"EntryPoint\",\"urlTemplate\":\"https:\/\/www.istegroup.com\/?s={search_term_string}\"},\"query-input\":{\"@type\":\"PropertyValueSpecification\",\"valueRequired\":true,\"valueName\":\"search_term_string\"}}],\"inLanguage\":\"fr-FR\"}]}<\/script>\n<!-- \/ Yoast SEO plugin. -->","yoast_head_json":{"title":"Les accidents nucl\u00e9aires industriels et m\u00e9dicaux - ISTE Group","robots":{"index":"index","follow":"follow","max-snippet":"max-snippet:-1","max-image-preview":"max-image-preview:large","max-video-preview":"max-video-preview:-1"},"canonical":"https:\/\/www.istegroup.com\/fr\/produit\/les-accidents-nucleaires-industriels-et-medicaux\/","og_locale":"fr_FR","og_type":"article","og_title":"Les accidents nucl\u00e9aires industriels et m\u00e9dicaux - ISTE Group","og_description":"L\u2019utilisation de l\u2019\u00e9nergie atomique \u00e0 des fins pacifiques (production d\u2019\u00e9lectricit\u00e9, mesures industrielles, diagnostic et soins m\u00e9dicaux) a donn\u00e9 lieu \u00e0 des accidents nucl\u00e9aires vari\u00e9s. Aucune fili\u00e8re nucl\u00e9aire ni aucun pays ne sont \u00e9pargn\u00e9s, ces accidents peuvent survenir aux diverses \u00e9tapes du cycle du combustible depuis la mine jusqu\u2019au retraitement du combustible us\u00e9. Cet ouvrage analyse [&hellip;]","og_url":"https:\/\/www.istegroup.com\/fr\/produit\/les-accidents-nucleaires-industriels-et-medicaux\/","og_site_name":"ISTE Group","article_modified_time":"2024-01-03T13:43:18+00:00","og_image":[{"width":605,"height":905,"url":"https:\/\/www.istegroup.com\/wp-content\/uploads\/2019\/06\/Les-accidents-nucl\u00e9aires-industriels-et-m\u00e9dicaux.jpg","type":"image\/jpeg"}],"twitter_card":"summary_large_image","twitter_misc":{"Est. reading time":"1 minute"},"schema":{"@context":"https:\/\/schema.org","@graph":[{"@type":"WebPage","@id":"https:\/\/www.istegroup.com\/fr\/produit\/les-accidents-nucleaires-industriels-et-medicaux\/","url":"https:\/\/www.istegroup.com\/fr\/produit\/les-accidents-nucleaires-industriels-et-medicaux\/","name":"Les accidents nucl\u00e9aires industriels et m\u00e9dicaux - ISTE Group","isPartOf":{"@id":"https:\/\/www.istegroup.com\/#website"},"primaryImageOfPage":{"@id":"https:\/\/www.istegroup.com\/fr\/produit\/les-accidents-nucleaires-industriels-et-medicaux\/#primaryimage"},"image":{"@id":"https:\/\/www.istegroup.com\/fr\/produit\/les-accidents-nucleaires-industriels-et-medicaux\/#primaryimage"},"thumbnailUrl":"https:\/\/www.istegroup.com\/wp-content\/uploads\/2019\/06\/Les-accidents-nucl\u00e9aires-industriels-et-m\u00e9dicaux.jpg","datePublished":"2019-08-10T14:00:54+00:00","dateModified":"2024-01-03T13:43:18+00:00","breadcrumb":{"@id":"https:\/\/www.istegroup.com\/fr\/produit\/les-accidents-nucleaires-industriels-et-medicaux\/#breadcrumb"},"inLanguage":"fr-FR","potentialAction":[{"@type":"ReadAction","target":["https:\/\/www.istegroup.com\/fr\/produit\/les-accidents-nucleaires-industriels-et-medicaux\/"]}]},{"@type":"ImageObject","inLanguage":"fr-FR","@id":"https:\/\/www.istegroup.com\/fr\/produit\/les-accidents-nucleaires-industriels-et-medicaux\/#primaryimage","url":"https:\/\/www.istegroup.com\/wp-content\/uploads\/2019\/06\/Les-accidents-nucl\u00e9aires-industriels-et-m\u00e9dicaux.jpg","contentUrl":"https:\/\/www.istegroup.com\/wp-content\/uploads\/2019\/06\/Les-accidents-nucl\u00e9aires-industriels-et-m\u00e9dicaux.jpg","width":605,"height":905,"caption":"cons\u00e9quences environnementales, \u00e9cologiques, sanitaires et socio-\u00e9conomiques"},{"@type":"BreadcrumbList","@id":"https:\/\/www.istegroup.com\/fr\/produit\/les-accidents-nucleaires-industriels-et-medicaux\/#breadcrumb","itemListElement":[{"@type":"ListItem","position":1,"name":"Home","item":"https:\/\/www.istegroup.com\/"},{"@type":"ListItem","position":2,"name":"Shop","item":"https:\/\/www.istegroup.com\/fr\/nouveautes\/"},{"@type":"ListItem","position":3,"name":"Les accidents nucl\u00e9aires industriels et m\u00e9dicaux"}]},{"@type":"WebSite","@id":"https:\/\/www.istegroup.com\/#website","url":"https:\/\/www.istegroup.com\/","name":"ISTE Group","description":"\u00c9diteur des Sciences","potentialAction":[{"@type":"SearchAction","target":{"@type":"EntryPoint","urlTemplate":"https:\/\/www.istegroup.com\/?s={search_term_string}"},"query-input":{"@type":"PropertyValueSpecification","valueRequired":true,"valueName":"search_term_string"}}],"inLanguage":"fr-FR"}]}},"_links":{"self":[{"href":"https:\/\/www.istegroup.com\/fr\/wp-json\/wp\/v2\/product\/21866","targetHints":{"allow":["GET"]}}],"collection":[{"href":"https:\/\/www.istegroup.com\/fr\/wp-json\/wp\/v2\/product"}],"about":[{"href":"https:\/\/www.istegroup.com\/fr\/wp-json\/wp\/v2\/types\/product"}],"wp:featuredmedia":[{"embeddable":true,"href":"https:\/\/www.istegroup.com\/fr\/wp-json\/wp\/v2\/media\/21877"}],"wp:attachment":[{"href":"https:\/\/www.istegroup.com\/fr\/wp-json\/wp\/v2\/media?parent=21866"}],"wp:term":[{"taxonomy":"product_brand","embeddable":true,"href":"https:\/\/www.istegroup.com\/fr\/wp-json\/wp\/v2\/product_brand?post=21866"},{"taxonomy":"product_cat","embeddable":true,"href":"https:\/\/www.istegroup.com\/fr\/wp-json\/wp\/v2\/product_cat?post=21866"},{"taxonomy":"product_tag","embeddable":true,"href":"https:\/\/www.istegroup.com\/fr\/wp-json\/wp\/v2\/product_tag?post=21866"}],"curies":[{"name":"wp","href":"https:\/\/api.w.org\/{rel}","templated":true}]}}