{"id":21770,"date":"2019-08-10T15:19:40","date_gmt":"2019-08-10T14:19:40","guid":{"rendered":"https:\/\/www.istegroup.com\/?post_type=product&#038;p=21770"},"modified":"2024-01-03T13:43:18","modified_gmt":"2024-01-03T13:43:18","slug":"les-machines-de-la-musique-electronique","status":"publish","type":"product","link":"https:\/\/www.istegroup.com\/fr\/produit\/les-machines-de-la-musique-electronique\/","title":{"rendered":"Les machines de la musique \u00e9lectronique"},"content":{"rendered":"<p>Depuis l\u2019arriv\u00e9e de l\u2019\u00e9lectronique musicale, les compositeurs et les musiciens utilisent des machines toujours plus sophistiqu\u00e9es pour cr\u00e9er un mat\u00e9riau sonore innovant. Les musiques de Pierre Henry, Kraftwerk, Pink Floyd ou encore Daft Punk ont fait \u00e9merger de nouvelles sonorit\u00e9s, des rythmes improbables, ainsi qu\u2019une approche in\u00e9dite de la composition et de la notation. Les machines \u00e9lectroniques, devenues incontournables, ont construit et influenc\u00e9 la musique des derni\u00e8res d\u00e9cennies et donnent la tendance des futures productions.<\/p>\n<p>Cet ouvrage pr\u00e9sente la th\u00e9orie et la pratique li\u00e9es aux diff\u00e9rentes machines qui constituent l\u2019univers de l\u2019\u00e9lectronique musicale. Il \u00e9tudie les s\u00e9quenceurs, les bo\u00eetes \u00e0 rythmes, les \u00e9chantillonneurs, les groove-machines et les vocodeurs de 1960 \u00e0 nos jours, <em>via<\/em> leurs contextes historique, physique et th\u00e9orique.<\/p>\n","protected":false},"excerpt":{"rendered":"<p>Depuis l\u2019arriv\u00e9e de l\u2019\u00e9lectronique musicale, les compositeurs et les musiciens utilisent des machines toujours plus sophistiqu\u00e9es pour cr\u00e9er un mat\u00e9riau sonore innovant. Les musiques de Pierre Henry, Kraftwerk, Pink Floyd ou encore Daft Punk ont fait \u00e9merger de nouvelles sonorit\u00e9s, des rythmes improbables, ainsi qu\u2019une approche in\u00e9dite de la composition et de la notation. Les [&hellip;]<\/p>\n","protected":false},"featured_media":21782,"template":"","meta":{"_acf_changed":false,"_links_to":"","_links_to_target":""},"product_brand":[],"product_cat":[3262],"product_tag":[],"class_list":{"0":"post-21770","1":"product","2":"type-product","3":"status-publish","4":"has-post-thumbnail","6":"product_cat-non-classe","8":"first","9":"instock","10":"shipping-taxable","11":"purchasable","12":"product-type-variable"},"acf":[],"yoast_head":"<!-- This site is optimized with the Yoast SEO plugin v27.2 - https:\/\/yoast.com\/product\/yoast-seo-wordpress\/ -->\n<title>Les machines de la musique \u00e9lectronique - ISTE Group<\/title>\n<meta name=\"description\" content=\"Cet ouvrage pr\u00e9sente la th\u00e9orie et la pratique li\u00e9es aux diff\u00e9rentes machines qui constituent l\u2019univers de l\u2019\u00e9lectronique musicale. Il \u00e9tudie les s\u00e9quenceurs, les bo\u00eetes \u00e0 rythmes, les \u00e9chantillonneurs, les groove-machines et les vocodeurs de 1960 \u00e0 nos jours, via leurs contextes historique, physique et th\u00e9orique.\" \/>\n<meta name=\"robots\" content=\"index, follow, max-snippet:-1, max-image-preview:large, max-video-preview:-1\" \/>\n<link rel=\"canonical\" href=\"https:\/\/www.istegroup.com\/en\/produit\/les-machines-de-la-musique-electronique\/\" \/>\n<meta property=\"og:locale\" content=\"fr_FR\" \/>\n<meta property=\"og:type\" content=\"article\" \/>\n<meta property=\"og:title\" content=\"Les machines de la musique \u00e9lectronique - ISTE Group\" \/>\n<meta property=\"og:description\" content=\"Cet ouvrage pr\u00e9sente la th\u00e9orie et la pratique li\u00e9es aux diff\u00e9rentes machines qui constituent l\u2019univers de l\u2019\u00e9lectronique musicale. Il \u00e9tudie les s\u00e9quenceurs, les bo\u00eetes \u00e0 rythmes, les \u00e9chantillonneurs, les groove-machines et les vocodeurs de 1960 \u00e0 nos jours, via leurs contextes historique, physique et th\u00e9orique.\" \/>\n<meta property=\"og:url\" content=\"https:\/\/www.istegroup.com\/en\/produit\/les-machines-de-la-musique-electronique\/\" \/>\n<meta property=\"og:site_name\" content=\"ISTE Group\" \/>\n<meta property=\"article:modified_time\" content=\"2024-01-03T13:43:18+00:00\" \/>\n<meta property=\"og:image\" content=\"https:\/\/www.istegroup.com\/wp-content\/uploads\/2019\/06\/Les-machines-de-la-musique-\u00e9lectronique.jpg\" \/>\n\t<meta property=\"og:image:width\" content=\"300\" \/>\n\t<meta property=\"og:image:height\" content=\"452\" \/>\n\t<meta property=\"og:image:type\" content=\"image\/jpeg\" \/>\n<meta name=\"twitter:card\" content=\"summary_large_image\" \/>\n<meta name=\"twitter:label1\" content=\"Est. reading time\" \/>\n\t<meta name=\"twitter:data1\" content=\"1 minute\" \/>\n<script type=\"application\/ld+json\" class=\"yoast-schema-graph\">{\"@context\":\"https:\/\/schema.org\",\"@graph\":[{\"@type\":\"WebPage\",\"@id\":\"https:\/\/www.istegroup.com\/en\/produit\/les-machines-de-la-musique-electronique\/\",\"url\":\"https:\/\/www.istegroup.com\/en\/produit\/les-machines-de-la-musique-electronique\/\",\"name\":\"Les machines de la musique \u00e9lectronique - ISTE Group\",\"isPartOf\":{\"@id\":\"https:\/\/www.istegroup.com\/#website\"},\"primaryImageOfPage\":{\"@id\":\"https:\/\/www.istegroup.com\/en\/produit\/les-machines-de-la-musique-electronique\/#primaryimage\"},\"image\":{\"@id\":\"https:\/\/www.istegroup.com\/en\/produit\/les-machines-de-la-musique-electronique\/#primaryimage\"},\"thumbnailUrl\":\"https:\/\/www.istegroup.com\/wp-content\/uploads\/2019\/06\/Les-machines-de-la-musique-\u00e9lectronique.jpg\",\"datePublished\":\"2019-08-10T14:19:40+00:00\",\"dateModified\":\"2024-01-03T13:43:18+00:00\",\"description\":\"Cet ouvrage pr\u00e9sente la th\u00e9orie et la pratique li\u00e9es aux diff\u00e9rentes machines qui constituent l\u2019univers de l\u2019\u00e9lectronique musicale. Il \u00e9tudie les s\u00e9quenceurs, les bo\u00eetes \u00e0 rythmes, les \u00e9chantillonneurs, les groove-machines et les vocodeurs de 1960 \u00e0 nos jours, via leurs contextes historique, physique et th\u00e9orique.\",\"breadcrumb\":{\"@id\":\"https:\/\/www.istegroup.com\/en\/produit\/les-machines-de-la-musique-electronique\/#breadcrumb\"},\"inLanguage\":\"fr-FR\",\"potentialAction\":[{\"@type\":\"ReadAction\",\"target\":[\"https:\/\/www.istegroup.com\/en\/produit\/les-machines-de-la-musique-electronique\/\"]}]},{\"@type\":\"ImageObject\",\"inLanguage\":\"fr-FR\",\"@id\":\"https:\/\/www.istegroup.com\/en\/produit\/les-machines-de-la-musique-electronique\/#primaryimage\",\"url\":\"https:\/\/www.istegroup.com\/wp-content\/uploads\/2019\/06\/Les-machines-de-la-musique-\u00e9lectronique.jpg\",\"contentUrl\":\"https:\/\/www.istegroup.com\/wp-content\/uploads\/2019\/06\/Les-machines-de-la-musique-\u00e9lectronique.jpg\",\"width\":300,\"height\":452,\"caption\":\"les nouveaux instruments musicaux\"},{\"@type\":\"BreadcrumbList\",\"@id\":\"https:\/\/www.istegroup.com\/en\/produit\/les-machines-de-la-musique-electronique\/#breadcrumb\",\"itemListElement\":[{\"@type\":\"ListItem\",\"position\":1,\"name\":\"Home\",\"item\":\"https:\/\/www.istegroup.com\/\"},{\"@type\":\"ListItem\",\"position\":2,\"name\":\"Shop\",\"item\":\"https:\/\/www.istegroup.com\/fr\/nouveautes\/\"},{\"@type\":\"ListItem\",\"position\":3,\"name\":\"Les machines de la musique \u00e9lectronique\"}]},{\"@type\":\"WebSite\",\"@id\":\"https:\/\/www.istegroup.com\/#website\",\"url\":\"https:\/\/www.istegroup.com\/\",\"name\":\"ISTE Group\",\"description\":\"\u00c9diteur des Sciences\",\"potentialAction\":[{\"@type\":\"SearchAction\",\"target\":{\"@type\":\"EntryPoint\",\"urlTemplate\":\"https:\/\/www.istegroup.com\/?s={search_term_string}\"},\"query-input\":{\"@type\":\"PropertyValueSpecification\",\"valueRequired\":true,\"valueName\":\"search_term_string\"}}],\"inLanguage\":\"fr-FR\"}]}<\/script>\n<!-- \/ Yoast SEO plugin. -->","yoast_head_json":{"title":"Les machines de la musique \u00e9lectronique - ISTE Group","description":"Cet ouvrage pr\u00e9sente la th\u00e9orie et la pratique li\u00e9es aux diff\u00e9rentes machines qui constituent l\u2019univers de l\u2019\u00e9lectronique musicale. Il \u00e9tudie les s\u00e9quenceurs, les bo\u00eetes \u00e0 rythmes, les \u00e9chantillonneurs, les groove-machines et les vocodeurs de 1960 \u00e0 nos jours, via leurs contextes historique, physique et th\u00e9orique.","robots":{"index":"index","follow":"follow","max-snippet":"max-snippet:-1","max-image-preview":"max-image-preview:large","max-video-preview":"max-video-preview:-1"},"canonical":"https:\/\/www.istegroup.com\/en\/produit\/les-machines-de-la-musique-electronique\/","og_locale":"fr_FR","og_type":"article","og_title":"Les machines de la musique \u00e9lectronique - ISTE Group","og_description":"Cet ouvrage pr\u00e9sente la th\u00e9orie et la pratique li\u00e9es aux diff\u00e9rentes machines qui constituent l\u2019univers de l\u2019\u00e9lectronique musicale. Il \u00e9tudie les s\u00e9quenceurs, les bo\u00eetes \u00e0 rythmes, les \u00e9chantillonneurs, les groove-machines et les vocodeurs de 1960 \u00e0 nos jours, via leurs contextes historique, physique et th\u00e9orique.","og_url":"https:\/\/www.istegroup.com\/en\/produit\/les-machines-de-la-musique-electronique\/","og_site_name":"ISTE Group","article_modified_time":"2024-01-03T13:43:18+00:00","og_image":[{"width":300,"height":452,"url":"https:\/\/www.istegroup.com\/wp-content\/uploads\/2019\/06\/Les-machines-de-la-musique-\u00e9lectronique.jpg","type":"image\/jpeg"}],"twitter_card":"summary_large_image","twitter_misc":{"Est. reading time":"1 minute"},"schema":{"@context":"https:\/\/schema.org","@graph":[{"@type":"WebPage","@id":"https:\/\/www.istegroup.com\/en\/produit\/les-machines-de-la-musique-electronique\/","url":"https:\/\/www.istegroup.com\/en\/produit\/les-machines-de-la-musique-electronique\/","name":"Les machines de la musique \u00e9lectronique - ISTE Group","isPartOf":{"@id":"https:\/\/www.istegroup.com\/#website"},"primaryImageOfPage":{"@id":"https:\/\/www.istegroup.com\/en\/produit\/les-machines-de-la-musique-electronique\/#primaryimage"},"image":{"@id":"https:\/\/www.istegroup.com\/en\/produit\/les-machines-de-la-musique-electronique\/#primaryimage"},"thumbnailUrl":"https:\/\/www.istegroup.com\/wp-content\/uploads\/2019\/06\/Les-machines-de-la-musique-\u00e9lectronique.jpg","datePublished":"2019-08-10T14:19:40+00:00","dateModified":"2024-01-03T13:43:18+00:00","description":"Cet ouvrage pr\u00e9sente la th\u00e9orie et la pratique li\u00e9es aux diff\u00e9rentes machines qui constituent l\u2019univers de l\u2019\u00e9lectronique musicale. Il \u00e9tudie les s\u00e9quenceurs, les bo\u00eetes \u00e0 rythmes, les \u00e9chantillonneurs, les groove-machines et les vocodeurs de 1960 \u00e0 nos jours, via leurs contextes historique, physique et th\u00e9orique.","breadcrumb":{"@id":"https:\/\/www.istegroup.com\/en\/produit\/les-machines-de-la-musique-electronique\/#breadcrumb"},"inLanguage":"fr-FR","potentialAction":[{"@type":"ReadAction","target":["https:\/\/www.istegroup.com\/en\/produit\/les-machines-de-la-musique-electronique\/"]}]},{"@type":"ImageObject","inLanguage":"fr-FR","@id":"https:\/\/www.istegroup.com\/en\/produit\/les-machines-de-la-musique-electronique\/#primaryimage","url":"https:\/\/www.istegroup.com\/wp-content\/uploads\/2019\/06\/Les-machines-de-la-musique-\u00e9lectronique.jpg","contentUrl":"https:\/\/www.istegroup.com\/wp-content\/uploads\/2019\/06\/Les-machines-de-la-musique-\u00e9lectronique.jpg","width":300,"height":452,"caption":"les nouveaux instruments musicaux"},{"@type":"BreadcrumbList","@id":"https:\/\/www.istegroup.com\/en\/produit\/les-machines-de-la-musique-electronique\/#breadcrumb","itemListElement":[{"@type":"ListItem","position":1,"name":"Home","item":"https:\/\/www.istegroup.com\/"},{"@type":"ListItem","position":2,"name":"Shop","item":"https:\/\/www.istegroup.com\/fr\/nouveautes\/"},{"@type":"ListItem","position":3,"name":"Les machines de la musique \u00e9lectronique"}]},{"@type":"WebSite","@id":"https:\/\/www.istegroup.com\/#website","url":"https:\/\/www.istegroup.com\/","name":"ISTE Group","description":"\u00c9diteur des Sciences","potentialAction":[{"@type":"SearchAction","target":{"@type":"EntryPoint","urlTemplate":"https:\/\/www.istegroup.com\/?s={search_term_string}"},"query-input":{"@type":"PropertyValueSpecification","valueRequired":true,"valueName":"search_term_string"}}],"inLanguage":"fr-FR"}]}},"_links":{"self":[{"href":"https:\/\/www.istegroup.com\/fr\/wp-json\/wp\/v2\/product\/21770","targetHints":{"allow":["GET"]}}],"collection":[{"href":"https:\/\/www.istegroup.com\/fr\/wp-json\/wp\/v2\/product"}],"about":[{"href":"https:\/\/www.istegroup.com\/fr\/wp-json\/wp\/v2\/types\/product"}],"wp:featuredmedia":[{"embeddable":true,"href":"https:\/\/www.istegroup.com\/fr\/wp-json\/wp\/v2\/media\/21782"}],"wp:attachment":[{"href":"https:\/\/www.istegroup.com\/fr\/wp-json\/wp\/v2\/media?parent=21770"}],"wp:term":[{"taxonomy":"product_brand","embeddable":true,"href":"https:\/\/www.istegroup.com\/fr\/wp-json\/wp\/v2\/product_brand?post=21770"},{"taxonomy":"product_cat","embeddable":true,"href":"https:\/\/www.istegroup.com\/fr\/wp-json\/wp\/v2\/product_cat?post=21770"},{"taxonomy":"product_tag","embeddable":true,"href":"https:\/\/www.istegroup.com\/fr\/wp-json\/wp\/v2\/product_tag?post=21770"}],"curies":[{"name":"wp","href":"https:\/\/api.w.org\/{rel}","templated":true}]}}