{"id":21762,"date":"2019-08-10T14:29:06","date_gmt":"2019-08-10T13:29:06","guid":{"rendered":"https:\/\/www.istegroup.com\/?post_type=product&#038;p=21762"},"modified":"2024-01-03T13:43:18","modified_gmt":"2024-01-03T13:43:18","slug":"analyse-retrosynthetique-et-synthese-de-produits-naturels-1","status":"publish","type":"product","link":"https:\/\/www.istegroup.com\/fr\/produit\/analyse-retrosynthetique-et-synthese-de-produits-naturels-1\/","title":{"rendered":"Analyse r\u00e9trosynth\u00e9tique et synth\u00e8se de produits naturels 1"},"content":{"rendered":"<p>Mimer la nature en synth\u00e9tisant un produit naturel plus ou moins complexe \u00e0 partir de fragments simples et disponibles constitue un vrai challenge. L\u2019attrait exerc\u00e9 par la cible d\u00e9coule soit de ses propri\u00e9t\u00e9s biologiques ind\u00e9niables ou de son mode d\u2019action in\u00e9dit, soit de la complexit\u00e9 de la structure elle-m\u00eame et du d\u00e9fi synth\u00e9tique inh\u00e9rent. Les chercheurs peuvent s\u2019appuyer sur un panel de r\u00e9actions \u00e9tablies depuis des d\u00e9cennies, ou souhaiter appliquer la ou les m\u00e9thodes de synth\u00e8se qu\u2019ils ont eux-m\u00eames mises au point, et en v\u00e9rifier ainsi le potentiel.<\/p>\n<p>Cet ouvrage est construit autour de l\u2019\u00e9tude d\u2019une dizaine de cibles (butyrolactone, macrolide, compos\u00e9 indolique, terp\u00e8ne cyclobutanique, d\u00e9riv\u00e9s polycycliques, etc.). Pour chacune d\u2019entre elles, les diff\u00e9rentes d\u00e9connections sont pr\u00e9sent\u00e9es et les synth\u00e8ses associ\u00e9es analys\u00e9es \u00e9tape par \u00e9tape. Ces donn\u00e9es constituent un ensemble propice \u00e0 l\u2019apprentissage de la synth\u00e8se, pour s\u2019adonner ensuite \u00e0 cette activit\u00e9 r\u00e9put\u00e9e difficile mais exaltante.<\/p>\n","protected":false},"excerpt":{"rendered":"<p>Mimer la nature en synth\u00e9tisant un produit naturel plus ou moins complexe \u00e0 partir de fragments simples et disponibles constitue un vrai challenge. L\u2019attrait exerc\u00e9 par la cible d\u00e9coule soit de ses propri\u00e9t\u00e9s biologiques ind\u00e9niables ou de son mode d\u2019action in\u00e9dit, soit de la complexit\u00e9 de la structure elle-m\u00eame et du d\u00e9fi synth\u00e9tique inh\u00e9rent. Les [&hellip;]<\/p>\n","protected":false},"featured_media":21768,"template":"","meta":{"_acf_changed":false,"_links_to":"","_links_to_target":""},"product_brand":[],"product_cat":[3262],"product_tag":[],"class_list":{"0":"post-21762","1":"product","2":"type-product","3":"status-publish","4":"has-post-thumbnail","6":"product_cat-non-classe","8":"first","9":"instock","10":"shipping-taxable","11":"purchasable","12":"product-type-variable"},"acf":[],"yoast_head":"<!-- This site is optimized with the Yoast SEO plugin v27.2 - https:\/\/yoast.com\/product\/yoast-seo-wordpress\/ -->\n<title>Analyse r\u00e9trosynth\u00e9tique et synth\u00e8se de produits naturels 1 - ISTE Group<\/title>\n<meta name=\"description\" content=\"Analyse r\u00e9trosynth\u00e9tique et synth\u00e8se de produits naturels 1 est construit autour de l\u2019\u00e9tude d\u2019une dizaine de cibles (butyrolactone, macrolide, compos\u00e9 indolique, terp\u00e8ne cyclobutanique, d\u00e9riv\u00e9s polycycliques, etc.).\" \/>\n<meta name=\"robots\" content=\"index, follow, max-snippet:-1, max-image-preview:large, max-video-preview:-1\" \/>\n<link rel=\"canonical\" href=\"https:\/\/www.istegroup.com\/fr\/produit\/analyse-retrosynthetique-et-synthese-de-produits-naturels-1\/\" \/>\n<meta property=\"og:locale\" content=\"fr_FR\" \/>\n<meta property=\"og:type\" content=\"article\" \/>\n<meta property=\"og:title\" content=\"Analyse r\u00e9trosynth\u00e9tique et synth\u00e8se de produits naturels 1 - ISTE Group\" \/>\n<meta property=\"og:description\" content=\"Analyse r\u00e9trosynth\u00e9tique et synth\u00e8se de produits naturels 1 est construit autour de l\u2019\u00e9tude d\u2019une dizaine de cibles (butyrolactone, macrolide, compos\u00e9 indolique, terp\u00e8ne cyclobutanique, d\u00e9riv\u00e9s polycycliques, etc.).\" \/>\n<meta property=\"og:url\" content=\"https:\/\/www.istegroup.com\/fr\/produit\/analyse-retrosynthetique-et-synthese-de-produits-naturels-1\/\" \/>\n<meta property=\"og:site_name\" content=\"ISTE Group\" \/>\n<meta property=\"article:modified_time\" content=\"2024-01-03T13:43:18+00:00\" \/>\n<meta property=\"og:image\" content=\"https:\/\/www.istegroup.com\/wp-content\/uploads\/2019\/06\/Analyse-r\u00e9trosynth\u00e9tique-et-synth\u00e8se-de-produits-naturels.jpg\" \/>\n\t<meta property=\"og:image:width\" content=\"300\" \/>\n\t<meta property=\"og:image:height\" content=\"452\" \/>\n\t<meta property=\"og:image:type\" content=\"image\/jpeg\" \/>\n<meta name=\"twitter:card\" content=\"summary_large_image\" \/>\n<meta name=\"twitter:label1\" content=\"Est. reading time\" \/>\n\t<meta name=\"twitter:data1\" content=\"1 minute\" \/>\n<script type=\"application\/ld+json\" class=\"yoast-schema-graph\">{\"@context\":\"https:\/\/schema.org\",\"@graph\":[{\"@type\":\"WebPage\",\"@id\":\"https:\/\/www.istegroup.com\/fr\/produit\/analyse-retrosynthetique-et-synthese-de-produits-naturels-1\/\",\"url\":\"https:\/\/www.istegroup.com\/fr\/produit\/analyse-retrosynthetique-et-synthese-de-produits-naturels-1\/\",\"name\":\"Analyse r\u00e9trosynth\u00e9tique et synth\u00e8se de produits naturels 1 - ISTE Group\",\"isPartOf\":{\"@id\":\"https:\/\/www.istegroup.com\/#website\"},\"primaryImageOfPage\":{\"@id\":\"https:\/\/www.istegroup.com\/fr\/produit\/analyse-retrosynthetique-et-synthese-de-produits-naturels-1\/#primaryimage\"},\"image\":{\"@id\":\"https:\/\/www.istegroup.com\/fr\/produit\/analyse-retrosynthetique-et-synthese-de-produits-naturels-1\/#primaryimage\"},\"thumbnailUrl\":\"https:\/\/www.istegroup.com\/wp-content\/uploads\/2019\/06\/Analyse-r\u00e9trosynth\u00e9tique-et-synth\u00e8se-de-produits-naturels.jpg\",\"datePublished\":\"2019-08-10T13:29:06+00:00\",\"dateModified\":\"2024-01-03T13:43:18+00:00\",\"description\":\"Analyse r\u00e9trosynth\u00e9tique et synth\u00e8se de produits naturels 1 est construit autour de l\u2019\u00e9tude d\u2019une dizaine de cibles (butyrolactone, macrolide, compos\u00e9 indolique, terp\u00e8ne cyclobutanique, d\u00e9riv\u00e9s polycycliques, etc.).\",\"breadcrumb\":{\"@id\":\"https:\/\/www.istegroup.com\/fr\/produit\/analyse-retrosynthetique-et-synthese-de-produits-naturels-1\/#breadcrumb\"},\"inLanguage\":\"fr-FR\",\"potentialAction\":[{\"@type\":\"ReadAction\",\"target\":[\"https:\/\/www.istegroup.com\/fr\/produit\/analyse-retrosynthetique-et-synthese-de-produits-naturels-1\/\"]}]},{\"@type\":\"ImageObject\",\"inLanguage\":\"fr-FR\",\"@id\":\"https:\/\/www.istegroup.com\/fr\/produit\/analyse-retrosynthetique-et-synthese-de-produits-naturels-1\/#primaryimage\",\"url\":\"https:\/\/www.istegroup.com\/wp-content\/uploads\/2019\/06\/Analyse-r\u00e9trosynth\u00e9tique-et-synth\u00e8se-de-produits-naturels.jpg\",\"contentUrl\":\"https:\/\/www.istegroup.com\/wp-content\/uploads\/2019\/06\/Analyse-r\u00e9trosynth\u00e9tique-et-synth\u00e8se-de-produits-naturels.jpg\",\"width\":300,\"height\":452,\"caption\":\"M\u00e9thodes synth\u00e9tiques et applications\"},{\"@type\":\"BreadcrumbList\",\"@id\":\"https:\/\/www.istegroup.com\/fr\/produit\/analyse-retrosynthetique-et-synthese-de-produits-naturels-1\/#breadcrumb\",\"itemListElement\":[{\"@type\":\"ListItem\",\"position\":1,\"name\":\"Home\",\"item\":\"https:\/\/www.istegroup.com\/\"},{\"@type\":\"ListItem\",\"position\":2,\"name\":\"Shop\",\"item\":\"https:\/\/www.istegroup.com\/fr\/nouveautes\/\"},{\"@type\":\"ListItem\",\"position\":3,\"name\":\"Analyse r\u00e9trosynth\u00e9tique et synth\u00e8se de produits naturels 1\"}]},{\"@type\":\"WebSite\",\"@id\":\"https:\/\/www.istegroup.com\/#website\",\"url\":\"https:\/\/www.istegroup.com\/\",\"name\":\"ISTE Group\",\"description\":\"\u00c9diteur des Sciences\",\"potentialAction\":[{\"@type\":\"SearchAction\",\"target\":{\"@type\":\"EntryPoint\",\"urlTemplate\":\"https:\/\/www.istegroup.com\/?s={search_term_string}\"},\"query-input\":{\"@type\":\"PropertyValueSpecification\",\"valueRequired\":true,\"valueName\":\"search_term_string\"}}],\"inLanguage\":\"fr-FR\"}]}<\/script>\n<!-- \/ Yoast SEO plugin. -->","yoast_head_json":{"title":"Analyse r\u00e9trosynth\u00e9tique et synth\u00e8se de produits naturels 1 - ISTE Group","description":"Analyse r\u00e9trosynth\u00e9tique et synth\u00e8se de produits naturels 1 est construit autour de l\u2019\u00e9tude d\u2019une dizaine de cibles (butyrolactone, macrolide, compos\u00e9 indolique, terp\u00e8ne cyclobutanique, d\u00e9riv\u00e9s polycycliques, etc.).","robots":{"index":"index","follow":"follow","max-snippet":"max-snippet:-1","max-image-preview":"max-image-preview:large","max-video-preview":"max-video-preview:-1"},"canonical":"https:\/\/www.istegroup.com\/fr\/produit\/analyse-retrosynthetique-et-synthese-de-produits-naturels-1\/","og_locale":"fr_FR","og_type":"article","og_title":"Analyse r\u00e9trosynth\u00e9tique et synth\u00e8se de produits naturels 1 - ISTE Group","og_description":"Analyse r\u00e9trosynth\u00e9tique et synth\u00e8se de produits naturels 1 est construit autour de l\u2019\u00e9tude d\u2019une dizaine de cibles (butyrolactone, macrolide, compos\u00e9 indolique, terp\u00e8ne cyclobutanique, d\u00e9riv\u00e9s polycycliques, etc.).","og_url":"https:\/\/www.istegroup.com\/fr\/produit\/analyse-retrosynthetique-et-synthese-de-produits-naturels-1\/","og_site_name":"ISTE Group","article_modified_time":"2024-01-03T13:43:18+00:00","og_image":[{"width":300,"height":452,"url":"https:\/\/www.istegroup.com\/wp-content\/uploads\/2019\/06\/Analyse-r\u00e9trosynth\u00e9tique-et-synth\u00e8se-de-produits-naturels.jpg","type":"image\/jpeg"}],"twitter_card":"summary_large_image","twitter_misc":{"Est. reading time":"1 minute"},"schema":{"@context":"https:\/\/schema.org","@graph":[{"@type":"WebPage","@id":"https:\/\/www.istegroup.com\/fr\/produit\/analyse-retrosynthetique-et-synthese-de-produits-naturels-1\/","url":"https:\/\/www.istegroup.com\/fr\/produit\/analyse-retrosynthetique-et-synthese-de-produits-naturels-1\/","name":"Analyse r\u00e9trosynth\u00e9tique et synth\u00e8se de produits naturels 1 - ISTE Group","isPartOf":{"@id":"https:\/\/www.istegroup.com\/#website"},"primaryImageOfPage":{"@id":"https:\/\/www.istegroup.com\/fr\/produit\/analyse-retrosynthetique-et-synthese-de-produits-naturels-1\/#primaryimage"},"image":{"@id":"https:\/\/www.istegroup.com\/fr\/produit\/analyse-retrosynthetique-et-synthese-de-produits-naturels-1\/#primaryimage"},"thumbnailUrl":"https:\/\/www.istegroup.com\/wp-content\/uploads\/2019\/06\/Analyse-r\u00e9trosynth\u00e9tique-et-synth\u00e8se-de-produits-naturels.jpg","datePublished":"2019-08-10T13:29:06+00:00","dateModified":"2024-01-03T13:43:18+00:00","description":"Analyse r\u00e9trosynth\u00e9tique et synth\u00e8se de produits naturels 1 est construit autour de l\u2019\u00e9tude d\u2019une dizaine de cibles (butyrolactone, macrolide, compos\u00e9 indolique, terp\u00e8ne cyclobutanique, d\u00e9riv\u00e9s polycycliques, etc.).","breadcrumb":{"@id":"https:\/\/www.istegroup.com\/fr\/produit\/analyse-retrosynthetique-et-synthese-de-produits-naturels-1\/#breadcrumb"},"inLanguage":"fr-FR","potentialAction":[{"@type":"ReadAction","target":["https:\/\/www.istegroup.com\/fr\/produit\/analyse-retrosynthetique-et-synthese-de-produits-naturels-1\/"]}]},{"@type":"ImageObject","inLanguage":"fr-FR","@id":"https:\/\/www.istegroup.com\/fr\/produit\/analyse-retrosynthetique-et-synthese-de-produits-naturels-1\/#primaryimage","url":"https:\/\/www.istegroup.com\/wp-content\/uploads\/2019\/06\/Analyse-r\u00e9trosynth\u00e9tique-et-synth\u00e8se-de-produits-naturels.jpg","contentUrl":"https:\/\/www.istegroup.com\/wp-content\/uploads\/2019\/06\/Analyse-r\u00e9trosynth\u00e9tique-et-synth\u00e8se-de-produits-naturels.jpg","width":300,"height":452,"caption":"M\u00e9thodes synth\u00e9tiques et applications"},{"@type":"BreadcrumbList","@id":"https:\/\/www.istegroup.com\/fr\/produit\/analyse-retrosynthetique-et-synthese-de-produits-naturels-1\/#breadcrumb","itemListElement":[{"@type":"ListItem","position":1,"name":"Home","item":"https:\/\/www.istegroup.com\/"},{"@type":"ListItem","position":2,"name":"Shop","item":"https:\/\/www.istegroup.com\/fr\/nouveautes\/"},{"@type":"ListItem","position":3,"name":"Analyse r\u00e9trosynth\u00e9tique et synth\u00e8se de produits naturels 1"}]},{"@type":"WebSite","@id":"https:\/\/www.istegroup.com\/#website","url":"https:\/\/www.istegroup.com\/","name":"ISTE Group","description":"\u00c9diteur des Sciences","potentialAction":[{"@type":"SearchAction","target":{"@type":"EntryPoint","urlTemplate":"https:\/\/www.istegroup.com\/?s={search_term_string}"},"query-input":{"@type":"PropertyValueSpecification","valueRequired":true,"valueName":"search_term_string"}}],"inLanguage":"fr-FR"}]}},"_links":{"self":[{"href":"https:\/\/www.istegroup.com\/fr\/wp-json\/wp\/v2\/product\/21762","targetHints":{"allow":["GET"]}}],"collection":[{"href":"https:\/\/www.istegroup.com\/fr\/wp-json\/wp\/v2\/product"}],"about":[{"href":"https:\/\/www.istegroup.com\/fr\/wp-json\/wp\/v2\/types\/product"}],"wp:featuredmedia":[{"embeddable":true,"href":"https:\/\/www.istegroup.com\/fr\/wp-json\/wp\/v2\/media\/21768"}],"wp:attachment":[{"href":"https:\/\/www.istegroup.com\/fr\/wp-json\/wp\/v2\/media?parent=21762"}],"wp:term":[{"taxonomy":"product_brand","embeddable":true,"href":"https:\/\/www.istegroup.com\/fr\/wp-json\/wp\/v2\/product_brand?post=21762"},{"taxonomy":"product_cat","embeddable":true,"href":"https:\/\/www.istegroup.com\/fr\/wp-json\/wp\/v2\/product_cat?post=21762"},{"taxonomy":"product_tag","embeddable":true,"href":"https:\/\/www.istegroup.com\/fr\/wp-json\/wp\/v2\/product_tag?post=21762"}],"curies":[{"name":"wp","href":"https:\/\/api.w.org\/{rel}","templated":true}]}}