{"id":217,"date":"2017-07-28T11:05:21","date_gmt":"2017-07-28T09:05:21","guid":{"rendered":"https:\/\/iste.yhello.co\/product\/electronique-de-puissance-pour-lindustrie-et-les-transports-3\/"},"modified":"2024-01-03T13:38:54","modified_gmt":"2024-01-03T13:38:54","slug":"electronique-de-puissance-pour-lindustrie-et-les-transports-3","status":"publish","type":"product","link":"https:\/\/www.istegroup.com\/fr\/produit\/electronique-de-puissance-pour-lindustrie-et-les-transports-3\/","title":{"rendered":"Electronique de puissance pour l&rsquo;industrie et les transports 3"},"content":{"rendered":"<p>Certains convertisseurs \u00e9lectroniques de puissance sont sp\u00e9cifiquement con\u00e7us pour alimenter des \u00e9quipements sous une tension continue liss\u00e9e. Par cons\u00e9quent, l\u2019aspect filtrage implique n\u00e9cessairement l\u2019usage de composants passifs auxiliaires (inductances et condensateurs).<\/p>\n<p>Cet ouvrage traite des aspects techniques tels que la s\u00e9paration classique entre alimentations isol\u00e9es et non isol\u00e9es, et la commutation douce au travers d\u2019un convertisseur particulier. Il r\u00e9pond au probl\u00e8me de la r\u00e9gulation de la tension de sortie des alimentations \u00e0 d\u00e9coupage sous l\u2019angle de la mod\u00e9lisation et de l\u2019obtention de fonctions de transfert des alimentations \u00e0 d\u00e9coupage.<\/p>\n<p><em>Electronique de puissance pour l\u2019industrie et les transports 3<\/em>\u00a0propose une \u00e9tude de cas d\u2019une alimentation isol\u00e9e Flyback dont la conception compl\u00e8te est pr\u00e9sent\u00e9e : les composants actifs et passifs sont dimensionn\u00e9s sur la base du cahier des charges fix\u00e9 initialement. Une attention particuli\u00e8re est port\u00e9e aux condensateurs de sortie du convertisseur et \u00e0 l\u2019ensemble des organes environnants.<\/p>\n","protected":false},"excerpt":{"rendered":"<p>Certains convertisseurs \u00e9lectroniques de puissance sont sp\u00e9cifiquement con\u00e7us pour alimenter des \u00e9quipements sous une tension continue liss\u00e9e. Par cons\u00e9quent, l\u2019aspect filtrage implique n\u00e9cessairement l\u2019usage de composants passifs auxiliaires (inductances et condensateurs). Cet ouvrage traite des aspects techniques tels que la s\u00e9paration classique entre alimentations isol\u00e9es et non isol\u00e9es, et la commutation douce au travers d\u2019un [&hellip;]<\/p>\n","protected":false},"featured_media":218,"template":"","meta":{"_acf_changed":false,"_links_to":"","_links_to_target":""},"product_brand":[],"product_cat":[659],"product_tag":[31,196,276,1162,1163,247,197,198,199,21,200,22,201,203,204,63,25,172,209,212,38,192,145,28,1159,253,331],"class_list":{"0":"post-217","1":"product","2":"type-product","3":"status-publish","4":"has-post-thumbnail","6":"product_cat-electronique-11476903","7":"product_tag-ebook","8":"product_tag-ebooks","9":"product_tag-electronique","10":"product_tag-electronique-de-puissance-pour-lindustrie-et-les-transports-3","11":"product_tag-electroniques","12":"product_tag-industrie","13":"product_tag-iste","14":"product_tag-iste-edition","15":"product_tag-iste-editions","16":"product_tag-iste-group","17":"product_tag-isteedition","18":"product_tag-istegroup","19":"product_tag-kindle","20":"product_tag-liseuse","21":"product_tag-livre","22":"product_tag-livre-electronique","23":"product_tag-livre-numerique","24":"product_tag-livre-scientifique","25":"product_tag-livres-scientifiques","26":"product_tag-ouvrage","27":"product_tag-ouvrage-numerique","28":"product_tag-ouvrage-science","29":"product_tag-ouvrage-scientifique","30":"product_tag-ouvrage-scientifique-francais","31":"product_tag-puissance","32":"product_tag-technologie","33":"product_tag-transports","35":"first","36":"instock","37":"shipping-taxable","38":"purchasable","39":"product-type-variable"},"acf":[],"yoast_head":"<!-- This site is optimized with the Yoast SEO plugin v27.2 - https:\/\/yoast.com\/product\/yoast-seo-wordpress\/ -->\n<title>Electronique de puissance pour l&#039;industrie et les transports 3 - ISTE Group<\/title>\n<meta name=\"description\" content=\"Electronique de puissance pour l&#039;industrie et les transports 3 propose une \u00e9tude de cas d\u2019une alimentation isol\u00e9e Flyback.\" \/>\n<meta name=\"robots\" content=\"index, follow, max-snippet:-1, max-image-preview:large, max-video-preview:-1\" \/>\n<link rel=\"canonical\" href=\"https:\/\/www.istegroup.com\/fr\/produit\/electronique-de-puissance-pour-lindustrie-et-les-transports-3\/\" \/>\n<meta property=\"og:locale\" content=\"fr_FR\" \/>\n<meta property=\"og:type\" content=\"article\" \/>\n<meta property=\"og:title\" content=\"Electronique de puissance pour l&#039;industrie et les transports 3 - ISTE Group\" \/>\n<meta property=\"og:description\" content=\"Electronique de puissance pour l&#039;industrie et les transports 3 propose une \u00e9tude de cas d\u2019une alimentation isol\u00e9e Flyback.\" \/>\n<meta property=\"og:url\" content=\"https:\/\/www.istegroup.com\/fr\/produit\/electronique-de-puissance-pour-lindustrie-et-les-transports-3\/\" \/>\n<meta property=\"og:site_name\" content=\"ISTE Group\" \/>\n<meta property=\"article:modified_time\" content=\"2024-01-03T13:38:54+00:00\" \/>\n<meta property=\"og:image\" content=\"https:\/\/www.istegroup.com\/wp-content\/uploads\/2017\/07\/1076130460_379091868-1.jpg\" \/>\n\t<meta property=\"og:image:width\" content=\"300\" \/>\n\t<meta property=\"og:image:height\" content=\"452\" \/>\n\t<meta property=\"og:image:type\" content=\"image\/jpeg\" \/>\n<meta name=\"twitter:card\" content=\"summary_large_image\" \/>\n<meta name=\"twitter:label1\" content=\"Est. reading time\" \/>\n\t<meta name=\"twitter:data1\" content=\"1 minute\" \/>\n<script type=\"application\/ld+json\" class=\"yoast-schema-graph\">{\"@context\":\"https:\/\/schema.org\",\"@graph\":[{\"@type\":\"WebPage\",\"@id\":\"https:\/\/www.istegroup.com\/fr\/produit\/electronique-de-puissance-pour-lindustrie-et-les-transports-3\/\",\"url\":\"https:\/\/www.istegroup.com\/fr\/produit\/electronique-de-puissance-pour-lindustrie-et-les-transports-3\/\",\"name\":\"Electronique de puissance pour l'industrie et les transports 3 - ISTE Group\",\"isPartOf\":{\"@id\":\"https:\/\/www.istegroup.com\/#website\"},\"primaryImageOfPage\":{\"@id\":\"https:\/\/www.istegroup.com\/fr\/produit\/electronique-de-puissance-pour-lindustrie-et-les-transports-3\/#primaryimage\"},\"image\":{\"@id\":\"https:\/\/www.istegroup.com\/fr\/produit\/electronique-de-puissance-pour-lindustrie-et-les-transports-3\/#primaryimage\"},\"thumbnailUrl\":\"https:\/\/www.istegroup.com\/wp-content\/uploads\/2017\/07\/1076130460_379091868-1.jpg\",\"datePublished\":\"2017-07-28T09:05:21+00:00\",\"dateModified\":\"2024-01-03T13:38:54+00:00\",\"description\":\"Electronique de puissance pour l'industrie et les transports 3 propose une \u00e9tude de cas d\u2019une alimentation isol\u00e9e Flyback.\",\"breadcrumb\":{\"@id\":\"https:\/\/www.istegroup.com\/fr\/produit\/electronique-de-puissance-pour-lindustrie-et-les-transports-3\/#breadcrumb\"},\"inLanguage\":\"fr-FR\",\"potentialAction\":[{\"@type\":\"ReadAction\",\"target\":[\"https:\/\/www.istegroup.com\/fr\/produit\/electronique-de-puissance-pour-lindustrie-et-les-transports-3\/\"]}]},{\"@type\":\"ImageObject\",\"inLanguage\":\"fr-FR\",\"@id\":\"https:\/\/www.istegroup.com\/fr\/produit\/electronique-de-puissance-pour-lindustrie-et-les-transports-3\/#primaryimage\",\"url\":\"https:\/\/www.istegroup.com\/wp-content\/uploads\/2017\/07\/1076130460_379091868-1.jpg\",\"contentUrl\":\"https:\/\/www.istegroup.com\/wp-content\/uploads\/2017\/07\/1076130460_379091868-1.jpg\",\"width\":300,\"height\":452,\"caption\":\"Alimentations \u00e0 d\u00e9coupage\"},{\"@type\":\"BreadcrumbList\",\"@id\":\"https:\/\/www.istegroup.com\/fr\/produit\/electronique-de-puissance-pour-lindustrie-et-les-transports-3\/#breadcrumb\",\"itemListElement\":[{\"@type\":\"ListItem\",\"position\":1,\"name\":\"Home\",\"item\":\"https:\/\/www.istegroup.com\/\"},{\"@type\":\"ListItem\",\"position\":2,\"name\":\"Shop\",\"item\":\"https:\/\/www.istegroup.com\/fr\/nouveautes\/\"},{\"@type\":\"ListItem\",\"position\":3,\"name\":\"Electronique de puissance pour l&rsquo;industrie et les transports 3\"}]},{\"@type\":\"WebSite\",\"@id\":\"https:\/\/www.istegroup.com\/#website\",\"url\":\"https:\/\/www.istegroup.com\/\",\"name\":\"ISTE Group\",\"description\":\"\u00c9diteur des Sciences\",\"potentialAction\":[{\"@type\":\"SearchAction\",\"target\":{\"@type\":\"EntryPoint\",\"urlTemplate\":\"https:\/\/www.istegroup.com\/?s={search_term_string}\"},\"query-input\":{\"@type\":\"PropertyValueSpecification\",\"valueRequired\":true,\"valueName\":\"search_term_string\"}}],\"inLanguage\":\"fr-FR\"}]}<\/script>\n<!-- \/ Yoast SEO plugin. -->","yoast_head_json":{"title":"Electronique de puissance pour l'industrie et les transports 3 - ISTE Group","description":"Electronique de puissance pour l'industrie et les transports 3 propose une \u00e9tude de cas d\u2019une alimentation isol\u00e9e Flyback.","robots":{"index":"index","follow":"follow","max-snippet":"max-snippet:-1","max-image-preview":"max-image-preview:large","max-video-preview":"max-video-preview:-1"},"canonical":"https:\/\/www.istegroup.com\/fr\/produit\/electronique-de-puissance-pour-lindustrie-et-les-transports-3\/","og_locale":"fr_FR","og_type":"article","og_title":"Electronique de puissance pour l'industrie et les transports 3 - ISTE Group","og_description":"Electronique de puissance pour l'industrie et les transports 3 propose une \u00e9tude de cas d\u2019une alimentation isol\u00e9e Flyback.","og_url":"https:\/\/www.istegroup.com\/fr\/produit\/electronique-de-puissance-pour-lindustrie-et-les-transports-3\/","og_site_name":"ISTE Group","article_modified_time":"2024-01-03T13:38:54+00:00","og_image":[{"width":300,"height":452,"url":"https:\/\/www.istegroup.com\/wp-content\/uploads\/2017\/07\/1076130460_379091868-1.jpg","type":"image\/jpeg"}],"twitter_card":"summary_large_image","twitter_misc":{"Est. reading time":"1 minute"},"schema":{"@context":"https:\/\/schema.org","@graph":[{"@type":"WebPage","@id":"https:\/\/www.istegroup.com\/fr\/produit\/electronique-de-puissance-pour-lindustrie-et-les-transports-3\/","url":"https:\/\/www.istegroup.com\/fr\/produit\/electronique-de-puissance-pour-lindustrie-et-les-transports-3\/","name":"Electronique de puissance pour l'industrie et les transports 3 - ISTE Group","isPartOf":{"@id":"https:\/\/www.istegroup.com\/#website"},"primaryImageOfPage":{"@id":"https:\/\/www.istegroup.com\/fr\/produit\/electronique-de-puissance-pour-lindustrie-et-les-transports-3\/#primaryimage"},"image":{"@id":"https:\/\/www.istegroup.com\/fr\/produit\/electronique-de-puissance-pour-lindustrie-et-les-transports-3\/#primaryimage"},"thumbnailUrl":"https:\/\/www.istegroup.com\/wp-content\/uploads\/2017\/07\/1076130460_379091868-1.jpg","datePublished":"2017-07-28T09:05:21+00:00","dateModified":"2024-01-03T13:38:54+00:00","description":"Electronique de puissance pour l'industrie et les transports 3 propose une \u00e9tude de cas d\u2019une alimentation isol\u00e9e Flyback.","breadcrumb":{"@id":"https:\/\/www.istegroup.com\/fr\/produit\/electronique-de-puissance-pour-lindustrie-et-les-transports-3\/#breadcrumb"},"inLanguage":"fr-FR","potentialAction":[{"@type":"ReadAction","target":["https:\/\/www.istegroup.com\/fr\/produit\/electronique-de-puissance-pour-lindustrie-et-les-transports-3\/"]}]},{"@type":"ImageObject","inLanguage":"fr-FR","@id":"https:\/\/www.istegroup.com\/fr\/produit\/electronique-de-puissance-pour-lindustrie-et-les-transports-3\/#primaryimage","url":"https:\/\/www.istegroup.com\/wp-content\/uploads\/2017\/07\/1076130460_379091868-1.jpg","contentUrl":"https:\/\/www.istegroup.com\/wp-content\/uploads\/2017\/07\/1076130460_379091868-1.jpg","width":300,"height":452,"caption":"Alimentations \u00e0 d\u00e9coupage"},{"@type":"BreadcrumbList","@id":"https:\/\/www.istegroup.com\/fr\/produit\/electronique-de-puissance-pour-lindustrie-et-les-transports-3\/#breadcrumb","itemListElement":[{"@type":"ListItem","position":1,"name":"Home","item":"https:\/\/www.istegroup.com\/"},{"@type":"ListItem","position":2,"name":"Shop","item":"https:\/\/www.istegroup.com\/fr\/nouveautes\/"},{"@type":"ListItem","position":3,"name":"Electronique de puissance pour l&rsquo;industrie et les transports 3"}]},{"@type":"WebSite","@id":"https:\/\/www.istegroup.com\/#website","url":"https:\/\/www.istegroup.com\/","name":"ISTE Group","description":"\u00c9diteur des Sciences","potentialAction":[{"@type":"SearchAction","target":{"@type":"EntryPoint","urlTemplate":"https:\/\/www.istegroup.com\/?s={search_term_string}"},"query-input":{"@type":"PropertyValueSpecification","valueRequired":true,"valueName":"search_term_string"}}],"inLanguage":"fr-FR"}]}},"_links":{"self":[{"href":"https:\/\/www.istegroup.com\/fr\/wp-json\/wp\/v2\/product\/217","targetHints":{"allow":["GET"]}}],"collection":[{"href":"https:\/\/www.istegroup.com\/fr\/wp-json\/wp\/v2\/product"}],"about":[{"href":"https:\/\/www.istegroup.com\/fr\/wp-json\/wp\/v2\/types\/product"}],"wp:featuredmedia":[{"embeddable":true,"href":"https:\/\/www.istegroup.com\/fr\/wp-json\/wp\/v2\/media\/218"}],"wp:attachment":[{"href":"https:\/\/www.istegroup.com\/fr\/wp-json\/wp\/v2\/media?parent=217"}],"wp:term":[{"taxonomy":"product_brand","embeddable":true,"href":"https:\/\/www.istegroup.com\/fr\/wp-json\/wp\/v2\/product_brand?post=217"},{"taxonomy":"product_cat","embeddable":true,"href":"https:\/\/www.istegroup.com\/fr\/wp-json\/wp\/v2\/product_cat?post=217"},{"taxonomy":"product_tag","embeddable":true,"href":"https:\/\/www.istegroup.com\/fr\/wp-json\/wp\/v2\/product_tag?post=217"}],"curies":[{"name":"wp","href":"https:\/\/api.w.org\/{rel}","templated":true}]}}