{"id":21628,"date":"2019-07-01T17:43:48","date_gmt":"2019-07-01T16:43:48","guid":{"rendered":"https:\/\/www.istegroup.com\/?post_type=product&#038;p=21628"},"modified":"2024-01-03T13:43:15","modified_gmt":"2024-01-03T13:43:15","slug":"figures-de-la-verite","status":"publish","type":"product","link":"https:\/\/www.istegroup.com\/fr\/produit\/figures-de-la-verite\/","title":{"rendered":"Figures de la v\u00e9rit\u00e9"},"content":{"rendered":"<p>Ponce Pilate a demand\u00e9 : \u00ab Qu\u2019est-ce que la v\u00e9rit\u00e9 ? \u00bb. Plus modestement, cet ouvrage se propose d\u2019explorer ce que signifie le mot \u00ab vrai \u00bb, ou la propri\u00e9t\u00e9 d\u2019\u00eatre vrai.<\/p>\n<p><em>Figures de la v\u00e9rit\u00e9<\/em> effectue un tour d\u2019horizon des r\u00e9ponses que l\u2019histoire de la philosophie a apport\u00e9es \u00e0 cette question, \u00e0 travers l\u2019\u00e9tude des textes d\u2019Aristote, un aper\u00e7u de la philosophie m\u00e9di\u00e9vale et de la tradition arabe, ainsi qu\u2019un commentaire des \u0153uvres de Bolzano et de Twardowski. Il traite ensuite des diverses approches contemporaines du probl\u00e8me de la v\u00e9rit\u00e9 : th\u00e9orie des <em>truth-makers<\/em>, formes et port\u00e9e de la conception d\u00e9flationniste de la v\u00e9rit\u00e9, retour critique sur la conception s\u00e9mantique du vrai, et en particulier sur la fameuse convention T de Tarski. Enfin, il s\u2019interroge sur la valeur existentielle d\u2019une vie dans la v\u00e9rit\u00e9, et, <em>a contrario<\/em>, sur la manipulation de la v\u00e9rit\u00e9 par les r\u00e9gimes totalitaires.<\/p>\n","protected":false},"excerpt":{"rendered":"<p>Ponce Pilate a demand\u00e9 : \u00ab Qu\u2019est-ce que la v\u00e9rit\u00e9 ? \u00bb. Plus modestement, cet ouvrage se propose d\u2019explorer ce que signifie le mot \u00ab vrai \u00bb, ou la propri\u00e9t\u00e9 d\u2019\u00eatre vrai. Figures de la v\u00e9rit\u00e9 effectue un tour d\u2019horizon des r\u00e9ponses que l\u2019histoire de la philosophie a apport\u00e9es \u00e0 cette question, \u00e0 travers l\u2019\u00e9tude [&hellip;]<\/p>\n","protected":false},"featured_media":21634,"template":"","meta":{"_acf_changed":false,"_links_to":"","_links_to_target":""},"product_brand":[],"product_cat":[3262],"product_tag":[],"class_list":{"0":"post-21628","1":"product","2":"type-product","3":"status-publish","4":"has-post-thumbnail","6":"product_cat-non-classe","8":"first","9":"instock","10":"shipping-taxable","11":"purchasable","12":"product-type-variable"},"acf":[],"yoast_head":"<!-- This site is optimized with the Yoast SEO plugin v27.2 - https:\/\/yoast.com\/product\/yoast-seo-wordpress\/ -->\n<title>Figures de la v\u00e9rit\u00e9 - ISTE Group<\/title>\n<meta name=\"description\" content=\"Figures de la v\u00e9rit\u00e9 traite des diverses approches contemporaines du probl\u00e8me de la v\u00e9rit\u00e9 : th\u00e9orie des truth-makers, formes et port\u00e9e de la conception d\u00e9flationniste de la v\u00e9rit\u00e9, retour critique sur la conception s\u00e9mantique du vrai, et en particulier sur la fameuse convention T de Tarski.\" \/>\n<meta name=\"robots\" content=\"index, follow, max-snippet:-1, max-image-preview:large, max-video-preview:-1\" \/>\n<link rel=\"canonical\" href=\"https:\/\/www.istegroup.com\/en\/produit\/figures-de-la-verite\/\" \/>\n<meta property=\"og:locale\" content=\"fr_FR\" \/>\n<meta property=\"og:type\" content=\"article\" \/>\n<meta property=\"og:title\" content=\"Figures de la v\u00e9rit\u00e9 - ISTE Group\" \/>\n<meta property=\"og:description\" content=\"Figures de la v\u00e9rit\u00e9 traite des diverses approches contemporaines du probl\u00e8me de la v\u00e9rit\u00e9 : th\u00e9orie des truth-makers, formes et port\u00e9e de la conception d\u00e9flationniste de la v\u00e9rit\u00e9, retour critique sur la conception s\u00e9mantique du vrai, et en particulier sur la fameuse convention T de Tarski.\" \/>\n<meta property=\"og:url\" content=\"https:\/\/www.istegroup.com\/en\/produit\/figures-de-la-verite\/\" \/>\n<meta property=\"og:site_name\" content=\"ISTE Group\" \/>\n<meta property=\"article:modified_time\" content=\"2024-01-03T13:43:15+00:00\" \/>\n<meta property=\"og:image\" content=\"https:\/\/www.istegroup.com\/wp-content\/uploads\/2019\/06\/Figures-de-la-v\u00e9rit\u00e9-Fran\u00e7ois-Rivenc.jpg\" \/>\n\t<meta property=\"og:image:width\" content=\"300\" \/>\n\t<meta property=\"og:image:height\" content=\"452\" \/>\n\t<meta property=\"og:image:type\" content=\"image\/jpeg\" \/>\n<meta name=\"twitter:card\" content=\"summary_large_image\" \/>\n<meta name=\"twitter:label1\" content=\"Est. reading time\" \/>\n\t<meta name=\"twitter:data1\" content=\"1 minute\" \/>\n<script type=\"application\/ld+json\" class=\"yoast-schema-graph\">{\"@context\":\"https:\/\/schema.org\",\"@graph\":[{\"@type\":\"WebPage\",\"@id\":\"https:\/\/www.istegroup.com\/en\/produit\/figures-de-la-verite\/\",\"url\":\"https:\/\/www.istegroup.com\/en\/produit\/figures-de-la-verite\/\",\"name\":\"Figures de la v\u00e9rit\u00e9 - ISTE Group\",\"isPartOf\":{\"@id\":\"https:\/\/www.istegroup.com\/#website\"},\"primaryImageOfPage\":{\"@id\":\"https:\/\/www.istegroup.com\/en\/produit\/figures-de-la-verite\/#primaryimage\"},\"image\":{\"@id\":\"https:\/\/www.istegroup.com\/en\/produit\/figures-de-la-verite\/#primaryimage\"},\"thumbnailUrl\":\"https:\/\/www.istegroup.com\/wp-content\/uploads\/2019\/06\/Figures-de-la-v\u00e9rit\u00e9-Fran\u00e7ois-Rivenc.jpg\",\"datePublished\":\"2019-07-01T16:43:48+00:00\",\"dateModified\":\"2024-01-03T13:43:15+00:00\",\"description\":\"Figures de la v\u00e9rit\u00e9 traite des diverses approches contemporaines du probl\u00e8me de la v\u00e9rit\u00e9 : th\u00e9orie des truth-makers, formes et port\u00e9e de la conception d\u00e9flationniste de la v\u00e9rit\u00e9, retour critique sur la conception s\u00e9mantique du vrai, et en particulier sur la fameuse convention T de Tarski.\",\"breadcrumb\":{\"@id\":\"https:\/\/www.istegroup.com\/en\/produit\/figures-de-la-verite\/#breadcrumb\"},\"inLanguage\":\"fr-FR\",\"potentialAction\":[{\"@type\":\"ReadAction\",\"target\":[\"https:\/\/www.istegroup.com\/en\/produit\/figures-de-la-verite\/\"]}]},{\"@type\":\"ImageObject\",\"inLanguage\":\"fr-FR\",\"@id\":\"https:\/\/www.istegroup.com\/en\/produit\/figures-de-la-verite\/#primaryimage\",\"url\":\"https:\/\/www.istegroup.com\/wp-content\/uploads\/2019\/06\/Figures-de-la-v\u00e9rit\u00e9-Fran\u00e7ois-Rivenc.jpg\",\"contentUrl\":\"https:\/\/www.istegroup.com\/wp-content\/uploads\/2019\/06\/Figures-de-la-v\u00e9rit\u00e9-Fran\u00e7ois-Rivenc.jpg\",\"width\":300,\"height\":452,\"caption\":\"Figures de la v\u00e9rit\u00e9\"},{\"@type\":\"BreadcrumbList\",\"@id\":\"https:\/\/www.istegroup.com\/en\/produit\/figures-de-la-verite\/#breadcrumb\",\"itemListElement\":[{\"@type\":\"ListItem\",\"position\":1,\"name\":\"Home\",\"item\":\"https:\/\/www.istegroup.com\/\"},{\"@type\":\"ListItem\",\"position\":2,\"name\":\"Shop\",\"item\":\"https:\/\/www.istegroup.com\/fr\/nouveautes\/\"},{\"@type\":\"ListItem\",\"position\":3,\"name\":\"Figures de la v\u00e9rit\u00e9\"}]},{\"@type\":\"WebSite\",\"@id\":\"https:\/\/www.istegroup.com\/#website\",\"url\":\"https:\/\/www.istegroup.com\/\",\"name\":\"ISTE Group\",\"description\":\"\u00c9diteur des Sciences\",\"potentialAction\":[{\"@type\":\"SearchAction\",\"target\":{\"@type\":\"EntryPoint\",\"urlTemplate\":\"https:\/\/www.istegroup.com\/?s={search_term_string}\"},\"query-input\":{\"@type\":\"PropertyValueSpecification\",\"valueRequired\":true,\"valueName\":\"search_term_string\"}}],\"inLanguage\":\"fr-FR\"}]}<\/script>\n<!-- \/ Yoast SEO plugin. -->","yoast_head_json":{"title":"Figures de la v\u00e9rit\u00e9 - ISTE Group","description":"Figures de la v\u00e9rit\u00e9 traite des diverses approches contemporaines du probl\u00e8me de la v\u00e9rit\u00e9 : th\u00e9orie des truth-makers, formes et port\u00e9e de la conception d\u00e9flationniste de la v\u00e9rit\u00e9, retour critique sur la conception s\u00e9mantique du vrai, et en particulier sur la fameuse convention T de Tarski.","robots":{"index":"index","follow":"follow","max-snippet":"max-snippet:-1","max-image-preview":"max-image-preview:large","max-video-preview":"max-video-preview:-1"},"canonical":"https:\/\/www.istegroup.com\/en\/produit\/figures-de-la-verite\/","og_locale":"fr_FR","og_type":"article","og_title":"Figures de la v\u00e9rit\u00e9 - ISTE Group","og_description":"Figures de la v\u00e9rit\u00e9 traite des diverses approches contemporaines du probl\u00e8me de la v\u00e9rit\u00e9 : th\u00e9orie des truth-makers, formes et port\u00e9e de la conception d\u00e9flationniste de la v\u00e9rit\u00e9, retour critique sur la conception s\u00e9mantique du vrai, et en particulier sur la fameuse convention T de Tarski.","og_url":"https:\/\/www.istegroup.com\/en\/produit\/figures-de-la-verite\/","og_site_name":"ISTE Group","article_modified_time":"2024-01-03T13:43:15+00:00","og_image":[{"width":300,"height":452,"url":"https:\/\/www.istegroup.com\/wp-content\/uploads\/2019\/06\/Figures-de-la-v\u00e9rit\u00e9-Fran\u00e7ois-Rivenc.jpg","type":"image\/jpeg"}],"twitter_card":"summary_large_image","twitter_misc":{"Est. reading time":"1 minute"},"schema":{"@context":"https:\/\/schema.org","@graph":[{"@type":"WebPage","@id":"https:\/\/www.istegroup.com\/en\/produit\/figures-de-la-verite\/","url":"https:\/\/www.istegroup.com\/en\/produit\/figures-de-la-verite\/","name":"Figures de la v\u00e9rit\u00e9 - ISTE Group","isPartOf":{"@id":"https:\/\/www.istegroup.com\/#website"},"primaryImageOfPage":{"@id":"https:\/\/www.istegroup.com\/en\/produit\/figures-de-la-verite\/#primaryimage"},"image":{"@id":"https:\/\/www.istegroup.com\/en\/produit\/figures-de-la-verite\/#primaryimage"},"thumbnailUrl":"https:\/\/www.istegroup.com\/wp-content\/uploads\/2019\/06\/Figures-de-la-v\u00e9rit\u00e9-Fran\u00e7ois-Rivenc.jpg","datePublished":"2019-07-01T16:43:48+00:00","dateModified":"2024-01-03T13:43:15+00:00","description":"Figures de la v\u00e9rit\u00e9 traite des diverses approches contemporaines du probl\u00e8me de la v\u00e9rit\u00e9 : th\u00e9orie des truth-makers, formes et port\u00e9e de la conception d\u00e9flationniste de la v\u00e9rit\u00e9, retour critique sur la conception s\u00e9mantique du vrai, et en particulier sur la fameuse convention T de Tarski.","breadcrumb":{"@id":"https:\/\/www.istegroup.com\/en\/produit\/figures-de-la-verite\/#breadcrumb"},"inLanguage":"fr-FR","potentialAction":[{"@type":"ReadAction","target":["https:\/\/www.istegroup.com\/en\/produit\/figures-de-la-verite\/"]}]},{"@type":"ImageObject","inLanguage":"fr-FR","@id":"https:\/\/www.istegroup.com\/en\/produit\/figures-de-la-verite\/#primaryimage","url":"https:\/\/www.istegroup.com\/wp-content\/uploads\/2019\/06\/Figures-de-la-v\u00e9rit\u00e9-Fran\u00e7ois-Rivenc.jpg","contentUrl":"https:\/\/www.istegroup.com\/wp-content\/uploads\/2019\/06\/Figures-de-la-v\u00e9rit\u00e9-Fran\u00e7ois-Rivenc.jpg","width":300,"height":452,"caption":"Figures de la v\u00e9rit\u00e9"},{"@type":"BreadcrumbList","@id":"https:\/\/www.istegroup.com\/en\/produit\/figures-de-la-verite\/#breadcrumb","itemListElement":[{"@type":"ListItem","position":1,"name":"Home","item":"https:\/\/www.istegroup.com\/"},{"@type":"ListItem","position":2,"name":"Shop","item":"https:\/\/www.istegroup.com\/fr\/nouveautes\/"},{"@type":"ListItem","position":3,"name":"Figures de la v\u00e9rit\u00e9"}]},{"@type":"WebSite","@id":"https:\/\/www.istegroup.com\/#website","url":"https:\/\/www.istegroup.com\/","name":"ISTE Group","description":"\u00c9diteur des Sciences","potentialAction":[{"@type":"SearchAction","target":{"@type":"EntryPoint","urlTemplate":"https:\/\/www.istegroup.com\/?s={search_term_string}"},"query-input":{"@type":"PropertyValueSpecification","valueRequired":true,"valueName":"search_term_string"}}],"inLanguage":"fr-FR"}]}},"_links":{"self":[{"href":"https:\/\/www.istegroup.com\/fr\/wp-json\/wp\/v2\/product\/21628","targetHints":{"allow":["GET"]}}],"collection":[{"href":"https:\/\/www.istegroup.com\/fr\/wp-json\/wp\/v2\/product"}],"about":[{"href":"https:\/\/www.istegroup.com\/fr\/wp-json\/wp\/v2\/types\/product"}],"wp:featuredmedia":[{"embeddable":true,"href":"https:\/\/www.istegroup.com\/fr\/wp-json\/wp\/v2\/media\/21634"}],"wp:attachment":[{"href":"https:\/\/www.istegroup.com\/fr\/wp-json\/wp\/v2\/media?parent=21628"}],"wp:term":[{"taxonomy":"product_brand","embeddable":true,"href":"https:\/\/www.istegroup.com\/fr\/wp-json\/wp\/v2\/product_brand?post=21628"},{"taxonomy":"product_cat","embeddable":true,"href":"https:\/\/www.istegroup.com\/fr\/wp-json\/wp\/v2\/product_cat?post=21628"},{"taxonomy":"product_tag","embeddable":true,"href":"https:\/\/www.istegroup.com\/fr\/wp-json\/wp\/v2\/product_tag?post=21628"}],"curies":[{"name":"wp","href":"https:\/\/api.w.org\/{rel}","templated":true}]}}