{"id":21604,"date":"2019-07-01T17:28:22","date_gmt":"2019-07-01T16:28:22","guid":{"rendered":"https:\/\/www.istegroup.com\/?post_type=product&#038;p=21604"},"modified":"2024-01-03T13:43:15","modified_gmt":"2024-01-03T13:43:15","slug":"lemergence-des-start-up","status":"publish","type":"product","link":"https:\/\/www.istegroup.com\/fr\/produit\/lemergence-des-start-up\/","title":{"rendered":"L\u2019\u00e9mergence des start-up"},"content":{"rendered":"<p>Le nombre de cr\u00e9ations des jeunes pousses s\u2019envole depuis une dizaine d\u2019ann\u00e9es, si bien que le gouvernement encourage leur formation afin de faire de la France la \u00ab nation des start-up \u00bb.<\/p>\n<p>Cet ouvrage vise \u00e0 mieux comprendre l\u2019\u00e9mergence de ces entreprises en \u00e9tudiant l\u2019influence de l\u2019\u00e9cosyst\u00e8me sur leur d\u00e9veloppement et les modes de financements auxquels elles ont recours. Le financement des jeunes pousses constitue un enjeu de taille sachant qu\u2019elles sont souvent confront\u00e9es au refus d\u2019\u00eatre accompagn\u00e9es par les banques. Il d\u00e9pend en grande partie de l\u2019environnement g\u00e9opolitique et \u00e9conomique. Une \u00e9tude comparative avec les mod\u00e8les anglo-saxons permet de proposer des solutions de financement pour la France. L\u2019ouvrage traite aussi du financement participatif par fonds propres, ou <em>equity crowdfunding<\/em>, qui s\u2019av\u00e8re \u00eatre une alternative de financement \u00e0 succ\u00e8s.<\/p>\n<p>Par le biais d\u2019\u00e9tudes th\u00e9oriques et empiriques, <em>L\u2019\u00e9mergence des start-up<\/em> apporte des solutions concr\u00e8tes visant \u00e0 d\u00e9velopper l\u2019entreprenariat innovant.<\/p>\n","protected":false},"excerpt":{"rendered":"<p>Le nombre de cr\u00e9ations des jeunes pousses s\u2019envole depuis une dizaine d\u2019ann\u00e9es, si bien que le gouvernement encourage leur formation afin de faire de la France la \u00ab nation des start-up \u00bb. Cet ouvrage vise \u00e0 mieux comprendre l\u2019\u00e9mergence de ces entreprises en \u00e9tudiant l\u2019influence de l\u2019\u00e9cosyst\u00e8me sur leur d\u00e9veloppement et les modes de financements [&hellip;]<\/p>\n","protected":false},"featured_media":21627,"template":"","meta":{"_acf_changed":false,"_links_to":"","_links_to_target":""},"product_brand":[],"product_cat":[3262],"product_tag":[],"class_list":{"0":"post-21604","1":"product","2":"type-product","3":"status-publish","4":"has-post-thumbnail","6":"product_cat-non-classe","8":"first","9":"instock","10":"shipping-taxable","11":"purchasable","12":"product-type-variable"},"acf":[],"yoast_head":"<!-- This site is optimized with the Yoast SEO plugin v27.2 - https:\/\/yoast.com\/product\/yoast-seo-wordpress\/ -->\n<title>L\u2019\u00e9mergence des start-up - ISTE Group<\/title>\n<meta name=\"description\" content=\"L\u2019\u00e9mergence des start-up vise \u00e0 mieux comprendre l\u2019\u00e9mergence de ces entreprises en \u00e9tudiant l\u2019influence de l\u2019\u00e9cosyst\u00e8me sur leur d\u00e9veloppement et les modes de financements auxquels elles ont recours.\" \/>\n<meta name=\"robots\" content=\"index, follow, max-snippet:-1, max-image-preview:large, max-video-preview:-1\" \/>\n<link rel=\"canonical\" href=\"https:\/\/www.istegroup.com\/fr\/produit\/lemergence-des-start-up\/\" \/>\n<meta property=\"og:locale\" content=\"fr_FR\" \/>\n<meta property=\"og:type\" content=\"article\" \/>\n<meta property=\"og:title\" content=\"L\u2019\u00e9mergence des start-up - ISTE Group\" \/>\n<meta property=\"og:description\" content=\"L\u2019\u00e9mergence des start-up vise \u00e0 mieux comprendre l\u2019\u00e9mergence de ces entreprises en \u00e9tudiant l\u2019influence de l\u2019\u00e9cosyst\u00e8me sur leur d\u00e9veloppement et les modes de financements auxquels elles ont recours.\" \/>\n<meta property=\"og:url\" content=\"https:\/\/www.istegroup.com\/fr\/produit\/lemergence-des-start-up\/\" \/>\n<meta property=\"og:site_name\" content=\"ISTE Group\" \/>\n<meta property=\"article:modified_time\" content=\"2024-01-03T13:43:15+00:00\" \/>\n<meta property=\"og:image\" content=\"https:\/\/www.istegroup.com\/wp-content\/uploads\/2019\/06\/L\u2019\u00e9mergence-des-start-up-David-Heller-Sylvain-de-Chadirac-Lana-Halaoui-et-Camille-Jouvet.jpg\" \/>\n\t<meta property=\"og:image:width\" content=\"300\" \/>\n\t<meta property=\"og:image:height\" content=\"452\" \/>\n\t<meta property=\"og:image:type\" content=\"image\/jpeg\" \/>\n<meta name=\"twitter:card\" content=\"summary_large_image\" \/>\n<meta name=\"twitter:label1\" content=\"Est. reading time\" \/>\n\t<meta name=\"twitter:data1\" content=\"1 minute\" \/>\n<script type=\"application\/ld+json\" class=\"yoast-schema-graph\">{\"@context\":\"https:\/\/schema.org\",\"@graph\":[{\"@type\":\"WebPage\",\"@id\":\"https:\/\/www.istegroup.com\/fr\/produit\/lemergence-des-start-up\/\",\"url\":\"https:\/\/www.istegroup.com\/fr\/produit\/lemergence-des-start-up\/\",\"name\":\"L\u2019\u00e9mergence des start-up - ISTE Group\",\"isPartOf\":{\"@id\":\"https:\/\/www.istegroup.com\/#website\"},\"primaryImageOfPage\":{\"@id\":\"https:\/\/www.istegroup.com\/fr\/produit\/lemergence-des-start-up\/#primaryimage\"},\"image\":{\"@id\":\"https:\/\/www.istegroup.com\/fr\/produit\/lemergence-des-start-up\/#primaryimage\"},\"thumbnailUrl\":\"https:\/\/www.istegroup.com\/wp-content\/uploads\/2019\/06\/L\u2019\u00e9mergence-des-start-up-David-Heller-Sylvain-de-Chadirac-Lana-Halaoui-et-Camille-Jouvet.jpg\",\"datePublished\":\"2019-07-01T16:28:22+00:00\",\"dateModified\":\"2024-01-03T13:43:15+00:00\",\"description\":\"L\u2019\u00e9mergence des start-up vise \u00e0 mieux comprendre l\u2019\u00e9mergence de ces entreprises en \u00e9tudiant l\u2019influence de l\u2019\u00e9cosyst\u00e8me sur leur d\u00e9veloppement et les modes de financements auxquels elles ont recours.\",\"breadcrumb\":{\"@id\":\"https:\/\/www.istegroup.com\/fr\/produit\/lemergence-des-start-up\/#breadcrumb\"},\"inLanguage\":\"fr-FR\",\"potentialAction\":[{\"@type\":\"ReadAction\",\"target\":[\"https:\/\/www.istegroup.com\/fr\/produit\/lemergence-des-start-up\/\"]}]},{\"@type\":\"ImageObject\",\"inLanguage\":\"fr-FR\",\"@id\":\"https:\/\/www.istegroup.com\/fr\/produit\/lemergence-des-start-up\/#primaryimage\",\"url\":\"https:\/\/www.istegroup.com\/wp-content\/uploads\/2019\/06\/L\u2019\u00e9mergence-des-start-up-David-Heller-Sylvain-de-Chadirac-Lana-Halaoui-et-Camille-Jouvet.jpg\",\"contentUrl\":\"https:\/\/www.istegroup.com\/wp-content\/uploads\/2019\/06\/L\u2019\u00e9mergence-des-start-up-David-Heller-Sylvain-de-Chadirac-Lana-Halaoui-et-Camille-Jouvet.jpg\",\"width\":300,\"height\":452,\"caption\":\"L\u2019\u00e9mergence des start-up\"},{\"@type\":\"BreadcrumbList\",\"@id\":\"https:\/\/www.istegroup.com\/fr\/produit\/lemergence-des-start-up\/#breadcrumb\",\"itemListElement\":[{\"@type\":\"ListItem\",\"position\":1,\"name\":\"Home\",\"item\":\"https:\/\/www.istegroup.com\/\"},{\"@type\":\"ListItem\",\"position\":2,\"name\":\"Shop\",\"item\":\"https:\/\/www.istegroup.com\/fr\/nouveautes\/\"},{\"@type\":\"ListItem\",\"position\":3,\"name\":\"L\u2019\u00e9mergence des start-up\"}]},{\"@type\":\"WebSite\",\"@id\":\"https:\/\/www.istegroup.com\/#website\",\"url\":\"https:\/\/www.istegroup.com\/\",\"name\":\"ISTE Group\",\"description\":\"\u00c9diteur des Sciences\",\"potentialAction\":[{\"@type\":\"SearchAction\",\"target\":{\"@type\":\"EntryPoint\",\"urlTemplate\":\"https:\/\/www.istegroup.com\/?s={search_term_string}\"},\"query-input\":{\"@type\":\"PropertyValueSpecification\",\"valueRequired\":true,\"valueName\":\"search_term_string\"}}],\"inLanguage\":\"fr-FR\"}]}<\/script>\n<!-- \/ Yoast SEO plugin. -->","yoast_head_json":{"title":"L\u2019\u00e9mergence des start-up - ISTE Group","description":"L\u2019\u00e9mergence des start-up vise \u00e0 mieux comprendre l\u2019\u00e9mergence de ces entreprises en \u00e9tudiant l\u2019influence de l\u2019\u00e9cosyst\u00e8me sur leur d\u00e9veloppement et les modes de financements auxquels elles ont recours.","robots":{"index":"index","follow":"follow","max-snippet":"max-snippet:-1","max-image-preview":"max-image-preview:large","max-video-preview":"max-video-preview:-1"},"canonical":"https:\/\/www.istegroup.com\/fr\/produit\/lemergence-des-start-up\/","og_locale":"fr_FR","og_type":"article","og_title":"L\u2019\u00e9mergence des start-up - ISTE Group","og_description":"L\u2019\u00e9mergence des start-up vise \u00e0 mieux comprendre l\u2019\u00e9mergence de ces entreprises en \u00e9tudiant l\u2019influence de l\u2019\u00e9cosyst\u00e8me sur leur d\u00e9veloppement et les modes de financements auxquels elles ont recours.","og_url":"https:\/\/www.istegroup.com\/fr\/produit\/lemergence-des-start-up\/","og_site_name":"ISTE Group","article_modified_time":"2024-01-03T13:43:15+00:00","og_image":[{"width":300,"height":452,"url":"https:\/\/www.istegroup.com\/wp-content\/uploads\/2019\/06\/L\u2019\u00e9mergence-des-start-up-David-Heller-Sylvain-de-Chadirac-Lana-Halaoui-et-Camille-Jouvet.jpg","type":"image\/jpeg"}],"twitter_card":"summary_large_image","twitter_misc":{"Est. reading time":"1 minute"},"schema":{"@context":"https:\/\/schema.org","@graph":[{"@type":"WebPage","@id":"https:\/\/www.istegroup.com\/fr\/produit\/lemergence-des-start-up\/","url":"https:\/\/www.istegroup.com\/fr\/produit\/lemergence-des-start-up\/","name":"L\u2019\u00e9mergence des start-up - ISTE Group","isPartOf":{"@id":"https:\/\/www.istegroup.com\/#website"},"primaryImageOfPage":{"@id":"https:\/\/www.istegroup.com\/fr\/produit\/lemergence-des-start-up\/#primaryimage"},"image":{"@id":"https:\/\/www.istegroup.com\/fr\/produit\/lemergence-des-start-up\/#primaryimage"},"thumbnailUrl":"https:\/\/www.istegroup.com\/wp-content\/uploads\/2019\/06\/L\u2019\u00e9mergence-des-start-up-David-Heller-Sylvain-de-Chadirac-Lana-Halaoui-et-Camille-Jouvet.jpg","datePublished":"2019-07-01T16:28:22+00:00","dateModified":"2024-01-03T13:43:15+00:00","description":"L\u2019\u00e9mergence des start-up vise \u00e0 mieux comprendre l\u2019\u00e9mergence de ces entreprises en \u00e9tudiant l\u2019influence de l\u2019\u00e9cosyst\u00e8me sur leur d\u00e9veloppement et les modes de financements auxquels elles ont recours.","breadcrumb":{"@id":"https:\/\/www.istegroup.com\/fr\/produit\/lemergence-des-start-up\/#breadcrumb"},"inLanguage":"fr-FR","potentialAction":[{"@type":"ReadAction","target":["https:\/\/www.istegroup.com\/fr\/produit\/lemergence-des-start-up\/"]}]},{"@type":"ImageObject","inLanguage":"fr-FR","@id":"https:\/\/www.istegroup.com\/fr\/produit\/lemergence-des-start-up\/#primaryimage","url":"https:\/\/www.istegroup.com\/wp-content\/uploads\/2019\/06\/L\u2019\u00e9mergence-des-start-up-David-Heller-Sylvain-de-Chadirac-Lana-Halaoui-et-Camille-Jouvet.jpg","contentUrl":"https:\/\/www.istegroup.com\/wp-content\/uploads\/2019\/06\/L\u2019\u00e9mergence-des-start-up-David-Heller-Sylvain-de-Chadirac-Lana-Halaoui-et-Camille-Jouvet.jpg","width":300,"height":452,"caption":"L\u2019\u00e9mergence des start-up"},{"@type":"BreadcrumbList","@id":"https:\/\/www.istegroup.com\/fr\/produit\/lemergence-des-start-up\/#breadcrumb","itemListElement":[{"@type":"ListItem","position":1,"name":"Home","item":"https:\/\/www.istegroup.com\/"},{"@type":"ListItem","position":2,"name":"Shop","item":"https:\/\/www.istegroup.com\/fr\/nouveautes\/"},{"@type":"ListItem","position":3,"name":"L\u2019\u00e9mergence des start-up"}]},{"@type":"WebSite","@id":"https:\/\/www.istegroup.com\/#website","url":"https:\/\/www.istegroup.com\/","name":"ISTE Group","description":"\u00c9diteur des Sciences","potentialAction":[{"@type":"SearchAction","target":{"@type":"EntryPoint","urlTemplate":"https:\/\/www.istegroup.com\/?s={search_term_string}"},"query-input":{"@type":"PropertyValueSpecification","valueRequired":true,"valueName":"search_term_string"}}],"inLanguage":"fr-FR"}]}},"_links":{"self":[{"href":"https:\/\/www.istegroup.com\/fr\/wp-json\/wp\/v2\/product\/21604","targetHints":{"allow":["GET"]}}],"collection":[{"href":"https:\/\/www.istegroup.com\/fr\/wp-json\/wp\/v2\/product"}],"about":[{"href":"https:\/\/www.istegroup.com\/fr\/wp-json\/wp\/v2\/types\/product"}],"wp:featuredmedia":[{"embeddable":true,"href":"https:\/\/www.istegroup.com\/fr\/wp-json\/wp\/v2\/media\/21627"}],"wp:attachment":[{"href":"https:\/\/www.istegroup.com\/fr\/wp-json\/wp\/v2\/media?parent=21604"}],"wp:term":[{"taxonomy":"product_brand","embeddable":true,"href":"https:\/\/www.istegroup.com\/fr\/wp-json\/wp\/v2\/product_brand?post=21604"},{"taxonomy":"product_cat","embeddable":true,"href":"https:\/\/www.istegroup.com\/fr\/wp-json\/wp\/v2\/product_cat?post=21604"},{"taxonomy":"product_tag","embeddable":true,"href":"https:\/\/www.istegroup.com\/fr\/wp-json\/wp\/v2\/product_tag?post=21604"}],"curies":[{"name":"wp","href":"https:\/\/api.w.org\/{rel}","templated":true}]}}