{"id":20622,"date":"2019-06-09T11:20:28","date_gmt":"2019-06-09T10:20:28","guid":{"rendered":"https:\/\/www.istegroup.com\/?post_type=product&#038;p=20622"},"modified":"2024-01-03T13:43:14","modified_gmt":"2024-01-03T13:43:14","slug":"methodes-et-interdisciplinarite","status":"publish","type":"product","link":"https:\/\/www.istegroup.com\/fr\/produit\/methodes-et-interdisciplinarite\/","title":{"rendered":"M\u00e9thodes et interdisciplinarit\u00e9"},"content":{"rendered":"<p>L\u2019interdisciplinarit\u00e9 ne rel\u00e8ve pas simplement d\u2019un contexte de recherche scientifique comprenant plusieurs disciplines. Elle provient d\u2019un besoin croissant de m\u00e9thodes et de connaissances multi-points de vue sur des objets d\u2019\u00e9tude multiformes et complexes, dans le but d\u2019articuler, de confronter et si possible de rendre coh\u00e9rentes ces connaissances.<\/p>\n<p><em>M\u00e9thodes et interdisciplinarit\u00e9<\/em> offre une cat\u00e9gorisation des diff\u00e9rents modes d\u2019interdisciplinarit\u00e9, puis traite des m\u00e9canismes d\u2019hybridation entre disciplines \u00e0 travers des exemples sp\u00e9cifiques. Il montre d\u2019une part comment une m\u00eame question d\u2019int\u00e9r\u00eat est trait\u00e9e selon divers points de vue par plusieurs disciplines, ce qui peut donner lieu \u00e0 des connaissances compl\u00e9mentaires voire contradictoires. Il illustre d\u2019autre part comment des m\u00e9thodes de certaines disciplines permettent d\u2019articuler les approches qualitatives ou quantitatives d\u2019une autre discipline.<\/p>\n","protected":false},"excerpt":{"rendered":"<p>L\u2019interdisciplinarit\u00e9 ne rel\u00e8ve pas simplement d\u2019un contexte de recherche scientifique comprenant plusieurs disciplines. Elle provient d\u2019un besoin croissant de m\u00e9thodes et de connaissances multi-points de vue sur des objets d\u2019\u00e9tude multiformes et complexes, dans le but d\u2019articuler, de confronter et si possible de rendre coh\u00e9rentes ces connaissances. M\u00e9thodes et interdisciplinarit\u00e9 offre une cat\u00e9gorisation des diff\u00e9rents [&hellip;]<\/p>\n","protected":false},"featured_media":20633,"template":"","meta":{"_acf_changed":false,"_links_to":"","_links_to_target":""},"product_brand":[],"product_cat":[684],"product_tag":[],"class_list":{"0":"post-20622","1":"product","2":"type-product","3":"status-publish","4":"has-post-thumbnail","6":"product_cat-sciences-socit-et-nouvelles-technologies-188422468","8":"first","9":"instock","10":"shipping-taxable","11":"purchasable","12":"product-type-variable"},"acf":[],"yoast_head":"<!-- This site is optimized with the Yoast SEO plugin v27.2 - https:\/\/yoast.com\/product\/yoast-seo-wordpress\/ -->\n<title>M\u00e9thodes et interdisciplinarit\u00e9 - ISTE Group<\/title>\n<meta name=\"description\" content=\"M\u00e9thodes et interdisciplinarit\u00e9 offre une cat\u00e9gorisation des diff\u00e9rents modes d\u2019interdisciplinarit\u00e9, puis traite des m\u00e9canismes d\u2019hybridation entre disciplines \u00e0 travers des exemples sp\u00e9cifiques.\" \/>\n<meta name=\"robots\" content=\"index, follow, max-snippet:-1, max-image-preview:large, max-video-preview:-1\" \/>\n<link rel=\"canonical\" href=\"https:\/\/www.istegroup.com\/fr\/produit\/methodes-et-interdisciplinarite\/\" \/>\n<meta property=\"og:locale\" content=\"fr_FR\" \/>\n<meta property=\"og:type\" content=\"article\" \/>\n<meta property=\"og:title\" content=\"M\u00e9thodes et interdisciplinarit\u00e9 - ISTE Group\" \/>\n<meta property=\"og:description\" content=\"M\u00e9thodes et interdisciplinarit\u00e9 offre une cat\u00e9gorisation des diff\u00e9rents modes d\u2019interdisciplinarit\u00e9, puis traite des m\u00e9canismes d\u2019hybridation entre disciplines \u00e0 travers des exemples sp\u00e9cifiques.\" \/>\n<meta property=\"og:url\" content=\"https:\/\/www.istegroup.com\/fr\/produit\/methodes-et-interdisciplinarite\/\" \/>\n<meta property=\"og:site_name\" content=\"ISTE Group\" \/>\n<meta property=\"article:modified_time\" content=\"2024-01-03T13:43:14+00:00\" \/>\n<meta property=\"og:image\" content=\"https:\/\/www.istegroup.com\/wp-content\/uploads\/2019\/05\/Waldeck_Front.jpg\" \/>\n\t<meta property=\"og:image:width\" content=\"300\" \/>\n\t<meta property=\"og:image:height\" content=\"450\" \/>\n\t<meta property=\"og:image:type\" content=\"image\/jpeg\" \/>\n<meta name=\"twitter:card\" content=\"summary_large_image\" \/>\n<meta name=\"twitter:label1\" content=\"Est. reading time\" \/>\n\t<meta name=\"twitter:data1\" content=\"1 minute\" \/>\n<script type=\"application\/ld+json\" class=\"yoast-schema-graph\">{\"@context\":\"https:\/\/schema.org\",\"@graph\":[{\"@type\":\"WebPage\",\"@id\":\"https:\/\/www.istegroup.com\/fr\/produit\/methodes-et-interdisciplinarite\/\",\"url\":\"https:\/\/www.istegroup.com\/fr\/produit\/methodes-et-interdisciplinarite\/\",\"name\":\"M\u00e9thodes et interdisciplinarit\u00e9 - ISTE Group\",\"isPartOf\":{\"@id\":\"https:\/\/www.istegroup.com\/#website\"},\"primaryImageOfPage\":{\"@id\":\"https:\/\/www.istegroup.com\/fr\/produit\/methodes-et-interdisciplinarite\/#primaryimage\"},\"image\":{\"@id\":\"https:\/\/www.istegroup.com\/fr\/produit\/methodes-et-interdisciplinarite\/#primaryimage\"},\"thumbnailUrl\":\"https:\/\/www.istegroup.com\/wp-content\/uploads\/2019\/05\/Waldeck_Front.jpg\",\"datePublished\":\"2019-06-09T10:20:28+00:00\",\"dateModified\":\"2024-01-03T13:43:14+00:00\",\"description\":\"M\u00e9thodes et interdisciplinarit\u00e9 offre une cat\u00e9gorisation des diff\u00e9rents modes d\u2019interdisciplinarit\u00e9, puis traite des m\u00e9canismes d\u2019hybridation entre disciplines \u00e0 travers des exemples sp\u00e9cifiques.\",\"breadcrumb\":{\"@id\":\"https:\/\/www.istegroup.com\/fr\/produit\/methodes-et-interdisciplinarite\/#breadcrumb\"},\"inLanguage\":\"fr-FR\",\"potentialAction\":[{\"@type\":\"ReadAction\",\"target\":[\"https:\/\/www.istegroup.com\/fr\/produit\/methodes-et-interdisciplinarite\/\"]}]},{\"@type\":\"ImageObject\",\"inLanguage\":\"fr-FR\",\"@id\":\"https:\/\/www.istegroup.com\/fr\/produit\/methodes-et-interdisciplinarite\/#primaryimage\",\"url\":\"https:\/\/www.istegroup.com\/wp-content\/uploads\/2019\/05\/Waldeck_Front.jpg\",\"contentUrl\":\"https:\/\/www.istegroup.com\/wp-content\/uploads\/2019\/05\/Waldeck_Front.jpg\",\"width\":300,\"height\":450,\"caption\":\"M\u00e9thodes et interdisciplinarit\u00e9\"},{\"@type\":\"BreadcrumbList\",\"@id\":\"https:\/\/www.istegroup.com\/fr\/produit\/methodes-et-interdisciplinarite\/#breadcrumb\",\"itemListElement\":[{\"@type\":\"ListItem\",\"position\":1,\"name\":\"Home\",\"item\":\"https:\/\/www.istegroup.com\/\"},{\"@type\":\"ListItem\",\"position\":2,\"name\":\"Shop\",\"item\":\"https:\/\/www.istegroup.com\/fr\/nouveautes\/\"},{\"@type\":\"ListItem\",\"position\":3,\"name\":\"M\u00e9thodes et interdisciplinarit\u00e9\"}]},{\"@type\":\"WebSite\",\"@id\":\"https:\/\/www.istegroup.com\/#website\",\"url\":\"https:\/\/www.istegroup.com\/\",\"name\":\"ISTE Group\",\"description\":\"\u00c9diteur des Sciences\",\"potentialAction\":[{\"@type\":\"SearchAction\",\"target\":{\"@type\":\"EntryPoint\",\"urlTemplate\":\"https:\/\/www.istegroup.com\/?s={search_term_string}\"},\"query-input\":{\"@type\":\"PropertyValueSpecification\",\"valueRequired\":true,\"valueName\":\"search_term_string\"}}],\"inLanguage\":\"fr-FR\"}]}<\/script>\n<!-- \/ Yoast SEO plugin. -->","yoast_head_json":{"title":"M\u00e9thodes et interdisciplinarit\u00e9 - ISTE Group","description":"M\u00e9thodes et interdisciplinarit\u00e9 offre une cat\u00e9gorisation des diff\u00e9rents modes d\u2019interdisciplinarit\u00e9, puis traite des m\u00e9canismes d\u2019hybridation entre disciplines \u00e0 travers des exemples sp\u00e9cifiques.","robots":{"index":"index","follow":"follow","max-snippet":"max-snippet:-1","max-image-preview":"max-image-preview:large","max-video-preview":"max-video-preview:-1"},"canonical":"https:\/\/www.istegroup.com\/fr\/produit\/methodes-et-interdisciplinarite\/","og_locale":"fr_FR","og_type":"article","og_title":"M\u00e9thodes et interdisciplinarit\u00e9 - ISTE Group","og_description":"M\u00e9thodes et interdisciplinarit\u00e9 offre une cat\u00e9gorisation des diff\u00e9rents modes d\u2019interdisciplinarit\u00e9, puis traite des m\u00e9canismes d\u2019hybridation entre disciplines \u00e0 travers des exemples sp\u00e9cifiques.","og_url":"https:\/\/www.istegroup.com\/fr\/produit\/methodes-et-interdisciplinarite\/","og_site_name":"ISTE Group","article_modified_time":"2024-01-03T13:43:14+00:00","og_image":[{"width":300,"height":450,"url":"https:\/\/www.istegroup.com\/wp-content\/uploads\/2019\/05\/Waldeck_Front.jpg","type":"image\/jpeg"}],"twitter_card":"summary_large_image","twitter_misc":{"Est. reading time":"1 minute"},"schema":{"@context":"https:\/\/schema.org","@graph":[{"@type":"WebPage","@id":"https:\/\/www.istegroup.com\/fr\/produit\/methodes-et-interdisciplinarite\/","url":"https:\/\/www.istegroup.com\/fr\/produit\/methodes-et-interdisciplinarite\/","name":"M\u00e9thodes et interdisciplinarit\u00e9 - ISTE Group","isPartOf":{"@id":"https:\/\/www.istegroup.com\/#website"},"primaryImageOfPage":{"@id":"https:\/\/www.istegroup.com\/fr\/produit\/methodes-et-interdisciplinarite\/#primaryimage"},"image":{"@id":"https:\/\/www.istegroup.com\/fr\/produit\/methodes-et-interdisciplinarite\/#primaryimage"},"thumbnailUrl":"https:\/\/www.istegroup.com\/wp-content\/uploads\/2019\/05\/Waldeck_Front.jpg","datePublished":"2019-06-09T10:20:28+00:00","dateModified":"2024-01-03T13:43:14+00:00","description":"M\u00e9thodes et interdisciplinarit\u00e9 offre une cat\u00e9gorisation des diff\u00e9rents modes d\u2019interdisciplinarit\u00e9, puis traite des m\u00e9canismes d\u2019hybridation entre disciplines \u00e0 travers des exemples sp\u00e9cifiques.","breadcrumb":{"@id":"https:\/\/www.istegroup.com\/fr\/produit\/methodes-et-interdisciplinarite\/#breadcrumb"},"inLanguage":"fr-FR","potentialAction":[{"@type":"ReadAction","target":["https:\/\/www.istegroup.com\/fr\/produit\/methodes-et-interdisciplinarite\/"]}]},{"@type":"ImageObject","inLanguage":"fr-FR","@id":"https:\/\/www.istegroup.com\/fr\/produit\/methodes-et-interdisciplinarite\/#primaryimage","url":"https:\/\/www.istegroup.com\/wp-content\/uploads\/2019\/05\/Waldeck_Front.jpg","contentUrl":"https:\/\/www.istegroup.com\/wp-content\/uploads\/2019\/05\/Waldeck_Front.jpg","width":300,"height":450,"caption":"M\u00e9thodes et interdisciplinarit\u00e9"},{"@type":"BreadcrumbList","@id":"https:\/\/www.istegroup.com\/fr\/produit\/methodes-et-interdisciplinarite\/#breadcrumb","itemListElement":[{"@type":"ListItem","position":1,"name":"Home","item":"https:\/\/www.istegroup.com\/"},{"@type":"ListItem","position":2,"name":"Shop","item":"https:\/\/www.istegroup.com\/fr\/nouveautes\/"},{"@type":"ListItem","position":3,"name":"M\u00e9thodes et interdisciplinarit\u00e9"}]},{"@type":"WebSite","@id":"https:\/\/www.istegroup.com\/#website","url":"https:\/\/www.istegroup.com\/","name":"ISTE Group","description":"\u00c9diteur des Sciences","potentialAction":[{"@type":"SearchAction","target":{"@type":"EntryPoint","urlTemplate":"https:\/\/www.istegroup.com\/?s={search_term_string}"},"query-input":{"@type":"PropertyValueSpecification","valueRequired":true,"valueName":"search_term_string"}}],"inLanguage":"fr-FR"}]}},"_links":{"self":[{"href":"https:\/\/www.istegroup.com\/fr\/wp-json\/wp\/v2\/product\/20622","targetHints":{"allow":["GET"]}}],"collection":[{"href":"https:\/\/www.istegroup.com\/fr\/wp-json\/wp\/v2\/product"}],"about":[{"href":"https:\/\/www.istegroup.com\/fr\/wp-json\/wp\/v2\/types\/product"}],"wp:featuredmedia":[{"embeddable":true,"href":"https:\/\/www.istegroup.com\/fr\/wp-json\/wp\/v2\/media\/20633"}],"wp:attachment":[{"href":"https:\/\/www.istegroup.com\/fr\/wp-json\/wp\/v2\/media?parent=20622"}],"wp:term":[{"taxonomy":"product_brand","embeddable":true,"href":"https:\/\/www.istegroup.com\/fr\/wp-json\/wp\/v2\/product_brand?post=20622"},{"taxonomy":"product_cat","embeddable":true,"href":"https:\/\/www.istegroup.com\/fr\/wp-json\/wp\/v2\/product_cat?post=20622"},{"taxonomy":"product_tag","embeddable":true,"href":"https:\/\/www.istegroup.com\/fr\/wp-json\/wp\/v2\/product_tag?post=20622"}],"curies":[{"name":"wp","href":"https:\/\/api.w.org\/{rel}","templated":true}]}}