{"id":20480,"date":"2019-06-09T15:00:45","date_gmt":"2019-06-09T14:00:45","guid":{"rendered":"https:\/\/www.istegroup.com\/?post_type=product&#038;p=20480"},"modified":"2024-04-29T10:20:39","modified_gmt":"2024-04-29T09:20:39","slug":"dynamiques-de-la-co-innovation","status":"publish","type":"product","link":"https:\/\/www.istegroup.com\/fr\/produit\/dynamiques-de-la-co-innovation\/","title":{"rendered":"Dynamiques de la co-innovation"},"content":{"rendered":"<p>La co-innovation entre un client et un fournisseur est la forme d\u2019innovation ouverte la plus courante mais \u00e9galement la plus complexe et la moins connue. Ce type d\u2019innovation en coop\u00e9ration pose de nombreuses difficult\u00e9s, particuli\u00e8rement celle de l\u2019int\u00e9gration entre les logiques li\u00e9es \u00e0 l\u2019innovation et les logiques li\u00e9es \u00e0 la relation client-fournisseur, au sein de chaque entreprise mais \u00e9galement entre elles. Cela implique de consid\u00e9rer les diff\u00e9rentes dynamiques qui se jouent au sein de cette relation, et d\u2019apprendre \u00e0 les piloter.<\/p>\n<p>Afin de mieux appr\u00e9hender cette complexit\u00e9, <em>Dynamiques de la co-innovation<\/em> pr\u00e9sente les derni\u00e8res th\u00e9ories autour de ce sujet et examine un large recueil de pratiques r\u00e9centes tir\u00e9es de recherches quantitatives et ethnographiques. L\u2019ouvrage propose ainsi un mod\u00e8le de pilotage de la co-innovation qui s\u2019appuie sur la gouvernance de la relation, son atmosph\u00e8re et la maturit\u00e9 du projet d\u2019innovation.<\/p>\n<p>Ce livre a re\u00e7u le<a style=\"color: #1e9691\" href=\"https:\/\/i3.cnrs.fr\/evenement\/plume-des-achats-2021-prix-special-du-jury-decerne-a-romaric-servajean-hilst\/\">Prix sp\u00e9cial du jury des Plumes des Achats 2021.<\/a><\/p>","protected":false},"excerpt":{"rendered":"<p>La co-innovation entre un client et un fournisseur est la forme d\u2019innovation ouverte la plus courante mais \u00e9galement la plus complexe et la moins connue. Ce type d\u2019innovation en coop\u00e9ration pose de nombreuses difficult\u00e9s, particuli\u00e8rement celle de l\u2019int\u00e9gration entre les logiques li\u00e9es \u00e0 l\u2019innovation et les logiques li\u00e9es \u00e0 la relation client-fournisseur, au sein de [&hellip;]<\/p>\n","protected":false},"featured_media":56536,"template":"","meta":{"_acf_changed":false,"_links_to":"","_links_to_target":""},"product_brand":[],"product_cat":[3262],"product_tag":[],"class_list":{"0":"post-20480","1":"product","2":"type-product","3":"status-publish","4":"has-post-thumbnail","6":"product_cat-non-classe","8":"first","9":"instock","10":"shipping-taxable","11":"purchasable","12":"product-type-variable"},"acf":[],"yoast_head":"<!-- This site is optimized with the Yoast SEO plugin v27.2 - https:\/\/yoast.com\/product\/yoast-seo-wordpress\/ -->\n<title>Dynamiques de la co-innovation - ISTE Group<\/title>\n<meta name=\"description\" content=\"Dynamiques de la co-innovation pr\u00e9sente les derni\u00e8res th\u00e9ories autour de ce sujet et examine un large recueil de pratiques r\u00e9centes tir\u00e9es de recherches quantitatives et ethnographiques.\" \/>\n<meta name=\"robots\" content=\"index, follow, max-snippet:-1, max-image-preview:large, max-video-preview:-1\" \/>\n<link rel=\"canonical\" href=\"https:\/\/www.istegroup.com\/en\/produit\/dynamiques-de-la-co-innovation\/\" \/>\n<meta property=\"og:locale\" content=\"fr_FR\" \/>\n<meta property=\"og:type\" content=\"article\" \/>\n<meta property=\"og:title\" content=\"Dynamiques de la co-innovation - ISTE Group\" \/>\n<meta property=\"og:description\" content=\"Dynamiques de la co-innovation pr\u00e9sente les derni\u00e8res th\u00e9ories autour de ce sujet et examine un large recueil de pratiques r\u00e9centes tir\u00e9es de recherches quantitatives et ethnographiques.\" \/>\n<meta property=\"og:url\" content=\"https:\/\/www.istegroup.com\/en\/produit\/dynamiques-de-la-co-innovation\/\" \/>\n<meta property=\"og:site_name\" content=\"ISTE Group\" \/>\n<meta property=\"article:modified_time\" content=\"2024-04-29T09:20:39+00:00\" \/>\n<meta property=\"og:image\" content=\"https:\/\/www.istegroup.com\/wp-content\/uploads\/2019\/06\/Dynamiques-de-la-co-innovation_prix_RRRI.jpg\" \/>\n\t<meta property=\"og:image:width\" content=\"319\" \/>\n\t<meta property=\"og:image:height\" content=\"478\" \/>\n\t<meta property=\"og:image:type\" content=\"image\/jpeg\" \/>\n<meta name=\"twitter:card\" content=\"summary_large_image\" \/>\n<meta name=\"twitter:label1\" content=\"Est. reading time\" \/>\n\t<meta name=\"twitter:data1\" content=\"2 minutes\" \/>\n<script type=\"application\/ld+json\" class=\"yoast-schema-graph\">{\"@context\":\"https:\/\/schema.org\",\"@graph\":[{\"@type\":\"WebPage\",\"@id\":\"https:\/\/www.istegroup.com\/en\/produit\/dynamiques-de-la-co-innovation\/\",\"url\":\"https:\/\/www.istegroup.com\/en\/produit\/dynamiques-de-la-co-innovation\/\",\"name\":\"Dynamiques de la co-innovation - ISTE Group\",\"isPartOf\":{\"@id\":\"https:\/\/www.istegroup.com\/#website\"},\"primaryImageOfPage\":{\"@id\":\"https:\/\/www.istegroup.com\/en\/produit\/dynamiques-de-la-co-innovation\/#primaryimage\"},\"image\":{\"@id\":\"https:\/\/www.istegroup.com\/en\/produit\/dynamiques-de-la-co-innovation\/#primaryimage\"},\"thumbnailUrl\":\"https:\/\/www.istegroup.com\/wp-content\/uploads\/2019\/06\/Dynamiques-de-la-co-innovation_prix_RRRI.jpg\",\"datePublished\":\"2019-06-09T14:00:45+00:00\",\"dateModified\":\"2024-04-29T09:20:39+00:00\",\"description\":\"Dynamiques de la co-innovation pr\u00e9sente les derni\u00e8res th\u00e9ories autour de ce sujet et examine un large recueil de pratiques r\u00e9centes tir\u00e9es de recherches quantitatives et ethnographiques.\",\"breadcrumb\":{\"@id\":\"https:\/\/www.istegroup.com\/en\/produit\/dynamiques-de-la-co-innovation\/#breadcrumb\"},\"inLanguage\":\"fr-FR\",\"potentialAction\":[{\"@type\":\"ReadAction\",\"target\":[\"https:\/\/www.istegroup.com\/en\/produit\/dynamiques-de-la-co-innovation\/\"]}]},{\"@type\":\"ImageObject\",\"inLanguage\":\"fr-FR\",\"@id\":\"https:\/\/www.istegroup.com\/en\/produit\/dynamiques-de-la-co-innovation\/#primaryimage\",\"url\":\"https:\/\/www.istegroup.com\/wp-content\/uploads\/2019\/06\/Dynamiques-de-la-co-innovation_prix_RRRI.jpg\",\"contentUrl\":\"https:\/\/www.istegroup.com\/wp-content\/uploads\/2019\/06\/Dynamiques-de-la-co-innovation_prix_RRRI.jpg\",\"width\":319,\"height\":478,\"caption\":\"Livre scientifique - Dynamiques de la co-innovation - Prix RRI\"},{\"@type\":\"BreadcrumbList\",\"@id\":\"https:\/\/www.istegroup.com\/en\/produit\/dynamiques-de-la-co-innovation\/#breadcrumb\",\"itemListElement\":[{\"@type\":\"ListItem\",\"position\":1,\"name\":\"Home\",\"item\":\"https:\/\/www.istegroup.com\/\"},{\"@type\":\"ListItem\",\"position\":2,\"name\":\"Shop\",\"item\":\"https:\/\/www.istegroup.com\/fr\/nouveautes\/\"},{\"@type\":\"ListItem\",\"position\":3,\"name\":\"Dynamiques de la co-innovation\"}]},{\"@type\":\"WebSite\",\"@id\":\"https:\/\/www.istegroup.com\/#website\",\"url\":\"https:\/\/www.istegroup.com\/\",\"name\":\"ISTE Group\",\"description\":\"\u00c9diteur des Sciences\",\"potentialAction\":[{\"@type\":\"SearchAction\",\"target\":{\"@type\":\"EntryPoint\",\"urlTemplate\":\"https:\/\/www.istegroup.com\/?s={search_term_string}\"},\"query-input\":{\"@type\":\"PropertyValueSpecification\",\"valueRequired\":true,\"valueName\":\"search_term_string\"}}],\"inLanguage\":\"fr-FR\"}]}<\/script>\n<!-- \/ Yoast SEO plugin. -->","yoast_head_json":{"title":"Dynamiques de la co-innovation - ISTE Group","description":"Dynamiques de la co-innovation pr\u00e9sente les derni\u00e8res th\u00e9ories autour de ce sujet et examine un large recueil de pratiques r\u00e9centes tir\u00e9es de recherches quantitatives et ethnographiques.","robots":{"index":"index","follow":"follow","max-snippet":"max-snippet:-1","max-image-preview":"max-image-preview:large","max-video-preview":"max-video-preview:-1"},"canonical":"https:\/\/www.istegroup.com\/en\/produit\/dynamiques-de-la-co-innovation\/","og_locale":"fr_FR","og_type":"article","og_title":"Dynamiques de la co-innovation - ISTE Group","og_description":"Dynamiques de la co-innovation pr\u00e9sente les derni\u00e8res th\u00e9ories autour de ce sujet et examine un large recueil de pratiques r\u00e9centes tir\u00e9es de recherches quantitatives et ethnographiques.","og_url":"https:\/\/www.istegroup.com\/en\/produit\/dynamiques-de-la-co-innovation\/","og_site_name":"ISTE Group","article_modified_time":"2024-04-29T09:20:39+00:00","og_image":[{"width":319,"height":478,"url":"https:\/\/www.istegroup.com\/wp-content\/uploads\/2019\/06\/Dynamiques-de-la-co-innovation_prix_RRRI.jpg","type":"image\/jpeg"}],"twitter_card":"summary_large_image","twitter_misc":{"Est. reading time":"2 minutes"},"schema":{"@context":"https:\/\/schema.org","@graph":[{"@type":"WebPage","@id":"https:\/\/www.istegroup.com\/en\/produit\/dynamiques-de-la-co-innovation\/","url":"https:\/\/www.istegroup.com\/en\/produit\/dynamiques-de-la-co-innovation\/","name":"Dynamiques de la co-innovation - ISTE Group","isPartOf":{"@id":"https:\/\/www.istegroup.com\/#website"},"primaryImageOfPage":{"@id":"https:\/\/www.istegroup.com\/en\/produit\/dynamiques-de-la-co-innovation\/#primaryimage"},"image":{"@id":"https:\/\/www.istegroup.com\/en\/produit\/dynamiques-de-la-co-innovation\/#primaryimage"},"thumbnailUrl":"https:\/\/www.istegroup.com\/wp-content\/uploads\/2019\/06\/Dynamiques-de-la-co-innovation_prix_RRRI.jpg","datePublished":"2019-06-09T14:00:45+00:00","dateModified":"2024-04-29T09:20:39+00:00","description":"Dynamiques de la co-innovation pr\u00e9sente les derni\u00e8res th\u00e9ories autour de ce sujet et examine un large recueil de pratiques r\u00e9centes tir\u00e9es de recherches quantitatives et ethnographiques.","breadcrumb":{"@id":"https:\/\/www.istegroup.com\/en\/produit\/dynamiques-de-la-co-innovation\/#breadcrumb"},"inLanguage":"fr-FR","potentialAction":[{"@type":"ReadAction","target":["https:\/\/www.istegroup.com\/en\/produit\/dynamiques-de-la-co-innovation\/"]}]},{"@type":"ImageObject","inLanguage":"fr-FR","@id":"https:\/\/www.istegroup.com\/en\/produit\/dynamiques-de-la-co-innovation\/#primaryimage","url":"https:\/\/www.istegroup.com\/wp-content\/uploads\/2019\/06\/Dynamiques-de-la-co-innovation_prix_RRRI.jpg","contentUrl":"https:\/\/www.istegroup.com\/wp-content\/uploads\/2019\/06\/Dynamiques-de-la-co-innovation_prix_RRRI.jpg","width":319,"height":478,"caption":"Livre scientifique - Dynamiques de la co-innovation - Prix RRI"},{"@type":"BreadcrumbList","@id":"https:\/\/www.istegroup.com\/en\/produit\/dynamiques-de-la-co-innovation\/#breadcrumb","itemListElement":[{"@type":"ListItem","position":1,"name":"Home","item":"https:\/\/www.istegroup.com\/"},{"@type":"ListItem","position":2,"name":"Shop","item":"https:\/\/www.istegroup.com\/fr\/nouveautes\/"},{"@type":"ListItem","position":3,"name":"Dynamiques de la co-innovation"}]},{"@type":"WebSite","@id":"https:\/\/www.istegroup.com\/#website","url":"https:\/\/www.istegroup.com\/","name":"ISTE Group","description":"\u00c9diteur des Sciences","potentialAction":[{"@type":"SearchAction","target":{"@type":"EntryPoint","urlTemplate":"https:\/\/www.istegroup.com\/?s={search_term_string}"},"query-input":{"@type":"PropertyValueSpecification","valueRequired":true,"valueName":"search_term_string"}}],"inLanguage":"fr-FR"}]}},"_links":{"self":[{"href":"https:\/\/www.istegroup.com\/fr\/wp-json\/wp\/v2\/product\/20480","targetHints":{"allow":["GET"]}}],"collection":[{"href":"https:\/\/www.istegroup.com\/fr\/wp-json\/wp\/v2\/product"}],"about":[{"href":"https:\/\/www.istegroup.com\/fr\/wp-json\/wp\/v2\/types\/product"}],"wp:featuredmedia":[{"embeddable":true,"href":"https:\/\/www.istegroup.com\/fr\/wp-json\/wp\/v2\/media\/56536"}],"wp:attachment":[{"href":"https:\/\/www.istegroup.com\/fr\/wp-json\/wp\/v2\/media?parent=20480"}],"wp:term":[{"taxonomy":"product_brand","embeddable":true,"href":"https:\/\/www.istegroup.com\/fr\/wp-json\/wp\/v2\/product_brand?post=20480"},{"taxonomy":"product_cat","embeddable":true,"href":"https:\/\/www.istegroup.com\/fr\/wp-json\/wp\/v2\/product_cat?post=20480"},{"taxonomy":"product_tag","embeddable":true,"href":"https:\/\/www.istegroup.com\/fr\/wp-json\/wp\/v2\/product_tag?post=20480"}],"curies":[{"name":"wp","href":"https:\/\/api.w.org\/{rel}","templated":true}]}}