{"id":20454,"date":"2019-06-09T14:16:53","date_gmt":"2019-06-09T13:16:53","guid":{"rendered":"https:\/\/www.istegroup.com\/?post_type=product&#038;p=20454"},"modified":"2024-01-03T13:43:10","modified_gmt":"2024-01-03T13:43:10","slug":"gestion-du-seo","status":"publish","type":"product","link":"https:\/\/www.istegroup.com\/fr\/produit\/gestion-du-seo\/","title":{"rendered":"Gestion du SEO"},"content":{"rendered":"<p>Le r\u00e9f\u00e9rencement naturel (ou SEO en anglais, pour <em>Search Engine Optimization<\/em>) est le canal incontournable qui g\u00e9n\u00e8re la majorit\u00e9 de visites d\u2019internautes et de leads sur un site web via du trafic organique qualifi\u00e9. Le SEO est un projet strat\u00e9gique \u00e0 long terme qui demande de la pers\u00e9v\u00e9rance et des exp\u00e9rimentations au quotidien afin de trouver la parfaite combinaison d\u2019actions pour arriver aux r\u00e9sultats souhait\u00e9s.<\/p>\n<p>Afin de mettre en place une strat\u00e9gie efficace pour r\u00e9ussir son r\u00e9f\u00e9rencement, <em>Gestion du SEO<\/em> pr\u00e9sente des techniques concr\u00e8tes (SEO technique, SEO s\u00e9mantique ou \u00e9ditorial, strat\u00e9gies de netlinking ou de liens externes, etc.) qui permettent aux personnes d\u00e9sireuses d\u2019optimiser leurs sites web de comprendre les \u00e9tapes n\u00e9cessaires pour mener \u00e0 bien leurs projets. Cet ouvrage est destin\u00e9 \u00e0 accompagner toute personne souhaitant augmenter la visibilit\u00e9 de son entreprise, de sa marque et de son site.<\/p>\n","protected":false},"excerpt":{"rendered":"<p>Le r\u00e9f\u00e9rencement naturel (ou SEO en anglais, pour Search Engine Optimization) est le canal incontournable qui g\u00e9n\u00e8re la majorit\u00e9 de visites d\u2019internautes et de leads sur un site web via du trafic organique qualifi\u00e9. Le SEO est un projet strat\u00e9gique \u00e0 long terme qui demande de la pers\u00e9v\u00e9rance et des exp\u00e9rimentations au quotidien afin de [&hellip;]<\/p>\n","protected":false},"featured_media":20459,"template":"","meta":{"_acf_changed":false,"_links_to":"","_links_to_target":""},"product_brand":[],"product_cat":[707],"product_tag":[],"class_list":{"0":"post-20454","1":"product","2":"type-product","3":"status-publish","4":"has-post-thumbnail","6":"product_cat-systmes-dinformation-web-et-socit-12506570","8":"first","9":"instock","10":"shipping-taxable","11":"purchasable","12":"product-type-variable"},"acf":[],"yoast_head":"<!-- This site is optimized with the Yoast SEO plugin v27.2 - https:\/\/yoast.com\/product\/yoast-seo-wordpress\/ -->\n<title>Gestion du SEO - ISTE Group<\/title>\n<meta name=\"description\" content=\"Gestion du SEO pr\u00e9sente des techniques concr\u00e8tes qui permettent aux personnes d\u00e9sireuses d\u2019optimiser leurs sites web de comprendre les \u00e9tapes n\u00e9cessaires pour mener \u00e0 bien leurs projets.\" \/>\n<meta name=\"robots\" content=\"index, follow, max-snippet:-1, max-image-preview:large, max-video-preview:-1\" \/>\n<link rel=\"canonical\" href=\"https:\/\/www.istegroup.com\/fr\/produit\/gestion-du-seo\/\" \/>\n<meta property=\"og:locale\" content=\"fr_FR\" \/>\n<meta property=\"og:type\" content=\"article\" \/>\n<meta property=\"og:title\" content=\"Gestion du SEO - ISTE Group\" \/>\n<meta property=\"og:description\" content=\"Gestion du SEO pr\u00e9sente des techniques concr\u00e8tes qui permettent aux personnes d\u00e9sireuses d\u2019optimiser leurs sites web de comprendre les \u00e9tapes n\u00e9cessaires pour mener \u00e0 bien leurs projets.\" \/>\n<meta property=\"og:url\" content=\"https:\/\/www.istegroup.com\/fr\/produit\/gestion-du-seo\/\" \/>\n<meta property=\"og:site_name\" content=\"ISTE Group\" \/>\n<meta property=\"article:modified_time\" content=\"2024-01-03T13:43:10+00:00\" \/>\n<meta property=\"og:image\" content=\"https:\/\/www.istegroup.com\/wp-content\/uploads\/2019\/04\/Duong_Front.jpg\" \/>\n\t<meta property=\"og:image:width\" content=\"300\" \/>\n\t<meta property=\"og:image:height\" content=\"452\" \/>\n\t<meta property=\"og:image:type\" content=\"image\/jpeg\" \/>\n<meta name=\"twitter:card\" content=\"summary_large_image\" \/>\n<meta name=\"twitter:label1\" content=\"Est. reading time\" \/>\n\t<meta name=\"twitter:data1\" content=\"1 minute\" \/>\n<script type=\"application\/ld+json\" class=\"yoast-schema-graph\">{\"@context\":\"https:\/\/schema.org\",\"@graph\":[{\"@type\":\"WebPage\",\"@id\":\"https:\/\/www.istegroup.com\/fr\/produit\/gestion-du-seo\/\",\"url\":\"https:\/\/www.istegroup.com\/fr\/produit\/gestion-du-seo\/\",\"name\":\"Gestion du SEO - ISTE Group\",\"isPartOf\":{\"@id\":\"https:\/\/www.istegroup.com\/#website\"},\"primaryImageOfPage\":{\"@id\":\"https:\/\/www.istegroup.com\/fr\/produit\/gestion-du-seo\/#primaryimage\"},\"image\":{\"@id\":\"https:\/\/www.istegroup.com\/fr\/produit\/gestion-du-seo\/#primaryimage\"},\"thumbnailUrl\":\"https:\/\/www.istegroup.com\/wp-content\/uploads\/2019\/04\/Duong_Front.jpg\",\"datePublished\":\"2019-06-09T13:16:53+00:00\",\"dateModified\":\"2024-01-03T13:43:10+00:00\",\"description\":\"Gestion du SEO pr\u00e9sente des techniques concr\u00e8tes qui permettent aux personnes d\u00e9sireuses d\u2019optimiser leurs sites web de comprendre les \u00e9tapes n\u00e9cessaires pour mener \u00e0 bien leurs projets.\",\"breadcrumb\":{\"@id\":\"https:\/\/www.istegroup.com\/fr\/produit\/gestion-du-seo\/#breadcrumb\"},\"inLanguage\":\"fr-FR\",\"potentialAction\":[{\"@type\":\"ReadAction\",\"target\":[\"https:\/\/www.istegroup.com\/fr\/produit\/gestion-du-seo\/\"]}]},{\"@type\":\"ImageObject\",\"inLanguage\":\"fr-FR\",\"@id\":\"https:\/\/www.istegroup.com\/fr\/produit\/gestion-du-seo\/#primaryimage\",\"url\":\"https:\/\/www.istegroup.com\/wp-content\/uploads\/2019\/04\/Duong_Front.jpg\",\"contentUrl\":\"https:\/\/www.istegroup.com\/wp-content\/uploads\/2019\/04\/Duong_Front.jpg\",\"width\":300,\"height\":452,\"caption\":\"M\u00e9thodologie et techniques pour r\u00e9ussir son r\u00e9f\u00e9rencement naturel\"},{\"@type\":\"BreadcrumbList\",\"@id\":\"https:\/\/www.istegroup.com\/fr\/produit\/gestion-du-seo\/#breadcrumb\",\"itemListElement\":[{\"@type\":\"ListItem\",\"position\":1,\"name\":\"Home\",\"item\":\"https:\/\/www.istegroup.com\/\"},{\"@type\":\"ListItem\",\"position\":2,\"name\":\"Shop\",\"item\":\"https:\/\/www.istegroup.com\/fr\/nouveautes\/\"},{\"@type\":\"ListItem\",\"position\":3,\"name\":\"Gestion du SEO\"}]},{\"@type\":\"WebSite\",\"@id\":\"https:\/\/www.istegroup.com\/#website\",\"url\":\"https:\/\/www.istegroup.com\/\",\"name\":\"ISTE Group\",\"description\":\"\u00c9diteur des Sciences\",\"potentialAction\":[{\"@type\":\"SearchAction\",\"target\":{\"@type\":\"EntryPoint\",\"urlTemplate\":\"https:\/\/www.istegroup.com\/?s={search_term_string}\"},\"query-input\":{\"@type\":\"PropertyValueSpecification\",\"valueRequired\":true,\"valueName\":\"search_term_string\"}}],\"inLanguage\":\"fr-FR\"}]}<\/script>\n<!-- \/ Yoast SEO plugin. -->","yoast_head_json":{"title":"Gestion du SEO - ISTE Group","description":"Gestion du SEO pr\u00e9sente des techniques concr\u00e8tes qui permettent aux personnes d\u00e9sireuses d\u2019optimiser leurs sites web de comprendre les \u00e9tapes n\u00e9cessaires pour mener \u00e0 bien leurs projets.","robots":{"index":"index","follow":"follow","max-snippet":"max-snippet:-1","max-image-preview":"max-image-preview:large","max-video-preview":"max-video-preview:-1"},"canonical":"https:\/\/www.istegroup.com\/fr\/produit\/gestion-du-seo\/","og_locale":"fr_FR","og_type":"article","og_title":"Gestion du SEO - ISTE Group","og_description":"Gestion du SEO pr\u00e9sente des techniques concr\u00e8tes qui permettent aux personnes d\u00e9sireuses d\u2019optimiser leurs sites web de comprendre les \u00e9tapes n\u00e9cessaires pour mener \u00e0 bien leurs projets.","og_url":"https:\/\/www.istegroup.com\/fr\/produit\/gestion-du-seo\/","og_site_name":"ISTE Group","article_modified_time":"2024-01-03T13:43:10+00:00","og_image":[{"width":300,"height":452,"url":"https:\/\/www.istegroup.com\/wp-content\/uploads\/2019\/04\/Duong_Front.jpg","type":"image\/jpeg"}],"twitter_card":"summary_large_image","twitter_misc":{"Est. reading time":"1 minute"},"schema":{"@context":"https:\/\/schema.org","@graph":[{"@type":"WebPage","@id":"https:\/\/www.istegroup.com\/fr\/produit\/gestion-du-seo\/","url":"https:\/\/www.istegroup.com\/fr\/produit\/gestion-du-seo\/","name":"Gestion du SEO - ISTE Group","isPartOf":{"@id":"https:\/\/www.istegroup.com\/#website"},"primaryImageOfPage":{"@id":"https:\/\/www.istegroup.com\/fr\/produit\/gestion-du-seo\/#primaryimage"},"image":{"@id":"https:\/\/www.istegroup.com\/fr\/produit\/gestion-du-seo\/#primaryimage"},"thumbnailUrl":"https:\/\/www.istegroup.com\/wp-content\/uploads\/2019\/04\/Duong_Front.jpg","datePublished":"2019-06-09T13:16:53+00:00","dateModified":"2024-01-03T13:43:10+00:00","description":"Gestion du SEO pr\u00e9sente des techniques concr\u00e8tes qui permettent aux personnes d\u00e9sireuses d\u2019optimiser leurs sites web de comprendre les \u00e9tapes n\u00e9cessaires pour mener \u00e0 bien leurs projets.","breadcrumb":{"@id":"https:\/\/www.istegroup.com\/fr\/produit\/gestion-du-seo\/#breadcrumb"},"inLanguage":"fr-FR","potentialAction":[{"@type":"ReadAction","target":["https:\/\/www.istegroup.com\/fr\/produit\/gestion-du-seo\/"]}]},{"@type":"ImageObject","inLanguage":"fr-FR","@id":"https:\/\/www.istegroup.com\/fr\/produit\/gestion-du-seo\/#primaryimage","url":"https:\/\/www.istegroup.com\/wp-content\/uploads\/2019\/04\/Duong_Front.jpg","contentUrl":"https:\/\/www.istegroup.com\/wp-content\/uploads\/2019\/04\/Duong_Front.jpg","width":300,"height":452,"caption":"M\u00e9thodologie et techniques pour r\u00e9ussir son r\u00e9f\u00e9rencement naturel"},{"@type":"BreadcrumbList","@id":"https:\/\/www.istegroup.com\/fr\/produit\/gestion-du-seo\/#breadcrumb","itemListElement":[{"@type":"ListItem","position":1,"name":"Home","item":"https:\/\/www.istegroup.com\/"},{"@type":"ListItem","position":2,"name":"Shop","item":"https:\/\/www.istegroup.com\/fr\/nouveautes\/"},{"@type":"ListItem","position":3,"name":"Gestion du SEO"}]},{"@type":"WebSite","@id":"https:\/\/www.istegroup.com\/#website","url":"https:\/\/www.istegroup.com\/","name":"ISTE Group","description":"\u00c9diteur des Sciences","potentialAction":[{"@type":"SearchAction","target":{"@type":"EntryPoint","urlTemplate":"https:\/\/www.istegroup.com\/?s={search_term_string}"},"query-input":{"@type":"PropertyValueSpecification","valueRequired":true,"valueName":"search_term_string"}}],"inLanguage":"fr-FR"}]}},"_links":{"self":[{"href":"https:\/\/www.istegroup.com\/fr\/wp-json\/wp\/v2\/product\/20454","targetHints":{"allow":["GET"]}}],"collection":[{"href":"https:\/\/www.istegroup.com\/fr\/wp-json\/wp\/v2\/product"}],"about":[{"href":"https:\/\/www.istegroup.com\/fr\/wp-json\/wp\/v2\/types\/product"}],"wp:featuredmedia":[{"embeddable":true,"href":"https:\/\/www.istegroup.com\/fr\/wp-json\/wp\/v2\/media\/20459"}],"wp:attachment":[{"href":"https:\/\/www.istegroup.com\/fr\/wp-json\/wp\/v2\/media?parent=20454"}],"wp:term":[{"taxonomy":"product_brand","embeddable":true,"href":"https:\/\/www.istegroup.com\/fr\/wp-json\/wp\/v2\/product_brand?post=20454"},{"taxonomy":"product_cat","embeddable":true,"href":"https:\/\/www.istegroup.com\/fr\/wp-json\/wp\/v2\/product_cat?post=20454"},{"taxonomy":"product_tag","embeddable":true,"href":"https:\/\/www.istegroup.com\/fr\/wp-json\/wp\/v2\/product_tag?post=20454"}],"curies":[{"name":"wp","href":"https:\/\/api.w.org\/{rel}","templated":true}]}}