{"id":201,"date":"2017-07-28T11:04:40","date_gmt":"2017-07-28T09:04:40","guid":{"rendered":"https:\/\/iste.yhello.co\/product\/economie-circulaire-et-developpement-durable\/"},"modified":"2024-01-03T13:38:52","modified_gmt":"2024-01-03T13:38:52","slug":"economie-circulaire-et-developpement-durable","status":"publish","type":"product","link":"https:\/\/www.istegroup.com\/fr\/produit\/economie-circulaire-et-developpement-durable\/","title":{"rendered":"Economie circulaire et d\u00e9veloppement durable"},"content":{"rendered":"<p>La s\u00e9rie\u00a0<em>Smart innovation<\/em>\u00a0pr\u00e9sente les th\u00e8mes li\u00e9s \u00e0 la dynamique technologique, entrepreneuriale, territoriale et \u00e9conomique de l&rsquo;innovation. Elle privil\u00e9gie les approches novatrices des acteurs qui, par leurs comportements, strat\u00e9gies et politiques d&rsquo;innovation intelligente, modifient les mod\u00e8les \u00e9conomiques dans une perspective de croissance durable.<\/p>\n<p>S\u2019opposant au sch\u00e9ma lin\u00e9aire de consommation des ressources fond\u00e9 sur le triptyque \u00ab extraire-fabriquer-jeter \u00bb, l\u2019\u00e9conomie circulaire propose un nouveau mod\u00e8le industriel qui vise \u00e0 optimiser l\u2019utilisation des ressources et \u00e0 \u00e9liminer ou r\u00e9duire les d\u00e9chets. Elle s\u2019appuie sur le r\u00e9-emploi, la r\u00e9paration, l\u2019\u00e9coconception, l\u2019\u00e9cologie industrielle, l\u2019approvisionnement durable et la consommation responsable.<\/p>\n<p>L\u2019\u00e9cologie industrielle et les circuits courts peuvent contribuer, en particulier \u00e0 l\u2019\u00e9chelle des territoires, \u00e0 l\u2019\u00e9mergence d\u2019un v\u00e9ritable d\u00e9veloppement durable. Cet ouvrage pr\u00e9sente \u00e0 la fois l\u2019\u00e9volution de ces concepts et les exp\u00e9riences concr\u00e8tes qui en d\u00e9coulent en France et dans d\u2019autres pays. Un mod\u00e8le int\u00e9gr\u00e9 d\u00e9taille les m\u00e9canismes par lesquels \u00e9cologie industrielle et circuits courts g\u00e9n\u00e8rent des b\u00e9n\u00e9fices \u00e9conomiques, sociaux et environnementaux. Les enjeux et les obstacles possibles de ces nouvelles pratiques sont \u00e9galement analys\u00e9s pour \u00e9laborer une r\u00e9flexion qui dessine les contours d\u2019une gouvernance adapt\u00e9e \u00e0 leur pleine r\u00e9alisation.<\/p>\n","protected":false},"excerpt":{"rendered":"<p>La s\u00e9rie\u00a0Smart innovation\u00a0pr\u00e9sente les th\u00e8mes li\u00e9s \u00e0 la dynamique technologique, entrepreneuriale, territoriale et \u00e9conomique de l&rsquo;innovation. Elle privil\u00e9gie les approches novatrices des acteurs qui, par leurs comportements, strat\u00e9gies et politiques d&rsquo;innovation intelligente, modifient les mod\u00e8les \u00e9conomiques dans une perspective de croissance durable. S\u2019opposant au sch\u00e9ma lin\u00e9aire de consommation des ressources fond\u00e9 sur le triptyque \u00ab [&hellip;]<\/p>\n","protected":false},"featured_media":202,"template":"","meta":{"_acf_changed":false,"_links_to":"","_links_to_target":""},"product_brand":[],"product_cat":[670,675,720],"product_tag":[1108,1109,1110,1111,1112,1113,31,196,1118,1114,1115,1116,197,198,199,21,200,22,201,203,204,63,25,172,209,212,38,192,145,28,1117],"class_list":{"0":"post-201","1":"product","2":"type-product","3":"status-publish","4":"has-post-thumbnail","6":"product_cat-innovation-entrepreneuriat-et-gestion-11041751","7":"product_cat-nouveauts-12519446","8":"product_cat-srie-smart-innovation-58568196","9":"product_tag-blandine-laperche","10":"product_tag-circuits-courts","11":"product_tag-consommation-des-ressources","12":"product_tag-consommation-responsable","13":"product_tag-delphine-gallaud","14":"product_tag-developpement-durable","15":"product_tag-ebook","16":"product_tag-ebooks","17":"product_tag-ecologie-industrielle","18":"product_tag-economie","19":"product_tag-economie-circulaire","20":"product_tag-economie-circulaire-et-developpement-durable","21":"product_tag-iste","22":"product_tag-iste-edition","23":"product_tag-iste-editions","24":"product_tag-iste-group","25":"product_tag-isteedition","26":"product_tag-istegroup","27":"product_tag-kindle","28":"product_tag-liseuse","29":"product_tag-livre","30":"product_tag-livre-electronique","31":"product_tag-livre-numerique","32":"product_tag-livre-scientifique","33":"product_tag-livres-scientifiques","34":"product_tag-ouvrage","35":"product_tag-ouvrage-numerique","36":"product_tag-ouvrage-science","37":"product_tag-ouvrage-scientifique","38":"product_tag-ouvrage-scientifique-francais","39":"product_tag-territoires-durables","41":"first","42":"instock","43":"shipping-taxable","44":"purchasable","45":"product-type-variable"},"acf":[],"yoast_head":"<!-- This site is optimized with the Yoast SEO plugin v27.2 - https:\/\/yoast.com\/product\/yoast-seo-wordpress\/ -->\n<title>Economie circulaire et d\u00e9veloppement durable - ISTE Group<\/title>\n<meta name=\"description\" content=\"L\u2019\u00e9cologie industrielle et les circuits courts peuvent contribuer \u00e0 l\u2019\u00e9mergence d\u2019un d\u00e9veloppement durable. Cet ouvrage pr\u00e9sente l\u2019\u00e9volution de ces concepts.\" \/>\n<meta name=\"robots\" content=\"index, follow, max-snippet:-1, max-image-preview:large, max-video-preview:-1\" \/>\n<link rel=\"canonical\" href=\"https:\/\/www.istegroup.com\/fr\/produit\/economie-circulaire-et-developpement-durable\/\" \/>\n<meta property=\"og:locale\" content=\"fr_FR\" \/>\n<meta property=\"og:type\" content=\"article\" \/>\n<meta property=\"og:title\" content=\"Economie circulaire et d\u00e9veloppement durable - ISTE Group\" \/>\n<meta property=\"og:description\" content=\"L\u2019\u00e9cologie industrielle et les circuits courts peuvent contribuer \u00e0 l\u2019\u00e9mergence d\u2019un d\u00e9veloppement durable. Cet ouvrage pr\u00e9sente l\u2019\u00e9volution de ces concepts.\" \/>\n<meta property=\"og:url\" content=\"https:\/\/www.istegroup.com\/fr\/produit\/economie-circulaire-et-developpement-durable\/\" \/>\n<meta property=\"og:site_name\" content=\"ISTE Group\" \/>\n<meta property=\"article:modified_time\" content=\"2024-01-03T13:38:52+00:00\" \/>\n<meta property=\"og:image\" content=\"https:\/\/www.istegroup.com\/wp-content\/uploads\/2017\/07\/9936404996_4330152900-1.png\" \/>\n\t<meta property=\"og:image:width\" content=\"631\" \/>\n\t<meta property=\"og:image:height\" content=\"962\" \/>\n\t<meta property=\"og:image:type\" content=\"image\/png\" \/>\n<meta name=\"twitter:card\" content=\"summary_large_image\" \/>\n<meta name=\"twitter:label1\" content=\"Est. reading time\" \/>\n\t<meta name=\"twitter:data1\" content=\"1 minute\" \/>\n<script type=\"application\/ld+json\" class=\"yoast-schema-graph\">{\"@context\":\"https:\/\/schema.org\",\"@graph\":[{\"@type\":\"WebPage\",\"@id\":\"https:\/\/www.istegroup.com\/fr\/produit\/economie-circulaire-et-developpement-durable\/\",\"url\":\"https:\/\/www.istegroup.com\/fr\/produit\/economie-circulaire-et-developpement-durable\/\",\"name\":\"Economie circulaire et d\u00e9veloppement durable - ISTE Group\",\"isPartOf\":{\"@id\":\"https:\/\/www.istegroup.com\/#website\"},\"primaryImageOfPage\":{\"@id\":\"https:\/\/www.istegroup.com\/fr\/produit\/economie-circulaire-et-developpement-durable\/#primaryimage\"},\"image\":{\"@id\":\"https:\/\/www.istegroup.com\/fr\/produit\/economie-circulaire-et-developpement-durable\/#primaryimage\"},\"thumbnailUrl\":\"https:\/\/www.istegroup.com\/wp-content\/uploads\/2017\/07\/9936404996_4330152900-1.png\",\"datePublished\":\"2017-07-28T09:04:40+00:00\",\"dateModified\":\"2024-01-03T13:38:52+00:00\",\"description\":\"L\u2019\u00e9cologie industrielle et les circuits courts peuvent contribuer \u00e0 l\u2019\u00e9mergence d\u2019un d\u00e9veloppement durable. Cet ouvrage pr\u00e9sente l\u2019\u00e9volution de ces concepts.\",\"breadcrumb\":{\"@id\":\"https:\/\/www.istegroup.com\/fr\/produit\/economie-circulaire-et-developpement-durable\/#breadcrumb\"},\"inLanguage\":\"fr-FR\",\"potentialAction\":[{\"@type\":\"ReadAction\",\"target\":[\"https:\/\/www.istegroup.com\/fr\/produit\/economie-circulaire-et-developpement-durable\/\"]}]},{\"@type\":\"ImageObject\",\"inLanguage\":\"fr-FR\",\"@id\":\"https:\/\/www.istegroup.com\/fr\/produit\/economie-circulaire-et-developpement-durable\/#primaryimage\",\"url\":\"https:\/\/www.istegroup.com\/wp-content\/uploads\/2017\/07\/9936404996_4330152900-1.png\",\"contentUrl\":\"https:\/\/www.istegroup.com\/wp-content\/uploads\/2017\/07\/9936404996_4330152900-1.png\",\"width\":631,\"height\":962,\"caption\":\"Ecologie industrielle et circuits courts\"},{\"@type\":\"BreadcrumbList\",\"@id\":\"https:\/\/www.istegroup.com\/fr\/produit\/economie-circulaire-et-developpement-durable\/#breadcrumb\",\"itemListElement\":[{\"@type\":\"ListItem\",\"position\":1,\"name\":\"Home\",\"item\":\"https:\/\/www.istegroup.com\/\"},{\"@type\":\"ListItem\",\"position\":2,\"name\":\"Shop\",\"item\":\"https:\/\/www.istegroup.com\/fr\/nouveautes\/\"},{\"@type\":\"ListItem\",\"position\":3,\"name\":\"Economie circulaire et d\u00e9veloppement durable\"}]},{\"@type\":\"WebSite\",\"@id\":\"https:\/\/www.istegroup.com\/#website\",\"url\":\"https:\/\/www.istegroup.com\/\",\"name\":\"ISTE Group\",\"description\":\"\u00c9diteur des Sciences\",\"potentialAction\":[{\"@type\":\"SearchAction\",\"target\":{\"@type\":\"EntryPoint\",\"urlTemplate\":\"https:\/\/www.istegroup.com\/?s={search_term_string}\"},\"query-input\":{\"@type\":\"PropertyValueSpecification\",\"valueRequired\":true,\"valueName\":\"search_term_string\"}}],\"inLanguage\":\"fr-FR\"}]}<\/script>\n<!-- \/ Yoast SEO plugin. -->","yoast_head_json":{"title":"Economie circulaire et d\u00e9veloppement durable - ISTE Group","description":"L\u2019\u00e9cologie industrielle et les circuits courts peuvent contribuer \u00e0 l\u2019\u00e9mergence d\u2019un d\u00e9veloppement durable. Cet ouvrage pr\u00e9sente l\u2019\u00e9volution de ces concepts.","robots":{"index":"index","follow":"follow","max-snippet":"max-snippet:-1","max-image-preview":"max-image-preview:large","max-video-preview":"max-video-preview:-1"},"canonical":"https:\/\/www.istegroup.com\/fr\/produit\/economie-circulaire-et-developpement-durable\/","og_locale":"fr_FR","og_type":"article","og_title":"Economie circulaire et d\u00e9veloppement durable - ISTE Group","og_description":"L\u2019\u00e9cologie industrielle et les circuits courts peuvent contribuer \u00e0 l\u2019\u00e9mergence d\u2019un d\u00e9veloppement durable. Cet ouvrage pr\u00e9sente l\u2019\u00e9volution de ces concepts.","og_url":"https:\/\/www.istegroup.com\/fr\/produit\/economie-circulaire-et-developpement-durable\/","og_site_name":"ISTE Group","article_modified_time":"2024-01-03T13:38:52+00:00","og_image":[{"width":631,"height":962,"url":"https:\/\/www.istegroup.com\/wp-content\/uploads\/2017\/07\/9936404996_4330152900-1.png","type":"image\/png"}],"twitter_card":"summary_large_image","twitter_misc":{"Est. reading time":"1 minute"},"schema":{"@context":"https:\/\/schema.org","@graph":[{"@type":"WebPage","@id":"https:\/\/www.istegroup.com\/fr\/produit\/economie-circulaire-et-developpement-durable\/","url":"https:\/\/www.istegroup.com\/fr\/produit\/economie-circulaire-et-developpement-durable\/","name":"Economie circulaire et d\u00e9veloppement durable - ISTE Group","isPartOf":{"@id":"https:\/\/www.istegroup.com\/#website"},"primaryImageOfPage":{"@id":"https:\/\/www.istegroup.com\/fr\/produit\/economie-circulaire-et-developpement-durable\/#primaryimage"},"image":{"@id":"https:\/\/www.istegroup.com\/fr\/produit\/economie-circulaire-et-developpement-durable\/#primaryimage"},"thumbnailUrl":"https:\/\/www.istegroup.com\/wp-content\/uploads\/2017\/07\/9936404996_4330152900-1.png","datePublished":"2017-07-28T09:04:40+00:00","dateModified":"2024-01-03T13:38:52+00:00","description":"L\u2019\u00e9cologie industrielle et les circuits courts peuvent contribuer \u00e0 l\u2019\u00e9mergence d\u2019un d\u00e9veloppement durable. Cet ouvrage pr\u00e9sente l\u2019\u00e9volution de ces concepts.","breadcrumb":{"@id":"https:\/\/www.istegroup.com\/fr\/produit\/economie-circulaire-et-developpement-durable\/#breadcrumb"},"inLanguage":"fr-FR","potentialAction":[{"@type":"ReadAction","target":["https:\/\/www.istegroup.com\/fr\/produit\/economie-circulaire-et-developpement-durable\/"]}]},{"@type":"ImageObject","inLanguage":"fr-FR","@id":"https:\/\/www.istegroup.com\/fr\/produit\/economie-circulaire-et-developpement-durable\/#primaryimage","url":"https:\/\/www.istegroup.com\/wp-content\/uploads\/2017\/07\/9936404996_4330152900-1.png","contentUrl":"https:\/\/www.istegroup.com\/wp-content\/uploads\/2017\/07\/9936404996_4330152900-1.png","width":631,"height":962,"caption":"Ecologie industrielle et circuits courts"},{"@type":"BreadcrumbList","@id":"https:\/\/www.istegroup.com\/fr\/produit\/economie-circulaire-et-developpement-durable\/#breadcrumb","itemListElement":[{"@type":"ListItem","position":1,"name":"Home","item":"https:\/\/www.istegroup.com\/"},{"@type":"ListItem","position":2,"name":"Shop","item":"https:\/\/www.istegroup.com\/fr\/nouveautes\/"},{"@type":"ListItem","position":3,"name":"Economie circulaire et d\u00e9veloppement durable"}]},{"@type":"WebSite","@id":"https:\/\/www.istegroup.com\/#website","url":"https:\/\/www.istegroup.com\/","name":"ISTE Group","description":"\u00c9diteur des Sciences","potentialAction":[{"@type":"SearchAction","target":{"@type":"EntryPoint","urlTemplate":"https:\/\/www.istegroup.com\/?s={search_term_string}"},"query-input":{"@type":"PropertyValueSpecification","valueRequired":true,"valueName":"search_term_string"}}],"inLanguage":"fr-FR"}]}},"_links":{"self":[{"href":"https:\/\/www.istegroup.com\/fr\/wp-json\/wp\/v2\/product\/201","targetHints":{"allow":["GET"]}}],"collection":[{"href":"https:\/\/www.istegroup.com\/fr\/wp-json\/wp\/v2\/product"}],"about":[{"href":"https:\/\/www.istegroup.com\/fr\/wp-json\/wp\/v2\/types\/product"}],"wp:featuredmedia":[{"embeddable":true,"href":"https:\/\/www.istegroup.com\/fr\/wp-json\/wp\/v2\/media\/202"}],"wp:attachment":[{"href":"https:\/\/www.istegroup.com\/fr\/wp-json\/wp\/v2\/media?parent=201"}],"wp:term":[{"taxonomy":"product_brand","embeddable":true,"href":"https:\/\/www.istegroup.com\/fr\/wp-json\/wp\/v2\/product_brand?post=201"},{"taxonomy":"product_cat","embeddable":true,"href":"https:\/\/www.istegroup.com\/fr\/wp-json\/wp\/v2\/product_cat?post=201"},{"taxonomy":"product_tag","embeddable":true,"href":"https:\/\/www.istegroup.com\/fr\/wp-json\/wp\/v2\/product_tag?post=201"}],"curies":[{"name":"wp","href":"https:\/\/api.w.org\/{rel}","templated":true}]}}