{"id":19971,"date":"2019-04-10T10:48:20","date_gmt":"2019-04-10T09:48:20","guid":{"rendered":"https:\/\/www.istegroup.com\/?post_type=product&#038;p=19971"},"modified":"2024-01-03T13:43:10","modified_gmt":"2024-01-03T13:43:10","slug":"linnovation-dans-les-industries-culturelles-et-creatives","status":"publish","type":"product","link":"https:\/\/www.istegroup.com\/fr\/produit\/linnovation-dans-les-industries-culturelles-et-creatives\/","title":{"rendered":"L\u2019innovation dans les industries culturelles et cr\u00e9atives"},"content":{"rendered":"<p>Les innovations technologiques, les \u00e9volutions sociologiques et de consommation ou encore l\u2019internationalisation croissante transforment les industries culturelles et cr\u00e9atives (ICC). Ces mutations pr\u00e9sentent pour les ICC des d\u00e9fis in\u00e9dits qui n\u00e9cessitent des r\u00e9ponses originales et inventives.<\/p>\n<p><em>L\u2019innovation dans les industries culturelles et cr\u00e9atives<\/em> analyse les strat\u00e9gies innovantes et performantes mises en place par des organisations qui appartiennent au champ des ICC, comme Nintendo, la grotte de Lascaux ou encore Daft Punk. Les \u00e9tudes de cas pr\u00e9sent\u00e9es dans cet ouvrage concernent les secteurs du jeu vid\u00e9o, du livre, de la musique, des mus\u00e9es, de la mode, du cin\u00e9ma et de l\u2019architecture. Chaque chapitre est articul\u00e9 autour de cinq points cl\u00e9s : un cadrage th\u00e9orique qui met l\u2019accent sur un concept pr\u00e9cis, une description du dispositif m\u00e9thodologique mobilis\u00e9, une pr\u00e9sentation de l\u2019ICC concern\u00e9e, l\u2019analyse de la strat\u00e9gie innovante et un retour sur les enseignements et bonnes pratiques du cas.<\/p>\n","protected":false},"excerpt":{"rendered":"<p>Les innovations technologiques, les \u00e9volutions sociologiques et de consommation ou encore l\u2019internationalisation croissante transforment les industries culturelles et cr\u00e9atives (ICC). Ces mutations pr\u00e9sentent pour les ICC des d\u00e9fis in\u00e9dits qui n\u00e9cessitent des r\u00e9ponses originales et inventives. L\u2019innovation dans les industries culturelles et cr\u00e9atives analyse les strat\u00e9gies innovantes et performantes mises en place par des organisations [&hellip;]<\/p>\n","protected":false},"featured_media":19979,"template":"","meta":{"_acf_changed":false,"_links_to":"","_links_to_target":""},"product_brand":[],"product_cat":[670],"product_tag":[],"class_list":{"0":"post-19971","1":"product","2":"type-product","3":"status-publish","4":"has-post-thumbnail","6":"product_cat-innovation-entrepreneuriat-et-gestion-11041751","8":"first","9":"instock","10":"shipping-taxable","11":"purchasable","12":"product-type-variable"},"acf":[],"yoast_head":"<!-- This site is optimized with the Yoast SEO plugin v27.2 - https:\/\/yoast.com\/product\/yoast-seo-wordpress\/ -->\n<title>L\u2019innovation dans les industries culturelles et cr\u00e9atives - ISTE Group<\/title>\n<meta name=\"description\" content=\"L\u2019innovation dans les industries culturelles et cr\u00e9atives analyse les strat\u00e9gies innovantes et performantes mises en place par des organisations qui appartiennent au champ des ICC, comme Nintendo, la grotte de Lascaux ou encore Daft Punk.\" \/>\n<meta name=\"robots\" content=\"index, follow, max-snippet:-1, max-image-preview:large, max-video-preview:-1\" \/>\n<link rel=\"canonical\" href=\"https:\/\/www.istegroup.com\/fr\/produit\/linnovation-dans-les-industries-culturelles-et-creatives\/\" \/>\n<meta property=\"og:locale\" content=\"fr_FR\" \/>\n<meta property=\"og:type\" content=\"article\" \/>\n<meta property=\"og:title\" content=\"L\u2019innovation dans les industries culturelles et cr\u00e9atives - ISTE Group\" \/>\n<meta property=\"og:description\" content=\"L\u2019innovation dans les industries culturelles et cr\u00e9atives analyse les strat\u00e9gies innovantes et performantes mises en place par des organisations qui appartiennent au champ des ICC, comme Nintendo, la grotte de Lascaux ou encore Daft Punk.\" \/>\n<meta property=\"og:url\" content=\"https:\/\/www.istegroup.com\/fr\/produit\/linnovation-dans-les-industries-culturelles-et-creatives\/\" \/>\n<meta property=\"og:site_name\" content=\"ISTE Group\" \/>\n<meta property=\"article:modified_time\" content=\"2024-01-03T13:43:10+00:00\" \/>\n<meta property=\"og:image\" content=\"https:\/\/www.istegroup.com\/wp-content\/uploads\/2019\/04\/Pellegrin_Front.jpg\" \/>\n\t<meta property=\"og:image:width\" content=\"300\" \/>\n\t<meta property=\"og:image:height\" content=\"453\" \/>\n\t<meta property=\"og:image:type\" content=\"image\/jpeg\" \/>\n<meta name=\"twitter:card\" content=\"summary_large_image\" \/>\n<meta name=\"twitter:label1\" content=\"Est. reading time\" \/>\n\t<meta name=\"twitter:data1\" content=\"1 minute\" \/>\n<script type=\"application\/ld+json\" class=\"yoast-schema-graph\">{\"@context\":\"https:\/\/schema.org\",\"@graph\":[{\"@type\":\"WebPage\",\"@id\":\"https:\/\/www.istegroup.com\/fr\/produit\/linnovation-dans-les-industries-culturelles-et-creatives\/\",\"url\":\"https:\/\/www.istegroup.com\/fr\/produit\/linnovation-dans-les-industries-culturelles-et-creatives\/\",\"name\":\"L\u2019innovation dans les industries culturelles et cr\u00e9atives - ISTE Group\",\"isPartOf\":{\"@id\":\"https:\/\/www.istegroup.com\/#website\"},\"primaryImageOfPage\":{\"@id\":\"https:\/\/www.istegroup.com\/fr\/produit\/linnovation-dans-les-industries-culturelles-et-creatives\/#primaryimage\"},\"image\":{\"@id\":\"https:\/\/www.istegroup.com\/fr\/produit\/linnovation-dans-les-industries-culturelles-et-creatives\/#primaryimage\"},\"thumbnailUrl\":\"https:\/\/www.istegroup.com\/wp-content\/uploads\/2019\/04\/Pellegrin_Front.jpg\",\"datePublished\":\"2019-04-10T09:48:20+00:00\",\"dateModified\":\"2024-01-03T13:43:10+00:00\",\"description\":\"L\u2019innovation dans les industries culturelles et cr\u00e9atives analyse les strat\u00e9gies innovantes et performantes mises en place par des organisations qui appartiennent au champ des ICC, comme Nintendo, la grotte de Lascaux ou encore Daft Punk.\",\"breadcrumb\":{\"@id\":\"https:\/\/www.istegroup.com\/fr\/produit\/linnovation-dans-les-industries-culturelles-et-creatives\/#breadcrumb\"},\"inLanguage\":\"fr-FR\",\"potentialAction\":[{\"@type\":\"ReadAction\",\"target\":[\"https:\/\/www.istegroup.com\/fr\/produit\/linnovation-dans-les-industries-culturelles-et-creatives\/\"]}]},{\"@type\":\"ImageObject\",\"inLanguage\":\"fr-FR\",\"@id\":\"https:\/\/www.istegroup.com\/fr\/produit\/linnovation-dans-les-industries-culturelles-et-creatives\/#primaryimage\",\"url\":\"https:\/\/www.istegroup.com\/wp-content\/uploads\/2019\/04\/Pellegrin_Front.jpg\",\"contentUrl\":\"https:\/\/www.istegroup.com\/wp-content\/uploads\/2019\/04\/Pellegrin_Front.jpg\",\"width\":300,\"height\":453,\"caption\":\"L\u2019innovation dans les industries culturelles et cr\u00e9atives\"},{\"@type\":\"BreadcrumbList\",\"@id\":\"https:\/\/www.istegroup.com\/fr\/produit\/linnovation-dans-les-industries-culturelles-et-creatives\/#breadcrumb\",\"itemListElement\":[{\"@type\":\"ListItem\",\"position\":1,\"name\":\"Home\",\"item\":\"https:\/\/www.istegroup.com\/\"},{\"@type\":\"ListItem\",\"position\":2,\"name\":\"Shop\",\"item\":\"https:\/\/www.istegroup.com\/fr\/nouveautes\/\"},{\"@type\":\"ListItem\",\"position\":3,\"name\":\"L\u2019innovation dans les industries culturelles et cr\u00e9atives\"}]},{\"@type\":\"WebSite\",\"@id\":\"https:\/\/www.istegroup.com\/#website\",\"url\":\"https:\/\/www.istegroup.com\/\",\"name\":\"ISTE Group\",\"description\":\"\u00c9diteur des Sciences\",\"potentialAction\":[{\"@type\":\"SearchAction\",\"target\":{\"@type\":\"EntryPoint\",\"urlTemplate\":\"https:\/\/www.istegroup.com\/?s={search_term_string}\"},\"query-input\":{\"@type\":\"PropertyValueSpecification\",\"valueRequired\":true,\"valueName\":\"search_term_string\"}}],\"inLanguage\":\"fr-FR\"}]}<\/script>\n<!-- \/ Yoast SEO plugin. -->","yoast_head_json":{"title":"L\u2019innovation dans les industries culturelles et cr\u00e9atives - ISTE Group","description":"L\u2019innovation dans les industries culturelles et cr\u00e9atives analyse les strat\u00e9gies innovantes et performantes mises en place par des organisations qui appartiennent au champ des ICC, comme Nintendo, la grotte de Lascaux ou encore Daft Punk.","robots":{"index":"index","follow":"follow","max-snippet":"max-snippet:-1","max-image-preview":"max-image-preview:large","max-video-preview":"max-video-preview:-1"},"canonical":"https:\/\/www.istegroup.com\/fr\/produit\/linnovation-dans-les-industries-culturelles-et-creatives\/","og_locale":"fr_FR","og_type":"article","og_title":"L\u2019innovation dans les industries culturelles et cr\u00e9atives - ISTE Group","og_description":"L\u2019innovation dans les industries culturelles et cr\u00e9atives analyse les strat\u00e9gies innovantes et performantes mises en place par des organisations qui appartiennent au champ des ICC, comme Nintendo, la grotte de Lascaux ou encore Daft Punk.","og_url":"https:\/\/www.istegroup.com\/fr\/produit\/linnovation-dans-les-industries-culturelles-et-creatives\/","og_site_name":"ISTE Group","article_modified_time":"2024-01-03T13:43:10+00:00","og_image":[{"width":300,"height":453,"url":"https:\/\/www.istegroup.com\/wp-content\/uploads\/2019\/04\/Pellegrin_Front.jpg","type":"image\/jpeg"}],"twitter_card":"summary_large_image","twitter_misc":{"Est. reading time":"1 minute"},"schema":{"@context":"https:\/\/schema.org","@graph":[{"@type":"WebPage","@id":"https:\/\/www.istegroup.com\/fr\/produit\/linnovation-dans-les-industries-culturelles-et-creatives\/","url":"https:\/\/www.istegroup.com\/fr\/produit\/linnovation-dans-les-industries-culturelles-et-creatives\/","name":"L\u2019innovation dans les industries culturelles et cr\u00e9atives - ISTE Group","isPartOf":{"@id":"https:\/\/www.istegroup.com\/#website"},"primaryImageOfPage":{"@id":"https:\/\/www.istegroup.com\/fr\/produit\/linnovation-dans-les-industries-culturelles-et-creatives\/#primaryimage"},"image":{"@id":"https:\/\/www.istegroup.com\/fr\/produit\/linnovation-dans-les-industries-culturelles-et-creatives\/#primaryimage"},"thumbnailUrl":"https:\/\/www.istegroup.com\/wp-content\/uploads\/2019\/04\/Pellegrin_Front.jpg","datePublished":"2019-04-10T09:48:20+00:00","dateModified":"2024-01-03T13:43:10+00:00","description":"L\u2019innovation dans les industries culturelles et cr\u00e9atives analyse les strat\u00e9gies innovantes et performantes mises en place par des organisations qui appartiennent au champ des ICC, comme Nintendo, la grotte de Lascaux ou encore Daft Punk.","breadcrumb":{"@id":"https:\/\/www.istegroup.com\/fr\/produit\/linnovation-dans-les-industries-culturelles-et-creatives\/#breadcrumb"},"inLanguage":"fr-FR","potentialAction":[{"@type":"ReadAction","target":["https:\/\/www.istegroup.com\/fr\/produit\/linnovation-dans-les-industries-culturelles-et-creatives\/"]}]},{"@type":"ImageObject","inLanguage":"fr-FR","@id":"https:\/\/www.istegroup.com\/fr\/produit\/linnovation-dans-les-industries-culturelles-et-creatives\/#primaryimage","url":"https:\/\/www.istegroup.com\/wp-content\/uploads\/2019\/04\/Pellegrin_Front.jpg","contentUrl":"https:\/\/www.istegroup.com\/wp-content\/uploads\/2019\/04\/Pellegrin_Front.jpg","width":300,"height":453,"caption":"L\u2019innovation dans les industries culturelles et cr\u00e9atives"},{"@type":"BreadcrumbList","@id":"https:\/\/www.istegroup.com\/fr\/produit\/linnovation-dans-les-industries-culturelles-et-creatives\/#breadcrumb","itemListElement":[{"@type":"ListItem","position":1,"name":"Home","item":"https:\/\/www.istegroup.com\/"},{"@type":"ListItem","position":2,"name":"Shop","item":"https:\/\/www.istegroup.com\/fr\/nouveautes\/"},{"@type":"ListItem","position":3,"name":"L\u2019innovation dans les industries culturelles et cr\u00e9atives"}]},{"@type":"WebSite","@id":"https:\/\/www.istegroup.com\/#website","url":"https:\/\/www.istegroup.com\/","name":"ISTE Group","description":"\u00c9diteur des Sciences","potentialAction":[{"@type":"SearchAction","target":{"@type":"EntryPoint","urlTemplate":"https:\/\/www.istegroup.com\/?s={search_term_string}"},"query-input":{"@type":"PropertyValueSpecification","valueRequired":true,"valueName":"search_term_string"}}],"inLanguage":"fr-FR"}]}},"_links":{"self":[{"href":"https:\/\/www.istegroup.com\/fr\/wp-json\/wp\/v2\/product\/19971","targetHints":{"allow":["GET"]}}],"collection":[{"href":"https:\/\/www.istegroup.com\/fr\/wp-json\/wp\/v2\/product"}],"about":[{"href":"https:\/\/www.istegroup.com\/fr\/wp-json\/wp\/v2\/types\/product"}],"wp:featuredmedia":[{"embeddable":true,"href":"https:\/\/www.istegroup.com\/fr\/wp-json\/wp\/v2\/media\/19979"}],"wp:attachment":[{"href":"https:\/\/www.istegroup.com\/fr\/wp-json\/wp\/v2\/media?parent=19971"}],"wp:term":[{"taxonomy":"product_brand","embeddable":true,"href":"https:\/\/www.istegroup.com\/fr\/wp-json\/wp\/v2\/product_brand?post=19971"},{"taxonomy":"product_cat","embeddable":true,"href":"https:\/\/www.istegroup.com\/fr\/wp-json\/wp\/v2\/product_cat?post=19971"},{"taxonomy":"product_tag","embeddable":true,"href":"https:\/\/www.istegroup.com\/fr\/wp-json\/wp\/v2\/product_tag?post=19971"}],"curies":[{"name":"wp","href":"https:\/\/api.w.org\/{rel}","templated":true}]}}