{"id":19954,"date":"2019-04-10T10:29:11","date_gmt":"2019-04-10T09:29:11","guid":{"rendered":"https:\/\/www.istegroup.com\/?post_type=product&#038;p=19954"},"modified":"2024-01-03T13:43:10","modified_gmt":"2024-01-03T13:43:10","slug":"optimisation-des-bioprocedes","status":"publish","type":"product","link":"https:\/\/www.istegroup.com\/fr\/produit\/optimisation-des-bioprocedes\/","title":{"rendered":"Optimisation des bioproc\u00e9d\u00e9s"},"content":{"rendered":"<p>L\u2019application de la th\u00e9orie de la commande optimale sur des exemples concrets est souvent consid\u00e9r\u00e9e comme une t\u00e2che difficile car elle demande un investissement important pour en ma\u00eetriser les subtilit\u00e9s.<\/p>\n<p><em>Optimisation des bioproc\u00e9d\u00e9s<\/em> apporte un \u00e9clairage p\u00e9dagogique sur les fondements de la th\u00e9orie. Pour l\u2019appliquer, il accompagne le lecteur avec des exemples th\u00e9oriques (probl\u00e8me de la balan\u00e7oire, du chauffeur press\u00e9, etc.) puis concrets en biotechnologie. Il propose une approche fond\u00e9e sur l\u2019apprentissage des proc\u00e9dures de r\u00e9solution plut\u00f4t que sur l\u2019expos\u00e9 th\u00e9orique des r\u00e9sultats fondamentaux. Un effort particulier est port\u00e9 sur les argumentations et interpr\u00e9tations g\u00e9om\u00e9triques des trajectoires fournies par l\u2019application du principe du maximum de Pontryagin.<\/p>\n","protected":false},"excerpt":{"rendered":"<p>L\u2019application de la th\u00e9orie de la commande optimale sur des exemples concrets est souvent consid\u00e9r\u00e9e comme une t\u00e2che difficile car elle demande un investissement important pour en ma\u00eetriser les subtilit\u00e9s. Optimisation des bioproc\u00e9d\u00e9s apporte un \u00e9clairage p\u00e9dagogique sur les fondements de la th\u00e9orie. Pour l\u2019appliquer, il accompagne le lecteur avec des exemples th\u00e9oriques (probl\u00e8me de [&hellip;]<\/p>\n","protected":false},"featured_media":19963,"template":"","meta":{"_acf_changed":false,"_links_to":"","_links_to_target":""},"product_brand":[],"product_cat":[3262],"product_tag":[],"class_list":{"0":"post-19954","1":"product","2":"type-product","3":"status-publish","4":"has-post-thumbnail","6":"product_cat-non-classe","8":"first","9":"instock","10":"shipping-taxable","11":"purchasable","12":"product-type-variable"},"acf":[],"yoast_head":"<!-- This site is optimized with the Yoast SEO plugin v27.2 - https:\/\/yoast.com\/product\/yoast-seo-wordpress\/ -->\n<title>Optimisation des bioproc\u00e9d\u00e9s - ISTE Group<\/title>\n<meta name=\"robots\" content=\"index, follow, max-snippet:-1, max-image-preview:large, max-video-preview:-1\" \/>\n<link rel=\"canonical\" href=\"https:\/\/www.istegroup.com\/en\/produit\/optimisation-des-bioprocedes\/\" \/>\n<meta property=\"og:locale\" content=\"fr_FR\" \/>\n<meta property=\"og:type\" content=\"article\" \/>\n<meta property=\"og:title\" content=\"Optimisation des bioproc\u00e9d\u00e9s - ISTE Group\" \/>\n<meta property=\"og:description\" content=\"L\u2019application de la th\u00e9orie de la commande optimale sur des exemples concrets est souvent consid\u00e9r\u00e9e comme une t\u00e2che difficile car elle demande un investissement important pour en ma\u00eetriser les subtilit\u00e9s. Optimisation des bioproc\u00e9d\u00e9s apporte un \u00e9clairage p\u00e9dagogique sur les fondements de la th\u00e9orie. Pour l\u2019appliquer, il accompagne le lecteur avec des exemples th\u00e9oriques (probl\u00e8me de [&hellip;]\" \/>\n<meta property=\"og:url\" content=\"https:\/\/www.istegroup.com\/en\/produit\/optimisation-des-bioprocedes\/\" \/>\n<meta property=\"og:site_name\" content=\"ISTE Group\" \/>\n<meta property=\"article:modified_time\" content=\"2024-01-03T13:43:10+00:00\" \/>\n<meta property=\"og:image\" content=\"https:\/\/www.istegroup.com\/wp-content\/uploads\/2019\/04\/Harmand_Front.jpg\" \/>\n\t<meta property=\"og:image:width\" content=\"300\" \/>\n\t<meta property=\"og:image:height\" content=\"450\" \/>\n\t<meta property=\"og:image:type\" content=\"image\/jpeg\" \/>\n<meta name=\"twitter:card\" content=\"summary_large_image\" \/>\n<meta name=\"twitter:label1\" content=\"Est. reading time\" \/>\n\t<meta name=\"twitter:data1\" content=\"1 minute\" \/>\n<script type=\"application\/ld+json\" class=\"yoast-schema-graph\">{\"@context\":\"https:\/\/schema.org\",\"@graph\":[{\"@type\":\"WebPage\",\"@id\":\"https:\/\/www.istegroup.com\/en\/produit\/optimisation-des-bioprocedes\/\",\"url\":\"https:\/\/www.istegroup.com\/en\/produit\/optimisation-des-bioprocedes\/\",\"name\":\"Optimisation des bioproc\u00e9d\u00e9s - ISTE Group\",\"isPartOf\":{\"@id\":\"https:\/\/www.istegroup.com\/#website\"},\"primaryImageOfPage\":{\"@id\":\"https:\/\/www.istegroup.com\/en\/produit\/optimisation-des-bioprocedes\/#primaryimage\"},\"image\":{\"@id\":\"https:\/\/www.istegroup.com\/en\/produit\/optimisation-des-bioprocedes\/#primaryimage\"},\"thumbnailUrl\":\"https:\/\/www.istegroup.com\/wp-content\/uploads\/2019\/04\/Harmand_Front.jpg\",\"datePublished\":\"2019-04-10T09:29:11+00:00\",\"dateModified\":\"2024-01-03T13:43:10+00:00\",\"breadcrumb\":{\"@id\":\"https:\/\/www.istegroup.com\/en\/produit\/optimisation-des-bioprocedes\/#breadcrumb\"},\"inLanguage\":\"fr-FR\",\"potentialAction\":[{\"@type\":\"ReadAction\",\"target\":[\"https:\/\/www.istegroup.com\/en\/produit\/optimisation-des-bioprocedes\/\"]}]},{\"@type\":\"ImageObject\",\"inLanguage\":\"fr-FR\",\"@id\":\"https:\/\/www.istegroup.com\/en\/produit\/optimisation-des-bioprocedes\/#primaryimage\",\"url\":\"https:\/\/www.istegroup.com\/wp-content\/uploads\/2019\/04\/Harmand_Front.jpg\",\"contentUrl\":\"https:\/\/www.istegroup.com\/wp-content\/uploads\/2019\/04\/Harmand_Front.jpg\",\"width\":300,\"height\":450,\"caption\":\"Pratique du principe du maximum de Pontryagin\"},{\"@type\":\"BreadcrumbList\",\"@id\":\"https:\/\/www.istegroup.com\/en\/produit\/optimisation-des-bioprocedes\/#breadcrumb\",\"itemListElement\":[{\"@type\":\"ListItem\",\"position\":1,\"name\":\"Home\",\"item\":\"https:\/\/www.istegroup.com\/\"},{\"@type\":\"ListItem\",\"position\":2,\"name\":\"Shop\",\"item\":\"https:\/\/www.istegroup.com\/fr\/nouveautes\/\"},{\"@type\":\"ListItem\",\"position\":3,\"name\":\"Optimisation des bioproc\u00e9d\u00e9s\"}]},{\"@type\":\"WebSite\",\"@id\":\"https:\/\/www.istegroup.com\/#website\",\"url\":\"https:\/\/www.istegroup.com\/\",\"name\":\"ISTE Group\",\"description\":\"\u00c9diteur des Sciences\",\"potentialAction\":[{\"@type\":\"SearchAction\",\"target\":{\"@type\":\"EntryPoint\",\"urlTemplate\":\"https:\/\/www.istegroup.com\/?s={search_term_string}\"},\"query-input\":{\"@type\":\"PropertyValueSpecification\",\"valueRequired\":true,\"valueName\":\"search_term_string\"}}],\"inLanguage\":\"fr-FR\"}]}<\/script>\n<!-- \/ Yoast SEO plugin. -->","yoast_head_json":{"title":"Optimisation des bioproc\u00e9d\u00e9s - ISTE Group","robots":{"index":"index","follow":"follow","max-snippet":"max-snippet:-1","max-image-preview":"max-image-preview:large","max-video-preview":"max-video-preview:-1"},"canonical":"https:\/\/www.istegroup.com\/en\/produit\/optimisation-des-bioprocedes\/","og_locale":"fr_FR","og_type":"article","og_title":"Optimisation des bioproc\u00e9d\u00e9s - ISTE Group","og_description":"L\u2019application de la th\u00e9orie de la commande optimale sur des exemples concrets est souvent consid\u00e9r\u00e9e comme une t\u00e2che difficile car elle demande un investissement important pour en ma\u00eetriser les subtilit\u00e9s. Optimisation des bioproc\u00e9d\u00e9s apporte un \u00e9clairage p\u00e9dagogique sur les fondements de la th\u00e9orie. Pour l\u2019appliquer, il accompagne le lecteur avec des exemples th\u00e9oriques (probl\u00e8me de [&hellip;]","og_url":"https:\/\/www.istegroup.com\/en\/produit\/optimisation-des-bioprocedes\/","og_site_name":"ISTE Group","article_modified_time":"2024-01-03T13:43:10+00:00","og_image":[{"width":300,"height":450,"url":"https:\/\/www.istegroup.com\/wp-content\/uploads\/2019\/04\/Harmand_Front.jpg","type":"image\/jpeg"}],"twitter_card":"summary_large_image","twitter_misc":{"Est. reading time":"1 minute"},"schema":{"@context":"https:\/\/schema.org","@graph":[{"@type":"WebPage","@id":"https:\/\/www.istegroup.com\/en\/produit\/optimisation-des-bioprocedes\/","url":"https:\/\/www.istegroup.com\/en\/produit\/optimisation-des-bioprocedes\/","name":"Optimisation des bioproc\u00e9d\u00e9s - ISTE Group","isPartOf":{"@id":"https:\/\/www.istegroup.com\/#website"},"primaryImageOfPage":{"@id":"https:\/\/www.istegroup.com\/en\/produit\/optimisation-des-bioprocedes\/#primaryimage"},"image":{"@id":"https:\/\/www.istegroup.com\/en\/produit\/optimisation-des-bioprocedes\/#primaryimage"},"thumbnailUrl":"https:\/\/www.istegroup.com\/wp-content\/uploads\/2019\/04\/Harmand_Front.jpg","datePublished":"2019-04-10T09:29:11+00:00","dateModified":"2024-01-03T13:43:10+00:00","breadcrumb":{"@id":"https:\/\/www.istegroup.com\/en\/produit\/optimisation-des-bioprocedes\/#breadcrumb"},"inLanguage":"fr-FR","potentialAction":[{"@type":"ReadAction","target":["https:\/\/www.istegroup.com\/en\/produit\/optimisation-des-bioprocedes\/"]}]},{"@type":"ImageObject","inLanguage":"fr-FR","@id":"https:\/\/www.istegroup.com\/en\/produit\/optimisation-des-bioprocedes\/#primaryimage","url":"https:\/\/www.istegroup.com\/wp-content\/uploads\/2019\/04\/Harmand_Front.jpg","contentUrl":"https:\/\/www.istegroup.com\/wp-content\/uploads\/2019\/04\/Harmand_Front.jpg","width":300,"height":450,"caption":"Pratique du principe du maximum de Pontryagin"},{"@type":"BreadcrumbList","@id":"https:\/\/www.istegroup.com\/en\/produit\/optimisation-des-bioprocedes\/#breadcrumb","itemListElement":[{"@type":"ListItem","position":1,"name":"Home","item":"https:\/\/www.istegroup.com\/"},{"@type":"ListItem","position":2,"name":"Shop","item":"https:\/\/www.istegroup.com\/fr\/nouveautes\/"},{"@type":"ListItem","position":3,"name":"Optimisation des bioproc\u00e9d\u00e9s"}]},{"@type":"WebSite","@id":"https:\/\/www.istegroup.com\/#website","url":"https:\/\/www.istegroup.com\/","name":"ISTE Group","description":"\u00c9diteur des Sciences","potentialAction":[{"@type":"SearchAction","target":{"@type":"EntryPoint","urlTemplate":"https:\/\/www.istegroup.com\/?s={search_term_string}"},"query-input":{"@type":"PropertyValueSpecification","valueRequired":true,"valueName":"search_term_string"}}],"inLanguage":"fr-FR"}]}},"_links":{"self":[{"href":"https:\/\/www.istegroup.com\/fr\/wp-json\/wp\/v2\/product\/19954","targetHints":{"allow":["GET"]}}],"collection":[{"href":"https:\/\/www.istegroup.com\/fr\/wp-json\/wp\/v2\/product"}],"about":[{"href":"https:\/\/www.istegroup.com\/fr\/wp-json\/wp\/v2\/types\/product"}],"wp:featuredmedia":[{"embeddable":true,"href":"https:\/\/www.istegroup.com\/fr\/wp-json\/wp\/v2\/media\/19963"}],"wp:attachment":[{"href":"https:\/\/www.istegroup.com\/fr\/wp-json\/wp\/v2\/media?parent=19954"}],"wp:term":[{"taxonomy":"product_brand","embeddable":true,"href":"https:\/\/www.istegroup.com\/fr\/wp-json\/wp\/v2\/product_brand?post=19954"},{"taxonomy":"product_cat","embeddable":true,"href":"https:\/\/www.istegroup.com\/fr\/wp-json\/wp\/v2\/product_cat?post=19954"},{"taxonomy":"product_tag","embeddable":true,"href":"https:\/\/www.istegroup.com\/fr\/wp-json\/wp\/v2\/product_tag?post=19954"}],"curies":[{"name":"wp","href":"https:\/\/api.w.org\/{rel}","templated":true}]}}