{"id":19915,"date":"2019-04-09T14:19:32","date_gmt":"2019-04-09T13:19:32","guid":{"rendered":"https:\/\/www.istegroup.com\/?post_type=product&#038;p=19915"},"modified":"2024-01-03T13:43:10","modified_gmt":"2024-01-03T13:43:10","slug":"philosophie-prospective-du-logiciel","status":"publish","type":"product","link":"https:\/\/www.istegroup.com\/fr\/produit\/philosophie-prospective-du-logiciel\/","title":{"rendered":"Philosophie prospective du logiciel"},"content":{"rendered":"<p>Les logiciels (syst\u00e8mes d\u2019exploitation, navigateurs web, traitements de texte, etc.) structurent notre quotidien. \u00c0 la fois interface utilisateur et circuits \u00e9lectroniques de la machine dans lesquels il s\u2019imprime, le logiciel repr\u00e9sente un objet hybride \u00e0 la crois\u00e9e de la mat\u00e9rialit\u00e9 et de l\u2019immat\u00e9rialit\u00e9. Mais est-ce \u00e0 proprement parler un \u00ab objet technique \u00bb ?<\/p>\n<p>En questionnant le statut des logiciels \u00e0 l\u2019aune des crit\u00e8res de la philosophie de la technique classique, et en particulier celle de Gilbert Simondon, cet ouvrage pose les premiers jalons d\u2019une r\u00e9flexion philosophique autour de cet objet.<\/p>\n<p>Des lignes de code et des sch\u00e9mas explicatifs viennent appuyer le propos pour initier les lecteurs \u00e0 des probl\u00e9matiques qui les concernent.<\/p>\n","protected":false},"excerpt":{"rendered":"<p>Les logiciels (syst\u00e8mes d\u2019exploitation, navigateurs web, traitements de texte, etc.) structurent notre quotidien. \u00c0 la fois interface utilisateur et circuits \u00e9lectroniques de la machine dans lesquels il s\u2019imprime, le logiciel repr\u00e9sente un objet hybride \u00e0 la crois\u00e9e de la mat\u00e9rialit\u00e9 et de l\u2019immat\u00e9rialit\u00e9. Mais est-ce \u00e0 proprement parler un \u00ab objet technique \u00bb ? En [&hellip;]<\/p>\n","protected":false},"featured_media":19921,"template":"","meta":{"_acf_changed":false,"_links_to":"","_links_to_target":""},"product_brand":[],"product_cat":[3262],"product_tag":[],"class_list":{"0":"post-19915","1":"product","2":"type-product","3":"status-publish","4":"has-post-thumbnail","6":"product_cat-non-classe","8":"first","9":"instock","10":"shipping-taxable","11":"purchasable","12":"product-type-variable"},"acf":[],"yoast_head":"<!-- This site is optimized with the Yoast SEO plugin v27.2 - https:\/\/yoast.com\/product\/yoast-seo-wordpress\/ -->\n<title>Philosophie prospective du logiciel - ISTE Group<\/title>\n<meta name=\"robots\" content=\"index, follow, max-snippet:-1, max-image-preview:large, max-video-preview:-1\" \/>\n<link rel=\"canonical\" href=\"https:\/\/www.istegroup.com\/fr\/produit\/philosophie-prospective-du-logiciel\/\" \/>\n<meta property=\"og:locale\" content=\"fr_FR\" \/>\n<meta property=\"og:type\" content=\"article\" \/>\n<meta property=\"og:title\" content=\"Philosophie prospective du logiciel - ISTE Group\" \/>\n<meta property=\"og:description\" content=\"Les logiciels (syst\u00e8mes d\u2019exploitation, navigateurs web, traitements de texte, etc.) structurent notre quotidien. \u00c0 la fois interface utilisateur et circuits \u00e9lectroniques de la machine dans lesquels il s\u2019imprime, le logiciel repr\u00e9sente un objet hybride \u00e0 la crois\u00e9e de la mat\u00e9rialit\u00e9 et de l\u2019immat\u00e9rialit\u00e9. Mais est-ce \u00e0 proprement parler un \u00ab objet technique \u00bb ? En [&hellip;]\" \/>\n<meta property=\"og:url\" content=\"https:\/\/www.istegroup.com\/fr\/produit\/philosophie-prospective-du-logiciel\/\" \/>\n<meta property=\"og:site_name\" content=\"ISTE Group\" \/>\n<meta property=\"article:modified_time\" content=\"2024-01-03T13:43:10+00:00\" \/>\n<meta property=\"og:image\" content=\"https:\/\/www.istegroup.com\/wp-content\/uploads\/2019\/04\/Ferrarato_Front.jpg\" \/>\n\t<meta property=\"og:image:width\" content=\"300\" \/>\n\t<meta property=\"og:image:height\" content=\"452\" \/>\n\t<meta property=\"og:image:type\" content=\"image\/jpeg\" \/>\n<meta name=\"twitter:card\" content=\"summary_large_image\" \/>\n<meta name=\"twitter:label1\" content=\"Est. reading time\" \/>\n\t<meta name=\"twitter:data1\" content=\"1 minute\" \/>\n<script type=\"application\/ld+json\" class=\"yoast-schema-graph\">{\"@context\":\"https:\/\/schema.org\",\"@graph\":[{\"@type\":\"WebPage\",\"@id\":\"https:\/\/www.istegroup.com\/fr\/produit\/philosophie-prospective-du-logiciel\/\",\"url\":\"https:\/\/www.istegroup.com\/fr\/produit\/philosophie-prospective-du-logiciel\/\",\"name\":\"Philosophie prospective du logiciel - ISTE Group\",\"isPartOf\":{\"@id\":\"https:\/\/www.istegroup.com\/#website\"},\"primaryImageOfPage\":{\"@id\":\"https:\/\/www.istegroup.com\/fr\/produit\/philosophie-prospective-du-logiciel\/#primaryimage\"},\"image\":{\"@id\":\"https:\/\/www.istegroup.com\/fr\/produit\/philosophie-prospective-du-logiciel\/#primaryimage\"},\"thumbnailUrl\":\"https:\/\/www.istegroup.com\/wp-content\/uploads\/2019\/04\/Ferrarato_Front.jpg\",\"datePublished\":\"2019-04-09T13:19:32+00:00\",\"dateModified\":\"2024-01-03T13:43:10+00:00\",\"breadcrumb\":{\"@id\":\"https:\/\/www.istegroup.com\/fr\/produit\/philosophie-prospective-du-logiciel\/#breadcrumb\"},\"inLanguage\":\"fr-FR\",\"potentialAction\":[{\"@type\":\"ReadAction\",\"target\":[\"https:\/\/www.istegroup.com\/fr\/produit\/philosophie-prospective-du-logiciel\/\"]}]},{\"@type\":\"ImageObject\",\"inLanguage\":\"fr-FR\",\"@id\":\"https:\/\/www.istegroup.com\/fr\/produit\/philosophie-prospective-du-logiciel\/#primaryimage\",\"url\":\"https:\/\/www.istegroup.com\/wp-content\/uploads\/2019\/04\/Ferrarato_Front.jpg\",\"contentUrl\":\"https:\/\/www.istegroup.com\/wp-content\/uploads\/2019\/04\/Ferrarato_Front.jpg\",\"width\":300,\"height\":452,\"caption\":\"Une \u00e9tude simondonienne\"},{\"@type\":\"BreadcrumbList\",\"@id\":\"https:\/\/www.istegroup.com\/fr\/produit\/philosophie-prospective-du-logiciel\/#breadcrumb\",\"itemListElement\":[{\"@type\":\"ListItem\",\"position\":1,\"name\":\"Home\",\"item\":\"https:\/\/www.istegroup.com\/\"},{\"@type\":\"ListItem\",\"position\":2,\"name\":\"Shop\",\"item\":\"https:\/\/www.istegroup.com\/fr\/nouveautes\/\"},{\"@type\":\"ListItem\",\"position\":3,\"name\":\"Philosophie prospective du logiciel\"}]},{\"@type\":\"WebSite\",\"@id\":\"https:\/\/www.istegroup.com\/#website\",\"url\":\"https:\/\/www.istegroup.com\/\",\"name\":\"ISTE Group\",\"description\":\"\u00c9diteur des Sciences\",\"potentialAction\":[{\"@type\":\"SearchAction\",\"target\":{\"@type\":\"EntryPoint\",\"urlTemplate\":\"https:\/\/www.istegroup.com\/?s={search_term_string}\"},\"query-input\":{\"@type\":\"PropertyValueSpecification\",\"valueRequired\":true,\"valueName\":\"search_term_string\"}}],\"inLanguage\":\"fr-FR\"}]}<\/script>\n<!-- \/ Yoast SEO plugin. -->","yoast_head_json":{"title":"Philosophie prospective du logiciel - ISTE Group","robots":{"index":"index","follow":"follow","max-snippet":"max-snippet:-1","max-image-preview":"max-image-preview:large","max-video-preview":"max-video-preview:-1"},"canonical":"https:\/\/www.istegroup.com\/fr\/produit\/philosophie-prospective-du-logiciel\/","og_locale":"fr_FR","og_type":"article","og_title":"Philosophie prospective du logiciel - ISTE Group","og_description":"Les logiciels (syst\u00e8mes d\u2019exploitation, navigateurs web, traitements de texte, etc.) structurent notre quotidien. \u00c0 la fois interface utilisateur et circuits \u00e9lectroniques de la machine dans lesquels il s\u2019imprime, le logiciel repr\u00e9sente un objet hybride \u00e0 la crois\u00e9e de la mat\u00e9rialit\u00e9 et de l\u2019immat\u00e9rialit\u00e9. Mais est-ce \u00e0 proprement parler un \u00ab objet technique \u00bb ? En [&hellip;]","og_url":"https:\/\/www.istegroup.com\/fr\/produit\/philosophie-prospective-du-logiciel\/","og_site_name":"ISTE Group","article_modified_time":"2024-01-03T13:43:10+00:00","og_image":[{"width":300,"height":452,"url":"https:\/\/www.istegroup.com\/wp-content\/uploads\/2019\/04\/Ferrarato_Front.jpg","type":"image\/jpeg"}],"twitter_card":"summary_large_image","twitter_misc":{"Est. reading time":"1 minute"},"schema":{"@context":"https:\/\/schema.org","@graph":[{"@type":"WebPage","@id":"https:\/\/www.istegroup.com\/fr\/produit\/philosophie-prospective-du-logiciel\/","url":"https:\/\/www.istegroup.com\/fr\/produit\/philosophie-prospective-du-logiciel\/","name":"Philosophie prospective du logiciel - ISTE Group","isPartOf":{"@id":"https:\/\/www.istegroup.com\/#website"},"primaryImageOfPage":{"@id":"https:\/\/www.istegroup.com\/fr\/produit\/philosophie-prospective-du-logiciel\/#primaryimage"},"image":{"@id":"https:\/\/www.istegroup.com\/fr\/produit\/philosophie-prospective-du-logiciel\/#primaryimage"},"thumbnailUrl":"https:\/\/www.istegroup.com\/wp-content\/uploads\/2019\/04\/Ferrarato_Front.jpg","datePublished":"2019-04-09T13:19:32+00:00","dateModified":"2024-01-03T13:43:10+00:00","breadcrumb":{"@id":"https:\/\/www.istegroup.com\/fr\/produit\/philosophie-prospective-du-logiciel\/#breadcrumb"},"inLanguage":"fr-FR","potentialAction":[{"@type":"ReadAction","target":["https:\/\/www.istegroup.com\/fr\/produit\/philosophie-prospective-du-logiciel\/"]}]},{"@type":"ImageObject","inLanguage":"fr-FR","@id":"https:\/\/www.istegroup.com\/fr\/produit\/philosophie-prospective-du-logiciel\/#primaryimage","url":"https:\/\/www.istegroup.com\/wp-content\/uploads\/2019\/04\/Ferrarato_Front.jpg","contentUrl":"https:\/\/www.istegroup.com\/wp-content\/uploads\/2019\/04\/Ferrarato_Front.jpg","width":300,"height":452,"caption":"Une \u00e9tude simondonienne"},{"@type":"BreadcrumbList","@id":"https:\/\/www.istegroup.com\/fr\/produit\/philosophie-prospective-du-logiciel\/#breadcrumb","itemListElement":[{"@type":"ListItem","position":1,"name":"Home","item":"https:\/\/www.istegroup.com\/"},{"@type":"ListItem","position":2,"name":"Shop","item":"https:\/\/www.istegroup.com\/fr\/nouveautes\/"},{"@type":"ListItem","position":3,"name":"Philosophie prospective du logiciel"}]},{"@type":"WebSite","@id":"https:\/\/www.istegroup.com\/#website","url":"https:\/\/www.istegroup.com\/","name":"ISTE Group","description":"\u00c9diteur des Sciences","potentialAction":[{"@type":"SearchAction","target":{"@type":"EntryPoint","urlTemplate":"https:\/\/www.istegroup.com\/?s={search_term_string}"},"query-input":{"@type":"PropertyValueSpecification","valueRequired":true,"valueName":"search_term_string"}}],"inLanguage":"fr-FR"}]}},"_links":{"self":[{"href":"https:\/\/www.istegroup.com\/fr\/wp-json\/wp\/v2\/product\/19915","targetHints":{"allow":["GET"]}}],"collection":[{"href":"https:\/\/www.istegroup.com\/fr\/wp-json\/wp\/v2\/product"}],"about":[{"href":"https:\/\/www.istegroup.com\/fr\/wp-json\/wp\/v2\/types\/product"}],"wp:featuredmedia":[{"embeddable":true,"href":"https:\/\/www.istegroup.com\/fr\/wp-json\/wp\/v2\/media\/19921"}],"wp:attachment":[{"href":"https:\/\/www.istegroup.com\/fr\/wp-json\/wp\/v2\/media?parent=19915"}],"wp:term":[{"taxonomy":"product_brand","embeddable":true,"href":"https:\/\/www.istegroup.com\/fr\/wp-json\/wp\/v2\/product_brand?post=19915"},{"taxonomy":"product_cat","embeddable":true,"href":"https:\/\/www.istegroup.com\/fr\/wp-json\/wp\/v2\/product_cat?post=19915"},{"taxonomy":"product_tag","embeddable":true,"href":"https:\/\/www.istegroup.com\/fr\/wp-json\/wp\/v2\/product_tag?post=19915"}],"curies":[{"name":"wp","href":"https:\/\/api.w.org\/{rel}","templated":true}]}}