{"id":19901,"date":"2019-04-09T14:07:02","date_gmt":"2019-04-09T13:07:02","guid":{"rendered":"https:\/\/www.istegroup.com\/?post_type=product&#038;p=19901"},"modified":"2024-01-03T13:43:10","modified_gmt":"2024-01-03T13:43:10","slug":"les-geoparcs-mondiaux-unesco","status":"publish","type":"product","link":"https:\/\/www.istegroup.com\/fr\/produit\/les-geoparcs-mondiaux-unesco\/","title":{"rendered":"Les g\u00e9oparcs mondiaux UNESCO"},"content":{"rendered":"<p>Depuis vingt ans, on assiste \u00e0 la reconnaissance progressive des g\u00e9oparcs mondiaux par l\u2019UNESCO. Ce sont des espaces territoriaux qui pr\u00e9sentent un h\u00e9ritage g\u00e9ologique d\u2019importance internationale.<\/p>\n<p>Cette classification pr\u00e9sente de v\u00e9ritables d\u00e9fis. Des strat\u00e9gies de d\u00e9veloppement conformes aux recommandations successives pr\u00f4n\u00e9es par diverses ONG doivent \u00eatre mises en place. Il faut aussi impliquer les acteurs locaux tant dans la pr\u00e9paration du dossier de candidature que dans la mise en oeuvre d\u2019un plan de gestion adapt\u00e9 suivant un d\u00e9veloppement global durable. La gestion des tensions et asym\u00e9tries qui existent entre les diff\u00e9rents groupes d\u2019acteurs (politiques, gestionnaires, scientifiques, repr\u00e9sentants des populations locales) constitue \u00e9galement un enjeu majeur.<\/p>\n<p>C\u2019est dans ce contexte et \u00e0 travers des \u00e9tudes de cas vari\u00e9es que cet ouvrage interroge les finalit\u00e9s des g\u00e9oparcs mondiaux UNESCO, en termes d\u2019inventaire et de conservation du patrimoine, de participation des populations locales, de d\u00e9veloppement local d\u2019un territoire et de sa mise en valeur par l\u2019interpr\u00e9tation du patrimoine.<\/p>\n","protected":false},"excerpt":{"rendered":"<p>Depuis vingt ans, on assiste \u00e0 la reconnaissance progressive des g\u00e9oparcs mondiaux par l\u2019UNESCO. Ce sont des espaces territoriaux qui pr\u00e9sentent un h\u00e9ritage g\u00e9ologique d\u2019importance internationale. Cette classification pr\u00e9sente de v\u00e9ritables d\u00e9fis. Des strat\u00e9gies de d\u00e9veloppement conformes aux recommandations successives pr\u00f4n\u00e9es par diverses ONG doivent \u00eatre mises en place. Il faut aussi impliquer les acteurs [&hellip;]<\/p>\n","protected":false},"featured_media":19907,"template":"","meta":{"_acf_changed":false,"_links_to":"","_links_to_target":""},"product_brand":[],"product_cat":[3262],"product_tag":[],"class_list":{"0":"post-19901","1":"product","2":"type-product","3":"status-publish","4":"has-post-thumbnail","6":"product_cat-non-classe","8":"first","9":"instock","10":"shipping-taxable","11":"purchasable","12":"product-type-variable"},"acf":[],"yoast_head":"<!-- This site is optimized with the Yoast SEO plugin v27.2 - https:\/\/yoast.com\/product\/yoast-seo-wordpress\/ -->\n<title>Les g\u00e9oparcs mondiaux UNESCO - ISTE Group<\/title>\n<meta name=\"robots\" content=\"index, follow, max-snippet:-1, max-image-preview:large, max-video-preview:-1\" \/>\n<link rel=\"canonical\" href=\"https:\/\/www.istegroup.com\/fr\/produit\/les-geoparcs-mondiaux-unesco\/\" \/>\n<meta property=\"og:locale\" content=\"fr_FR\" \/>\n<meta property=\"og:type\" content=\"article\" \/>\n<meta property=\"og:title\" content=\"Les g\u00e9oparcs mondiaux UNESCO - ISTE Group\" \/>\n<meta property=\"og:description\" content=\"Depuis vingt ans, on assiste \u00e0 la reconnaissance progressive des g\u00e9oparcs mondiaux par l\u2019UNESCO. Ce sont des espaces territoriaux qui pr\u00e9sentent un h\u00e9ritage g\u00e9ologique d\u2019importance internationale. Cette classification pr\u00e9sente de v\u00e9ritables d\u00e9fis. Des strat\u00e9gies de d\u00e9veloppement conformes aux recommandations successives pr\u00f4n\u00e9es par diverses ONG doivent \u00eatre mises en place. Il faut aussi impliquer les acteurs [&hellip;]\" \/>\n<meta property=\"og:url\" content=\"https:\/\/www.istegroup.com\/fr\/produit\/les-geoparcs-mondiaux-unesco\/\" \/>\n<meta property=\"og:site_name\" content=\"ISTE Group\" \/>\n<meta property=\"article:modified_time\" content=\"2024-01-03T13:43:10+00:00\" \/>\n<meta property=\"og:image\" content=\"https:\/\/www.istegroup.com\/wp-content\/uploads\/2019\/04\/Girault_Front.jpg\" \/>\n\t<meta property=\"og:image:width\" content=\"300\" \/>\n\t<meta property=\"og:image:height\" content=\"451\" \/>\n\t<meta property=\"og:image:type\" content=\"image\/jpeg\" \/>\n<meta name=\"twitter:card\" content=\"summary_large_image\" \/>\n<meta name=\"twitter:label1\" content=\"Est. reading time\" \/>\n\t<meta name=\"twitter:data1\" content=\"1 minute\" \/>\n<script type=\"application\/ld+json\" class=\"yoast-schema-graph\">{\"@context\":\"https:\/\/schema.org\",\"@graph\":[{\"@type\":\"WebPage\",\"@id\":\"https:\/\/www.istegroup.com\/fr\/produit\/les-geoparcs-mondiaux-unesco\/\",\"url\":\"https:\/\/www.istegroup.com\/fr\/produit\/les-geoparcs-mondiaux-unesco\/\",\"name\":\"Les g\u00e9oparcs mondiaux UNESCO - ISTE Group\",\"isPartOf\":{\"@id\":\"https:\/\/www.istegroup.com\/#website\"},\"primaryImageOfPage\":{\"@id\":\"https:\/\/www.istegroup.com\/fr\/produit\/les-geoparcs-mondiaux-unesco\/#primaryimage\"},\"image\":{\"@id\":\"https:\/\/www.istegroup.com\/fr\/produit\/les-geoparcs-mondiaux-unesco\/#primaryimage\"},\"thumbnailUrl\":\"https:\/\/www.istegroup.com\/wp-content\/uploads\/2019\/04\/Girault_Front.jpg\",\"datePublished\":\"2019-04-09T13:07:02+00:00\",\"dateModified\":\"2024-01-03T13:43:10+00:00\",\"breadcrumb\":{\"@id\":\"https:\/\/www.istegroup.com\/fr\/produit\/les-geoparcs-mondiaux-unesco\/#breadcrumb\"},\"inLanguage\":\"fr-FR\",\"potentialAction\":[{\"@type\":\"ReadAction\",\"target\":[\"https:\/\/www.istegroup.com\/fr\/produit\/les-geoparcs-mondiaux-unesco\/\"]}]},{\"@type\":\"ImageObject\",\"inLanguage\":\"fr-FR\",\"@id\":\"https:\/\/www.istegroup.com\/fr\/produit\/les-geoparcs-mondiaux-unesco\/#primaryimage\",\"url\":\"https:\/\/www.istegroup.com\/wp-content\/uploads\/2019\/04\/Girault_Front.jpg\",\"contentUrl\":\"https:\/\/www.istegroup.com\/wp-content\/uploads\/2019\/04\/Girault_Front.jpg\",\"width\":300,\"height\":451,\"caption\":\"Les g\u00e9oparcs mondiaux UNESCO\"},{\"@type\":\"BreadcrumbList\",\"@id\":\"https:\/\/www.istegroup.com\/fr\/produit\/les-geoparcs-mondiaux-unesco\/#breadcrumb\",\"itemListElement\":[{\"@type\":\"ListItem\",\"position\":1,\"name\":\"Home\",\"item\":\"https:\/\/www.istegroup.com\/\"},{\"@type\":\"ListItem\",\"position\":2,\"name\":\"Shop\",\"item\":\"https:\/\/www.istegroup.com\/fr\/nouveautes\/\"},{\"@type\":\"ListItem\",\"position\":3,\"name\":\"Les g\u00e9oparcs mondiaux UNESCO\"}]},{\"@type\":\"WebSite\",\"@id\":\"https:\/\/www.istegroup.com\/#website\",\"url\":\"https:\/\/www.istegroup.com\/\",\"name\":\"ISTE Group\",\"description\":\"\u00c9diteur des Sciences\",\"potentialAction\":[{\"@type\":\"SearchAction\",\"target\":{\"@type\":\"EntryPoint\",\"urlTemplate\":\"https:\/\/www.istegroup.com\/?s={search_term_string}\"},\"query-input\":{\"@type\":\"PropertyValueSpecification\",\"valueRequired\":true,\"valueName\":\"search_term_string\"}}],\"inLanguage\":\"fr-FR\"}]}<\/script>\n<!-- \/ Yoast SEO plugin. -->","yoast_head_json":{"title":"Les g\u00e9oparcs mondiaux UNESCO - ISTE Group","robots":{"index":"index","follow":"follow","max-snippet":"max-snippet:-1","max-image-preview":"max-image-preview:large","max-video-preview":"max-video-preview:-1"},"canonical":"https:\/\/www.istegroup.com\/fr\/produit\/les-geoparcs-mondiaux-unesco\/","og_locale":"fr_FR","og_type":"article","og_title":"Les g\u00e9oparcs mondiaux UNESCO - ISTE Group","og_description":"Depuis vingt ans, on assiste \u00e0 la reconnaissance progressive des g\u00e9oparcs mondiaux par l\u2019UNESCO. Ce sont des espaces territoriaux qui pr\u00e9sentent un h\u00e9ritage g\u00e9ologique d\u2019importance internationale. Cette classification pr\u00e9sente de v\u00e9ritables d\u00e9fis. Des strat\u00e9gies de d\u00e9veloppement conformes aux recommandations successives pr\u00f4n\u00e9es par diverses ONG doivent \u00eatre mises en place. Il faut aussi impliquer les acteurs [&hellip;]","og_url":"https:\/\/www.istegroup.com\/fr\/produit\/les-geoparcs-mondiaux-unesco\/","og_site_name":"ISTE Group","article_modified_time":"2024-01-03T13:43:10+00:00","og_image":[{"width":300,"height":451,"url":"https:\/\/www.istegroup.com\/wp-content\/uploads\/2019\/04\/Girault_Front.jpg","type":"image\/jpeg"}],"twitter_card":"summary_large_image","twitter_misc":{"Est. reading time":"1 minute"},"schema":{"@context":"https:\/\/schema.org","@graph":[{"@type":"WebPage","@id":"https:\/\/www.istegroup.com\/fr\/produit\/les-geoparcs-mondiaux-unesco\/","url":"https:\/\/www.istegroup.com\/fr\/produit\/les-geoparcs-mondiaux-unesco\/","name":"Les g\u00e9oparcs mondiaux UNESCO - ISTE Group","isPartOf":{"@id":"https:\/\/www.istegroup.com\/#website"},"primaryImageOfPage":{"@id":"https:\/\/www.istegroup.com\/fr\/produit\/les-geoparcs-mondiaux-unesco\/#primaryimage"},"image":{"@id":"https:\/\/www.istegroup.com\/fr\/produit\/les-geoparcs-mondiaux-unesco\/#primaryimage"},"thumbnailUrl":"https:\/\/www.istegroup.com\/wp-content\/uploads\/2019\/04\/Girault_Front.jpg","datePublished":"2019-04-09T13:07:02+00:00","dateModified":"2024-01-03T13:43:10+00:00","breadcrumb":{"@id":"https:\/\/www.istegroup.com\/fr\/produit\/les-geoparcs-mondiaux-unesco\/#breadcrumb"},"inLanguage":"fr-FR","potentialAction":[{"@type":"ReadAction","target":["https:\/\/www.istegroup.com\/fr\/produit\/les-geoparcs-mondiaux-unesco\/"]}]},{"@type":"ImageObject","inLanguage":"fr-FR","@id":"https:\/\/www.istegroup.com\/fr\/produit\/les-geoparcs-mondiaux-unesco\/#primaryimage","url":"https:\/\/www.istegroup.com\/wp-content\/uploads\/2019\/04\/Girault_Front.jpg","contentUrl":"https:\/\/www.istegroup.com\/wp-content\/uploads\/2019\/04\/Girault_Front.jpg","width":300,"height":451,"caption":"Les g\u00e9oparcs mondiaux UNESCO"},{"@type":"BreadcrumbList","@id":"https:\/\/www.istegroup.com\/fr\/produit\/les-geoparcs-mondiaux-unesco\/#breadcrumb","itemListElement":[{"@type":"ListItem","position":1,"name":"Home","item":"https:\/\/www.istegroup.com\/"},{"@type":"ListItem","position":2,"name":"Shop","item":"https:\/\/www.istegroup.com\/fr\/nouveautes\/"},{"@type":"ListItem","position":3,"name":"Les g\u00e9oparcs mondiaux UNESCO"}]},{"@type":"WebSite","@id":"https:\/\/www.istegroup.com\/#website","url":"https:\/\/www.istegroup.com\/","name":"ISTE Group","description":"\u00c9diteur des Sciences","potentialAction":[{"@type":"SearchAction","target":{"@type":"EntryPoint","urlTemplate":"https:\/\/www.istegroup.com\/?s={search_term_string}"},"query-input":{"@type":"PropertyValueSpecification","valueRequired":true,"valueName":"search_term_string"}}],"inLanguage":"fr-FR"}]}},"_links":{"self":[{"href":"https:\/\/www.istegroup.com\/fr\/wp-json\/wp\/v2\/product\/19901","targetHints":{"allow":["GET"]}}],"collection":[{"href":"https:\/\/www.istegroup.com\/fr\/wp-json\/wp\/v2\/product"}],"about":[{"href":"https:\/\/www.istegroup.com\/fr\/wp-json\/wp\/v2\/types\/product"}],"wp:featuredmedia":[{"embeddable":true,"href":"https:\/\/www.istegroup.com\/fr\/wp-json\/wp\/v2\/media\/19907"}],"wp:attachment":[{"href":"https:\/\/www.istegroup.com\/fr\/wp-json\/wp\/v2\/media?parent=19901"}],"wp:term":[{"taxonomy":"product_brand","embeddable":true,"href":"https:\/\/www.istegroup.com\/fr\/wp-json\/wp\/v2\/product_brand?post=19901"},{"taxonomy":"product_cat","embeddable":true,"href":"https:\/\/www.istegroup.com\/fr\/wp-json\/wp\/v2\/product_cat?post=19901"},{"taxonomy":"product_tag","embeddable":true,"href":"https:\/\/www.istegroup.com\/fr\/wp-json\/wp\/v2\/product_tag?post=19901"}],"curies":[{"name":"wp","href":"https:\/\/api.w.org\/{rel}","templated":true}]}}