{"id":19883,"date":"2019-04-09T13:53:11","date_gmt":"2019-04-09T12:53:11","guid":{"rendered":"https:\/\/www.istegroup.com\/?post_type=product&#038;p=19883"},"modified":"2024-01-03T13:43:09","modified_gmt":"2024-01-03T13:43:09","slug":"prise-de-decision-en-situation-de-crise","status":"publish","type":"product","link":"https:\/\/www.istegroup.com\/fr\/produit\/prise-de-decision-en-situation-de-crise\/","title":{"rendered":"Prise de d\u00e9cision en situation de crise"},"content":{"rendered":"<p>La formation \u00e0 la gestion de crise est aujourd\u2019hui incontournable pour tout gestionnaire. La multiplication des accidents et des catastrophes, accentu\u00e9e par le d\u00e9r\u00e8glement climatique et les contextes r\u00e9glementaires nationaux ou les attentes sociales, impose la n\u00e9cessit\u00e9 de se pr\u00e9parer \u00e0 affronter des situations inattendues qui parfois d\u00e9passent les capacit\u00e9s des organisations \u00e0 faire face. Les cellules de crise sont ainsi soumises \u00e0 de forts niveaux de stress ainsi qu\u2019\u00e0 diff\u00e9rents biais de repr\u00e9sentation qui affectent parfois leur d\u00e9cision.<\/p>\n<p>Cet ouvrage pr\u00e9sente les concepts, outils et m\u00e9thodes qui peuvent \u00eatre mis en oeuvre pour former \u00e0 la prise de d\u00e9cision en situation de crise. Il expose des r\u00e9sultats de recherche r\u00e9cents sur les exercices de crise et leur construction sc\u00e9naristique, mais aussi sur la r\u00e9alisation d\u2019une animation d\u2019exercice optimale, ainsi que l\u2019observation et le d\u00e9briefing aux participants. Il ouvre \u00e9galement sur des perspectives d\u2019\u00e9volution en termes de r\u00e9alisme de simulation d\u2019un sc\u00e9nario.<\/p>\n","protected":false},"excerpt":{"rendered":"<p>La formation \u00e0 la gestion de crise est aujourd\u2019hui incontournable pour tout gestionnaire. La multiplication des accidents et des catastrophes, accentu\u00e9e par le d\u00e9r\u00e8glement climatique et les contextes r\u00e9glementaires nationaux ou les attentes sociales, impose la n\u00e9cessit\u00e9 de se pr\u00e9parer \u00e0 affronter des situations inattendues qui parfois d\u00e9passent les capacit\u00e9s des organisations \u00e0 faire face. [&hellip;]<\/p>\n","protected":false},"featured_media":19890,"template":"","meta":{"_acf_changed":false,"_links_to":"","_links_to_target":""},"product_brand":[],"product_cat":[3262],"product_tag":[],"class_list":{"0":"post-19883","1":"product","2":"type-product","3":"status-publish","4":"has-post-thumbnail","6":"product_cat-non-classe","8":"first","9":"instock","10":"shipping-taxable","11":"purchasable","12":"product-type-variable"},"acf":[],"yoast_head":"<!-- This site is optimized with the Yoast SEO plugin v27.2 - https:\/\/yoast.com\/product\/yoast-seo-wordpress\/ -->\n<title>Prise de d\u00e9cision en situation de crise - ISTE Group<\/title>\n<meta name=\"robots\" content=\"index, follow, max-snippet:-1, max-image-preview:large, max-video-preview:-1\" \/>\n<link rel=\"canonical\" href=\"https:\/\/www.istegroup.com\/fr\/produit\/prise-de-decision-en-situation-de-crise\/\" \/>\n<meta property=\"og:locale\" content=\"fr_FR\" \/>\n<meta property=\"og:type\" content=\"article\" \/>\n<meta property=\"og:title\" content=\"Prise de d\u00e9cision en situation de crise - ISTE Group\" \/>\n<meta property=\"og:description\" content=\"La formation \u00e0 la gestion de crise est aujourd\u2019hui incontournable pour tout gestionnaire. La multiplication des accidents et des catastrophes, accentu\u00e9e par le d\u00e9r\u00e8glement climatique et les contextes r\u00e9glementaires nationaux ou les attentes sociales, impose la n\u00e9cessit\u00e9 de se pr\u00e9parer \u00e0 affronter des situations inattendues qui parfois d\u00e9passent les capacit\u00e9s des organisations \u00e0 faire face. [&hellip;]\" \/>\n<meta property=\"og:url\" content=\"https:\/\/www.istegroup.com\/fr\/produit\/prise-de-decision-en-situation-de-crise\/\" \/>\n<meta property=\"og:site_name\" content=\"ISTE Group\" \/>\n<meta property=\"article:modified_time\" content=\"2024-01-03T13:43:09+00:00\" \/>\n<meta property=\"og:image\" content=\"https:\/\/www.istegroup.com\/wp-content\/uploads\/2019\/04\/Sauvagnargues_Front.jpg\" \/>\n\t<meta property=\"og:image:width\" content=\"300\" \/>\n\t<meta property=\"og:image:height\" content=\"453\" \/>\n\t<meta property=\"og:image:type\" content=\"image\/jpeg\" \/>\n<meta name=\"twitter:card\" content=\"summary_large_image\" \/>\n<meta name=\"twitter:label1\" content=\"Est. reading time\" \/>\n\t<meta name=\"twitter:data1\" content=\"1 minute\" \/>\n<script type=\"application\/ld+json\" class=\"yoast-schema-graph\">{\"@context\":\"https:\/\/schema.org\",\"@graph\":[{\"@type\":\"WebPage\",\"@id\":\"https:\/\/www.istegroup.com\/fr\/produit\/prise-de-decision-en-situation-de-crise\/\",\"url\":\"https:\/\/www.istegroup.com\/fr\/produit\/prise-de-decision-en-situation-de-crise\/\",\"name\":\"Prise de d\u00e9cision en situation de crise - ISTE Group\",\"isPartOf\":{\"@id\":\"https:\/\/www.istegroup.com\/#website\"},\"primaryImageOfPage\":{\"@id\":\"https:\/\/www.istegroup.com\/fr\/produit\/prise-de-decision-en-situation-de-crise\/#primaryimage\"},\"image\":{\"@id\":\"https:\/\/www.istegroup.com\/fr\/produit\/prise-de-decision-en-situation-de-crise\/#primaryimage\"},\"thumbnailUrl\":\"https:\/\/www.istegroup.com\/wp-content\/uploads\/2019\/04\/Sauvagnargues_Front.jpg\",\"datePublished\":\"2019-04-09T12:53:11+00:00\",\"dateModified\":\"2024-01-03T13:43:09+00:00\",\"breadcrumb\":{\"@id\":\"https:\/\/www.istegroup.com\/fr\/produit\/prise-de-decision-en-situation-de-crise\/#breadcrumb\"},\"inLanguage\":\"fr-FR\",\"potentialAction\":[{\"@type\":\"ReadAction\",\"target\":[\"https:\/\/www.istegroup.com\/fr\/produit\/prise-de-decision-en-situation-de-crise\/\"]}]},{\"@type\":\"ImageObject\",\"inLanguage\":\"fr-FR\",\"@id\":\"https:\/\/www.istegroup.com\/fr\/produit\/prise-de-decision-en-situation-de-crise\/#primaryimage\",\"url\":\"https:\/\/www.istegroup.com\/wp-content\/uploads\/2019\/04\/Sauvagnargues_Front.jpg\",\"contentUrl\":\"https:\/\/www.istegroup.com\/wp-content\/uploads\/2019\/04\/Sauvagnargues_Front.jpg\",\"width\":300,\"height\":453,\"caption\":\"Recherche et innovations pour une formation optimale\"},{\"@type\":\"BreadcrumbList\",\"@id\":\"https:\/\/www.istegroup.com\/fr\/produit\/prise-de-decision-en-situation-de-crise\/#breadcrumb\",\"itemListElement\":[{\"@type\":\"ListItem\",\"position\":1,\"name\":\"Home\",\"item\":\"https:\/\/www.istegroup.com\/\"},{\"@type\":\"ListItem\",\"position\":2,\"name\":\"Shop\",\"item\":\"https:\/\/www.istegroup.com\/fr\/nouveautes\/\"},{\"@type\":\"ListItem\",\"position\":3,\"name\":\"Prise de d\u00e9cision en situation de crise\"}]},{\"@type\":\"WebSite\",\"@id\":\"https:\/\/www.istegroup.com\/#website\",\"url\":\"https:\/\/www.istegroup.com\/\",\"name\":\"ISTE Group\",\"description\":\"\u00c9diteur des Sciences\",\"potentialAction\":[{\"@type\":\"SearchAction\",\"target\":{\"@type\":\"EntryPoint\",\"urlTemplate\":\"https:\/\/www.istegroup.com\/?s={search_term_string}\"},\"query-input\":{\"@type\":\"PropertyValueSpecification\",\"valueRequired\":true,\"valueName\":\"search_term_string\"}}],\"inLanguage\":\"fr-FR\"}]}<\/script>\n<!-- \/ Yoast SEO plugin. -->","yoast_head_json":{"title":"Prise de d\u00e9cision en situation de crise - ISTE Group","robots":{"index":"index","follow":"follow","max-snippet":"max-snippet:-1","max-image-preview":"max-image-preview:large","max-video-preview":"max-video-preview:-1"},"canonical":"https:\/\/www.istegroup.com\/fr\/produit\/prise-de-decision-en-situation-de-crise\/","og_locale":"fr_FR","og_type":"article","og_title":"Prise de d\u00e9cision en situation de crise - ISTE Group","og_description":"La formation \u00e0 la gestion de crise est aujourd\u2019hui incontournable pour tout gestionnaire. La multiplication des accidents et des catastrophes, accentu\u00e9e par le d\u00e9r\u00e8glement climatique et les contextes r\u00e9glementaires nationaux ou les attentes sociales, impose la n\u00e9cessit\u00e9 de se pr\u00e9parer \u00e0 affronter des situations inattendues qui parfois d\u00e9passent les capacit\u00e9s des organisations \u00e0 faire face. [&hellip;]","og_url":"https:\/\/www.istegroup.com\/fr\/produit\/prise-de-decision-en-situation-de-crise\/","og_site_name":"ISTE Group","article_modified_time":"2024-01-03T13:43:09+00:00","og_image":[{"width":300,"height":453,"url":"https:\/\/www.istegroup.com\/wp-content\/uploads\/2019\/04\/Sauvagnargues_Front.jpg","type":"image\/jpeg"}],"twitter_card":"summary_large_image","twitter_misc":{"Est. reading time":"1 minute"},"schema":{"@context":"https:\/\/schema.org","@graph":[{"@type":"WebPage","@id":"https:\/\/www.istegroup.com\/fr\/produit\/prise-de-decision-en-situation-de-crise\/","url":"https:\/\/www.istegroup.com\/fr\/produit\/prise-de-decision-en-situation-de-crise\/","name":"Prise de d\u00e9cision en situation de crise - ISTE Group","isPartOf":{"@id":"https:\/\/www.istegroup.com\/#website"},"primaryImageOfPage":{"@id":"https:\/\/www.istegroup.com\/fr\/produit\/prise-de-decision-en-situation-de-crise\/#primaryimage"},"image":{"@id":"https:\/\/www.istegroup.com\/fr\/produit\/prise-de-decision-en-situation-de-crise\/#primaryimage"},"thumbnailUrl":"https:\/\/www.istegroup.com\/wp-content\/uploads\/2019\/04\/Sauvagnargues_Front.jpg","datePublished":"2019-04-09T12:53:11+00:00","dateModified":"2024-01-03T13:43:09+00:00","breadcrumb":{"@id":"https:\/\/www.istegroup.com\/fr\/produit\/prise-de-decision-en-situation-de-crise\/#breadcrumb"},"inLanguage":"fr-FR","potentialAction":[{"@type":"ReadAction","target":["https:\/\/www.istegroup.com\/fr\/produit\/prise-de-decision-en-situation-de-crise\/"]}]},{"@type":"ImageObject","inLanguage":"fr-FR","@id":"https:\/\/www.istegroup.com\/fr\/produit\/prise-de-decision-en-situation-de-crise\/#primaryimage","url":"https:\/\/www.istegroup.com\/wp-content\/uploads\/2019\/04\/Sauvagnargues_Front.jpg","contentUrl":"https:\/\/www.istegroup.com\/wp-content\/uploads\/2019\/04\/Sauvagnargues_Front.jpg","width":300,"height":453,"caption":"Recherche et innovations pour une formation optimale"},{"@type":"BreadcrumbList","@id":"https:\/\/www.istegroup.com\/fr\/produit\/prise-de-decision-en-situation-de-crise\/#breadcrumb","itemListElement":[{"@type":"ListItem","position":1,"name":"Home","item":"https:\/\/www.istegroup.com\/"},{"@type":"ListItem","position":2,"name":"Shop","item":"https:\/\/www.istegroup.com\/fr\/nouveautes\/"},{"@type":"ListItem","position":3,"name":"Prise de d\u00e9cision en situation de crise"}]},{"@type":"WebSite","@id":"https:\/\/www.istegroup.com\/#website","url":"https:\/\/www.istegroup.com\/","name":"ISTE Group","description":"\u00c9diteur des Sciences","potentialAction":[{"@type":"SearchAction","target":{"@type":"EntryPoint","urlTemplate":"https:\/\/www.istegroup.com\/?s={search_term_string}"},"query-input":{"@type":"PropertyValueSpecification","valueRequired":true,"valueName":"search_term_string"}}],"inLanguage":"fr-FR"}]}},"_links":{"self":[{"href":"https:\/\/www.istegroup.com\/fr\/wp-json\/wp\/v2\/product\/19883","targetHints":{"allow":["GET"]}}],"collection":[{"href":"https:\/\/www.istegroup.com\/fr\/wp-json\/wp\/v2\/product"}],"about":[{"href":"https:\/\/www.istegroup.com\/fr\/wp-json\/wp\/v2\/types\/product"}],"wp:featuredmedia":[{"embeddable":true,"href":"https:\/\/www.istegroup.com\/fr\/wp-json\/wp\/v2\/media\/19890"}],"wp:attachment":[{"href":"https:\/\/www.istegroup.com\/fr\/wp-json\/wp\/v2\/media?parent=19883"}],"wp:term":[{"taxonomy":"product_brand","embeddable":true,"href":"https:\/\/www.istegroup.com\/fr\/wp-json\/wp\/v2\/product_brand?post=19883"},{"taxonomy":"product_cat","embeddable":true,"href":"https:\/\/www.istegroup.com\/fr\/wp-json\/wp\/v2\/product_cat?post=19883"},{"taxonomy":"product_tag","embeddable":true,"href":"https:\/\/www.istegroup.com\/fr\/wp-json\/wp\/v2\/product_tag?post=19883"}],"curies":[{"name":"wp","href":"https:\/\/api.w.org\/{rel}","templated":true}]}}