{"id":19872,"date":"2019-04-09T13:38:36","date_gmt":"2019-04-09T12:38:36","guid":{"rendered":"https:\/\/www.istegroup.com\/?post_type=product&#038;p=19872"},"modified":"2024-01-03T13:43:09","modified_gmt":"2024-01-03T13:43:09","slug":"epidemiologie-et-geographie","status":"publish","type":"product","link":"https:\/\/www.istegroup.com\/fr\/produit\/epidemiologie-et-geographie\/","title":{"rendered":"\u00c9pid\u00e9miologie et g\u00e9ographie"},"content":{"rendered":"<p>Les ph\u00e9nom\u00e8nes de sant\u00e9 impliquent tr\u00e8s souvent des relations spatiales et temporelles entre les individus et des facteurs de risque li\u00e9s \u00e0 la g\u00e9ographie et \u00e0 l\u2019environnement. L\u2019utilisation de la localisation dans l\u2019analyse et la compr\u00e9hension des ph\u00e9nom\u00e8nes de sant\u00e9 est donc essentielle.<\/p>\n<p><em>\u00c9pid\u00e9miologie et g\u00e9ographie<\/em>\u00a0propose une vue d\u2019ensemble des objectifs, des principes, des m\u00e9thodes et des outils de l\u2019analyse spatiale et des syst\u00e8mes d\u2019information g\u00e9ographique appliqu\u00e9s au domaine de la sant\u00e9. Il constitue une introduction pratique \u00e0 l\u2019analyse spatio-temporelle pour l\u2019\u00e9pid\u00e9miologie et la g\u00e9ographie de la sant\u00e9, avec une approche p\u00e9dagogique illustr\u00e9e par des exemples concrets.<\/p>\n<p>Cet ouvrage pr\u00e9sente un aper\u00e7u simple et complet de l\u2019utilisation de l\u2019analyse spatiale pour les \u00e9tudiants en \u00e9pid\u00e9miologie, les professionnels de sant\u00e9 publique, les \u00e9pid\u00e9miologistes, les g\u00e9ographes de la sant\u00e9 et les sp\u00e9cialistes en \u00e9tudes de sant\u00e9-environnement.<\/p>\n<p>&nbsp;<\/p>\n<p><strong>La presse en parle<\/strong><\/p>\n<p>Cet ouvrage pr\u00e9sente un aper\u00e7u simple et complet de l\u2019utilisation de l\u2019analyse spatiale pour les \u00e9tudiants en \u00e9pid\u00e9miologie, les professionnels de sant\u00e9 publique, les \u00e9pid\u00e9miologistes, les g\u00e9ographes de la sant\u00e9 et les sp\u00e9cialistes en \u00e9tudes de sant\u00e9-environnement (&#8230;)<\/p>\n<p><a style=\"color: #1e9691\" href=\"http:\/\/decryptageo.fr\/lire-epidemiologie-et-geographie-par-marc-souris-ird\/\"><em>D\u00e9cryptaG\u00e9o, 2019<\/em><\/a><\/p>\n","protected":false},"excerpt":{"rendered":"<p>Les ph\u00e9nom\u00e8nes de sant\u00e9 impliquent tr\u00e8s souvent des relations spatiales et temporelles entre les individus et des facteurs de risque li\u00e9s \u00e0 la g\u00e9ographie et \u00e0 l\u2019environnement. L\u2019utilisation de la localisation dans l\u2019analyse et la compr\u00e9hension des ph\u00e9nom\u00e8nes de sant\u00e9 est donc essentielle. \u00c9pid\u00e9miologie et g\u00e9ographie\u00a0propose une vue d\u2019ensemble des objectifs, des principes, des m\u00e9thodes [&hellip;]<\/p>\n","protected":false},"featured_media":19881,"template":"","meta":{"_acf_changed":false,"_links_to":"","_links_to_target":""},"product_brand":[],"product_cat":[3262],"product_tag":[],"class_list":{"0":"post-19872","1":"product","2":"type-product","3":"status-publish","4":"has-post-thumbnail","6":"product_cat-non-classe","8":"first","9":"instock","10":"shipping-taxable","11":"purchasable","12":"product-type-variable"},"acf":[],"yoast_head":"<!-- This site is optimized with the Yoast SEO plugin v27.2 - https:\/\/yoast.com\/product\/yoast-seo-wordpress\/ -->\n<title>\u00c9pid\u00e9miologie et g\u00e9ographie - ISTE Group<\/title>\n<meta name=\"robots\" content=\"index, follow, max-snippet:-1, max-image-preview:large, max-video-preview:-1\" \/>\n<link rel=\"canonical\" href=\"https:\/\/www.istegroup.com\/fr\/produit\/epidemiologie-et-geographie\/\" \/>\n<meta property=\"og:locale\" content=\"fr_FR\" \/>\n<meta property=\"og:type\" content=\"article\" \/>\n<meta property=\"og:title\" content=\"\u00c9pid\u00e9miologie et g\u00e9ographie - ISTE Group\" \/>\n<meta property=\"og:description\" content=\"Les ph\u00e9nom\u00e8nes de sant\u00e9 impliquent tr\u00e8s souvent des relations spatiales et temporelles entre les individus et des facteurs de risque li\u00e9s \u00e0 la g\u00e9ographie et \u00e0 l\u2019environnement. L\u2019utilisation de la localisation dans l\u2019analyse et la compr\u00e9hension des ph\u00e9nom\u00e8nes de sant\u00e9 est donc essentielle. \u00c9pid\u00e9miologie et g\u00e9ographie\u00a0propose une vue d\u2019ensemble des objectifs, des principes, des m\u00e9thodes [&hellip;]\" \/>\n<meta property=\"og:url\" content=\"https:\/\/www.istegroup.com\/fr\/produit\/epidemiologie-et-geographie\/\" \/>\n<meta property=\"og:site_name\" content=\"ISTE Group\" \/>\n<meta property=\"article:modified_time\" content=\"2024-01-03T13:43:09+00:00\" \/>\n<meta property=\"og:image\" content=\"https:\/\/www.istegroup.com\/wp-content\/uploads\/2019\/04\/Souris_Front.jpg\" \/>\n\t<meta property=\"og:image:width\" content=\"300\" \/>\n\t<meta property=\"og:image:height\" content=\"450\" \/>\n\t<meta property=\"og:image:type\" content=\"image\/jpeg\" \/>\n<meta name=\"twitter:card\" content=\"summary_large_image\" \/>\n<meta name=\"twitter:label1\" content=\"Est. reading time\" \/>\n\t<meta name=\"twitter:data1\" content=\"1 minute\" \/>\n<script type=\"application\/ld+json\" class=\"yoast-schema-graph\">{\"@context\":\"https:\/\/schema.org\",\"@graph\":[{\"@type\":\"WebPage\",\"@id\":\"https:\/\/www.istegroup.com\/fr\/produit\/epidemiologie-et-geographie\/\",\"url\":\"https:\/\/www.istegroup.com\/fr\/produit\/epidemiologie-et-geographie\/\",\"name\":\"\u00c9pid\u00e9miologie et g\u00e9ographie - ISTE Group\",\"isPartOf\":{\"@id\":\"https:\/\/www.istegroup.com\/#website\"},\"primaryImageOfPage\":{\"@id\":\"https:\/\/www.istegroup.com\/fr\/produit\/epidemiologie-et-geographie\/#primaryimage\"},\"image\":{\"@id\":\"https:\/\/www.istegroup.com\/fr\/produit\/epidemiologie-et-geographie\/#primaryimage\"},\"thumbnailUrl\":\"https:\/\/www.istegroup.com\/wp-content\/uploads\/2019\/04\/Souris_Front.jpg\",\"datePublished\":\"2019-04-09T12:38:36+00:00\",\"dateModified\":\"2024-01-03T13:43:09+00:00\",\"breadcrumb\":{\"@id\":\"https:\/\/www.istegroup.com\/fr\/produit\/epidemiologie-et-geographie\/#breadcrumb\"},\"inLanguage\":\"fr-FR\",\"potentialAction\":[{\"@type\":\"ReadAction\",\"target\":[\"https:\/\/www.istegroup.com\/fr\/produit\/epidemiologie-et-geographie\/\"]}]},{\"@type\":\"ImageObject\",\"inLanguage\":\"fr-FR\",\"@id\":\"https:\/\/www.istegroup.com\/fr\/produit\/epidemiologie-et-geographie\/#primaryimage\",\"url\":\"https:\/\/www.istegroup.com\/wp-content\/uploads\/2019\/04\/Souris_Front.jpg\",\"contentUrl\":\"https:\/\/www.istegroup.com\/wp-content\/uploads\/2019\/04\/Souris_Front.jpg\",\"width\":300,\"height\":450,\"caption\":\"Principes, m\u00e9thodes et outils de l\u2019analyse spatiale\"},{\"@type\":\"BreadcrumbList\",\"@id\":\"https:\/\/www.istegroup.com\/fr\/produit\/epidemiologie-et-geographie\/#breadcrumb\",\"itemListElement\":[{\"@type\":\"ListItem\",\"position\":1,\"name\":\"Home\",\"item\":\"https:\/\/www.istegroup.com\/\"},{\"@type\":\"ListItem\",\"position\":2,\"name\":\"Shop\",\"item\":\"https:\/\/www.istegroup.com\/fr\/nouveautes\/\"},{\"@type\":\"ListItem\",\"position\":3,\"name\":\"\u00c9pid\u00e9miologie et g\u00e9ographie\"}]},{\"@type\":\"WebSite\",\"@id\":\"https:\/\/www.istegroup.com\/#website\",\"url\":\"https:\/\/www.istegroup.com\/\",\"name\":\"ISTE Group\",\"description\":\"\u00c9diteur des Sciences\",\"potentialAction\":[{\"@type\":\"SearchAction\",\"target\":{\"@type\":\"EntryPoint\",\"urlTemplate\":\"https:\/\/www.istegroup.com\/?s={search_term_string}\"},\"query-input\":{\"@type\":\"PropertyValueSpecification\",\"valueRequired\":true,\"valueName\":\"search_term_string\"}}],\"inLanguage\":\"fr-FR\"}]}<\/script>\n<!-- \/ Yoast SEO plugin. -->","yoast_head_json":{"title":"\u00c9pid\u00e9miologie et g\u00e9ographie - ISTE Group","robots":{"index":"index","follow":"follow","max-snippet":"max-snippet:-1","max-image-preview":"max-image-preview:large","max-video-preview":"max-video-preview:-1"},"canonical":"https:\/\/www.istegroup.com\/fr\/produit\/epidemiologie-et-geographie\/","og_locale":"fr_FR","og_type":"article","og_title":"\u00c9pid\u00e9miologie et g\u00e9ographie - ISTE Group","og_description":"Les ph\u00e9nom\u00e8nes de sant\u00e9 impliquent tr\u00e8s souvent des relations spatiales et temporelles entre les individus et des facteurs de risque li\u00e9s \u00e0 la g\u00e9ographie et \u00e0 l\u2019environnement. L\u2019utilisation de la localisation dans l\u2019analyse et la compr\u00e9hension des ph\u00e9nom\u00e8nes de sant\u00e9 est donc essentielle. \u00c9pid\u00e9miologie et g\u00e9ographie\u00a0propose une vue d\u2019ensemble des objectifs, des principes, des m\u00e9thodes [&hellip;]","og_url":"https:\/\/www.istegroup.com\/fr\/produit\/epidemiologie-et-geographie\/","og_site_name":"ISTE Group","article_modified_time":"2024-01-03T13:43:09+00:00","og_image":[{"width":300,"height":450,"url":"https:\/\/www.istegroup.com\/wp-content\/uploads\/2019\/04\/Souris_Front.jpg","type":"image\/jpeg"}],"twitter_card":"summary_large_image","twitter_misc":{"Est. reading time":"1 minute"},"schema":{"@context":"https:\/\/schema.org","@graph":[{"@type":"WebPage","@id":"https:\/\/www.istegroup.com\/fr\/produit\/epidemiologie-et-geographie\/","url":"https:\/\/www.istegroup.com\/fr\/produit\/epidemiologie-et-geographie\/","name":"\u00c9pid\u00e9miologie et g\u00e9ographie - ISTE Group","isPartOf":{"@id":"https:\/\/www.istegroup.com\/#website"},"primaryImageOfPage":{"@id":"https:\/\/www.istegroup.com\/fr\/produit\/epidemiologie-et-geographie\/#primaryimage"},"image":{"@id":"https:\/\/www.istegroup.com\/fr\/produit\/epidemiologie-et-geographie\/#primaryimage"},"thumbnailUrl":"https:\/\/www.istegroup.com\/wp-content\/uploads\/2019\/04\/Souris_Front.jpg","datePublished":"2019-04-09T12:38:36+00:00","dateModified":"2024-01-03T13:43:09+00:00","breadcrumb":{"@id":"https:\/\/www.istegroup.com\/fr\/produit\/epidemiologie-et-geographie\/#breadcrumb"},"inLanguage":"fr-FR","potentialAction":[{"@type":"ReadAction","target":["https:\/\/www.istegroup.com\/fr\/produit\/epidemiologie-et-geographie\/"]}]},{"@type":"ImageObject","inLanguage":"fr-FR","@id":"https:\/\/www.istegroup.com\/fr\/produit\/epidemiologie-et-geographie\/#primaryimage","url":"https:\/\/www.istegroup.com\/wp-content\/uploads\/2019\/04\/Souris_Front.jpg","contentUrl":"https:\/\/www.istegroup.com\/wp-content\/uploads\/2019\/04\/Souris_Front.jpg","width":300,"height":450,"caption":"Principes, m\u00e9thodes et outils de l\u2019analyse spatiale"},{"@type":"BreadcrumbList","@id":"https:\/\/www.istegroup.com\/fr\/produit\/epidemiologie-et-geographie\/#breadcrumb","itemListElement":[{"@type":"ListItem","position":1,"name":"Home","item":"https:\/\/www.istegroup.com\/"},{"@type":"ListItem","position":2,"name":"Shop","item":"https:\/\/www.istegroup.com\/fr\/nouveautes\/"},{"@type":"ListItem","position":3,"name":"\u00c9pid\u00e9miologie et g\u00e9ographie"}]},{"@type":"WebSite","@id":"https:\/\/www.istegroup.com\/#website","url":"https:\/\/www.istegroup.com\/","name":"ISTE Group","description":"\u00c9diteur des Sciences","potentialAction":[{"@type":"SearchAction","target":{"@type":"EntryPoint","urlTemplate":"https:\/\/www.istegroup.com\/?s={search_term_string}"},"query-input":{"@type":"PropertyValueSpecification","valueRequired":true,"valueName":"search_term_string"}}],"inLanguage":"fr-FR"}]}},"_links":{"self":[{"href":"https:\/\/www.istegroup.com\/fr\/wp-json\/wp\/v2\/product\/19872","targetHints":{"allow":["GET"]}}],"collection":[{"href":"https:\/\/www.istegroup.com\/fr\/wp-json\/wp\/v2\/product"}],"about":[{"href":"https:\/\/www.istegroup.com\/fr\/wp-json\/wp\/v2\/types\/product"}],"wp:featuredmedia":[{"embeddable":true,"href":"https:\/\/www.istegroup.com\/fr\/wp-json\/wp\/v2\/media\/19881"}],"wp:attachment":[{"href":"https:\/\/www.istegroup.com\/fr\/wp-json\/wp\/v2\/media?parent=19872"}],"wp:term":[{"taxonomy":"product_brand","embeddable":true,"href":"https:\/\/www.istegroup.com\/fr\/wp-json\/wp\/v2\/product_brand?post=19872"},{"taxonomy":"product_cat","embeddable":true,"href":"https:\/\/www.istegroup.com\/fr\/wp-json\/wp\/v2\/product_cat?post=19872"},{"taxonomy":"product_tag","embeddable":true,"href":"https:\/\/www.istegroup.com\/fr\/wp-json\/wp\/v2\/product_tag?post=19872"}],"curies":[{"name":"wp","href":"https:\/\/api.w.org\/{rel}","templated":true}]}}