{"id":19584,"date":"2019-04-02T17:48:26","date_gmt":"2019-04-02T16:48:26","guid":{"rendered":"https:\/\/www.istegroup.com\/?post_type=product&#038;p=19584"},"modified":"2024-01-03T13:43:09","modified_gmt":"2024-01-03T13:43:09","slug":"information-et-communication-durables","status":"publish","type":"product","link":"https:\/\/www.istegroup.com\/fr\/produit\/information-et-communication-durables\/","title":{"rendered":"Information et communication durables"},"content":{"rendered":"<p>L\u2019information et la communication durables ne sont pas le produit naturel du passage au num\u00e9rique et de la responsabilit\u00e9 sociale de l\u2019entreprise. Entre utopie de circonstance, discours d\u2019autolouange et pratiques auto\u00e9valu\u00e9es, une prise de distance analytique s\u2019impose.<\/p>\n<p><em>Information et communication durables<\/em>\u00a0offre, \u00e0 travers une approche transculturelle, un d\u00e9cryptage de la contribution ambigu\u00eb des technologies de l\u2019information et de la communication au d\u00e9veloppement durable. Par une d\u00e9construction des discours utopiques, positivistes et technicistes qui saturent les d\u00e9bats, il analyse \u00e9galement ce que sont des pratiques info-communicationnelles durables et les d\u00e9fis que celles-ci soul\u00e8vent. Enfin, il expose les soubassements d\u2019une capacit\u00e9 de ma\u00eetrise informationnelle plus susceptible de permettre une approche durable de l\u2019information. Une \u00e9tude de cas organisationnelle illustre la d\u00e9marche.<\/p>\n","protected":false},"excerpt":{"rendered":"<p>L\u2019information et la communication durables ne sont pas le produit naturel du passage au num\u00e9rique et de la responsabilit\u00e9 sociale de l\u2019entreprise. Entre utopie de circonstance, discours d\u2019autolouange et pratiques auto\u00e9valu\u00e9es, une prise de distance analytique s\u2019impose. Information et communication durables\u00a0offre, \u00e0 travers une approche transculturelle, un d\u00e9cryptage de la contribution ambigu\u00eb des technologies de [&hellip;]<\/p>\n","protected":false},"featured_media":19592,"template":"","meta":{"_acf_changed":false,"_links_to":"","_links_to_target":""},"product_brand":[],"product_cat":[3262],"product_tag":[],"class_list":{"0":"post-19584","1":"product","2":"type-product","3":"status-publish","4":"has-post-thumbnail","6":"product_cat-non-classe","8":"first","9":"instock","10":"shipping-taxable","11":"purchasable","12":"product-type-variable"},"acf":[],"yoast_head":"<!-- This site is optimized with the Yoast SEO plugin v27.2 - https:\/\/yoast.com\/product\/yoast-seo-wordpress\/ -->\n<title>Information et communication durables - ISTE Group<\/title>\n<meta name=\"robots\" content=\"index, follow, max-snippet:-1, max-image-preview:large, max-video-preview:-1\" \/>\n<link rel=\"canonical\" href=\"https:\/\/www.istegroup.com\/en\/produit\/information-et-communication-durables\/\" \/>\n<meta property=\"og:locale\" content=\"fr_FR\" \/>\n<meta property=\"og:type\" content=\"article\" \/>\n<meta property=\"og:title\" content=\"Information et communication durables - ISTE Group\" \/>\n<meta property=\"og:description\" content=\"L\u2019information et la communication durables ne sont pas le produit naturel du passage au num\u00e9rique et de la responsabilit\u00e9 sociale de l\u2019entreprise. Entre utopie de circonstance, discours d\u2019autolouange et pratiques auto\u00e9valu\u00e9es, une prise de distance analytique s\u2019impose. Information et communication durables\u00a0offre, \u00e0 travers une approche transculturelle, un d\u00e9cryptage de la contribution ambigu\u00eb des technologies de [&hellip;]\" \/>\n<meta property=\"og:url\" content=\"https:\/\/www.istegroup.com\/en\/produit\/information-et-communication-durables\/\" \/>\n<meta property=\"og:site_name\" content=\"ISTE Group\" \/>\n<meta property=\"article:modified_time\" content=\"2024-01-03T13:43:09+00:00\" \/>\n<meta property=\"og:image\" content=\"https:\/\/www.istegroup.com\/wp-content\/uploads\/2019\/04\/Mallowan_Front.jpg\" \/>\n\t<meta property=\"og:image:width\" content=\"606\" \/>\n\t<meta property=\"og:image:height\" content=\"914\" \/>\n\t<meta property=\"og:image:type\" content=\"image\/jpeg\" \/>\n<meta name=\"twitter:card\" content=\"summary_large_image\" \/>\n<meta name=\"twitter:label1\" content=\"Est. reading time\" \/>\n\t<meta name=\"twitter:data1\" content=\"1 minute\" \/>\n<script type=\"application\/ld+json\" class=\"yoast-schema-graph\">{\"@context\":\"https:\/\/schema.org\",\"@graph\":[{\"@type\":\"WebPage\",\"@id\":\"https:\/\/www.istegroup.com\/en\/produit\/information-et-communication-durables\/\",\"url\":\"https:\/\/www.istegroup.com\/en\/produit\/information-et-communication-durables\/\",\"name\":\"Information et communication durables - ISTE Group\",\"isPartOf\":{\"@id\":\"https:\/\/www.istegroup.com\/#website\"},\"primaryImageOfPage\":{\"@id\":\"https:\/\/www.istegroup.com\/en\/produit\/information-et-communication-durables\/#primaryimage\"},\"image\":{\"@id\":\"https:\/\/www.istegroup.com\/en\/produit\/information-et-communication-durables\/#primaryimage\"},\"thumbnailUrl\":\"https:\/\/www.istegroup.com\/wp-content\/uploads\/2019\/04\/Mallowan_Front.jpg\",\"datePublished\":\"2019-04-02T16:48:26+00:00\",\"dateModified\":\"2024-01-03T13:43:09+00:00\",\"breadcrumb\":{\"@id\":\"https:\/\/www.istegroup.com\/en\/produit\/information-et-communication-durables\/#breadcrumb\"},\"inLanguage\":\"fr-FR\",\"potentialAction\":[{\"@type\":\"ReadAction\",\"target\":[\"https:\/\/www.istegroup.com\/en\/produit\/information-et-communication-durables\/\"]}]},{\"@type\":\"ImageObject\",\"inLanguage\":\"fr-FR\",\"@id\":\"https:\/\/www.istegroup.com\/en\/produit\/information-et-communication-durables\/#primaryimage\",\"url\":\"https:\/\/www.istegroup.com\/wp-content\/uploads\/2019\/04\/Mallowan_Front.jpg\",\"contentUrl\":\"https:\/\/www.istegroup.com\/wp-content\/uploads\/2019\/04\/Mallowan_Front.jpg\",\"width\":606,\"height\":914,\"caption\":\"Utopies, discours et pratiques\"},{\"@type\":\"BreadcrumbList\",\"@id\":\"https:\/\/www.istegroup.com\/en\/produit\/information-et-communication-durables\/#breadcrumb\",\"itemListElement\":[{\"@type\":\"ListItem\",\"position\":1,\"name\":\"Home\",\"item\":\"https:\/\/www.istegroup.com\/\"},{\"@type\":\"ListItem\",\"position\":2,\"name\":\"Shop\",\"item\":\"https:\/\/www.istegroup.com\/fr\/nouveautes\/\"},{\"@type\":\"ListItem\",\"position\":3,\"name\":\"Information et communication durables\"}]},{\"@type\":\"WebSite\",\"@id\":\"https:\/\/www.istegroup.com\/#website\",\"url\":\"https:\/\/www.istegroup.com\/\",\"name\":\"ISTE Group\",\"description\":\"\u00c9diteur des Sciences\",\"potentialAction\":[{\"@type\":\"SearchAction\",\"target\":{\"@type\":\"EntryPoint\",\"urlTemplate\":\"https:\/\/www.istegroup.com\/?s={search_term_string}\"},\"query-input\":{\"@type\":\"PropertyValueSpecification\",\"valueRequired\":true,\"valueName\":\"search_term_string\"}}],\"inLanguage\":\"fr-FR\"}]}<\/script>\n<!-- \/ Yoast SEO plugin. -->","yoast_head_json":{"title":"Information et communication durables - ISTE Group","robots":{"index":"index","follow":"follow","max-snippet":"max-snippet:-1","max-image-preview":"max-image-preview:large","max-video-preview":"max-video-preview:-1"},"canonical":"https:\/\/www.istegroup.com\/en\/produit\/information-et-communication-durables\/","og_locale":"fr_FR","og_type":"article","og_title":"Information et communication durables - ISTE Group","og_description":"L\u2019information et la communication durables ne sont pas le produit naturel du passage au num\u00e9rique et de la responsabilit\u00e9 sociale de l\u2019entreprise. Entre utopie de circonstance, discours d\u2019autolouange et pratiques auto\u00e9valu\u00e9es, une prise de distance analytique s\u2019impose. Information et communication durables\u00a0offre, \u00e0 travers une approche transculturelle, un d\u00e9cryptage de la contribution ambigu\u00eb des technologies de [&hellip;]","og_url":"https:\/\/www.istegroup.com\/en\/produit\/information-et-communication-durables\/","og_site_name":"ISTE Group","article_modified_time":"2024-01-03T13:43:09+00:00","og_image":[{"width":606,"height":914,"url":"https:\/\/www.istegroup.com\/wp-content\/uploads\/2019\/04\/Mallowan_Front.jpg","type":"image\/jpeg"}],"twitter_card":"summary_large_image","twitter_misc":{"Est. reading time":"1 minute"},"schema":{"@context":"https:\/\/schema.org","@graph":[{"@type":"WebPage","@id":"https:\/\/www.istegroup.com\/en\/produit\/information-et-communication-durables\/","url":"https:\/\/www.istegroup.com\/en\/produit\/information-et-communication-durables\/","name":"Information et communication durables - ISTE Group","isPartOf":{"@id":"https:\/\/www.istegroup.com\/#website"},"primaryImageOfPage":{"@id":"https:\/\/www.istegroup.com\/en\/produit\/information-et-communication-durables\/#primaryimage"},"image":{"@id":"https:\/\/www.istegroup.com\/en\/produit\/information-et-communication-durables\/#primaryimage"},"thumbnailUrl":"https:\/\/www.istegroup.com\/wp-content\/uploads\/2019\/04\/Mallowan_Front.jpg","datePublished":"2019-04-02T16:48:26+00:00","dateModified":"2024-01-03T13:43:09+00:00","breadcrumb":{"@id":"https:\/\/www.istegroup.com\/en\/produit\/information-et-communication-durables\/#breadcrumb"},"inLanguage":"fr-FR","potentialAction":[{"@type":"ReadAction","target":["https:\/\/www.istegroup.com\/en\/produit\/information-et-communication-durables\/"]}]},{"@type":"ImageObject","inLanguage":"fr-FR","@id":"https:\/\/www.istegroup.com\/en\/produit\/information-et-communication-durables\/#primaryimage","url":"https:\/\/www.istegroup.com\/wp-content\/uploads\/2019\/04\/Mallowan_Front.jpg","contentUrl":"https:\/\/www.istegroup.com\/wp-content\/uploads\/2019\/04\/Mallowan_Front.jpg","width":606,"height":914,"caption":"Utopies, discours et pratiques"},{"@type":"BreadcrumbList","@id":"https:\/\/www.istegroup.com\/en\/produit\/information-et-communication-durables\/#breadcrumb","itemListElement":[{"@type":"ListItem","position":1,"name":"Home","item":"https:\/\/www.istegroup.com\/"},{"@type":"ListItem","position":2,"name":"Shop","item":"https:\/\/www.istegroup.com\/fr\/nouveautes\/"},{"@type":"ListItem","position":3,"name":"Information et communication durables"}]},{"@type":"WebSite","@id":"https:\/\/www.istegroup.com\/#website","url":"https:\/\/www.istegroup.com\/","name":"ISTE Group","description":"\u00c9diteur des Sciences","potentialAction":[{"@type":"SearchAction","target":{"@type":"EntryPoint","urlTemplate":"https:\/\/www.istegroup.com\/?s={search_term_string}"},"query-input":{"@type":"PropertyValueSpecification","valueRequired":true,"valueName":"search_term_string"}}],"inLanguage":"fr-FR"}]}},"_links":{"self":[{"href":"https:\/\/www.istegroup.com\/fr\/wp-json\/wp\/v2\/product\/19584","targetHints":{"allow":["GET"]}}],"collection":[{"href":"https:\/\/www.istegroup.com\/fr\/wp-json\/wp\/v2\/product"}],"about":[{"href":"https:\/\/www.istegroup.com\/fr\/wp-json\/wp\/v2\/types\/product"}],"wp:featuredmedia":[{"embeddable":true,"href":"https:\/\/www.istegroup.com\/fr\/wp-json\/wp\/v2\/media\/19592"}],"wp:attachment":[{"href":"https:\/\/www.istegroup.com\/fr\/wp-json\/wp\/v2\/media?parent=19584"}],"wp:term":[{"taxonomy":"product_brand","embeddable":true,"href":"https:\/\/www.istegroup.com\/fr\/wp-json\/wp\/v2\/product_brand?post=19584"},{"taxonomy":"product_cat","embeddable":true,"href":"https:\/\/www.istegroup.com\/fr\/wp-json\/wp\/v2\/product_cat?post=19584"},{"taxonomy":"product_tag","embeddable":true,"href":"https:\/\/www.istegroup.com\/fr\/wp-json\/wp\/v2\/product_tag?post=19584"}],"curies":[{"name":"wp","href":"https:\/\/api.w.org\/{rel}","templated":true}]}}