{"id":19557,"date":"2019-04-02T17:10:46","date_gmt":"2019-04-02T16:10:46","guid":{"rendered":"https:\/\/www.istegroup.com\/?post_type=product&#038;p=19557"},"modified":"2024-01-03T13:43:06","modified_gmt":"2024-01-03T13:43:06","slug":"biologie-et-mathematique","status":"publish","type":"product","link":"https:\/\/www.istegroup.com\/fr\/produit\/biologie-et-mathematique\/","title":{"rendered":"Biologie et math\u00e9matique"},"content":{"rendered":"<p>Les processus biologiques sont caract\u00e9ris\u00e9s par leur grande variabilit\u00e9 statistique et leur forte d\u00e9pendance vis-\u00e0-vis du temps et de l\u2019environnement. Formaliser la dynamique du vivant, c\u2019est rechercher des invariants au sein de syst\u00e8mes empreints d\u2019une part de \u00ab flou \u00bb.<\/p>\n<p>Dans ce contexte, le recours aux math\u00e9matiques ne se limite pas \u00e0 l\u2019usage d\u2019outils de calcul pour simuler et pr\u00e9voir : il permet surtout d\u2019adopter un mode de pens\u00e9e fond\u00e9 sur des concepts ou hypoth\u00e8ses \u00e0 valider, ce qui a fa\u00e7onn\u00e9 une nouvelle vision des syst\u00e8mes biologiques.\u00a0<em>Biologie et math\u00e9matique<\/em>\u00a0pr\u00e9sente l\u2019histoire d\u2019une n\u00e9cessaire rencontre entre le concret exp\u00e9rimental et l\u2019abstrait math\u00e9matique, afin d\u2019avancer sans cesse dans la compr\u00e9hension du vivant.<\/p>\n<p>Cet ouvrage pose ainsi la question des rapports entre ces sciences et l\u2019accompagne de r\u00e9flexions \u00e9pist\u00e9mologiques pour mieux saisir la grande diversit\u00e9 des approches biomath\u00e9matiques, dont sont tributaires enseignement et recherche fondamentale ou appliqu\u00e9e.<\/p>\n","protected":false},"excerpt":{"rendered":"<p>Les processus biologiques sont caract\u00e9ris\u00e9s par leur grande variabilit\u00e9 statistique et leur forte d\u00e9pendance vis-\u00e0-vis du temps et de l\u2019environnement. Formaliser la dynamique du vivant, c\u2019est rechercher des invariants au sein de syst\u00e8mes empreints d\u2019une part de \u00ab flou \u00bb. Dans ce contexte, le recours aux math\u00e9matiques ne se limite pas \u00e0 l\u2019usage d\u2019outils de [&hellip;]<\/p>\n","protected":false},"featured_media":19563,"template":"","meta":{"_acf_changed":false,"_links_to":"","_links_to_target":""},"product_brand":[],"product_cat":[3262],"product_tag":[],"class_list":{"0":"post-19557","1":"product","2":"type-product","3":"status-publish","4":"has-post-thumbnail","6":"product_cat-non-classe","8":"first","9":"instock","10":"shipping-taxable","11":"purchasable","12":"product-type-variable"},"acf":[],"yoast_head":"<!-- This site is optimized with the Yoast SEO plugin v27.2 - https:\/\/yoast.com\/product\/yoast-seo-wordpress\/ -->\n<title>Biologie et math\u00e9matique - ISTE Group<\/title>\n<meta name=\"robots\" content=\"index, follow, max-snippet:-1, max-image-preview:large, max-video-preview:-1\" \/>\n<link rel=\"canonical\" href=\"https:\/\/www.istegroup.com\/fr\/produit\/biologie-et-mathematique\/\" \/>\n<meta property=\"og:locale\" content=\"fr_FR\" \/>\n<meta property=\"og:type\" content=\"article\" \/>\n<meta property=\"og:title\" content=\"Biologie et math\u00e9matique - ISTE Group\" \/>\n<meta property=\"og:description\" content=\"Les processus biologiques sont caract\u00e9ris\u00e9s par leur grande variabilit\u00e9 statistique et leur forte d\u00e9pendance vis-\u00e0-vis du temps et de l\u2019environnement. Formaliser la dynamique du vivant, c\u2019est rechercher des invariants au sein de syst\u00e8mes empreints d\u2019une part de \u00ab flou \u00bb. Dans ce contexte, le recours aux math\u00e9matiques ne se limite pas \u00e0 l\u2019usage d\u2019outils de [&hellip;]\" \/>\n<meta property=\"og:url\" content=\"https:\/\/www.istegroup.com\/fr\/produit\/biologie-et-mathematique\/\" \/>\n<meta property=\"og:site_name\" content=\"ISTE Group\" \/>\n<meta property=\"article:modified_time\" content=\"2024-01-03T13:43:06+00:00\" \/>\n<meta property=\"og:image\" content=\"https:\/\/www.istegroup.com\/wp-content\/uploads\/2019\/04\/Buis_Front.jpg\" \/>\n\t<meta property=\"og:image:width\" content=\"608\" \/>\n\t<meta property=\"og:image:height\" content=\"912\" \/>\n\t<meta property=\"og:image:type\" content=\"image\/jpeg\" \/>\n<meta name=\"twitter:card\" content=\"summary_large_image\" \/>\n<meta name=\"twitter:label1\" content=\"Est. reading time\" \/>\n\t<meta name=\"twitter:data1\" content=\"1 minute\" \/>\n<script type=\"application\/ld+json\" class=\"yoast-schema-graph\">{\"@context\":\"https:\/\/schema.org\",\"@graph\":[{\"@type\":\"WebPage\",\"@id\":\"https:\/\/www.istegroup.com\/fr\/produit\/biologie-et-mathematique\/\",\"url\":\"https:\/\/www.istegroup.com\/fr\/produit\/biologie-et-mathematique\/\",\"name\":\"Biologie et math\u00e9matique - ISTE Group\",\"isPartOf\":{\"@id\":\"https:\/\/www.istegroup.com\/#website\"},\"primaryImageOfPage\":{\"@id\":\"https:\/\/www.istegroup.com\/fr\/produit\/biologie-et-mathematique\/#primaryimage\"},\"image\":{\"@id\":\"https:\/\/www.istegroup.com\/fr\/produit\/biologie-et-mathematique\/#primaryimage\"},\"thumbnailUrl\":\"https:\/\/www.istegroup.com\/wp-content\/uploads\/2019\/04\/Buis_Front.jpg\",\"datePublished\":\"2019-04-02T16:10:46+00:00\",\"dateModified\":\"2024-01-03T13:43:06+00:00\",\"breadcrumb\":{\"@id\":\"https:\/\/www.istegroup.com\/fr\/produit\/biologie-et-mathematique\/#breadcrumb\"},\"inLanguage\":\"fr-FR\",\"potentialAction\":[{\"@type\":\"ReadAction\",\"target\":[\"https:\/\/www.istegroup.com\/fr\/produit\/biologie-et-mathematique\/\"]}]},{\"@type\":\"ImageObject\",\"inLanguage\":\"fr-FR\",\"@id\":\"https:\/\/www.istegroup.com\/fr\/produit\/biologie-et-mathematique\/#primaryimage\",\"url\":\"https:\/\/www.istegroup.com\/wp-content\/uploads\/2019\/04\/Buis_Front.jpg\",\"contentUrl\":\"https:\/\/www.istegroup.com\/wp-content\/uploads\/2019\/04\/Buis_Front.jpg\",\"width\":608,\"height\":912,\"caption\":\"Histoire et enjeux\"},{\"@type\":\"BreadcrumbList\",\"@id\":\"https:\/\/www.istegroup.com\/fr\/produit\/biologie-et-mathematique\/#breadcrumb\",\"itemListElement\":[{\"@type\":\"ListItem\",\"position\":1,\"name\":\"Home\",\"item\":\"https:\/\/www.istegroup.com\/\"},{\"@type\":\"ListItem\",\"position\":2,\"name\":\"Shop\",\"item\":\"https:\/\/www.istegroup.com\/fr\/nouveautes\/\"},{\"@type\":\"ListItem\",\"position\":3,\"name\":\"Biologie et math\u00e9matique\"}]},{\"@type\":\"WebSite\",\"@id\":\"https:\/\/www.istegroup.com\/#website\",\"url\":\"https:\/\/www.istegroup.com\/\",\"name\":\"ISTE Group\",\"description\":\"\u00c9diteur des Sciences\",\"potentialAction\":[{\"@type\":\"SearchAction\",\"target\":{\"@type\":\"EntryPoint\",\"urlTemplate\":\"https:\/\/www.istegroup.com\/?s={search_term_string}\"},\"query-input\":{\"@type\":\"PropertyValueSpecification\",\"valueRequired\":true,\"valueName\":\"search_term_string\"}}],\"inLanguage\":\"fr-FR\"}]}<\/script>\n<!-- \/ Yoast SEO plugin. -->","yoast_head_json":{"title":"Biologie et math\u00e9matique - ISTE Group","robots":{"index":"index","follow":"follow","max-snippet":"max-snippet:-1","max-image-preview":"max-image-preview:large","max-video-preview":"max-video-preview:-1"},"canonical":"https:\/\/www.istegroup.com\/fr\/produit\/biologie-et-mathematique\/","og_locale":"fr_FR","og_type":"article","og_title":"Biologie et math\u00e9matique - ISTE Group","og_description":"Les processus biologiques sont caract\u00e9ris\u00e9s par leur grande variabilit\u00e9 statistique et leur forte d\u00e9pendance vis-\u00e0-vis du temps et de l\u2019environnement. Formaliser la dynamique du vivant, c\u2019est rechercher des invariants au sein de syst\u00e8mes empreints d\u2019une part de \u00ab flou \u00bb. Dans ce contexte, le recours aux math\u00e9matiques ne se limite pas \u00e0 l\u2019usage d\u2019outils de [&hellip;]","og_url":"https:\/\/www.istegroup.com\/fr\/produit\/biologie-et-mathematique\/","og_site_name":"ISTE Group","article_modified_time":"2024-01-03T13:43:06+00:00","og_image":[{"width":608,"height":912,"url":"https:\/\/www.istegroup.com\/wp-content\/uploads\/2019\/04\/Buis_Front.jpg","type":"image\/jpeg"}],"twitter_card":"summary_large_image","twitter_misc":{"Est. reading time":"1 minute"},"schema":{"@context":"https:\/\/schema.org","@graph":[{"@type":"WebPage","@id":"https:\/\/www.istegroup.com\/fr\/produit\/biologie-et-mathematique\/","url":"https:\/\/www.istegroup.com\/fr\/produit\/biologie-et-mathematique\/","name":"Biologie et math\u00e9matique - ISTE Group","isPartOf":{"@id":"https:\/\/www.istegroup.com\/#website"},"primaryImageOfPage":{"@id":"https:\/\/www.istegroup.com\/fr\/produit\/biologie-et-mathematique\/#primaryimage"},"image":{"@id":"https:\/\/www.istegroup.com\/fr\/produit\/biologie-et-mathematique\/#primaryimage"},"thumbnailUrl":"https:\/\/www.istegroup.com\/wp-content\/uploads\/2019\/04\/Buis_Front.jpg","datePublished":"2019-04-02T16:10:46+00:00","dateModified":"2024-01-03T13:43:06+00:00","breadcrumb":{"@id":"https:\/\/www.istegroup.com\/fr\/produit\/biologie-et-mathematique\/#breadcrumb"},"inLanguage":"fr-FR","potentialAction":[{"@type":"ReadAction","target":["https:\/\/www.istegroup.com\/fr\/produit\/biologie-et-mathematique\/"]}]},{"@type":"ImageObject","inLanguage":"fr-FR","@id":"https:\/\/www.istegroup.com\/fr\/produit\/biologie-et-mathematique\/#primaryimage","url":"https:\/\/www.istegroup.com\/wp-content\/uploads\/2019\/04\/Buis_Front.jpg","contentUrl":"https:\/\/www.istegroup.com\/wp-content\/uploads\/2019\/04\/Buis_Front.jpg","width":608,"height":912,"caption":"Histoire et enjeux"},{"@type":"BreadcrumbList","@id":"https:\/\/www.istegroup.com\/fr\/produit\/biologie-et-mathematique\/#breadcrumb","itemListElement":[{"@type":"ListItem","position":1,"name":"Home","item":"https:\/\/www.istegroup.com\/"},{"@type":"ListItem","position":2,"name":"Shop","item":"https:\/\/www.istegroup.com\/fr\/nouveautes\/"},{"@type":"ListItem","position":3,"name":"Biologie et math\u00e9matique"}]},{"@type":"WebSite","@id":"https:\/\/www.istegroup.com\/#website","url":"https:\/\/www.istegroup.com\/","name":"ISTE Group","description":"\u00c9diteur des Sciences","potentialAction":[{"@type":"SearchAction","target":{"@type":"EntryPoint","urlTemplate":"https:\/\/www.istegroup.com\/?s={search_term_string}"},"query-input":{"@type":"PropertyValueSpecification","valueRequired":true,"valueName":"search_term_string"}}],"inLanguage":"fr-FR"}]}},"_links":{"self":[{"href":"https:\/\/www.istegroup.com\/fr\/wp-json\/wp\/v2\/product\/19557","targetHints":{"allow":["GET"]}}],"collection":[{"href":"https:\/\/www.istegroup.com\/fr\/wp-json\/wp\/v2\/product"}],"about":[{"href":"https:\/\/www.istegroup.com\/fr\/wp-json\/wp\/v2\/types\/product"}],"wp:featuredmedia":[{"embeddable":true,"href":"https:\/\/www.istegroup.com\/fr\/wp-json\/wp\/v2\/media\/19563"}],"wp:attachment":[{"href":"https:\/\/www.istegroup.com\/fr\/wp-json\/wp\/v2\/media?parent=19557"}],"wp:term":[{"taxonomy":"product_brand","embeddable":true,"href":"https:\/\/www.istegroup.com\/fr\/wp-json\/wp\/v2\/product_brand?post=19557"},{"taxonomy":"product_cat","embeddable":true,"href":"https:\/\/www.istegroup.com\/fr\/wp-json\/wp\/v2\/product_cat?post=19557"},{"taxonomy":"product_tag","embeddable":true,"href":"https:\/\/www.istegroup.com\/fr\/wp-json\/wp\/v2\/product_tag?post=19557"}],"curies":[{"name":"wp","href":"https:\/\/api.w.org\/{rel}","templated":true}]}}